{"id":1898,"date":"2025-01-02T07:08:04","date_gmt":"2025-01-02T07:08:04","guid":{"rendered":"https:\/\/rf-capacitor.com\/?post_type=product&#038;p=1898"},"modified":"2025-01-02T07:08:04","modified_gmt":"2025-01-02T07:08:04","slug":"decoupling-resonant-capacitor","status":"publish","type":"product","link":"https:\/\/rf-capacitor.com\/hu\/decoupling-resonant-capacitor\/","title":{"rendered":"Lev\u00e1laszt\u00f3 rezon\u00e1ns kondenz\u00e1tor"},"content":{"rendered":"<div class=\"user-query-container ng-star-inserted\">\n<div id=\"user-query-content-7\" class=\"query-content\">\n<div class=\"query-text gds-body-l ng-star-inserted\" dir=\"ltr\" role=\"heading\" aria-level=\"2\">\n<h3 class=\"query-text-line ng-star-inserted\">Lev\u00e1laszt\u00f3 rezon\u00e1ns kondenz\u00e1tor<\/h3>\n<\/div>\n<\/div>\n<div class=\"button-gutter\"><span class=\"citation-0 recitation\" style=\"font-size: 14.4px; color: #555555;\">Az elektronik\u00e1ban egy <\/span><strong style=\"font-size: 14.4px; color: #555555;\"><span class=\"citation-0 recitation\">lev\u00e1laszt\u00f3 kondenz\u00e1tor<\/span><\/strong><span class=\"citation-0 recitation citation-end-0\" style=\"font-size: 14.4px; color: #555555;\"> a t\u00e1pell\u00e1t\u00e1si fesz\u00fclts\u00e9gek stabiliz\u00e1l\u00e1s\u00e1ra \u00e9s az elektromos zaj minimaliz\u00e1l\u00e1s\u00e1ra haszn\u00e1lt alapvet\u0151 fontoss\u00e1g\u00fa alkatr\u00e9sz.<\/span><span class=\"button-container hide-from-message-actions ng-star-inserted\" style=\"font-size: 14.4px; color: #555555;\">\u00a0 \u00a0<\/span><\/div>\n<\/div>\n<div>\n<div class=\"response-container ng-tns-c3227055261-111 response-optimization tts-removed ng-star-inserted response-container-has-multiple-responses\">\n<div class=\"presented-response-container ng-tns-c3227055261-111\">\n<div class=\"response-container-content ng-tns-c3227055261-111 tunable-selection-with-avatar\">\n<div class=\"response-content ng-tns-c3227055261-111\">\n<div id=\"model-response-message-contentr_e018e616d4e5ed8e\" class=\"markdown markdown-main-panel tutor-markdown-rendering response-optimization\" dir=\"ltr\">\n<h3 data-sourcepos=\"3:1-3:17\"><strong>Hogyan m\u0171k\u00f6dik a rezon\u00e1ns kondenz\u00e1tor:<\/strong><\/h3>\n<ul data-sourcepos=\"5:1-8:0\">\n<li data-sourcepos=\"5:1-5:224\"><strong><span class=\"citation-1 recitation\">Helyi energiat\u00e1rol\u00e1s:<\/span><\/strong><span class=\"citation-1 recitation citation-end-1\"> A lev\u00e1laszt\u00f3 kondenz\u00e1torok kis helyi energiat\u00e1rol\u00f3k\u00e9nt m\u0171k\u00f6dnek.<\/span> <span class=\"citation-2 recitation citation-end-2\">Nagyon k\u00f6zel vannak az integr\u00e1lt \u00e1ramk\u00f6r\u00f6kh\u00f6z (IC-k) vagy m\u00e1s alkatr\u00e9szekhez, amelyek lev\u00e1laszt\u00e1s\u00e1ra szolg\u00e1lnak.<\/span><span class=\"button-container hide-from-message-actions ng-star-inserted\"> \u00a0<\/span>\n<div class=\"container ng-tns-c362440147-116 hide\">\n<div class=\"carousel-container ng-tns-c362440147-116\"><\/div>\n<\/div>\n<\/li>\n<li data-sourcepos=\"6:1-6:261\"><strong><span class=\"citation-3 recitation\">Fesz\u00fclts\u00e9gingadoz\u00e1sok elnyom\u00e1sa:<\/span><\/strong><span class=\"citation-3 recitation citation-end-3\"> Amikor egy IC hirtelen nagy \u00e1ramot vesz fel (pl. kapcsol\u00e1si m\u0171veletek sor\u00e1n), a lev\u00e1laszt\u00f3 kondenz\u00e1tor gyorsan k\u00e9pes ezt az \u00e1ramot biztos\u00edtani, megakad\u00e1lyozva ezzel a t\u00e1pell\u00e1t\u00f3 vezet\u00e9kek jelent\u0151s fesz\u00fclts\u00e9ges\u00e9s\u00e9t.<\/span><span class=\"button-container hide-from-message-actions ng-star-inserted\">\u00a0 \u00a0<\/span>\n<div class=\"container ng-tns-c362440147-117 hide\">\n<div class=\"carousel-container ng-tns-c362440147-117\"><\/div>\n<\/div>\n<\/li>\n<li data-sourcepos=\"7:1-8:0\"><strong>Zajsz\u0171r\u00e9s:<\/strong> <span class=\"citation-4 recitation citation-end-4\">A lev\u00e1laszt\u00f3 kondenz\u00e1torok sz\u0171r\u0151k\u00e9nt is m\u0171k\u00f6dnek, a nagyfrekvenci\u00e1s zaj\u00e1ramok f\u00f6ldel\u00e9sre terelik, \u00edgy minimaliz\u00e1lj\u00e1k a zajnak az IC m\u0171k\u00f6d\u00e9s\u00e9re gyakorolt hat\u00e1s\u00e1t.<\/span><span class=\"button-container hide-from-message-actions ng-star-inserted\">\u00a0<\/span>\n<div class=\"container ng-tns-c362440147-118 hide\">\n<div class=\"carousel-container ng-tns-c362440147-118\"><\/div>\n<\/div>\n<\/li>\n<\/ul>\n<h3 data-sourcepos=\"9:1-9:24\"><strong>Kulcsfontoss\u00e1g\u00fa dekompresszi\u00f3s rezon\u00e1ns kondenz\u00e1tor jellemz\u0151i:<\/strong><\/h3>\n<ul data-sourcepos=\"11:1-14:0\">\n<li data-sourcepos=\"11:1-11:117\"><strong><span class=\"citation-5 recitation\">Alacsony ESR (egyen\u00e9rt\u00e9k\u0171 soros ellen\u00e1ll\u00e1s):<\/span><\/strong><span class=\"citation-5 recitation citation-end-5\"> Minimaliz\u00e1lja az energiavesztes\u00e9geket \u00e9s biztos\u00edtja a gyors \u00e1ramell\u00e1t\u00e1st.<\/span><span class=\"button-container hide-from-message-actions ng-star-inserted\">\u00a0<\/span>\n<div class=\"container ng-tns-c362440147-119 hide\">\n<div class=\"carousel-container ng-tns-c362440147-119\"><\/div>\n<\/div>\n<\/li>\n<li data-sourcepos=\"12:1-12:95\"><strong>Nagy kapacit\u00e1s:<\/strong> Elegend\u0151 energiat\u00e1rol\u00e1st biztos\u00edt az \u00e1tmeneti \u00e1ramig\u00e9nyek kezel\u00e9s\u00e9hez.<\/li>\n<li data-sourcepos=\"13:1-14:0\"><strong>Kis m\u00e9ret \u00e9s alacsony induktivit\u00e1s:<\/strong> Lehet\u0151v\u00e9 teszi az IC-hez nagyon k\u00f6zeli elhelyez\u00e9st, hogy minimaliz\u00e1lja a parazita induktivit\u00e1s hat\u00e1s\u00e1t.<\/li>\n<\/ul>\n<h3 data-sourcepos=\"15:1-15:17\"><strong>Gyakori t\u00edpusok lev\u00e1laszt\u00f3 rezon\u00e1ns kondenz\u00e1tor:<\/strong><\/h3>\n<ul data-sourcepos=\"17:1-20:0\">\n<li data-sourcepos=\"17:1-17:93\"><strong>Ker\u00e1mia kondenz\u00e1torok:<\/strong> Kis m\u00e9ret\u00fck, nagy kapacit\u00e1suk \u00e9s alacsony ESR-j\u00fck miatt sz\u00e9les k\u00f6rben haszn\u00e1lj\u00e1k.<\/li>\n<li data-sourcepos=\"18:1-18:85\"><strong><span class=\"citation-6 recitation\">Tant\u00e1l kondenz\u00e1torok:<\/span><\/strong><span class=\"citation-6 recitation citation-end-6\"> J\u00f3 teljes\u00edtm\u00e9nyt ny\u00fajt magasabb frekvenci\u00e1kon.<\/span><span class=\"button-container hide-from-message-actions ng-star-inserted\"> \u00a0<\/span>\n<div class=\"container ng-tns-c362440147-120 hide\">\n<div class=\"carousel-container ng-tns-c362440147-120\"><\/div>\n<\/div>\n<\/li>\n<li data-sourcepos=\"19:1-20:0\"><strong><span class=\"citation-7 recitation\">Elektrolitikus kondenz\u00e1torok:<\/span><\/strong><span class=\"citation-7 recitation citation-end-7\"> \u00c1ltal\u00e1ban nagyobb kapacit\u00e1s\u00e9rt\u00e9kek eset\u00e9n haszn\u00e1lj\u00e1k olyan alkalmaz\u00e1sokban, ahol a m\u00e9ret kev\u00e9sb\u00e9 kritikus.<\/span><span class=\"button-container hide-from-message-actions ng-star-inserted\">\u00a0 .<\/span>\n<div class=\"container ng-tns-c362440147-121 hide\">\n<div class=\"carousel-container ng-tns-c362440147-121\"><\/div>\n<\/div>\n<\/li>\n<\/ul>\n<h3 data-sourcepos=\"21:1-21:28\"><strong>Elhelyez\u00e9s \u00e9s kiv\u00e1laszt\u00e1s:<\/strong><\/h3>\n<ul data-sourcepos=\"23:1-25:0\">\n<li data-sourcepos=\"23:1-23:247\"><strong>Elhelyez\u00e9s:<\/strong> <span class=\"citation-8 recitation citation-end-8\">A lev\u00e1laszt\u00f3 kondenz\u00e1torokat a lehet\u0151 legk\u00f6zelebb kell elhelyezni (ide\u00e1lis esetben k\u00f6zvetlen\u00fcl az IC csapjain) az IC t\u00e1pell\u00e1t\u00e1si \u00e9s f\u00f6ldel\u00e9si csapjaihoz.<\/span> <span class=\"citation-9 recitation citation-end-9\">A r\u00f6vid, k\u00f6zvetlen csatlakoz\u00e1sok minimaliz\u00e1lj\u00e1k a parazita induktivit\u00e1s hat\u00e1s\u00e1t.<\/span><span class=\"button-container hide-from-message-actions ng-star-inserted\"> \u00a0<\/span>\n<div class=\"container ng-tns-c362440147-122 hide\">\n<div class=\"carousel-container ng-tns-c362440147-122\"><\/div>\n<\/div>\n<\/li>\n<li data-sourcepos=\"24:1-25:0\"><strong>Kiv\u00e1laszt\u00e1s:<\/strong> A kondenz\u00e1tor t\u00edpus\u00e1nak \u00e9s \u00e9rt\u00e9k\u00e9nek kiv\u00e1laszt\u00e1sa az adott alkalmaz\u00e1st\u00f3l \u00e9s az IC jellemz\u0151it\u0151l f\u00fcgg. Olyan t\u00e9nyez\u0151ket kell figyelembe venni, mint az IC kapcsol\u00e1si sebess\u00e9ge, \u00e1ramfelv\u00e9tele \u00e9s m\u0171k\u00f6d\u00e9si frekvenci\u00e1ja.<\/li>\n<\/ul>\n<h3 data-sourcepos=\"26:1-26:15\"><strong>\u00d6sszefoglalva:<\/strong><\/h3>\n<p data-sourcepos=\"28:1-28:301\"><span class=\"citation-10 recitation citation-end-10\">A lev\u00e1laszt\u00f3 kondenz\u00e1torok az elektronikus \u00e1ramk\u00f6r\u00f6k, k\u00fcl\u00f6n\u00f6sen a nagysebess\u00e9g\u0171 digit\u00e1lis rendszerek alapvet\u0151 alkot\u00f3elemei.<\/span> <span class=\"citation-11 recitation citation-end-11\">Az\u00e1ltal, hogy hat\u00e9konyan lev\u00e1lasztj\u00e1k az IC-ket a t\u00e1pvezet\u00e9kekr\u0151l, hozz\u00e1j\u00e1rulnak a stabil m\u0171k\u00f6d\u00e9s biztos\u00edt\u00e1s\u00e1hoz, a zaj minimaliz\u00e1l\u00e1s\u00e1hoz \u00e9s a rendszer \u00e1ltal\u00e1nos teljes\u00edtm\u00e9ny\u00e9nek jav\u00edt\u00e1s\u00e1hoz.<\/span><span class=\"button-container hide-from-message-actions ng-star-inserted\"> \u00a0<\/span><\/p>\n<p data-sourcepos=\"30:1-30:208\"><strong>Megjegyz\u00e9s:<\/strong> Ez a magyar\u00e1zat \u00e1ltal\u00e1nos \u00e1ttekint\u00e9st ny\u00fajt. A lev\u00e1laszt\u00f3 kondenz\u00e1torokkal szemben t\u00e1masztott konkr\u00e9t k\u00f6vetelm\u00e9nyek az adott alkalmaz\u00e1st\u00f3l \u00e9s az elektronikus \u00e1ramk\u00f6r jellemz\u0151it\u0151l f\u00fcgg\u0151en v\u00e1ltoznak.<\/p>\n<\/div>\n<\/div>\n<\/div>\n<\/div>\n<\/div>\n<\/div>","protected":false},"excerpt":{"rendered":"<table style=\"height: 479px;\" width=\"711\">\n<tbody>\n<tr>\n<td width=\"146\"><strong><b>Term\u00e9k<\/b><\/strong>\u00a0<strong><b>N\u00e9v:<\/b><\/strong><\/td>\n<td width=\"601\"><strong>Lev\u00e1laszt\u00f3 rezon\u00e1ns kondenz\u00e1tor<\/strong><\/td>\n<\/tr>\n<tr>\n<td width=\"146\">\n<h4><strong>R\u00f6vid le\u00edr\u00e1s:<\/strong><\/h4>\n<\/td>\n<td width=\"601\">A CRE k\u00e9pes nagy teljes\u00edtm\u00e9ny\u0171 rezon\u00e1ns kondenz\u00e1torokkal ell\u00e1tni, amelyek nagy fesz\u00fclts\u00e9geket \u00e9s \u00e1ramer\u0151ss\u00e9geket kezelnek kis kompakt csomagm\u00e9retben.<\/p>\n<p>&nbsp;<\/td>\n<\/tr>\n<tr>\n<td width=\"146\"><strong>Kapacit\u00e1si tartom\u00e1ny:<\/strong><\/td>\n<td width=\"601\">1\u03bcF\uff5e8\u03bcF<\/td>\n<\/tr>\n<tr>\n<td width=\"146\"><strong>N\u00e9vleges fesz\u00fclts\u00e9g\uff1a<\/strong><\/td>\n<td width=\"601\">1200V.DC\uff5e4000V.DC<\/td>\n<\/tr>\n<tr>\n<td width=\"146\"><strong>Cap.tol\uff1a<\/strong><\/td>\n<td width=\"601\">\u00b15%(J) ;\u00b110%(K)<\/td>\n<\/tr>\n<tr>\n<td width=\"146\"><strong>Ellen\u00e1ll a fesz\u00fclts\u00e9gnek:<\/strong><\/td>\n<td width=\"601\">1.5Un \/10S<\/td>\n<\/tr>\n<\/tbody>\n<\/table>","protected":false},"featured_media":1899,"comment_status":"open","ping_status":"closed","template":"","meta":[],"product_brand":[],"product_cat":[42],"product_tag":[],"class_list":{"0":"post-1898","1":"product","2":"type-product","3":"status-publish","4":"has-post-thumbnail","6":"product_cat-resonance-capacitor","8":"first","9":"instock","10":"shipping-taxable","11":"product-type-simple"},"_links":{"self":[{"href":"https:\/\/rf-capacitor.com\/hu\/wp-json\/wp\/v2\/product\/1898","targetHints":{"allow":["GET"]}}],"collection":[{"href":"https:\/\/rf-capacitor.com\/hu\/wp-json\/wp\/v2\/product"}],"about":[{"href":"https:\/\/rf-capacitor.com\/hu\/wp-json\/wp\/v2\/types\/product"}],"replies":[{"embeddable":true,"href":"https:\/\/rf-capacitor.com\/hu\/wp-json\/wp\/v2\/comments?post=1898"}],"wp:featuredmedia":[{"embeddable":true,"href":"https:\/\/rf-capacitor.com\/hu\/wp-json\/wp\/v2\/media\/1899"}],"wp:attachment":[{"href":"https:\/\/rf-capacitor.com\/hu\/wp-json\/wp\/v2\/media?parent=1898"}],"wp:term":[{"taxonomy":"product_brand","embeddable":true,"href":"https:\/\/rf-capacitor.com\/hu\/wp-json\/wp\/v2\/product_brand?post=1898"},{"taxonomy":"product_cat","embeddable":true,"href":"https:\/\/rf-capacitor.com\/hu\/wp-json\/wp\/v2\/product_cat?post=1898"},{"taxonomy":"product_tag","embeddable":true,"href":"https:\/\/rf-capacitor.com\/hu\/wp-json\/wp\/v2\/product_tag?post=1898"}],"curies":[{"name":"wp","href":"https:\/\/api.w.org\/{rel}","templated":true}]}}