{"id":1890,"date":"2025-01-02T06:49:41","date_gmt":"2025-01-02T06:49:41","guid":{"rendered":"https:\/\/rf-capacitor.com\/?post_type=product&#038;p=1890"},"modified":"2025-01-02T06:49:41","modified_gmt":"2025-01-02T06:49:41","slug":"compact-resonant-capacitors","status":"publish","type":"product","link":"https:\/\/rf-capacitor.com\/hu\/compact-resonant-capacitors\/","title":{"rendered":"Kompakt rezon\u00e1ns kondenz\u00e1torok"},"content":{"rendered":"<div class=\"user-query-container ng-star-inserted\">\n<div id=\"user-query-content-6\" class=\"query-content\">\n<div class=\"query-text gds-body-l ng-star-inserted\" dir=\"ltr\" role=\"heading\" aria-level=\"2\">\n<h3 class=\"query-text-line ng-star-inserted\">Kompakt rezon\u00e1ns kondenz\u00e1torok<\/h3>\n<\/div>\n<\/div>\n<div class=\"button-gutter\"><span class=\"citation-0 recitation citation-end-0\" style=\"font-size: 14.4px; color: #555555;\">A kompakt rezon\u00e1ns kondenz\u00e1torokat \u00fagy tervezt\u00e9k, hogy a m\u00e9ret \u00e9s a s\u00faly minimaliz\u00e1l\u00e1sa mellett a rezon\u00e1ns \u00e1ramk\u00f6r\u00f6kben is nagy teljes\u00edtm\u00e9nyt ny\u00fajtsanak.<\/span><span class=\"button-container hide-from-message-actions ng-star-inserted\" style=\"font-size: 14.4px; color: #555555;\">\u00a0 \u00a0<\/span><\/div>\n<\/div>\n<div>\n<div class=\"response-container ng-tns-c3227055261-101 response-optimization tts-removed ng-star-inserted response-container-has-multiple-responses\">\n<div class=\"presented-response-container ng-tns-c3227055261-101\">\n<div class=\"response-container-content ng-tns-c3227055261-101 tunable-selection-with-avatar\">\n<div class=\"response-content ng-tns-c3227055261-101\">\n<div id=\"model-response-message-contentr_7732902abd9846b2\" class=\"markdown markdown-main-panel tutor-markdown-rendering response-optimization\" dir=\"ltr\">\n<h3 data-sourcepos=\"1:1-1:139\"><strong style=\"font-size: 14.4px;\">F\u0151bb jellemz\u0151k:<\/strong><\/h3>\n<ul data-sourcepos=\"5:1-9:0\">\n<li data-sourcepos=\"5:1-5:95\"><strong>Nagy kapacit\u00e1si s\u0171r\u0171s\u00e9g:<\/strong> Nagy kapacit\u00e1s\u00e9rt\u00e9kek el\u00e9r\u00e9se kis fizikai alapter\u00fclet mellett.<\/li>\n<li data-sourcepos=\"6:1-6:107\"><strong><span class=\"citation-1 recitation\">Alacsony ESR (egyen\u00e9rt\u00e9k\u0171 soros ellen\u00e1ll\u00e1s):<\/span><\/strong><span class=\"citation-1 recitation citation-end-1\"> Minimaliz\u00e1lja az energiavesztes\u00e9geket \u00e9s jav\u00edtja a hat\u00e9konys\u00e1got.<\/span>\n<div class=\"container ng-tns-c362440147-106 hide\">\n<div class=\"carousel-container ng-tns-c362440147-106\"><\/div>\n<\/div>\n<\/li>\n<li data-sourcepos=\"7:1-7:90\"><strong>Magas Q-faktor:<\/strong> Magas min\u0151s\u00e9gi t\u00e9nyez\u0151t biztos\u00edt a hat\u00e9kony rezon\u00e1ns \u00e1ramk\u00f6r m\u0171k\u00f6d\u00e9s\u00e9hez.<\/li>\n<li data-sourcepos=\"8:1-9:0\"><strong>H\u0151m\u00e9rs\u00e9kleti stabilit\u00e1s:<\/strong> Sz\u00e9les h\u0151m\u00e9rs\u00e9klettartom\u00e1nyban stabil kapacit\u00e1s\u00e9rt\u00e9keket tart fenn.<\/li>\n<\/ul>\n<h3 data-sourcepos=\"10:1-10:38\"><strong>Kompakts\u00e1got lehet\u0151v\u00e9 tev\u0151 technol\u00f3gi\u00e1k:<\/strong><\/h3>\n<ul data-sourcepos=\"12:1-15:0\">\n<li data-sourcepos=\"12:1-12:133\"><strong>Fejlett dielektromos anyagok:<\/strong> <span class=\"citation-2 recitation citation-end-2\">A nagy \u00e1tereszt\u0151k\u00e9pess\u00e9g\u0171 dielektromos anyagok haszn\u00e1lata kisebb fizikai m\u00e9reteket tesz lehet\u0151v\u00e9.<\/span>\n<div class=\"container ng-tns-c362440147-107 hide\">\n<div class=\"carousel-container ng-tns-c362440147-107\"><\/div>\n<\/div>\n<\/li>\n<li data-sourcepos=\"13:1-13:116\"><strong>T\u00f6bbr\u00e9teg\u0171 fel\u00e9p\u00edt\u00e9s:<\/strong> A t\u00f6bbr\u00e9teg\u0171 szerkezetek alkalmaz\u00e1sa n\u00f6veli a kapacit\u00e1si s\u0171r\u0171s\u00e9get korl\u00e1tozott t\u00e9rben.<\/li>\n<li data-sourcepos=\"14:1-15:0\"><strong>Miniat\u00fcriz\u00e1l\u00e1si technik\u00e1k:<\/strong> A fejlett gy\u00e1rt\u00e1si elj\u00e1r\u00e1sok lehet\u0151v\u00e9 teszik a rendk\u00edv\u00fcl kicsi \u00e9s pontos alkatr\u00e9szek l\u00e9trehoz\u00e1s\u00e1t.<\/li>\n<\/ul>\n<h3 data-sourcepos=\"16:1-16:17\"><strong>Alkalmaz\u00e1sok:<\/strong><\/h3>\n<ul data-sourcepos=\"18:1-22:0\">\n<li data-sourcepos=\"18:1-18:115\"><strong>Vezet\u00e9k n\u00e9lk\u00fcli kommunik\u00e1ci\u00f3:<\/strong> Mobiltelefonok, Wi-Fi \u00e9s m\u00e1s vezet\u00e9k n\u00e9lk\u00fcli eszk\u00f6z\u00f6k nagyfrekvenci\u00e1s \u00e1ramk\u00f6reiben haszn\u00e1latos.<\/li>\n<li data-sourcepos=\"19:1-19:98\"><strong>RF rendszerek:<\/strong> R\u00e1di\u00f3frekvenci\u00e1s rendszerekben, p\u00e9ld\u00e1ul radarban \u00e9s m\u0171holdas kommunik\u00e1ci\u00f3ban alkalmazz\u00e1k.<\/li>\n<li data-sourcepos=\"20:1-20:89\"><strong>Teljes\u00edtm\u00e9nyelektronika:<\/strong> <span class=\"citation-3 recitation citation-end-3\">Kompakt \u00e9s hat\u00e9kony \u00e1ram\u00e1talak\u00edt\u00f3kban haszn\u00e1latos.<\/span>\n<div class=\"container ng-tns-c362440147-108 hide\">\n<div class=\"carousel-container ng-tns-c362440147-108\"><\/div>\n<\/div>\n<\/li>\n<li data-sourcepos=\"21:1-22:0\"><strong>Aut\u00f3elektronika:<\/strong> Sz\u00e1mos aut\u00f3ipari alkalmaz\u00e1sban megtal\u00e1lhat\u00f3, bele\u00e9rtve a motorvez\u00e9rl\u0151 egys\u00e9geket \u00e9s a fejlett vezet\u0151t\u00e1mogat\u00f3 rendszereket (ADAS).<\/li>\n<\/ul>\n<h3 data-sourcepos=\"23:1-23:13\"><strong>El\u0151ny\u00f6k:<\/strong><\/h3>\n<ul data-sourcepos=\"25:1-28:0\">\n<li data-sourcepos=\"25:1-25:78\"><strong>Cs\u00f6kkentett m\u00e9ret \u00e9s s\u00faly:<\/strong> Lehet\u0151v\u00e9 teszi a kisebb \u00e9s k\u00f6nnyebb elektronikus eszk\u00f6z\u00f6k haszn\u00e1lat\u00e1t.<\/li>\n<li data-sourcepos=\"26:1-26:106\"><strong>Jav\u00edtott teljes\u00edtm\u00e9ny:<\/strong> A nagyobb kapacit\u00e1si s\u0171r\u0171s\u00e9g \u00e9s az alacsonyabb ESR jobb \u00e1ramk\u00f6ri teljes\u00edtm\u00e9nyt eredm\u00e9nyez.<\/li>\n<li data-sourcepos=\"27:1-28:0\"><strong>K\u00f6lts\u00e9gcs\u00f6kkent\u00e9s:<\/strong> A gy\u00e1rt\u00e1si k\u00f6lts\u00e9gek cs\u00f6kkent\u00e9s\u00e9nek lehet\u0151s\u00e9ge a kisebb alkatr\u00e9szm\u00e9retek miatt.<\/li>\n<\/ul>\n<\/div>\n<\/div>\n<\/div>\n<\/div>\n<\/div>\n<\/div>","protected":false},"excerpt":{"rendered":"<table style=\"height: 581px;\" width=\"732\">\n<tbody>\n<tr>\n<td width=\"146\"><strong><b>Term\u00e9k<\/b><\/strong>\u00a0<strong><b>N\u00e9v:<\/b><\/strong><\/td>\n<td width=\"601\"><strong>Kompakt rezon\u00e1ns kondenz\u00e1torok<\/strong><\/td>\n<\/tr>\n<tr>\n<td width=\"146\">\n<h4><strong>R\u00f6vid le\u00edr\u00e1s:<\/strong><\/h4>\n<\/td>\n<td width=\"601\">1. R\u00e9z-di\u00f3 elektr\u00f3d\u00e1k, kis fizikai m\u00e9ret, k\u00f6nny\u0171 telep\u00edt\u00e9s<\/p>\n<p>2. M\u0171anyag csomagol\u00e1s, sz\u00e1raz gyant\u00e1val lez\u00e1rva<\/p>\n<p>3. K\u00e9pes nagyfrekvenci\u00e1s \u00e1ram vagy nagy impulzus\u00e1ram alatt m\u0171k\u00f6dni<\/p>\n<p>4. Alacsony ESL \u00e9s ESR<\/td>\n<\/tr>\n<tr>\n<td width=\"146\"><strong>Kapacit\u00e1si tartom\u00e1ny:<\/strong><\/td>\n<td width=\"601\">1\uff5e8\u03bcF<\/td>\n<\/tr>\n<tr>\n<td width=\"146\"><strong>N\u00e9vleges fesz\u00fclts\u00e9g\uff1a<\/strong><\/td>\n<td width=\"601\">1200V.DC\uff5e2000V.DC<\/td>\n<\/tr>\n<tr>\n<td width=\"146\"><strong>Cap.tol\uff1a<\/strong><\/td>\n<td width=\"601\">\u00b15%(J)<\/td>\n<\/tr>\n<tr>\n<td width=\"146\"><strong>Ellen\u00e1ll a fesz\u00fclts\u00e9gnek:<\/strong><\/td>\n<td width=\"601\">1.5Un DC\/60S<\/td>\n<\/tr>\n<\/tbody>\n<\/table>","protected":false},"featured_media":1891,"comment_status":"open","ping_status":"closed","template":"","meta":[],"product_brand":[],"product_cat":[42],"product_tag":[],"class_list":{"0":"post-1890","1":"product","2":"type-product","3":"status-publish","4":"has-post-thumbnail","6":"product_cat-resonance-capacitor","8":"first","9":"instock","10":"shipping-taxable","11":"product-type-simple"},"_links":{"self":[{"href":"https:\/\/rf-capacitor.com\/hu\/wp-json\/wp\/v2\/product\/1890","targetHints":{"allow":["GET"]}}],"collection":[{"href":"https:\/\/rf-capacitor.com\/hu\/wp-json\/wp\/v2\/product"}],"about":[{"href":"https:\/\/rf-capacitor.com\/hu\/wp-json\/wp\/v2\/types\/product"}],"replies":[{"embeddable":true,"href":"https:\/\/rf-capacitor.com\/hu\/wp-json\/wp\/v2\/comments?post=1890"}],"wp:featuredmedia":[{"embeddable":true,"href":"https:\/\/rf-capacitor.com\/hu\/wp-json\/wp\/v2\/media\/1891"}],"wp:attachment":[{"href":"https:\/\/rf-capacitor.com\/hu\/wp-json\/wp\/v2\/media?parent=1890"}],"wp:term":[{"taxonomy":"product_brand","embeddable":true,"href":"https:\/\/rf-capacitor.com\/hu\/wp-json\/wp\/v2\/product_brand?post=1890"},{"taxonomy":"product_cat","embeddable":true,"href":"https:\/\/rf-capacitor.com\/hu\/wp-json\/wp\/v2\/product_cat?post=1890"},{"taxonomy":"product_tag","embeddable":true,"href":"https:\/\/rf-capacitor.com\/hu\/wp-json\/wp\/v2\/product_tag?post=1890"}],"curies":[{"name":"wp","href":"https:\/\/api.w.org\/{rel}","templated":true}]}}