{"id":1886,"date":"2025-01-02T06:26:09","date_gmt":"2025-01-02T06:26:09","guid":{"rendered":"https:\/\/rf-capacitor.com\/?post_type=product&#038;p=1886"},"modified":"2025-01-02T06:26:09","modified_gmt":"2025-01-02T06:26:09","slug":"high-voltage-resonance-capacitor","status":"publish","type":"product","link":"https:\/\/rf-capacitor.com\/hu\/high-voltage-resonance-capacitor\/","title":{"rendered":"Nagyfesz\u00fclts\u00e9g\u0171 rezonancia kondenz\u00e1tor"},"content":{"rendered":"<div class=\"user-query-container ng-star-inserted\">\n<div id=\"user-query-content-5\" class=\"query-content\">\n<div class=\"query-text gds-body-l ng-star-inserted\" dir=\"ltr\" role=\"heading\" aria-level=\"2\">\n<h3 class=\"query-text-line ng-star-inserted\">Nagyfesz\u00fclts\u00e9g\u0171 rezonancia kondenz\u00e1tor<\/h3>\n<\/div>\n<\/div>\n<\/div>\n<div>\n<div class=\"response-container ng-tns-c3227055261-91 response-optimization tts-removed ng-star-inserted response-container-has-multiple-responses\">\n<div class=\"presented-response-container ng-tns-c3227055261-91\">\n<div class=\"response-container-content ng-tns-c3227055261-91 tunable-selection-with-avatar\">\n<div class=\"response-content ng-tns-c3227055261-91\">\n<div id=\"model-response-message-contentr_53dd446f46a75fa7\" class=\"markdown markdown-main-panel tutor-markdown-rendering response-optimization\" dir=\"ltr\">\n<p data-sourcepos=\"1:1-1:126\"><span class=\"citation-0 recitation citation-end-0\">A nagyfesz\u00fclts\u00e9g\u0171 rezonancia-kondenz\u00e1torok olyan speci\u00e1lis alkatr\u00e9szek, amelyeket nagyfesz\u00fclts\u00e9g\u0171 rezonancia\u00e1ramk\u00f6r\u00f6kben val\u00f3 haszn\u00e1latra terveztek.<\/span><span class=\"button-container hide-from-message-actions ng-star-inserted\"> \u00a0<\/span><\/p>\n<h3 data-sourcepos=\"3:1-3:24\"><strong>F\u0151bb jellemz\u0151k:<\/strong><\/h3>\n<ul data-sourcepos=\"5:1-10:0\">\n<li data-sourcepos=\"5:1-5:127\"><strong>Rendk\u00edv\u00fcl nagyfesz\u00fclts\u00e9g\u0171 besorol\u00e1s:<\/strong> <span class=\"citation-1 recitation citation-end-1\">K\u00e9pes ellen\u00e1llni a nagyon magas fesz\u00fclts\u00e9geknek (jellemz\u0151en a kilovoltos tartom\u00e1nyban).<\/span><span class=\"button-container hide-from-message-actions ng-star-inserted\">\u00a0 \u00a0<\/span>\n<div class=\"container ng-tns-c362440147-96 hide\">\n<div class=\"carousel-container ng-tns-c362440147-96\"><\/div>\n<\/div>\n<\/li>\n<li data-sourcepos=\"6:1-6:95\"><strong>Alacsony vesztes\u00e9g:<\/strong> Minim\u00e1lis bels\u0151 vesztes\u00e9gek az energiavesztes\u00e9g minimaliz\u00e1l\u00e1sa \u00e9s a hat\u00e9konys\u00e1g maximaliz\u00e1l\u00e1sa \u00e9rdek\u00e9ben.<\/li>\n<li data-sourcepos=\"7:1-7:110\"><strong>Magas Q-faktor:<\/strong> <span class=\"citation-2 recitation citation-end-2\">A magas min\u0151s\u00e9gi t\u00e9nyez\u0151 (Q) kulcsfontoss\u00e1g\u00fa a rezon\u00e1ns \u00e1ramk\u00f6r\u00f6k hat\u00e9kony m\u0171k\u00f6d\u00e9s\u00e9hez.<\/span><span class=\"button-container hide-from-message-actions ng-star-inserted\">\u00a0 \u00a0<\/span>\n<div class=\"container ng-tns-c362440147-97 hide\">\n<div class=\"carousel-container ng-tns-c362440147-97\"><\/div>\n<\/div>\n<\/li>\n<li data-sourcepos=\"8:1-8:96\"><strong>Pontos kapacit\u00e1s:<\/strong> Kritikus a k\u00edv\u00e1nt rezonanciafrekvencia el\u00e9r\u00e9s\u00e9hez az \u00e1ramk\u00f6rben.<\/li>\n<li data-sourcepos=\"9:1-10:0\"><strong>Robusztus konstrukci\u00f3:<\/strong> \u00dagy tervezt\u00e9k, hogy ellen\u00e1lljon a nagyfesz\u00fclts\u00e9g\u0171 \u00fczem \u00e9s az ig\u00e9nyes k\u00f6rnyezet ig\u00e9nybev\u00e9tel\u00e9nek.<\/li>\n<\/ul>\n<h3 data-sourcepos=\"11:1-11:17\"><strong>Alkalmaz\u00e1sok:<\/strong><\/h3>\n<ul data-sourcepos=\"13:1-18:0\">\n<li data-sourcepos=\"13:1-13:154\"><strong><span class=\"citation-3 recitation\">Tesla-tekercsek:<\/span><\/strong><span class=\"citation-3 recitation citation-end-3\"> Klasszikus p\u00e9lda, ahol nagyfesz\u00fclts\u00e9g\u0171 rezonancia-kondenz\u00e1torokat haszn\u00e1lnak nagyfesz\u00fclts\u00e9g\u0171, nagyfrekvenci\u00e1s rezg\u00e9sek l\u00e9trehoz\u00e1s\u00e1ra.<\/span><span class=\"button-container hide-from-message-actions ng-star-inserted\">\u00a0<\/span>\n<div class=\"container ng-tns-c362440147-98 hide\">\n<div class=\"carousel-container ng-tns-c362440147-98\"><\/div>\n<\/div>\n<\/li>\n<li data-sourcepos=\"14:1-14:135\"><strong>R\u00e9szecskegyors\u00edt\u00f3k:<\/strong> R\u00e9szecskegyors\u00edt\u00f3k k\u00fcl\u00f6nb\u00f6z\u0151 alkatr\u00e9szeiben haszn\u00e1lj\u00e1k nagy energi\u00e1j\u00fa r\u00e9szecskesugarak el\u0151\u00e1ll\u00edt\u00e1s\u00e1ra \u00e9s manipul\u00e1l\u00e1s\u00e1ra.<\/li>\n<li data-sourcepos=\"15:1-15:85\"><strong>Nagy teljes\u00edtm\u00e9ny\u0171 ad\u00f3k:<\/strong> Nagy teljes\u00edtm\u00e9ny\u0171 r\u00e1di\u00f3- \u00e9s telev\u00edzi\u00f3ad\u00f3kban tal\u00e1lhat\u00f3.<\/li>\n<li data-sourcepos=\"16:1-16:98\"><strong>Plazmafizikai kutat\u00e1s:<\/strong> Plazmafizikai k\u00eds\u00e9rletekben plazm\u00e1k el\u0151\u00e1ll\u00edt\u00e1s\u00e1ra \u00e9s elz\u00e1r\u00e1s\u00e1ra haszn\u00e1lj\u00e1k.<\/li>\n<li data-sourcepos=\"17:1-18:0\"><strong>Ipari alkalmaz\u00e1sok:<\/strong> Egyes speci\u00e1lis ipari alkalmaz\u00e1sok nagyfesz\u00fclts\u00e9g\u0171 rezonancia-kondenz\u00e1torokat ig\u00e9nyelhetnek.<\/li>\n<\/ul>\n<p data-sourcepos=\"19:1-19:15\"><strong>\u00d6sszefoglalva:<\/strong><\/p>\n<p data-sourcepos=\"21:1-21:254\">A nagyfesz\u00fclts\u00e9g\u0171 rezonancia-kondenz\u00e1torok sz\u00e1mos nagyfesz\u00fclts\u00e9g\u0171 alkalmaz\u00e1sban kritikus fontoss\u00e1g\u00fa alkatr\u00e9szek. A sz\u00e9ls\u0151s\u00e9ges fesz\u00fclts\u00e9gek elvisel\u00e9s\u00e9re, a vesztes\u00e9gek minimaliz\u00e1l\u00e1s\u00e1ra \u00e9s a rezon\u00e1ns \u00e1ramk\u00f6r\u00f6kben val\u00f3 hat\u00e9kony m\u0171k\u00f6d\u00e9sre val\u00f3 k\u00e9pess\u00e9g\u00fck n\u00e9lk\u00fcl\u00f6zhetetlenn\u00e9 teszi \u0151ket ezekben az ig\u00e9nyes alkalmaz\u00e1sokban.<\/p>\n<\/div>\n<\/div>\n<\/div>\n<\/div>\n<\/div>\n<\/div>","protected":false},"excerpt":{"rendered":"<table style=\"height: 581px;\" width=\"824\">\n<tbody>\n<tr>\n<td width=\"146\"><strong><b>Term\u00e9k<\/b><\/strong>\u00a0<strong><b>N\u00e9v:<\/b><\/strong><\/td>\n<td width=\"601\"><strong>Nagyfesz\u00fclts\u00e9g\u0171 rezonancia kondenz\u00e1tor<\/strong><\/td>\n<\/tr>\n<tr>\n<td width=\"146\">\n<h4><strong>R\u00f6vid le\u00edr\u00e1s:<\/strong><\/h4>\n<\/td>\n<td width=\"601\">1. Kis kompakt csomagm\u00e9ret<\/p>\n<p>2. K\u00e9pes nagy fesz\u00fclts\u00e9gek \u00e9s \u00e1ramok kezel\u00e9s\u00e9re<\/p>\n<p>3. Haszn\u00e1lja a polipropil\u00e9n film alacsony vesztes\u00e9g\u0171 dielektrikum\u00e1t<\/td>\n<\/tr>\n<tr>\n<td width=\"146\"><strong>Kis\u00fcl\u00e9si ellen\u00e1ll\u00e1s:<\/strong><\/td>\n<td width=\"601\">30000M\u03a9<\/td>\n<\/tr>\n<tr>\n<td width=\"146\"><strong>N\u00e9vleges fesz\u00fclts\u00e9g\uff1a<\/strong><\/td>\n<td width=\"601\">5000v\/\u00b5s<\/td>\n<\/tr>\n<tr>\n<td width=\"146\"><strong>Cap.tol\uff1a<\/strong><\/td>\n<td width=\"601\">\n<table style=\"height: 6px;\" border=\"0\" width=\"5\" cellspacing=\"0\">\n<tbody>\n<tr>\n<td valign=\"center\" nowrap=\"nowrap\" width=\"330\"><\/td>\n<\/tr>\n<\/tbody>\n<\/table>\n<p>-40\u2103~ +85\u2103<\/td>\n<\/tr>\n<tr>\n<td width=\"146\"><strong>\u00c9lettartam:\u00a0<\/strong><\/td>\n<td width=\"601\">100000H<\/td>\n<\/tr>\n<\/tbody>\n<\/table>","protected":false},"featured_media":1887,"comment_status":"open","ping_status":"closed","template":"","meta":[],"product_brand":[],"product_cat":[42],"product_tag":[],"class_list":{"0":"post-1886","1":"product","2":"type-product","3":"status-publish","4":"has-post-thumbnail","6":"product_cat-resonance-capacitor","8":"first","9":"instock","10":"shipping-taxable","11":"product-type-simple"},"_links":{"self":[{"href":"https:\/\/rf-capacitor.com\/hu\/wp-json\/wp\/v2\/product\/1886","targetHints":{"allow":["GET"]}}],"collection":[{"href":"https:\/\/rf-capacitor.com\/hu\/wp-json\/wp\/v2\/product"}],"about":[{"href":"https:\/\/rf-capacitor.com\/hu\/wp-json\/wp\/v2\/types\/product"}],"replies":[{"embeddable":true,"href":"https:\/\/rf-capacitor.com\/hu\/wp-json\/wp\/v2\/comments?post=1886"}],"wp:featuredmedia":[{"embeddable":true,"href":"https:\/\/rf-capacitor.com\/hu\/wp-json\/wp\/v2\/media\/1887"}],"wp:attachment":[{"href":"https:\/\/rf-capacitor.com\/hu\/wp-json\/wp\/v2\/media?parent=1886"}],"wp:term":[{"taxonomy":"product_brand","embeddable":true,"href":"https:\/\/rf-capacitor.com\/hu\/wp-json\/wp\/v2\/product_brand?post=1886"},{"taxonomy":"product_cat","embeddable":true,"href":"https:\/\/rf-capacitor.com\/hu\/wp-json\/wp\/v2\/product_cat?post=1886"},{"taxonomy":"product_tag","embeddable":true,"href":"https:\/\/rf-capacitor.com\/hu\/wp-json\/wp\/v2\/product_tag?post=1886"}],"curies":[{"name":"wp","href":"https:\/\/api.w.org\/{rel}","templated":true}]}}