{"id":1863,"date":"2025-01-02T02:25:29","date_gmt":"2025-01-02T02:25:29","guid":{"rendered":"https:\/\/rf-capacitor.com\/?post_type=product&#038;p=1863"},"modified":"2025-01-02T02:25:29","modified_gmt":"2025-01-02T02:25:29","slug":"rmf-induction-heating-capacitor","status":"publish","type":"product","link":"https:\/\/rf-capacitor.com\/hu\/rmf-induction-heating-capacitor\/","title":{"rendered":"RMF Indukci\u00f3s f\u0171t\u0151kondenz\u00e1tor"},"content":{"rendered":"<div class=\"user-query-container ng-star-inserted\">\n<div id=\"user-query-content-3\" class=\"query-content\">\n<div class=\"query-text gds-body-l ng-star-inserted\" dir=\"ltr\" role=\"heading\" aria-level=\"2\">\n<h3 class=\"query-text-line ng-star-inserted\">RMF Indukci\u00f3s f\u0171t\u0151kondenz\u00e1tor<\/h3>\n<\/div>\n<\/div>\n<\/div>\n<div>\n<div class=\"response-container ng-tns-c3227055261-50 response-optimization tts-removed ng-star-inserted response-container-has-multiple-responses\">\n<div class=\"presented-response-container ng-tns-c3227055261-50\">\n<div class=\"response-container-content ng-tns-c3227055261-50 tunable-selection-with-avatar\">\n<div class=\"response-content ng-tns-c3227055261-50\">\n<div id=\"model-response-message-contentr_6c2a80d1ec190fc8\" class=\"markdown markdown-main-panel tutor-markdown-rendering response-optimization\" dir=\"ltr\">\n<p data-sourcepos=\"1:1-1:113\"><span class=\"citation-0 recitation\">Az RFM kondenz\u00e1torokat kifejezetten az al\u00e1bbiakban val\u00f3 haszn\u00e1latra tervezt\u00e9k <\/span><strong><span class=\"citation-0 recitation\">k\u00f6z\u00e9pfrekvenci\u00e1s indukci\u00f3s f\u0171t\u00e9si rendszerek<\/span><\/strong><span class=\"citation-0 recitation citation-end-0\">.<\/span><span class=\"button-container hide-from-message-actions ng-star-inserted\">\u00a0<\/span><\/p>\n<h3 data-sourcepos=\"3:1-3:24\"><strong>F\u0151bb jellemz\u0151k:<\/strong><\/h3>\n<ul data-sourcepos=\"5:1-10:0\">\n<li data-sourcepos=\"5:1-5:95\"><strong>Nagyfesz\u00fclts\u00e9g\u0171 besorol\u00e1s:<\/strong> Ellen kell \u00e1llniuk az ezekben a rendszerekben keletkez\u0151 magas fesz\u00fclts\u00e9geknek.<\/li>\n<li data-sourcepos=\"6:1-6:119\"><strong>Nagy \u00e1ramkezel\u00e9si kapacit\u00e1s:<\/strong> <span class=\"citation-1 recitation citation-end-1\">K\u00e9pes kezelni az indukci\u00f3s f\u0171t\u00e9shez kapcsol\u00f3d\u00f3 nagy \u00e1ramokat.<\/span><span class=\"button-container hide-from-message-actions ng-star-inserted\"> \u00a0<\/span>\n<div class=\"container ng-tns-c362440147-55 hide\">\n<div class=\"carousel-container ng-tns-c362440147-55\"><\/div>\n<\/div>\n<\/li>\n<li data-sourcepos=\"7:1-7:104\"><strong><span class=\"citation-2 recitation\">Alacsony ESR (egyen\u00e9rt\u00e9k\u0171 soros ellen\u00e1ll\u00e1s):<\/span><\/strong><span class=\"citation-2 recitation citation-end-2\"> Minimaliz\u00e1lja a kondenz\u00e1toron bel\u00fcli energiavesztes\u00e9geket.<\/span><span class=\"button-container hide-from-message-actions ng-star-inserted\">\u00a0 \u00a0<\/span>\n<div class=\"container ng-tns-c362440147-56 hide\">\n<div class=\"carousel-container ng-tns-c362440147-56\"><\/div>\n<\/div>\n<\/li>\n<li data-sourcepos=\"8:1-8:123\"><strong>J\u00f3 h\u0151stabilit\u00e1s:<\/strong> Az indukci\u00f3s f\u0171t\u00e9s sor\u00e1n keletkez\u0151 h\u0151nek k\u00f6sz\u00f6nhet\u0151en magas h\u0151m\u00e9rs\u00e9kleten is k\u00e9pes m\u0171k\u00f6dni.<\/li>\n<li data-sourcepos=\"9:1-10:0\"><strong>Robusztus konstrukci\u00f3:<\/strong> \u00dagy tervezt\u00e9k, hogy ellen\u00e1lljon az ipari k\u00f6rnyezet zord m\u0171k\u00f6d\u00e9si felt\u00e9teleinek.<\/li>\n<\/ul>\n<h3 data-sourcepos=\"11:1-11:39\"><strong>Hogyan m\u0171k\u00f6dnek az RMF-ben Indukci\u00f3s f\u0171t\u0151kondenz\u00e1tor:<\/strong><\/h3>\n<ol data-sourcepos=\"13:1-15:0\">\n<li data-sourcepos=\"13:1-13:220\"><strong><span class=\"citation-3 recitation\">Rezonancia:<\/span><\/strong><span class=\"citation-3 recitation citation-end-3\"> Az RFM kondenz\u00e1torokat az indukci\u00f3s tekerccsel val\u00f3 rezonancia\u00e1ramk\u00f6r l\u00e9trehoz\u00e1s\u00e1ra haszn\u00e1lj\u00e1k.<\/span> Ez a rezonancia maximaliz\u00e1lja a tekercsen \u00e1tfoly\u00f3 \u00e1ramot, ami elengedhetetlen a hat\u00e9kony indukci\u00f3s f\u0171t\u00e9shez.<span class=\"button-container hide-from-message-actions ng-star-inserted\">\u00a0 \u00a0<\/span>\n<div class=\"container ng-tns-c362440147-57 hide\">\n<div class=\"carousel-container ng-tns-c362440147-57\"><\/div>\n<\/div>\n<\/li>\n<li data-sourcepos=\"14:1-15:0\"><strong><span class=\"citation-4 recitation\">Teljes\u00edtm\u00e9nyt\u00e9nyez\u0151-korrekci\u00f3:<\/span><\/strong><span class=\"citation-4 recitation citation-end-4\"> Seg\u00edtenek jav\u00edtani az indukci\u00f3s f\u0171t\u0151rendszer teljes\u00edtm\u00e9nyt\u00e9nyez\u0151j\u00e9t, cs\u00f6kkentve a reakt\u00edv teljes\u00edtm\u00e9nyt \u00e9s jav\u00edtva a rendszer teljes hat\u00e9konys\u00e1g\u00e1t.<\/span><span class=\"button-container hide-from-message-actions ng-star-inserted\"> \u00a0<\/span>\n<div class=\"container ng-tns-c362440147-58 hide\">\n<div class=\"carousel-container ng-tns-c362440147-58\"><\/div>\n<\/div>\n<\/li>\n<\/ol>\n<h3 data-sourcepos=\"16:1-16:25\"><strong>Tipikus alkalmaz\u00e1sok:<\/strong><\/h3>\n<ul data-sourcepos=\"18:1-20:0\">\n<li data-sourcepos=\"18:1-18:93\"><strong>F\u00e9mf\u0171t\u00e9s:<\/strong> K\u00fcl\u00f6nb\u00f6z\u0151 alkalmaz\u00e1sokban, p\u00e9ld\u00e1ul f\u00e9mkov\u00e1csol\u00e1s, kem\u00e9ny\u00edt\u00e9s \u00e9s olvaszt\u00e1s sor\u00e1n haszn\u00e1lj\u00e1k.<\/li>\n<li data-sourcepos=\"19:1-20:0\"><strong>H\u0151kezel\u00e9s:<\/strong> <span class=\"citation-5 recitation citation-end-5\">F\u00e9mek h\u0151kezel\u00e9s\u00e9n\u00e9l alkalmazz\u00e1k mechanikai tulajdons\u00e1gaik jav\u00edt\u00e1sa \u00e9rdek\u00e9ben.<\/span><span class=\"button-container hide-from-message-actions ng-star-inserted\"> \u00a0 <\/span><\/li>\n<\/ul>\n<\/div>\n<\/div>\n<\/div>\n<\/div>\n<\/div>\n<\/div>","protected":false},"excerpt":{"rendered":"<table style=\"height: 472px;\" width=\"718\">\n<tbody>\n<tr>\n<td width=\"146\"><strong><b>Term\u00e9k<\/b><\/strong>\u00a0<strong><b>N\u00e9v:<\/b><\/strong><\/td>\n<td width=\"601\"><strong>RMF Indukci\u00f3s f\u0171t\u0151kondenz\u00e1tor<\/strong><\/td>\n<\/tr>\n<tr>\n<td width=\"146\">\n<h4><strong>R\u00f6vid le\u00edr\u00e1s:<\/strong><\/h4>\n<\/td>\n<td width=\"601\">Pv inverter, sz\u00e9ler\u0151m\u0171 \u00e1talak\u00edt\u00f3;AII fajta frekvenciav\u00e1lt\u00f3 \u00e9s inverter<br \/>\nt\u00e1pegys\u00e9g; tiszt\u00e1n elektromos \u00e9s hibrid aut\u00f3k; t\u00f6lt\u0151oszlop, UPS stb.<\/td>\n<\/tr>\n<tr>\n<td width=\"146\"><b>Teljes\u00edtm\u00e9nytartom\u00e1ny<\/b>:<\/td>\n<td width=\"601\">6000 uF-ig<\/td>\n<\/tr>\n<tr>\n<td width=\"146\"><strong>N\u00e9vleges fesz\u00fclts\u00e9g\uff1a<\/strong><\/td>\n<td width=\"601\">0,75kv-t\u00f3l 3kv-ig<\/td>\n<\/tr>\n<tr>\n<td width=\"146\"><strong><b>Referencia szabv\u00e1ny<\/b>:\uff1a<\/strong><\/td>\n<td width=\"601\">GB\/T3984.1-2004<\/td>\n<\/tr>\n<tr>\n<td width=\"146\"><strong>IEC60110-1:<\/strong><\/td>\n<td width=\"601\">1998<\/td>\n<\/tr>\n<\/tbody>\n<\/table>","protected":false},"featured_media":1864,"comment_status":"open","ping_status":"closed","template":"","meta":[],"product_brand":[],"product_cat":[41],"product_tag":[],"class_list":{"0":"post-1863","1":"product","2":"type-product","3":"status-publish","4":"has-post-thumbnail","6":"product_cat-induction-heating-capacitor","8":"first","9":"instock","10":"shipping-taxable","11":"product-type-simple"},"_links":{"self":[{"href":"https:\/\/rf-capacitor.com\/hu\/wp-json\/wp\/v2\/product\/1863","targetHints":{"allow":["GET"]}}],"collection":[{"href":"https:\/\/rf-capacitor.com\/hu\/wp-json\/wp\/v2\/product"}],"about":[{"href":"https:\/\/rf-capacitor.com\/hu\/wp-json\/wp\/v2\/types\/product"}],"replies":[{"embeddable":true,"href":"https:\/\/rf-capacitor.com\/hu\/wp-json\/wp\/v2\/comments?post=1863"}],"wp:featuredmedia":[{"embeddable":true,"href":"https:\/\/rf-capacitor.com\/hu\/wp-json\/wp\/v2\/media\/1864"}],"wp:attachment":[{"href":"https:\/\/rf-capacitor.com\/hu\/wp-json\/wp\/v2\/media?parent=1863"}],"wp:term":[{"taxonomy":"product_brand","embeddable":true,"href":"https:\/\/rf-capacitor.com\/hu\/wp-json\/wp\/v2\/product_brand?post=1863"},{"taxonomy":"product_cat","embeddable":true,"href":"https:\/\/rf-capacitor.com\/hu\/wp-json\/wp\/v2\/product_cat?post=1863"},{"taxonomy":"product_tag","embeddable":true,"href":"https:\/\/rf-capacitor.com\/hu\/wp-json\/wp\/v2\/product_tag?post=1863"}],"curies":[{"name":"wp","href":"https:\/\/api.w.org\/{rel}","templated":true}]}}