{"id":1856,"date":"2025-01-02T02:04:58","date_gmt":"2025-01-02T02:04:58","guid":{"rendered":"https:\/\/rf-capacitor.com\/?post_type=product&#038;p=1856"},"modified":"2025-01-02T02:04:58","modified_gmt":"2025-01-02T02:04:58","slug":"resonant-circuit-snubber-capacitor","status":"publish","type":"product","link":"https:\/\/rf-capacitor.com\/hu\/resonant-circuit-snubber-capacitor\/","title":{"rendered":"Rezon\u00e1ns \u00e1ramk\u00f6r L\u00f6k\u00e9scsillap\u00edt\u00f3 kondenz\u00e1tor"},"content":{"rendered":"<div class=\"user-query-container ng-star-inserted\">\n<div id=\"user-query-content-1\" class=\"query-content\">\n<div class=\"query-text gds-body-l ng-star-inserted\" dir=\"ltr\" role=\"heading\" aria-level=\"2\">\n<h3 class=\"query-text-line ng-star-inserted\">Rezon\u00e1ns \u00e1ramk\u00f6r L\u00f6k\u00e9scsillap\u00edt\u00f3 kondenz\u00e1tor<\/h3>\n<\/div>\n<\/div>\n<\/div>\n<div>\n<div class=\"response-container ng-tns-c3227055261-32 response-optimization tts-removed ng-star-inserted response-container-has-multiple-responses\">\n<div class=\"presented-response-container ng-tns-c3227055261-32\">\n<div class=\"response-container-content ng-tns-c3227055261-32 tunable-selection-with-avatar\">\n<div class=\"response-content ng-tns-c3227055261-32\">\n<div id=\"model-response-message-contentr_be92511bd195e395\" class=\"markdown markdown-main-panel tutor-markdown-rendering response-optimization\" dir=\"ltr\">\n<p data-sourcepos=\"1:1-1:154\">A rezonanci\u00e1s snubber \u00e1ramk\u00f6r\u00f6kben a kondenz\u00e1tor d\u00f6nt\u0151 szerepet j\u00e1tszik a rezon\u00e1ns tart\u00e1lyk\u00f6r l\u00e9trehoz\u00e1s\u00e1ban a rendszerben jelen l\u00e9v\u0151 parazita induktivit\u00e1ssal.<\/p>\n<h3 data-sourcepos=\"3:1-3:17\"><strong>Hogyan m\u0171k\u00f6dik a rezon\u00e1ns \u00e1ramk\u00f6r sznobber kondenz\u00e1tor:<\/strong><\/h3>\n<ul data-sourcepos=\"5:1-7:0\">\n<li data-sourcepos=\"5:1-5:283\"><strong>Rezonancia:<\/strong> A kondenz\u00e1tor \u00e9s a parazita induktivit\u00e1s egy LC-tart\u00e1ly \u00e1ramk\u00f6rt alkot. Amikor az IGBT kikapcsol, a parazita induktivit\u00e1sban t\u00e1rolt energia \u00e1tker\u00fcl a kondenz\u00e1torba. Ez az energia\u00e1tvitel az LC-tart\u00e1ly rezonanciafrekvenci\u00e1j\u00e1n t\u00f6rt\u00e9nik, ami rezg\u00e9sekhez vezet.<\/li>\n<li data-sourcepos=\"6:1-7:0\"><strong>Energiaeloszt\u00e1s:<\/strong> A rezonanciak\u00f6rbe \u00e1ltal\u00e1ban egy ellen\u00e1ll\u00e1st \u00e9p\u00edtenek be a rezg\u00e9scsillap\u00edt\u00f3 \u00e1ramk\u00f6rbe, hogy csillap\u00edtsa ezeket a rezg\u00e9seket \u00e9s elvezesse az energi\u00e1t.<\/li>\n<\/ul>\n<h3 data-sourcepos=\"8:1-8:56\"><strong>A rezon\u00e1ns sznubberkondenz\u00e1torok legfontosabb jellemz\u0151i:<\/strong><\/h3>\n<ul data-sourcepos=\"10:1-13:0\">\n<li data-sourcepos=\"10:1-10:82\"><strong>Pontos kapacit\u00e1s:<\/strong> Kritikus a k\u00edv\u00e1nt rezonanciafrekvencia el\u00e9r\u00e9s\u00e9hez.<\/li>\n<li data-sourcepos=\"11:1-11:78\"><strong><span class=\"citation-0 recitation\">Alacsony ESR:<\/span><\/strong><span class=\"citation-0 recitation citation-end-0\"> Minimaliz\u00e1lja a vesztes\u00e9geket a rezon\u00e1ns rezg\u00e9sek sor\u00e1n. <\/span>\n<div class=\"container ng-tns-c362440147-35\">\n<div class=\"carousel-container ng-tns-c362440147-35\">\n<div class=\"carousel-content ng-tns-c362440147-35\">\n<div class=\"sources-carousel-source ng-tns-c362440147-35 ng-star-inserted\" data-test-id=\"sources-carousel-source\">\n<div class=\"source-card-container\">\n<div class=\"source-card-content\"><\/div>\n<\/div>\n<\/div>\n<\/div>\n<\/div>\n<\/div>\n<\/li>\n<li data-sourcepos=\"12:1-13:0\"><strong>Nagyfesz\u00fclts\u00e9g\u0171 besorol\u00e1s:<\/strong> Ki kell \u00e1llnia a rezonancia sor\u00e1n fell\u00e9p\u0151 cs\u00facsfesz\u00fclts\u00e9geket.<\/li>\n<\/ul>\n<h3 data-sourcepos=\"14:1-14:42\"><strong>A rezon\u00e1ns \u00e1ramk\u00f6r sznobber kondenz\u00e1tor\u00e1nak el\u0151nyei:<\/strong><\/h3>\n<ul data-sourcepos=\"16:1-19:0\">\n<li data-sourcepos=\"16:1-16:158\"><strong>Cs\u00f6kkentett kapcsol\u00e1si vesztes\u00e9gek:<\/strong> A rezon\u00e1ns energia\u00e1tvitel kihaszn\u00e1l\u00e1s\u00e1val a kapcsol\u00e1si vesztes\u00e9gek jelent\u0151sen cs\u00f6kkenthet\u0151k a hagyom\u00e1nyos R-C snubberekhez k\u00e9pest.<\/li>\n<li data-sourcepos=\"17:1-17:96\"><strong>Jav\u00edtott hat\u00e9konys\u00e1g:<\/strong> Az alacsonyabb kapcsol\u00e1si vesztes\u00e9gek magasabb teljes rendszerhat\u00e9konys\u00e1got eredm\u00e9nyeznek.<\/li>\n<li data-sourcepos=\"18:1-19:0\"><strong>Cs\u00f6kkentett EMI:<\/strong> Az \u00e1ramk\u00f6r rezon\u00e1ns jellege seg\u00edthet az EMI-kibocs\u00e1t\u00e1s cs\u00f6kkent\u00e9s\u00e9ben.<\/li>\n<\/ul>\n<h3 data-sourcepos=\"20:1-20:26\"><strong>Tervez\u00e9si megfontol\u00e1sok:<\/strong><\/h3>\n<ul data-sourcepos=\"22:1-25:0\">\n<li data-sourcepos=\"22:1-22:89\"><strong>Rezonanciafrekvencia:<\/strong> Gondosan kisz\u00e1m\u00edtva, hogy megfeleljen a k\u00edv\u00e1nt m\u0171k\u00f6d\u00e9si felt\u00e9teleknek.<\/li>\n<li data-sourcepos=\"23:1-23:117\"><strong>Cs\u00f6kkent\u00e9si t\u00e9nyez\u0151:<\/strong> Az ellen\u00e1ll\u00e1s \u00e9rt\u00e9k\u00e9t \u00fagy kell megv\u00e1lasztani, hogy megfelel\u0151 csillap\u00edt\u00e1st biztos\u00edtson \u00e9s megakad\u00e1lyozza a t\u00falzott rezg\u00e9seket.<\/li>\n<li data-sourcepos=\"24:1-25:0\"><strong>\u00c1ramk\u00f6ri komponensek kiv\u00e1laszt\u00e1sa:<\/strong> Az alkatr\u00e9szek (kondenz\u00e1tor, ellen\u00e1ll\u00e1s, induktor) gondos kiv\u00e1laszt\u00e1sa d\u00f6nt\u0151 fontoss\u00e1g\u00fa az optim\u00e1lis teljes\u00edtm\u00e9nyhez.<\/li>\n<\/ul>\n<p data-sourcepos=\"30:1-30:230\">\n<\/div>\n<\/div>\n<\/div>\n<\/div>\n<\/div>\n<\/div>","protected":false},"excerpt":{"rendered":"<table style=\"height: 534px;\" width=\"695\">\n<tbody>\n<tr>\n<td width=\"146\"><strong><b>Term\u00e9k<\/b><\/strong>\u00a0<strong><b>N\u00e9v:<\/b><\/strong><\/td>\n<td width=\"601\"><strong>Rezon\u00e1ns \u00e1ramk\u00f6r L\u00f6k\u00e9scsillap\u00edt\u00f3 kondenz\u00e1tor<\/strong><\/td>\n<\/tr>\n<tr>\n<td width=\"146\">\n<h4><strong>R\u00f6vid le\u00edr\u00e1s:<\/strong><\/h4>\n<\/td>\n<td width=\"601\">Sz\u00e9les k\u00f6rben haszn\u00e1lj\u00e1k a teljes\u00edtm\u00e9nyelektronikai berendez\u00e9sekben, amikor a cs\u00facsfesz\u00fclts\u00e9g, cs\u00facs\u00e1ram\u00fa abszorpci\u00f3s v\u00e9delem<\/td>\n<\/tr>\n<tr>\n<td width=\"146\"><strong>Kapacit\u00e1si tartom\u00e1ny:<\/strong><\/td>\n<td width=\"601\">0.1\u03bcF~ 5.6\u03bcF<\/td>\n<\/tr>\n<tr>\n<td width=\"146\"><strong>N\u00e9vleges fesz\u00fclts\u00e9g\uff1a<\/strong><\/td>\n<td width=\"601\">630V.DC ~ 2000V.DC<\/td>\n<\/tr>\n<tr>\n<td width=\"146\"><strong>Cap.tol\uff1a<\/strong><\/td>\n<td width=\"601\">\u00a0\u00a0\u00b15%(J)\uff1b\u00b110%(K)<\/td>\n<\/tr>\n<tr>\n<td width=\"146\"><strong>Kondenz\u00e1tor modell:\u00a0<\/strong><\/td>\n<td width=\"601\">IGBT snubber<\/td>\n<\/tr>\n<\/tbody>\n<\/table>","protected":false},"featured_media":1857,"comment_status":"open","ping_status":"closed","template":"","meta":[],"product_brand":[],"product_cat":[40],"product_tag":[],"class_list":{"0":"post-1856","1":"product","2":"type-product","3":"status-publish","4":"has-post-thumbnail","6":"product_cat-snubber-capacitor","8":"first","9":"instock","10":"shipping-taxable","11":"product-type-simple"},"_links":{"self":[{"href":"https:\/\/rf-capacitor.com\/hu\/wp-json\/wp\/v2\/product\/1856","targetHints":{"allow":["GET"]}}],"collection":[{"href":"https:\/\/rf-capacitor.com\/hu\/wp-json\/wp\/v2\/product"}],"about":[{"href":"https:\/\/rf-capacitor.com\/hu\/wp-json\/wp\/v2\/types\/product"}],"replies":[{"embeddable":true,"href":"https:\/\/rf-capacitor.com\/hu\/wp-json\/wp\/v2\/comments?post=1856"}],"wp:featuredmedia":[{"embeddable":true,"href":"https:\/\/rf-capacitor.com\/hu\/wp-json\/wp\/v2\/media\/1857"}],"wp:attachment":[{"href":"https:\/\/rf-capacitor.com\/hu\/wp-json\/wp\/v2\/media?parent=1856"}],"wp:term":[{"taxonomy":"product_brand","embeddable":true,"href":"https:\/\/rf-capacitor.com\/hu\/wp-json\/wp\/v2\/product_brand?post=1856"},{"taxonomy":"product_cat","embeddable":true,"href":"https:\/\/rf-capacitor.com\/hu\/wp-json\/wp\/v2\/product_cat?post=1856"},{"taxonomy":"product_tag","embeddable":true,"href":"https:\/\/rf-capacitor.com\/hu\/wp-json\/wp\/v2\/product_tag?post=1856"}],"curies":[{"name":"wp","href":"https:\/\/api.w.org\/{rel}","templated":true}]}}