{"id":1851,"date":"2025-01-02T01:51:17","date_gmt":"2025-01-02T01:51:17","guid":{"rendered":"https:\/\/rf-capacitor.com\/?post_type=product&#038;p=1851"},"modified":"2025-01-02T01:51:17","modified_gmt":"2025-01-02T01:51:17","slug":"igbt-snubber-capacitors","status":"publish","type":"product","link":"https:\/\/rf-capacitor.com\/hu\/igbt-snubber-capacitors\/","title":{"rendered":"IGBT Snubber kondenz\u00e1torok"},"content":{"rendered":"<h3 data-sourcepos=\"1:1-1:27\"><strong>IGBT Snubber kondenz\u00e1torok<\/strong><\/h3>\n<p data-sourcepos=\"3:1-3:196\"><span class=\"citation-0 recitation citation-end-0\">A teljes\u00edtm\u00e9nyelektronik\u00e1ban az IGBT-ket (szigetelt kapus bipol\u00e1ris tranzisztorok) sz\u00e9les k\u00f6rben haszn\u00e1lj\u00e1k kapcsol\u00e1si alkalmaz\u00e1sokhoz.<\/span> A gyors kapcsol\u00e1si sebess\u00e9g\u00fck azonban olyan nemk\u00edv\u00e1natos hat\u00e1sokhoz vezethet, mint:<span class=\"button-container hide-from-message-actions ng-star-inserted\">\u00a0 \u00a0<\/span><\/p>\n<ul data-sourcepos=\"5:1-7:0\">\n<li data-sourcepos=\"5:1-5:148\"><strong><span class=\"citation-1 recitation\">Magas dv\/dt (a fesz\u00fclts\u00e9g v\u00e1ltoz\u00e1s\u00e1nak sebess\u00e9ge):<\/span><\/strong><span class=\"citation-1 recitation citation-end-1\"> Ez t\u00falzott fesz\u00fclts\u00e9gcs\u00facsokat okozhat az IGBT-n, ami k\u00e1ros\u00edthatja az eszk\u00f6zt.<\/span><span class=\"button-container hide-from-message-actions ng-star-inserted\"> \u00a0<\/span>\n<div class=\"container ng-tns-c362440147-20 hide\">\n<div class=\"carousel-container ng-tns-c362440147-20\"><\/div>\n<\/div>\n<\/li>\n<li data-sourcepos=\"6:1-7:0\"><strong><span class=\"citation-2 recitation\">Magas di\/dt (az \u00e1ram v\u00e1ltoz\u00e1s\u00e1nak sebess\u00e9ge):<\/span><\/strong><span class=\"citation-2 recitation citation-end-2\"> Ez elektrom\u00e1gneses interferenci\u00e1t (EMI) gener\u00e1lhat, \u00e9s megterhelheti a kapcsol\u00f3d\u00f3 \u00e1ramk\u00f6r\u00f6ket.<\/span><span class=\"button-container hide-from-message-actions ng-star-inserted\">\u00a0 \u00a0<\/span>\n<div class=\"container ng-tns-c362440147-21 hide\">\n<div class=\"carousel-container ng-tns-c362440147-21\"><\/div>\n<\/div>\n<\/li>\n<\/ul>\n<h3 data-sourcepos=\"8:1-8:20\"><strong>Snubber \u00e1ramk\u00f6r\u00f6k<\/strong><\/h3>\n<p data-sourcepos=\"10:1-10:143\"><span class=\"citation-3 recitation citation-end-3\">E probl\u00e9m\u00e1k enyh\u00edt\u00e9s\u00e9re snubber \u00e1ramk\u00f6r\u00f6ket alkalmaznak.<\/span> <span class=\"citation-4 recitation citation-end-4\">Ezeknek az \u00e1ramk\u00f6r\u00f6knek az egyik legfontosabb eleme a zavar\u00f3 kondenz\u00e1tor.<\/span><span class=\"button-container hide-from-message-actions ng-star-inserted\">\u00a0<\/span><\/p>\n<h3 data-sourcepos=\"12:1-12:31\"><strong>Hogyan m\u0171k\u00f6dnek az IGBT Snubber kondenz\u00e1torok<\/strong><\/h3>\n<ul data-sourcepos=\"14:1-16:0\">\n<li data-sourcepos=\"14:1-14:252\"><strong>Fesz\u00fclts\u00e9gt\u00fcsk\u00e9k:<\/strong> Amikor az IGBT kikapcsol, az \u00e1ramk\u00f6r parazita induktivit\u00e1sa gyors fesz\u00fclts\u00e9gn\u00f6veked\u00e9st okozhat az eszk\u00f6z\u00f6n. <span class=\"citation-5 recitation citation-end-5\">A snubberkondenz\u00e1tor elnyeli ezt a hirtelen fesz\u00fclts\u00e9ghull\u00e1mot, \u00e9s korl\u00e1tozza az IGBT-n kereszt\u00fcli cs\u00facsfesz\u00fclts\u00e9get.<\/span><span class=\"button-container hide-from-message-actions ng-star-inserted\"> \u00a0<\/span>\n<div class=\"container ng-tns-c362440147-23 hide\">\n<div class=\"carousel-container ng-tns-c362440147-23\"><\/div>\n<\/div>\n<\/li>\n<li data-sourcepos=\"15:1-16:0\"><strong>Jelenlegi kapcsol\u00e1s:<\/strong> <span class=\"citation-6 recitation citation-end-6\">A kikapcsol\u00e1si \u00e1tmenet sor\u00e1n a snubber kondenz\u00e1tor \u00e1tmenetileg biztos\u00edtja az \u00e1ram \u00fatj\u00e1t, cs\u00f6kkentve a di\/dt \u00e9rt\u00e9ket \u00e9s minimaliz\u00e1lva az EMI-t.<\/span><span class=\"button-container hide-from-message-actions ng-star-inserted\">\u00a0 \u00a0<\/span>\n<div class=\"container ng-tns-c362440147-24 hide\">\n<div class=\"carousel-container ng-tns-c362440147-24\"><\/div>\n<\/div>\n<\/li>\n<\/ul>\n<h3 data-sourcepos=\"17:1-17:45\"><strong>Az IGBT sznubberkondenz\u00e1torok f\u0151 jellemz\u0151i<\/strong><\/h3>\n<ul data-sourcepos=\"19:1-23:0\">\n<li data-sourcepos=\"19:1-19:88\"><strong>Nagyfesz\u00fclts\u00e9g\u0171 besorol\u00e1s:<\/strong> Ki kell \u00e1llnia a kapcsol\u00e1s sor\u00e1n fell\u00e9p\u0151 cs\u00facsfesz\u00fclts\u00e9geket.<\/li>\n<li data-sourcepos=\"20:1-20:104\"><strong><span class=\"citation-7 recitation\">Alacsony ESR (egyen\u00e9rt\u00e9k\u0171 soros ellen\u00e1ll\u00e1s):<\/span><\/strong><span class=\"citation-7 recitation citation-end-7\"> Minimaliz\u00e1lja a kondenz\u00e1toron bel\u00fcli energiavesztes\u00e9geket.<\/span><span class=\"button-container hide-from-message-actions ng-star-inserted\">\u00a0<\/span>\n<div class=\"container ng-tns-c362440147-25 hide\">\n<div class=\"carousel-container ng-tns-c362440147-25\"><\/div>\n<\/div>\n<\/li>\n<li data-sourcepos=\"21:1-21:110\"><strong>Gyors t\u00f6lt\u00e9si\/kis\u00fct\u00e9si k\u00e9pess\u00e9g:<\/strong> K\u00e9pes gyorsan felvenni \u00e9s leadni az energi\u00e1t a v\u00e1lt\u00e1si esem\u00e9nyek sor\u00e1n.<\/li>\n<li data-sourcepos=\"22:1-23:0\"><strong>Kompakt m\u00e9ret:<\/strong> A teljes\u00edtm\u00e9nyelektronikai rendszerek helyig\u00e9ny\u00e9nek minimaliz\u00e1l\u00e1sa.<\/li>\n<\/ul>\n<h3 data-sourcepos=\"24:1-24:31\"><strong>Az IGBT snubber kondenz\u00e1torok t\u00edpusai<\/strong><\/h3>\n<ul data-sourcepos=\"26:1-28:0\">\n<li data-sourcepos=\"26:1-26:112\"><strong>Filmkondenz\u00e1torok:<\/strong> \u00c1ltal\u00e1nosan haszn\u00e1ltak a magas fesz\u00fclts\u00e9g\u00e9rt\u00e9kek, az alacsony ESR \u00e9s a j\u00f3 h\u0151m\u00e9rs\u00e9kleti stabilit\u00e1s miatt.<\/li>\n<li data-sourcepos=\"27:1-28:0\"><strong><span class=\"citation-8 recitation\">Ker\u00e1mia kondenz\u00e1torok:<\/span><\/strong><span class=\"citation-8 recitation citation-end-8\"> Nagy kapacit\u00e1st k\u00edn\u00e1lnak kis m\u00e9retben, de a n\u00e9vleges fesz\u00fclts\u00e9g \u00e9s a h\u0151m\u00e9rs\u00e9kleti stabilit\u00e1s ter\u00e9n korl\u00e1tokba \u00fctk\u00f6zhetnek.<\/span><span class=\"button-container hide-from-message-actions ng-star-inserted\">\u00a0 \u00a0<\/span>\n<div class=\"container ng-tns-c362440147-26 hide\">\n<div class=\"carousel-container ng-tns-c362440147-26\"><\/div>\n<\/div>\n<\/li>\n<\/ul>\n<h3 data-sourcepos=\"29:1-29:25\"><strong>Tervez\u00e9si megfontol\u00e1sok<\/strong><\/h3>\n<p data-sourcepos=\"31:1-31:80\">A snubberkondenz\u00e1torok kiv\u00e1laszt\u00e1sa \u00e9s tervez\u00e9se sor\u00e1n gondosan figyelembe kell venni a k\u00f6vetkez\u0151ket:<\/p>\n<ul data-sourcepos=\"33:1-36:0\">\n<li data-sourcepos=\"33:1-33:85\"><strong>IGBT kapcsol\u00e1si jellemz\u0151k:<\/strong> Bekapcsol\u00e1si\/kikapcsol\u00e1si id\u0151k, cs\u00facs\u00e1ramok \u00e9s fesz\u00fclts\u00e9gek.<\/li>\n<li data-sourcepos=\"34:1-34:69\"><strong>\u00c1ramk\u00f6ri param\u00e9terek:<\/strong> Parazita induktivit\u00e1s, terhel\u00e9si jellemz\u0151k.<\/li>\n<li data-sourcepos=\"35:1-36:0\"><strong><span class=\"citation-9 recitation\">Snubber \u00e1ramk\u00f6ri topol\u00f3gia:<\/span><\/strong><span class=\"citation-9 recitation citation-end-9\"> A k\u00fcl\u00f6nb\u00f6z\u0151 snubber-konfigur\u00e1ci\u00f3k (R-C, RCD) elt\u00e9r\u0151 hat\u00e1ssal vannak az \u00e1ramk\u00f6r teljes\u00edtm\u00e9ny\u00e9re.<\/span><span class=\"button-container hide-from-message-actions ng-star-inserted\"> \u00a0<\/span>\n<div class=\"container ng-tns-c362440147-27 hide\">\n<div class=\"carousel-container ng-tns-c362440147-27\"><\/div>\n<\/div>\n<\/li>\n<\/ul>\n<h3 data-sourcepos=\"37:1-37:40\"><strong>A snubberkondenz\u00e1torok haszn\u00e1lat\u00e1nak el\u0151nyei<\/strong><\/h3>\n<ul data-sourcepos=\"39:1-42:0\">\n<li data-sourcepos=\"39:1-39:90\"><strong>Jav\u00edtott IGBT megb\u00edzhat\u00f3s\u00e1g:<\/strong> Cs\u00f6kkenti az eszk\u00f6zre hat\u00f3 terhel\u00e9st, ami hosszabb \u00e9lettartamot eredm\u00e9nyez.<\/li>\n<li data-sourcepos=\"40:1-40:68\"><strong>Cs\u00f6kkentett EMI-kibocs\u00e1t\u00e1s:<\/strong> Minimaliz\u00e1lja az elektrom\u00e1gneses interferenci\u00e1t.<\/li>\n<li data-sourcepos=\"41:1-42:0\"><strong><span class=\"citation-10 recitation\">Jav\u00edtott rendszerhat\u00e9konys\u00e1g:<\/span><\/strong><span class=\"citation-10 recitation citation-end-10\"> Cs\u00f6kkentett teljes\u00edtm\u00e9nyvesztes\u00e9g az alacsonyabb kapcsol\u00e1si vesztes\u00e9gek miatt.<\/span><span class=\"button-container hide-from-message-actions ng-star-inserted\"> \u00a0<\/span>\n<div class=\"container ng-tns-c362440147-28 hide\">\n<div class=\"carousel-container ng-tns-c362440147-28\"><\/div>\n<\/div>\n<\/li>\n<\/ul>","protected":false},"excerpt":{"rendered":"<table style=\"height: 429px;\" width=\"689\">\n<tbody>\n<tr>\n<td width=\"146\"><strong><b>Term\u00e9k<\/b><\/strong>\u00a0<strong><b>N\u00e9v:<\/b><\/strong><\/td>\n<td width=\"601\">IGBT Snubber kondenz\u00e1torok<\/td>\n<\/tr>\n<tr>\n<td width=\"146\">\n<h4><strong>R\u00f6vid le\u00edr\u00e1s:<\/strong><\/h4>\n<\/td>\n<td width=\"601\">Sz\u00e9les k\u00f6rben haszn\u00e1lj\u00e1k a teljes\u00edtm\u00e9nyelektronikai elektronikus berendez\u00e9sekben, amikor a cs\u00facsfesz\u00fclts\u00e9g, cs\u00facs\u00e1ram\u00fa abszorpci\u00f3s v\u00e9delem<\/td>\n<\/tr>\n<tr>\n<td width=\"146\"><strong>Kapacit\u00e1si tartom\u00e1ny:<\/strong><\/td>\n<td width=\"601\">\u00a00.22\u03bcF~3\u03bcF<\/td>\n<\/tr>\n<tr>\n<td width=\"146\"><strong>N\u00e9vleges fesz\u00fclts\u00e9g\uff1a<\/strong><\/td>\n<td width=\"601\">\u00a03000V.DC~10000V.DC<\/td>\n<\/tr>\n<tr>\n<td width=\"146\"><strong>Cap.tol\uff1a<\/strong><\/td>\n<td width=\"601\">\u00a0\u00a0\u00a0\u00b15%\uff08J\uff09; \u00b110%\uff08K)<\/td>\n<\/tr>\n<tr>\n<td width=\"146\"><strong>Kondenz\u00e1tor modell:\u00a0<\/strong><\/td>\n<td width=\"601\">\u00a0SMJ-TC<\/td>\n<\/tr>\n<\/tbody>\n<\/table>","protected":false},"featured_media":1852,"comment_status":"open","ping_status":"closed","template":"","meta":[],"product_brand":[],"product_cat":[40],"product_tag":[],"class_list":{"0":"post-1851","1":"product","2":"type-product","3":"status-publish","4":"has-post-thumbnail","6":"product_cat-snubber-capacitor","8":"first","9":"instock","10":"shipping-taxable","11":"product-type-simple"},"_links":{"self":[{"href":"https:\/\/rf-capacitor.com\/hu\/wp-json\/wp\/v2\/product\/1851","targetHints":{"allow":["GET"]}}],"collection":[{"href":"https:\/\/rf-capacitor.com\/hu\/wp-json\/wp\/v2\/product"}],"about":[{"href":"https:\/\/rf-capacitor.com\/hu\/wp-json\/wp\/v2\/types\/product"}],"replies":[{"embeddable":true,"href":"https:\/\/rf-capacitor.com\/hu\/wp-json\/wp\/v2\/comments?post=1851"}],"wp:featuredmedia":[{"embeddable":true,"href":"https:\/\/rf-capacitor.com\/hu\/wp-json\/wp\/v2\/media\/1852"}],"wp:attachment":[{"href":"https:\/\/rf-capacitor.com\/hu\/wp-json\/wp\/v2\/media?parent=1851"}],"wp:term":[{"taxonomy":"product_brand","embeddable":true,"href":"https:\/\/rf-capacitor.com\/hu\/wp-json\/wp\/v2\/product_brand?post=1851"},{"taxonomy":"product_cat","embeddable":true,"href":"https:\/\/rf-capacitor.com\/hu\/wp-json\/wp\/v2\/product_cat?post=1851"},{"taxonomy":"product_tag","embeddable":true,"href":"https:\/\/rf-capacitor.com\/hu\/wp-json\/wp\/v2\/product_tag?post=1851"}],"curies":[{"name":"wp","href":"https:\/\/api.w.org\/{rel}","templated":true}]}}