{"id":1811,"date":"2024-12-31T03:42:39","date_gmt":"2024-12-31T03:42:39","guid":{"rendered":"https:\/\/rf-capacitor.com\/?post_type=product&#038;p=1811"},"modified":"2024-12-31T03:42:39","modified_gmt":"2024-12-31T03:42:39","slug":"high-voltage-snubber-capacitor","status":"publish","type":"product","link":"https:\/\/rf-capacitor.com\/hu\/high-voltage-snubber-capacitor\/","title":{"rendered":"Nagyfesz\u00fclts\u00e9g\u0171 Snubber kondenz\u00e1tor"},"content":{"rendered":"<p>A nagyfesz\u00fclts\u00e9g\u0171 sznubberkondenz\u00e1tor a nagyfesz\u00fclts\u00e9g\u0171 \u00e1ramk\u00f6r\u00f6kben a fesz\u00fclts\u00e9gcs\u00facsok \u00e9s tranziensek elleni v\u00e9delemre haszn\u00e1lt fontos alkatr\u00e9sz. Az al\u00e1bbiakban \u00e1ttekintj\u00fck, hogy mi a snubberkondenz\u00e1tor, mi a funkci\u00f3ja \u00e9s az alkalmaz\u00e1sai:<\/p>\n<p>Mi az a nagyfesz\u00fclts\u00e9g\u0171 sznubber kondenz\u00e1tor?<\/p>\n<p>A nagyfesz\u00fclts\u00e9g\u0171 sznubberkondenz\u00e1tor olyan kondenz\u00e1tor, amelyet elektromos \u00e1ramk\u00f6r\u00f6kben haszn\u00e1lnak az indukt\u00edv terhel\u00e9s kikapcsol\u00e1sakor fell\u00e9p\u0151 fesz\u00fclts\u00e9gcs\u00facsok (m\u00e1s n\u00e9ven tranziensek) elnyom\u00e1s\u00e1ra. Ezek a kondenz\u00e1torok seg\u00edtenek megv\u00e9deni az \u00e9rz\u00e9keny alkatr\u00e9szeket a hirtelen fesz\u00fclts\u00e9gv\u00e1ltoz\u00e1sok okozta k\u00e1rosod\u00e1st\u00f3l.<\/p>\n<p>A nagyfesz\u00fclts\u00e9g\u0171 sznubberkondenz\u00e1tor funkci\u00f3ja<\/p>\n<p>1. Fesz\u00fclts\u00e9gcs\u00f6kkent\u00e9s: A sznubberkondenz\u00e1torok \u00e1tmenetileg energi\u00e1t t\u00e1rolnak \u00e9s lassan adnak le, ez\u00e1ltal cs\u00f6kkentik a fesz\u00fclts\u00e9gcs\u00facsok emelked\u00e9si sebess\u00e9g\u00e9t (dV\/dt).<br \/>\n2. V\u00e9delem: V\u00e9dik a f\u00e9lvezet\u0151 eszk\u00f6z\u00f6ket, p\u00e9ld\u00e1ul a tirisztorokat, IGBT-ket \u00e9s di\u00f3d\u00e1kat az olyan t\u00falfesz\u00fclts\u00e9gekt\u0151l, amelyek egy\u00e9bk\u00e9nt meghib\u00e1sod\u00e1st vagy meghib\u00e1sod\u00e1st okozhatn\u00e1nak.<br \/>\n3. Zajcs\u00f6kkent\u00e9s: A fesz\u00fclts\u00e9gingadoz\u00e1sok kiegyenl\u00edt\u00e9s\u00e9vel a snubberkondenz\u00e1torok seg\u00edtenek az elektrom\u00e1gneses interferencia (EMI) cs\u00f6kkent\u00e9s\u00e9ben is.<\/p>\n<p>Alkalmaz\u00e1sok<\/p>\n<p>1. Teljes\u00edtm\u00e9nyelektronika: A sznubberkondenz\u00e1torokat sz\u00e9les k\u00f6rben haszn\u00e1lj\u00e1k a teljes\u00edtm\u00e9nyelektronikai alkalmaz\u00e1sokban, p\u00e9ld\u00e1ul inverterekben, \u00e1talak\u00edt\u00f3kban \u00e9s motorhajt\u00e1sokban.<br \/>\n2. Kapcsol\u00f3berendez\u00e9sek \u00e9s megszak\u00edt\u00f3k: Kapcsol\u00f3berendez\u00e9sekben \u00e9s megszak\u00edt\u00f3kban alkalmazz\u00e1k \u0151ket a kapcsol\u00e1si m\u0171veletek sor\u00e1n fell\u00e9p\u0151 \u00e1tmeneti fesz\u00fclts\u00e9gek elleni v\u00e9delemre.<br \/>\n3. Ipari berendez\u00e9sek: Az ipari g\u00e9pekben a snubberkondenz\u00e1torokat a vez\u00e9rl\u0151\u00e1ramk\u00f6r\u00f6k \u00e9s a t\u00e1pegys\u00e9gek fesz\u00fclts\u00e9gcs\u00facsok elleni v\u00e9delm\u00e9re haszn\u00e1lj\u00e1k.<br \/>\n4. HVAC rendszerek: A HVAC-rendszerekben a motorvez\u00e9rl\u0151 \u00e1ramk\u00f6r\u00f6kben fell\u00e9p\u0151 fesz\u00fclts\u00e9gtranziensek elleni v\u00e9delemre nagyfesz\u00fclts\u00e9g\u0171 sznubberkondenz\u00e1torokat haszn\u00e1lnak.<\/p>\n<p>F\u0151bb specifik\u00e1ci\u00f3k<\/p>\n<p>- Kapacit\u00e1si \u00e9rt\u00e9k: A kapacit\u00e1s \u00e9rt\u00e9k\u00e9t az adott alkalmaz\u00e1s \u00e9s a v\u00e1rhat\u00f3 fesz\u00fclts\u00e9gt\u00fcsk\u00e9k szintje alapj\u00e1n kell megv\u00e1lasztani.<br \/>\n- Fesz\u00fclts\u00e9gi besorol\u00e1s: A kondenz\u00e1tornak elegend\u0151 fesz\u00fclts\u00e9ggel kell rendelkeznie az \u00e1ramk\u00f6r cs\u00facsfesz\u00fclts\u00e9g\u00e9nek kezel\u00e9s\u00e9hez.<br \/>\n- Dielektromos anyag: Az \u00e1ltal\u00e1nos dielektromos anyagok k\u00f6z\u00e9 tartozik a ker\u00e1mia, a film \u00e9s a polipropil\u00e9n. A v\u00e1laszt\u00e1s a sz\u00fcks\u00e9ges fesz\u00fclts\u00e9gkezel\u00e9si k\u00e9pess\u00e9gt\u0151l \u00e9s a m\u0171k\u00f6d\u00e9si frekvenci\u00e1t\u00f3l f\u00fcgg.<br \/>\n- ESR (egyen\u00e9rt\u00e9k\u0171 soros ellen\u00e1ll\u00e1s): A teljes\u00edtm\u00e9nyvesztes\u00e9gek \u00e9s a h\u0151termel\u00e9s minimaliz\u00e1l\u00e1sa \u00e9rdek\u00e9ben \u00e1ltal\u00e1ban az alacsonyabb ESR-t r\u00e9szes\u00edtik el\u0151nyben.<\/p>\n<p>P\u00e9lda felhaszn\u00e1l\u00e1si esetek<\/p>\n<p>1. Inverter \u00e1ramk\u00f6r\u00f6k: Az inverterekben a kapcsol\u00f3eszk\u00f6z\u00f6kre snubberkondenz\u00e1torokat helyeznek, hogy megv\u00e9dj\u00e9k \u0151ket a kikapcsol\u00e1si esem\u00e9nyek sor\u00e1n fell\u00e9p\u0151 fesz\u00fclts\u00e9gcs\u00facsokt\u00f3l.<br \/>\n2. Motorhajt\u00e1sok: A v\u00e1ltoztathat\u00f3 frekvenci\u00e1j\u00fa meghajt\u00f3kban (VFD-k) a szuperkondenz\u00e1torok seg\u00edtenek megv\u00e9deni a teljes\u00edtm\u00e9nykapcsol\u00f3 eszk\u00f6z\u00f6ket a motorok indukt\u00edv jellege \u00e1ltal gener\u00e1lt fesz\u00fclts\u00e9gcs\u00facsokt\u00f3l.<br \/>\n3. Vil\u00e1g\u00edt\u00e1si rendszerek: A nagy intenzit\u00e1s\u00fa kis\u00fcl\u00e9ses (HID) vil\u00e1g\u00edt\u00e1si rendszerekben az el\u0151t\u00e9t \u00e9s m\u00e1s alkatr\u00e9szek fesz\u00fclts\u00e9gtranziensekt\u0151l val\u00f3 meg\u00f3v\u00e1sa \u00e9rdek\u00e9ben snubberkondenz\u00e1torokat haszn\u00e1lnak.<\/p>","protected":false},"excerpt":{"rendered":"<table style=\"height: 660px;\" width=\"727\">\n<tbody>\n<tr>\n<td width=\"146\"><strong><b>Term\u00e9k<\/b><\/strong>\u00a0<strong><b>N\u00e9v:<\/b><\/strong><\/td>\n<td width=\"601\"><strong>Nagyfesz\u00fclts\u00e9g\u0171 Snubber kondenz\u00e1tor<\/strong><\/td>\n<\/tr>\n<tr>\n<td width=\"146\">\n<h4><strong>R\u00f6vid le\u00edr\u00e1s:<\/strong><\/h4>\n<\/td>\n<td width=\"601\">1. A CRE \u00e1ltal tervezett \u00e9s gy\u00e1rtott innovat\u00edv snubberkondenz\u00e1torok<\/p>\n<p>2. Vezet\u0151 a filmkondenz\u00e1torok tervez\u00e9s\u00e9ben \u00e9s gy\u00e1rt\u00e1s\u00e1ban.<\/p>\n<p>3. Ha egyedi snubber specifik\u00e1ci\u00f3kra van sz\u00fcks\u00e9ge, keresse fel tervez\u0151k\u00f6zpontunkat egyedi tervez\u00e9s\u0171 snubberkondenz\u00e1tor\u00e9rt.<\/p>\n<p>&nbsp;<\/td>\n<\/tr>\n<tr>\n<td width=\"146\"><strong>Kapacit\u00e1si tartom\u00e1ny:<\/strong><\/td>\n<td width=\"601\">\u00a01.6\u03bcF \u00b15%<\/td>\n<\/tr>\n<tr>\n<td width=\"146\"><strong>N\u00e9vleges fesz\u00fclts\u00e9g\uff1a<\/strong><\/td>\n<td width=\"601\">3000V.DC<\/td>\n<\/tr>\n<tr>\n<td width=\"146\"><strong>Cap.tol\uff1a<\/strong><\/td>\n<td width=\"601\">\u00b15%(J) ;\u00b110%(K)<\/td>\n<\/tr>\n<\/tbody>\n<\/table>","protected":false},"featured_media":1812,"comment_status":"open","ping_status":"closed","template":"","meta":[],"product_brand":[],"product_cat":[40],"product_tag":[],"class_list":{"0":"post-1811","1":"product","2":"type-product","3":"status-publish","4":"has-post-thumbnail","6":"product_cat-snubber-capacitor","8":"first","9":"instock","10":"shipping-taxable","11":"product-type-simple"},"_links":{"self":[{"href":"https:\/\/rf-capacitor.com\/hu\/wp-json\/wp\/v2\/product\/1811","targetHints":{"allow":["GET"]}}],"collection":[{"href":"https:\/\/rf-capacitor.com\/hu\/wp-json\/wp\/v2\/product"}],"about":[{"href":"https:\/\/rf-capacitor.com\/hu\/wp-json\/wp\/v2\/types\/product"}],"replies":[{"embeddable":true,"href":"https:\/\/rf-capacitor.com\/hu\/wp-json\/wp\/v2\/comments?post=1811"}],"wp:featuredmedia":[{"embeddable":true,"href":"https:\/\/rf-capacitor.com\/hu\/wp-json\/wp\/v2\/media\/1812"}],"wp:attachment":[{"href":"https:\/\/rf-capacitor.com\/hu\/wp-json\/wp\/v2\/media?parent=1811"}],"wp:term":[{"taxonomy":"product_brand","embeddable":true,"href":"https:\/\/rf-capacitor.com\/hu\/wp-json\/wp\/v2\/product_brand?post=1811"},{"taxonomy":"product_cat","embeddable":true,"href":"https:\/\/rf-capacitor.com\/hu\/wp-json\/wp\/v2\/product_cat?post=1811"},{"taxonomy":"product_tag","embeddable":true,"href":"https:\/\/rf-capacitor.com\/hu\/wp-json\/wp\/v2\/product_tag?post=1811"}],"curies":[{"name":"wp","href":"https:\/\/api.w.org\/{rel}","templated":true}]}}