{"id":1793,"date":"2024-12-31T03:18:31","date_gmt":"2024-12-31T03:18:31","guid":{"rendered":"https:\/\/rf-capacitor.com\/?post_type=product&#038;p=1793"},"modified":"2024-12-31T03:18:31","modified_gmt":"2024-12-31T03:18:31","slug":"damping-absorption-snubber-capacitor","status":"publish","type":"product","link":"https:\/\/rf-capacitor.com\/hu\/damping-absorption-snubber-capacitor\/","title":{"rendered":"Cs\u00f6kkent\u00e9s Abszorpci\u00f3 Snubber kondenz\u00e1tor"},"content":{"rendered":"<h3 data-sourcepos=\"1:1-1:41\"><strong>Cs\u00f6kkent\u0151 abszorpci\u00f3 Snubber kondenz\u00e1torok<\/strong><\/h3>\n<ul data-sourcepos=\"3:1-24:0\">\n<li data-sourcepos=\"3:1-3:158\">\n<p data-sourcepos=\"3:3-3:158\"><strong><span class=\"citation-0 recitation\">C\u00e9l:<\/span><\/strong><span class=\"citation-0 recitation citation-end-0\"> Els\u0151sorban a teljes\u00edtm\u00e9nyelektronikai \u00e1ramk\u00f6r\u00f6kben a kapcsol\u00e1si m\u0171veletek sor\u00e1n fell\u00e9p\u0151 fesz\u00fclts\u00e9g- \u00e9s \u00e1ramt\u00fall\u00e9p\u00e9sek elnyom\u00e1s\u00e1ra szolg\u00e1l.<\/span><span class=\"button-container hide-from-message-actions ng-star-inserted\"> \u00a0<\/span><\/p>\n<div class=\"container ng-tns-c362440147-135 hide\">\n<div class=\"carousel-container ng-tns-c362440147-135\"><\/div>\n<\/div>\n<\/li>\n<li data-sourcepos=\"4:1-9:0\">\n<h3 data-sourcepos=\"4:3-4:20\"><strong>Hogyan m\u0171k\u00f6dik a csillap\u00edt\u00f3 abszorpci\u00f3s snubber kondenz\u00e1tor:<\/strong><\/h3>\n<ul data-sourcepos=\"5:5-9:0\">\n<li data-sourcepos=\"5:5-5:199\"><strong><span class=\"citation-1 recitation\">Fesz\u00fclts\u00e9g \u00e9s \u00e1ram t\u00fall\u00e9p\u00e9sek:<\/span><\/strong><span class=\"citation-1 recitation citation-end-1\"> Amikor egy kapcsol\u00f3 egy teljes\u00edtm\u00e9nyelektronikai \u00e1ramk\u00f6rben kikapcsol, az \u00e1ramk\u00f6ri felt\u00e9telek hirtelen megv\u00e1ltoz\u00e1sa gyors fesz\u00fclts\u00e9g- \u00e9s \u00e1ramtranziensekhez vezethet.<\/span><span class=\"button-container hide-from-message-actions ng-star-inserted\">\u00a0<\/span>\n<div class=\"container ng-tns-c362440147-136 hide\">\n<div class=\"carousel-container ng-tns-c362440147-136\"><\/div>\n<\/div>\n<\/li>\n<li data-sourcepos=\"6:5-6:162\"><strong><span class=\"citation-2 recitation\">Snubber \u00e1ramk\u00f6r:<\/span><\/strong><span class=\"citation-2 recitation citation-end-2\"> A kapcsol\u00f3eszk\u00f6zzel p\u00e1rhuzamosan egy, jellemz\u0151en egy ellen\u00e1ll\u00e1sb\u00f3l \u00e9s egy kondenz\u00e1torb\u00f3l \u00e1ll\u00f3 zavar\u00f3 \u00e1ramk\u00f6r van csatlakoztatva.<\/span><span class=\"button-container hide-from-message-actions ng-star-inserted\"> \u00a0<\/span>\n<div class=\"container ng-tns-c362440147-137 hide\">\n<div class=\"carousel-container ng-tns-c362440147-137\"><\/div>\n<\/div>\n<\/li>\n<li data-sourcepos=\"7:5-7:190\"><strong><span class=\"citation-3 recitation\">Cs\u00f6kkent\u0151 hat\u00e1s:<\/span><\/strong><span class=\"citation-3 recitation citation-end-3\"> A kondenz\u00e1tor elnyeli a t\u00fall\u00f6v\u00e9shez kapcsol\u00f3d\u00f3 energi\u00e1t, hat\u00e9konyan \"csillap\u00edtva\" a tranzienseket \u00e9s megakad\u00e1lyozva a t\u00falzott fesz\u00fclts\u00e9g- vagy \u00e1ramcs\u00facsokat.<\/span><\/li>\n<li data-sourcepos=\"7:5-7:190\"><strong style=\"font-size: 14.4px;\">Felsz\u00edv\u00f3d\u00e1s:<\/strong><span style=\"font-size: 14.4px;\"> A kondenz\u00e1tor elnyeli az energi\u00e1t, majd fokozatosan leadja, megakad\u00e1lyozva, hogy az k\u00e1ros\u00edtsa a kapcsol\u00f3szerkezetet.<\/span><\/li>\n<\/ul>\n<\/li>\n<li data-sourcepos=\"10:1-14:0\">\n<h3 data-sourcepos=\"10:3-10:26\"><strong>F\u0151bb jellemz\u0151k Cs\u00f6kkent\u0151 abszorpci\u00f3 Snubber kondenz\u00e1tor:<\/strong><\/h3>\n<ul data-sourcepos=\"11:5-14:0\">\n<li data-sourcepos=\"11:5-11:134\"><strong><span class=\"citation-4 recitation\">Alacsony ESR:<\/span><\/strong><span class=\"citation-4 recitation citation-end-4\"> Az alacsony egyen\u00e9rt\u00e9k\u0171 soros ellen\u00e1ll\u00e1s kritikus a hat\u00e9kony energiaelnyel\u00e9s \u00e9s a minim\u00e1lis energiavesztes\u00e9g szempontj\u00e1b\u00f3l.<\/span><span class=\"button-container hide-from-message-actions ng-star-inserted\"> \u00a0<\/span>\n<div class=\"container ng-tns-c362440147-139 hide\">\n<div class=\"carousel-container ng-tns-c362440147-139\"><\/div>\n<\/div>\n<\/li>\n<li data-sourcepos=\"12:5-12:127\"><strong><span class=\"citation-5 recitation\">Nagyfesz\u00fclts\u00e9g\u0171 besorol\u00e1s:<\/span><\/strong><span class=\"citation-5 recitation citation-end-5\"> K\u00e9pesnek kell lennie ellen\u00e1llni a kapcsol\u00e1si tranziensek sor\u00e1n fell\u00e9p\u0151 cs\u00facsfesz\u00fclts\u00e9geknek.<\/span><span class=\"button-container hide-from-message-actions ng-star-inserted\"> \u00a0<\/span>\n<div class=\"container ng-tns-c362440147-140 hide\">\n<div class=\"carousel-container ng-tns-c362440147-140\"><\/div>\n<\/div>\n<\/li>\n<li data-sourcepos=\"13:5-14:0\"><strong>Gyors reag\u00e1l\u00e1s:<\/strong> Gyorsan kell reag\u00e1lnia a fesz\u00fclts\u00e9g \u00e9s az \u00e1ram gyors v\u00e1ltoz\u00e1saira.<\/li>\n<\/ul>\n<\/li>\n<li data-sourcepos=\"15:1-18:0\">\n<h4 data-sourcepos=\"15:3-15:19\"><strong>Alkalmaz\u00e1sok:<\/strong><\/h4>\n<ul data-sourcepos=\"16:5-18:0\">\n<li data-sourcepos=\"16:5-16:196\"><strong><span class=\"citation-6 recitation\">Teljes\u00edtm\u00e9nyelektronika:<\/span><\/strong><span class=\"citation-6 recitation citation-end-6\"> Sz\u00e9les k\u00f6rben haszn\u00e1lj\u00e1k teljes\u00edtm\u00e9nyelektronikai \u00e1ramk\u00f6r\u00f6kben, p\u00e9ld\u00e1ul inverterekben, \u00e1talak\u00edt\u00f3kban \u00e9s motorhajt\u00e1sokban a kapcsol\u00f3eszk\u00f6z\u00f6k, p\u00e9ld\u00e1ul IGBT-k, MOSFET-ek \u00e9s tirisztorok v\u00e9delm\u00e9re.<\/span><span class=\"button-container hide-from-message-actions ng-star-inserted\"> \u00a0<\/span>\n<div class=\"container ng-tns-c362440147-141 hide\">\n<div class=\"carousel-container ng-tns-c362440147-141\"><\/div>\n<\/div>\n<\/li>\n<li data-sourcepos=\"17:5-18:0\"><strong>Nagyfesz\u00fclts\u00e9g\u0171 alkalmaz\u00e1sok:<\/strong> Nagyfesz\u00fclts\u00e9g\u0171 alkalmaz\u00e1sokban alkalmazz\u00e1k, ahol a kapcsol\u00e1si tranziensek s\u00falyosabbak lehetnek.<\/li>\n<\/ul>\n<\/li>\n<li data-sourcepos=\"19:1-24:0\">\n<h4 data-sourcepos=\"19:3-19:15\"><strong>El\u0151ny\u00f6k:<\/strong><\/h4>\n<ul data-sourcepos=\"20:5-24:0\">\n<li data-sourcepos=\"20:5-20:109\"><strong><span class=\"citation-7 recitation\">Cs\u00f6kkentett kapcsol\u00e1si vesztes\u00e9gek:<\/span><\/strong><span class=\"citation-7 recitation citation-end-7\"> Minimaliz\u00e1lja a kapcsol\u00e1si m\u0171veletekkel kapcsolatos energiavesztes\u00e9geket.<\/span><span class=\"button-container hide-from-message-actions ng-star-inserted\"> \u00a0<\/span>\n<div class=\"container ng-tns-c362440147-142 hide\">\n<div class=\"carousel-container ng-tns-c362440147-142\"><\/div>\n<\/div>\n<\/li>\n<li data-sourcepos=\"21:5-21:110\"><strong><span class=\"citation-8 recitation\">Jav\u00edtott megb\u00edzhat\u00f3s\u00e1g:<\/span><\/strong><span class=\"citation-8 recitation citation-end-8\"> V\u00e9di a kapcsol\u00f3eszk\u00f6z\u00f6ket a k\u00e1rosod\u00e1st\u00f3l, meghosszabb\u00edtva \u00e9lettartamukat.<\/span><span class=\"button-container hide-from-message-actions ng-star-inserted\"> \u00a0<\/span>\n<div class=\"container ng-tns-c362440147-143 hide\">\n<div class=\"carousel-container ng-tns-c362440147-143\"><\/div>\n<\/div>\n<\/li>\n<li data-sourcepos=\"22:5-22:156\"><strong><span class=\"citation-9 recitation\">Cs\u00f6kkentett EMI\/RFI:<\/span><\/strong><span class=\"citation-9 recitation citation-end-9\"> Cs\u00f6kkenti az elektrom\u00e1gneses interferenci\u00e1t (EMI) \u00e9s a kapcsol\u00e1si tranziensek \u00e1ltal keltett r\u00e1di\u00f3frekvenci\u00e1s interferenci\u00e1t (RFI).<\/span><span class=\"button-container hide-from-message-actions ng-star-inserted\"> \u00a0<\/span>\n<div class=\"container ng-tns-c362440147-144 hide\">\n<div class=\"carousel-container ng-tns-c362440147-144\"><\/div>\n<\/div>\n<\/li>\n<li data-sourcepos=\"23:5-24:0\"><strong>Jav\u00edtott hat\u00e9konys\u00e1g:<\/strong> <span class=\"citation-10 recitation citation-end-10\">A kapcsol\u00e1si vesztes\u00e9gek cs\u00f6kkent\u00e9s\u00e9vel a snubber \u00e1ramk\u00f6r\u00f6k hozz\u00e1j\u00e1rulhatnak a rendszer teljes hat\u00e9konys\u00e1g\u00e1nak jav\u00edt\u00e1s\u00e1hoz.<\/span><span class=\"button-container hide-from-message-actions ng-star-inserted\"> \u00a0 <\/span><\/li>\n<\/ul>\n<\/li>\n<\/ul>","protected":false},"excerpt":{"rendered":"<table style=\"height: 549px;\" width=\"734\">\n<tbody>\n<tr>\n<td width=\"146\"><strong><b>Term\u00e9k<\/b><\/strong>\u00a0<strong><b>N\u00e9v:<\/b><\/strong><\/td>\n<td width=\"601\"><strong>Cs\u00f6kkent\u00e9s Abszorpci\u00f3 Snubber kondenz\u00e1tor<\/strong><\/td>\n<\/tr>\n<tr>\n<td width=\"146\">\n<h4><strong>R\u00f6vid le\u00edr\u00e1s:<\/strong><\/h4>\n<\/td>\n<td width=\"601\">1. Az innovat\u00edv csillap\u00edt\u00f3 abszorpci\u00f3s kondenz\u00e1torokat a CRE tervezi \u00e9s gy\u00e1rtja.<\/p>\n<p>2. A CRE vezet\u0151 szerepet t\u00f6lt be a filmkondenz\u00e1torok tervez\u00e9s\u00e9ben \u00e9s gy\u00e1rt\u00e1s\u00e1ban.<\/p>\n<p>3. Ha egyedi csillap\u00edt\u00e1si abszorpci\u00f3s kondenz\u00e1tor specifik\u00e1ci\u00f3kra van sz\u00fcks\u00e9ge, keresse fel tervez\u0151k\u00f6zpontunkat, hogy szem\u00e9lyre szabott kondenz\u00e1tort k\u00e9sz\u00edthessen.<\/td>\n<\/tr>\n<tr>\n<td width=\"146\"><strong>Kapacit\u00e1si tartom\u00e1ny:<\/strong><\/td>\n<td width=\"601\">\u00a00,33\u03bcF \u00b15%<\/td>\n<\/tr>\n<tr>\n<td width=\"146\"><strong>N\u00e9vleges fesz\u00fclts\u00e9g\uff1a<\/strong><\/td>\n<td width=\"601\">3400V.AC<\/td>\n<\/tr>\n<tr>\n<td width=\"146\"><strong>Cap.tol\uff1a<\/strong><\/td>\n<td width=\"601\">-40\u2103_85\u2103<\/td>\n<\/tr>\n<\/tbody>\n<\/table>","protected":false},"featured_media":1795,"comment_status":"open","ping_status":"closed","template":"","meta":[],"product_brand":[],"product_cat":[40],"product_tag":[],"class_list":{"0":"post-1793","1":"product","2":"type-product","3":"status-publish","4":"has-post-thumbnail","6":"product_cat-snubber-capacitor","8":"first","9":"instock","10":"shipping-taxable","11":"product-type-simple"},"_links":{"self":[{"href":"https:\/\/rf-capacitor.com\/hu\/wp-json\/wp\/v2\/product\/1793","targetHints":{"allow":["GET"]}}],"collection":[{"href":"https:\/\/rf-capacitor.com\/hu\/wp-json\/wp\/v2\/product"}],"about":[{"href":"https:\/\/rf-capacitor.com\/hu\/wp-json\/wp\/v2\/types\/product"}],"replies":[{"embeddable":true,"href":"https:\/\/rf-capacitor.com\/hu\/wp-json\/wp\/v2\/comments?post=1793"}],"wp:featuredmedia":[{"embeddable":true,"href":"https:\/\/rf-capacitor.com\/hu\/wp-json\/wp\/v2\/media\/1795"}],"wp:attachment":[{"href":"https:\/\/rf-capacitor.com\/hu\/wp-json\/wp\/v2\/media?parent=1793"}],"wp:term":[{"taxonomy":"product_brand","embeddable":true,"href":"https:\/\/rf-capacitor.com\/hu\/wp-json\/wp\/v2\/product_brand?post=1793"},{"taxonomy":"product_cat","embeddable":true,"href":"https:\/\/rf-capacitor.com\/hu\/wp-json\/wp\/v2\/product_cat?post=1793"},{"taxonomy":"product_tag","embeddable":true,"href":"https:\/\/rf-capacitor.com\/hu\/wp-json\/wp\/v2\/product_tag?post=1793"}],"curies":[{"name":"wp","href":"https:\/\/api.w.org\/{rel}","templated":true}]}}