{"id":1783,"date":"2024-12-31T02:56:12","date_gmt":"2024-12-31T02:56:12","guid":{"rendered":"https:\/\/rf-capacitor.com\/?post_type=product&#038;p=1783"},"modified":"2024-12-31T02:56:12","modified_gmt":"2024-12-31T02:56:12","slug":"low-esr-ac-filter-capacitor","status":"publish","type":"product","link":"https:\/\/rf-capacitor.com\/hu\/low-esr-ac-filter-capacitor\/","title":{"rendered":"Alacsony ESR AC sz\u0171r\u0151kondenz\u00e1tor"},"content":{"rendered":"<h3 data-sourcepos=\"1:1-1:32\"><strong>Alacsony ESR AC sz\u0171r\u0151kondenz\u00e1torok<\/strong><\/h3>\n<ul data-sourcepos=\"3:1-17:0\">\n<li data-sourcepos=\"3:1-3:208\">\n<p data-sourcepos=\"3:3-3:208\"><strong>ESR:<\/strong> <span class=\"citation-0 recitation citation-end-0\">Az \"ekvivalens soros ellen\u00e1ll\u00e1s\" r\u00f6vid\u00edt\u00e9se.<\/span> <span class=\"citation-1 recitation citation-end-1\">A kondenz\u00e1toron bel\u00fcli bels\u0151 ellen\u00e1ll\u00e1st jel\u00f6li, amely m\u0171k\u00f6d\u00e9s k\u00f6zben energiavesztes\u00e9get \u00e9s h\u0151termel\u00e9st okozhat.<\/span><span class=\"button-container hide-from-message-actions ng-star-inserted\">\u00a0<\/span><\/p>\n<div class=\"container ng-tns-c362440147-124 hide\">\n<div class=\"carousel-container ng-tns-c362440147-124\"><\/div>\n<\/div>\n<\/li>\n<li data-sourcepos=\"4:1-9:0\">\n<p data-sourcepos=\"4:3-4:105\"><strong>Alacsony ESR Jelent\u0151s\u00e9ge:<\/strong> <span class=\"citation-2 recitation citation-end-2\">A v\u00e1ltakoz\u00f3 \u00e1ram\u00fa sz\u0171r\u0151alkalmaz\u00e1sokban az alacsony ESR t\u00f6bb okb\u00f3l is d\u00f6nt\u0151 fontoss\u00e1g\u00fa:<\/span><span class=\"button-container hide-from-message-actions ng-star-inserted\"> \u00a0<\/span><\/p>\n<div class=\"container ng-tns-c362440147-125 hide\">\n<div class=\"carousel-container ng-tns-c362440147-125\"><\/div>\n<\/div>\n<ul data-sourcepos=\"5:5-9:0\">\n<li data-sourcepos=\"5:5-5:147\"><strong><span class=\"citation-3 recitation\">Cs\u00f6kkentett energiavesztes\u00e9g:<\/span><\/strong><span class=\"citation-3 recitation citation-end-3\"> Az alacsonyabb ESR minimaliz\u00e1lja a bels\u0151 h\u0151termel\u00e9st, ami kisebb teljes\u00edtm\u00e9nyvesztes\u00e9get \u00e9s jobb hat\u00e9konys\u00e1got eredm\u00e9nyez.<\/span><span class=\"button-container hide-from-message-actions ng-star-inserted\">\u00a0<\/span>\n<div class=\"container ng-tns-c362440147-126 hide\">\n<div class=\"carousel-container ng-tns-c362440147-126\"><\/div>\n<\/div>\n<\/li>\n<li data-sourcepos=\"6:5-6:186\"><strong>Jav\u00edtott sz\u0171r\u00e9si teljes\u00edtm\u00e9ny:<\/strong> Az alacsony ESR lehet\u0151v\u00e9 teszi, hogy a kondenz\u00e1tor hat\u00e9konyabban reag\u00e1ljon a gyors \u00e1ramv\u00e1ltoz\u00e1sokra, jav\u00edtva ezzel a nagyfrekvenci\u00e1s harmonikusok kisz\u0171r\u00e9s\u00e9nek k\u00e9pess\u00e9g\u00e9t.<\/li>\n<li data-sourcepos=\"7:5-7:173\"><strong>Fokozott stabilit\u00e1s:<\/strong> Cs\u00f6kkenti a rezonanciaprobl\u00e9m\u00e1k kock\u00e1zat\u00e1t a villamosenergia-rendszerben, ami akkor fordulhat el\u0151, ha a nagyfrekvenci\u00e1s alkatr\u00e9szek k\u00f6lcs\u00f6nhat\u00e1sba l\u00e9pnek a rendszer induktivit\u00e1s\u00e1val.<\/li>\n<li data-sourcepos=\"8:5-9:0\"><strong>Jav\u00edtott megb\u00edzhat\u00f3s\u00e1g:<\/strong> <span class=\"citation-4 recitation citation-end-4\">Az alacsonyabb bels\u0151 h\u0151termel\u00e9s cs\u00f6kkenti a kondenz\u00e1torra nehezed\u0151 terhel\u00e9st, meghosszabb\u00edtva ezzel az \u00e9lettartam\u00e1t.<\/span><span class=\"button-container hide-from-message-actions ng-star-inserted\"> \u00a0<\/span>\n<div class=\"container ng-tns-c362440147-127 hide\">\n<div class=\"carousel-container ng-tns-c362440147-127\"><\/div>\n<\/div>\n<\/li>\n<\/ul>\n<\/li>\n<li data-sourcepos=\"10:1-13:0\">\n<h3 data-sourcepos=\"10:3-10:19\"><strong>Gyakori t\u00edpusok Alacsony ESR AC sz\u0171r\u0151kondenz\u00e1tor:<\/strong><\/h3>\n<ul data-sourcepos=\"11:5-13:0\">\n<li data-sourcepos=\"11:5-11:130\"><strong><span class=\"citation-5 recitation\">Metaliz\u00e1lt polipropil\u00e9n filmkondenz\u00e1torok:<\/span><\/strong><span class=\"citation-5 recitation citation-end-5\"> Gyakran el\u0151nyben r\u00e9szes\u00edtik az alacsony ESR \u00e9s a nagyfrekvenci\u00e1s teljes\u00edtm\u00e9ny miatt.<\/span><span class=\"button-container hide-from-message-actions ng-star-inserted\"> \u00a0<\/span>\n<div class=\"container ng-tns-c362440147-128 hide\">\n<div class=\"carousel-container ng-tns-c362440147-128\"><\/div>\n<\/div>\n<\/li>\n<li data-sourcepos=\"12:5-13:0\"><strong>F\u00e9mezett pap\u00edrkondenz\u00e1torok:<\/strong> Alacsony ESR-t is k\u00edn\u00e1lhat, k\u00fcl\u00f6n\u00f6sen a nagyobb teljes\u00edtm\u00e9ny\u0171 alkalmaz\u00e1sokban.<\/li>\n<\/ul>\n<\/li>\n<li data-sourcepos=\"14:1-17:0\">\n<h3 data-sourcepos=\"14:3-14:19\"><strong>Alkalmaz\u00e1sok:<\/strong><\/h3>\n<ul data-sourcepos=\"15:5-17:0\">\n<li data-sourcepos=\"15:5-15:202\"><strong>Nagy teljes\u00edtm\u00e9ny\u0171 alkalmaz\u00e1sok:<\/strong> Nagy teljes\u00edtm\u00e9ny\u0171 ipari berendez\u00e9sekben, meg\u00fajul\u00f3 energiarendszerekben, valamint er\u0151\u00e1tviteli \u00e9s eloszt\u00f3 rendszerekben haszn\u00e1latos, ahol nagy \u00e1ramok \u00e9s gyors tranziensek vannak jelen.<\/li>\n<li data-sourcepos=\"16:5-17:0\"><strong>Nagyfrekvenci\u00e1s alkalmaz\u00e1sok:<\/strong> Nagyfrekvenci\u00e1s kapcsol\u00e1st ig\u00e9nyl\u0151 alkalmaz\u00e1sokban, p\u00e9ld\u00e1ul motorhajt\u00e1sokban, inverterekben \u00e9s teljes\u00edtm\u00e9nyelektronikai \u00e1talak\u00edt\u00f3kban alkalmazz\u00e1k.<\/li>\n<\/ul>\n<\/li>\n<\/ul>\n<p data-sourcepos=\"18:1-18:358\"><strong>\u00d6sszefoglalva:<\/strong> Az alacsony ESR \u00e9rt\u00e9k\u0171 AC sz\u0171r\u0151kondenz\u00e1torok elengedhetetlenek az optim\u00e1lis teljes\u00edtm\u00e9ny \u00e9s megb\u00edzhat\u00f3s\u00e1g biztos\u00edt\u00e1s\u00e1hoz olyan ig\u00e9nyes alkalmaz\u00e1sokban, ahol nagy \u00e1ramok, gyors tranziensek \u00e9s nagyfrekvenci\u00e1s komponensek vannak jelen. A bels\u0151 ellen\u00e1ll\u00e1s minimaliz\u00e1l\u00e1s\u00e1val ezek a kondenz\u00e1torok hozz\u00e1j\u00e1rulnak a jobb teljes\u00edtm\u00e9nymin\u0151s\u00e9ghez, a cs\u00f6kkentett energiavesztes\u00e9gekhez \u00e9s a nagyobb rendszerstabilit\u00e1shoz.<\/p>","protected":false},"excerpt":{"rendered":"<table style=\"height: 601px;\" width=\"720\">\n<tbody>\n<tr>\n<td width=\"146\"><strong><b>Term\u00e9k<\/b><\/strong>\u00a0<strong><b>N\u00e9v:<\/b><\/strong><\/td>\n<td width=\"601\"><strong>Alacsony ESR AC sz\u0171r\u0151kondenz\u00e1tor<\/strong><\/td>\n<\/tr>\n<tr>\n<td width=\"146\">\n<h4><strong>Dielektromos anyag:<\/strong><\/h4>\n<\/td>\n<td width=\"601\">1. Nagy rozsdamentes ac\u00e9l tok<\/p>\n<p>2. magas fajlagos energia<\/p>\n<p>3. hull\u00e1mv\u00e1gott met\u00e1lozott PP-film \/ PU, amely alacsony \u00f6ninduktivit\u00e1st, magas t\u00f6r\u00e9s\u00e1ll\u00f3s\u00e1got \u00e9s nagy megb\u00edzhat\u00f3s\u00e1got biztos\u00edt.<\/td>\n<\/tr>\n<tr>\n<td width=\"146\"><strong>Kapacit\u00e1si tartom\u00e1ny:<\/strong><\/td>\n<td width=\"601\">3*200\u03bcF \u00b15%<\/td>\n<\/tr>\n<tr>\n<td width=\"146\"><strong>N\u00e9vleges fesz\u00fclts\u00e9g\uff1a<\/strong><\/td>\n<td width=\"601\">\u00a0450V.AC SH<\/td>\n<\/tr>\n<tr>\n<td width=\"146\"><strong>Cap.tol\uff1a<\/strong><\/td>\n<td width=\"601\">5%~+5%<\/td>\n<\/tr>\n<tr>\n<td width=\"146\"><strong>Maxim\u00e1lis k\u00f6rnyezeti h\u0151m\u00e9rs\u00e9klet:<\/strong><\/td>\n<td width=\"601\">\u00a0-40\u2103-85\u2103<\/td>\n<\/tr>\n<\/tbody>\n<\/table>","protected":false},"featured_media":1787,"comment_status":"open","ping_status":"closed","template":"","meta":[],"product_brand":[],"product_cat":[39],"product_tag":[],"class_list":{"0":"post-1783","1":"product","2":"type-product","3":"status-publish","4":"has-post-thumbnail","6":"product_cat-ac-filter-capacitor-1","8":"first","9":"instock","10":"shipping-taxable","11":"product-type-simple"},"_links":{"self":[{"href":"https:\/\/rf-capacitor.com\/hu\/wp-json\/wp\/v2\/product\/1783","targetHints":{"allow":["GET"]}}],"collection":[{"href":"https:\/\/rf-capacitor.com\/hu\/wp-json\/wp\/v2\/product"}],"about":[{"href":"https:\/\/rf-capacitor.com\/hu\/wp-json\/wp\/v2\/types\/product"}],"replies":[{"embeddable":true,"href":"https:\/\/rf-capacitor.com\/hu\/wp-json\/wp\/v2\/comments?post=1783"}],"wp:featuredmedia":[{"embeddable":true,"href":"https:\/\/rf-capacitor.com\/hu\/wp-json\/wp\/v2\/media\/1787"}],"wp:attachment":[{"href":"https:\/\/rf-capacitor.com\/hu\/wp-json\/wp\/v2\/media?parent=1783"}],"wp:term":[{"taxonomy":"product_brand","embeddable":true,"href":"https:\/\/rf-capacitor.com\/hu\/wp-json\/wp\/v2\/product_brand?post=1783"},{"taxonomy":"product_cat","embeddable":true,"href":"https:\/\/rf-capacitor.com\/hu\/wp-json\/wp\/v2\/product_cat?post=1783"},{"taxonomy":"product_tag","embeddable":true,"href":"https:\/\/rf-capacitor.com\/hu\/wp-json\/wp\/v2\/product_tag?post=1783"}],"curies":[{"name":"wp","href":"https:\/\/api.w.org\/{rel}","templated":true}]}}