{"id":1767,"date":"2024-12-31T02:35:15","date_gmt":"2024-12-31T02:35:15","guid":{"rendered":"https:\/\/rf-capacitor.com\/?post_type=product&#038;p=1767"},"modified":"2024-12-31T02:35:15","modified_gmt":"2024-12-31T02:35:15","slug":"metallized-polypropylene-film-capacitor","status":"publish","type":"product","link":"https:\/\/rf-capacitor.com\/hu\/metallized-polypropylene-film-capacitor\/","title":{"rendered":"Metaliz\u00e1lt polipropil\u00e9n filmkondenz\u00e1tor"},"content":{"rendered":"<h3 data-sourcepos=\"1:1-1:50\"><strong>F\u00e9mezett polipropil\u00e9n filmkondenz\u00e1torok (MKP)<\/strong><\/h3>\n<ul data-sourcepos=\"3:1-27:0\">\n<li data-sourcepos=\"3:1-7:0\">\n<p data-sourcepos=\"3:3-3:19\"><strong>\u00c9p\u00edt\u00e9s:<\/strong><\/p>\n<ul data-sourcepos=\"4:5-7:0\">\n<li data-sourcepos=\"4:5-4:104\"><strong>Dielektromos:<\/strong> <span class=\"citation-0 recitation citation-end-0\">Szigetel\u0151anyagk\u00e9nt v\u00e9kony polipropil\u00e9n f\u00f3liar\u00e9tegeket haszn\u00e1ljon.<\/span><span class=\"button-container hide-from-message-actions ng-star-inserted\">\u00a0 \u00a0<\/span>\n<div class=\"container ng-tns-c362440147-96 hide\">\n<div class=\"carousel-container ng-tns-c362440147-96\"><\/div>\n<\/div>\n<\/li>\n<li data-sourcepos=\"5:5-5:136\"><strong>Metalliz\u00e1l\u00e1s:<\/strong> A filmre egy v\u00e9kony f\u00e9mr\u00e9teget (\u00e1ltal\u00e1ban alum\u00edniumot) v\u00e1kuumban lev\u00e1lasztanak, ami a vezet\u0151 elektr\u00f3d\u00e1kat k\u00e9pezi.<\/li>\n<li data-sourcepos=\"6:5-7:0\"><strong>\u00d6ngy\u00f3gy\u00edt\u00e1s:<\/strong> <span class=\"citation-1 recitation citation-end-1\">Ha gy\u00e1rt\u00e1si hiba vagy t\u00falfesz\u00fclts\u00e9g miatt helyi r\u00f6vidz\u00e1rlat keletkezik, a hiba k\u00f6r\u00fcli f\u00e9mez\u00e9s elp\u00e1rolog, elszigetelve a ter\u00fcletet \u00e9s megakad\u00e1lyozva a tov\u00e1bbi k\u00e1rosod\u00e1st.<\/span> <span class=\"citation-2 recitation citation-end-2\">Ez az \u00f6ngy\u00f3gy\u00edt\u00f3 mechanizmus n\u00f6veli a megb\u00edzhat\u00f3s\u00e1got.<\/span><span class=\"button-container hide-from-message-actions ng-star-inserted\"> \u00a0<\/span>\n<div class=\"container ng-tns-c362440147-97 hide\">\n<div class=\"carousel-container ng-tns-c362440147-97\"><\/div>\n<\/div>\n<\/li>\n<\/ul>\n<\/li>\n<li data-sourcepos=\"8:1-14:0\">\n<h3 data-sourcepos=\"8:3-8:26\"><strong>F\u0151bb jellemz\u0151k Metaliz\u00e1lt polipropil\u00e9n filmkondenz\u00e1tor:<\/strong><\/h3>\n<ul data-sourcepos=\"9:5-14:0\">\n<li data-sourcepos=\"9:5-9:122\"><strong><span class=\"citation-3 recitation\">Alacsony vesztes\u00e9g:<\/span><\/strong><span class=\"citation-3 recitation citation-end-3\"> Nagyon alacsony dielektromos vesztes\u00e9geket mutatnak, \u00edgy alkalmasak nagyfrekvenci\u00e1s alkalmaz\u00e1sokhoz.<\/span><span class=\"button-container hide-from-message-actions ng-star-inserted\"> \u00a0<\/span>\n<div class=\"container ng-tns-c362440147-98 hide\">\n<div class=\"carousel-container ng-tns-c362440147-98\"><\/div>\n<\/div>\n<\/li>\n<li data-sourcepos=\"10:5-10:72\"><strong>Nagy stabilit\u00e1s:<\/strong> Kiv\u00e1l\u00f3 h\u0151m\u00e9rs\u00e9klet- \u00e9s id\u0151beli stabilit\u00e1s.<\/li>\n<li data-sourcepos=\"11:5-11:83\"><strong>\u00d6ngy\u00f3gy\u00edt\u00e1s:<\/strong> <span class=\"citation-4 recitation citation-end-4\">Jav\u00edtja a megb\u00edzhat\u00f3s\u00e1got \u00e9s meghosszabb\u00edtja az \u00e9lettartamot.<\/span><span class=\"button-container hide-from-message-actions ng-star-inserted\"> \u00a0<\/span>\n<div class=\"container ng-tns-c362440147-99 hide\">\n<div class=\"carousel-container ng-tns-c362440147-99\"><\/div>\n<\/div>\n<\/li>\n<li data-sourcepos=\"12:5-12:72\"><strong>Nagyfesz\u00fclts\u00e9g\u0171 besorol\u00e1s:<\/strong> <span class=\"citation-5 recitation citation-end-5\">Ellen\u00e1ll a magas fesz\u00fclts\u00e9geknek.<\/span><span class=\"button-container hide-from-message-actions ng-star-inserted\"> \u00a0<\/span>\n<div class=\"container ng-tns-c362440147-100 hide\">\n<div class=\"carousel-container ng-tns-c362440147-100\"><\/div>\n<\/div>\n<\/li>\n<li data-sourcepos=\"13:5-14:0\"><strong>Kompakt m\u00e9ret:<\/strong> Magas kapacit\u00e1s\u00e9rt\u00e9kek el\u00e9r\u00e9se viszonylag kis csomagokban.<\/li>\n<\/ul>\n<\/li>\n<li data-sourcepos=\"15:1-21:0\">\n<h3 data-sourcepos=\"15:3-15:19\"><strong>Alkalmaz\u00e1sok:<\/strong><\/h3>\n<ul data-sourcepos=\"16:5-21:0\">\n<li data-sourcepos=\"16:5-16:110\"><strong>AC sz\u0171r\u0151k:<\/strong> <span class=\"citation-6 recitation citation-end-6\">A v\u00e1ltakoz\u00f3 \u00e1ram\u00fa energiarendszerekben a felharmonikusok kisz\u0171r\u00e9s\u00e9re \u00e9s a teljes\u00edtm\u00e9ny min\u0151s\u00e9g\u00e9nek jav\u00edt\u00e1s\u00e1ra haszn\u00e1lj\u00e1k.<\/span><span class=\"button-container hide-from-message-actions ng-star-inserted\"> \u00a0<\/span>\n<div class=\"container ng-tns-c362440147-101 hide\">\n<div class=\"carousel-container ng-tns-c362440147-101\"><\/div>\n<\/div>\n<\/li>\n<li data-sourcepos=\"17:5-17:98\"><strong>Motorhajt\u00e1sok:<\/strong> V\u00e1ltoz\u00f3 fordulatsz\u00e1m\u00fa meghajt\u00f3kban alkalmazz\u00e1k a teljes\u00edtm\u00e9ny jav\u00edt\u00e1sa \u00e9s a zaj cs\u00f6kkent\u00e9se \u00e9rdek\u00e9ben.<\/li>\n<li data-sourcepos=\"18:5-18:142\"><strong>Kapcsol\u00f3 t\u00e1pegys\u00e9gek:<\/strong> Sz\u00e9les k\u00f6rben haszn\u00e1lj\u00e1k k\u00fcl\u00f6nb\u00f6z\u0151 elektronikus \u00e1ramk\u00f6r\u00f6kben, bele\u00e9rtve a kapcsol\u00f3\u00fczem\u0171 t\u00e1pegys\u00e9geket, invertereket \u00e9s \u00e1talak\u00edt\u00f3kat.<\/li>\n<li data-sourcepos=\"19:5-19:149\"><strong>Nagyfrekvenci\u00e1s alkalmaz\u00e1sok:<\/strong> Alkalmas magas frekvenci\u00e1n m\u0171k\u00f6d\u0151 alkalmaz\u00e1sokhoz, p\u00e9ld\u00e1ul RF \u00e1ramk\u00f6r\u00f6kh\u00f6z \u00e9s t\u00e1vk\u00f6zl\u00e9si berendez\u00e9sekhez.<\/li>\n<li data-sourcepos=\"20:5-21:0\"><strong>Hangberendez\u00e9s:<\/strong> <span class=\"citation-7 recitation citation-end-7\">Audi\u00f3 alkalmaz\u00e1sokban a jelmin\u0151s\u00e9g jav\u00edt\u00e1s\u00e1ra \u00e9s a torz\u00edt\u00e1s cs\u00f6kkent\u00e9s\u00e9re haszn\u00e1lj\u00e1k.<\/span><span class=\"button-container hide-from-message-actions ng-star-inserted\">\u00a0<\/span>\n<div class=\"container ng-tns-c362440147-102 hide\">\n<div class=\"carousel-container ng-tns-c362440147-102\"><\/div>\n<\/div>\n<\/li>\n<\/ul>\n<\/li>\n<li data-sourcepos=\"22:1-27:0\">\n<h3 data-sourcepos=\"22:3-22:15\"><strong>El\u0151ny\u00f6k:<\/strong><\/h3>\n<ul data-sourcepos=\"23:5-27:0\">\n<li data-sourcepos=\"23:5-23:108\"><strong><span class=\"citation-8 recitation\">Jav\u00edtott teljes\u00edtm\u00e9ny:<\/span><\/strong><span class=\"citation-8 recitation citation-end-8\"> N\u00f6veli az elektronikus berendez\u00e9sek teljes\u00edtm\u00e9ny\u00e9t \u00e9s hat\u00e9konys\u00e1g\u00e1t.<\/span>\n<div class=\"container ng-tns-c362440147-103 hide\">\n<div class=\"carousel-container ng-tns-c362440147-103\"><\/div>\n<\/div>\n<\/li>\n<li data-sourcepos=\"24:5-24:80\"><strong>Cs\u00f6kkentett energiavesztes\u00e9g:<\/strong> Az energiavesztes\u00e9gek minimaliz\u00e1l\u00e1sa k\u00fcl\u00f6nb\u00f6z\u0151 alkalmaz\u00e1sokban.<\/li>\n<li data-sourcepos=\"25:5-25:87\"><strong>Fokozott megb\u00edzhat\u00f3s\u00e1g:<\/strong> Az \u00f6ngy\u00f3gy\u00edt\u00f3 mechanizmus jav\u00edtja a hossz\u00fa t\u00e1v\u00fa megb\u00edzhat\u00f3s\u00e1got.<\/li>\n<li data-sourcepos=\"26:5-27:0\"><strong>Kompakt \u00e9s k\u00f6nny\u0171:<\/strong> Alkalmas helysz\u0171k\u00f6s alkalmaz\u00e1sokhoz.<\/li>\n<\/ul>\n<\/li>\n<\/ul>\n<p data-sourcepos=\"28:1-28:293\"><strong>\u00d6sszefoglalva:<\/strong> A metaliz\u00e1lt polipropil\u00e9n filmkondenz\u00e1torok sokoldal\u00fa \u00e9s megb\u00edzhat\u00f3 alkatr\u00e9szek, amelyek sz\u00e9lesk\u00f6r\u0171en alkalmazhat\u00f3k k\u00fcl\u00f6nb\u00f6z\u0151 elektronikai \u00e9s energetikai rendszerekben. Alacsony vesztes\u00e9g\u00fck, nagy stabilit\u00e1suk \u00e9s \u00f6ngy\u00f3gy\u00edt\u00f3 k\u00e9pess\u00e9g\u00fck miatt sz\u00e1mos kritikus alkalmaz\u00e1sban el\u0151ny\u00f6s v\u00e1laszt\u00e1snak sz\u00e1m\u00edtanak.<\/p>\n<p data-sourcepos=\"30:1-30:82\">","protected":false},"excerpt":{"rendered":"<table style=\"height: 493px;\" width=\"698\">\n<tbody>\n<tr>\n<td width=\"146\"><strong><b>Term\u00e9k<\/b><\/strong>\u00a0<strong><b>N\u00e9v:<\/b><\/strong><\/td>\n<td width=\"601\"><strong>Metaliz\u00e1lt polipropil\u00e9n filmkondenz\u00e1tor<\/strong><\/td>\n<\/tr>\n<tr>\n<td width=\"146\">\n<h4><strong>Dielektromos anyag:<\/strong><\/h4>\n<\/td>\n<td width=\"601\">Metaliz\u00e1lt polipropil\u00e9n f\u00f3lia<\/td>\n<\/tr>\n<tr>\n<td width=\"146\"><strong>Kapacit\u00e1si tartom\u00e1ny:<\/strong><\/td>\n<td width=\"601\">50 Hz \u00e9s\/vagy 60 Hz<\/td>\n<\/tr>\n<tr>\n<td width=\"146\"><strong>N\u00e9vleges fesz\u00fclts\u00e9g\uff1a<\/strong><\/td>\n<td width=\"601\">\u00a0660 VAC<\/td>\n<\/tr>\n<tr>\n<td width=\"146\"><strong>Cap.tol\uff1a<\/strong><\/td>\n<td width=\"601\">5%~+5%<\/td>\n<\/tr>\n<tr>\n<td width=\"146\"><strong>Maxim\u00e1lis k\u00f6rnyezeti h\u0151m\u00e9rs\u00e9klet:<\/strong><\/td>\n<td width=\"601\">\u00a0-40 \u2103 \u00e9s +70 \u2103 k\u00f6z\u00f6tt<\/td>\n<\/tr>\n<\/tbody>\n<\/table>","protected":false},"featured_media":1770,"comment_status":"open","ping_status":"closed","template":"","meta":[],"product_brand":[],"product_cat":[39],"product_tag":[],"class_list":{"0":"post-1767","1":"product","2":"type-product","3":"status-publish","4":"has-post-thumbnail","6":"product_cat-ac-filter-capacitor-1","8":"first","9":"instock","10":"shipping-taxable","11":"product-type-simple"},"_links":{"self":[{"href":"https:\/\/rf-capacitor.com\/hu\/wp-json\/wp\/v2\/product\/1767","targetHints":{"allow":["GET"]}}],"collection":[{"href":"https:\/\/rf-capacitor.com\/hu\/wp-json\/wp\/v2\/product"}],"about":[{"href":"https:\/\/rf-capacitor.com\/hu\/wp-json\/wp\/v2\/types\/product"}],"replies":[{"embeddable":true,"href":"https:\/\/rf-capacitor.com\/hu\/wp-json\/wp\/v2\/comments?post=1767"}],"wp:featuredmedia":[{"embeddable":true,"href":"https:\/\/rf-capacitor.com\/hu\/wp-json\/wp\/v2\/media\/1770"}],"wp:attachment":[{"href":"https:\/\/rf-capacitor.com\/hu\/wp-json\/wp\/v2\/media?parent=1767"}],"wp:term":[{"taxonomy":"product_brand","embeddable":true,"href":"https:\/\/rf-capacitor.com\/hu\/wp-json\/wp\/v2\/product_brand?post=1767"},{"taxonomy":"product_cat","embeddable":true,"href":"https:\/\/rf-capacitor.com\/hu\/wp-json\/wp\/v2\/product_cat?post=1767"},{"taxonomy":"product_tag","embeddable":true,"href":"https:\/\/rf-capacitor.com\/hu\/wp-json\/wp\/v2\/product_tag?post=1767"}],"curies":[{"name":"wp","href":"https:\/\/api.w.org\/{rel}","templated":true}]}}