{"id":1715,"date":"2024-12-30T03:49:14","date_gmt":"2024-12-30T03:49:14","guid":{"rendered":"https:\/\/rf-capacitor.com\/?post_type=product&#038;p=1715"},"modified":"2024-12-30T03:49:14","modified_gmt":"2024-12-30T03:49:14","slug":"three-phase-ac-filter-capacitor","status":"publish","type":"product","link":"https:\/\/rf-capacitor.com\/hu\/three-phase-ac-filter-capacitor\/","title":{"rendered":"H\u00e1romf\u00e1zis\u00fa AC sz\u0171r\u0151 Kondenz\u00e1tor"},"content":{"rendered":"<h3 data-sourcepos=\"1:1-1:36\"><strong>H\u00e1romf\u00e1zis\u00fa AC sz\u0171r\u0151 Kondenz\u00e1tor<\/strong><\/h3>\n<ul data-sourcepos=\"3:1-21:0\">\n<li data-sourcepos=\"3:1-3:147\">\n<p data-sourcepos=\"3:3-3:147\"><strong>C\u00e9l:<\/strong> <span class=\"citation-0 recitation citation-end-0\">Kifejezetten h\u00e1romf\u00e1zis\u00fa v\u00e1ltakoz\u00f3 \u00e1ram\u00fa rendszerekhez tervezt\u00e9k, hogy kisz\u0171rje a nemline\u00e1ris terhel\u00e9sek \u00e1ltal gener\u00e1lt harmonikus torz\u00edt\u00e1st.<\/span><span class=\"button-container hide-from-message-actions ng-star-inserted\">\u00a0<\/span><\/p>\n<div class=\"container ng-tns-c362440147-79 hide\">\n<div class=\"carousel-container ng-tns-c362440147-79\"><\/div>\n<\/div>\n<\/li>\n<li data-sourcepos=\"4:1-10:0\">\n<h3 data-sourcepos=\"4:3-4:26\"><strong>F\u0151bb jellemz\u0151k H\u00e1romf\u00e1zis\u00fa AC sz\u0171r\u0151 kondenz\u00e1tor:<\/strong><\/h3>\n<ul data-sourcepos=\"5:5-10:0\">\n<li data-sourcepos=\"5:5-5:151\"><strong>H\u00e1romf\u00e1zis\u00fa konfigur\u00e1ci\u00f3:<\/strong> \u00c1ltal\u00e1ban h\u00e1romf\u00e1zis\u00fa rendszerekben a felharmonikusok hat\u00e9kony sz\u0171r\u00e9se \u00e9rdek\u00e9ben h\u00e1rom- vagy n\u00e9gysz\u00f6g alakban csatlakoztatva.<\/li>\n<li data-sourcepos=\"6:5-6:126\"><strong>Nagy teljes\u00edtm\u00e9nykezel\u00e9s:<\/strong> <span class=\"citation-1 recitation citation-end-1\">K\u00e9pes kezelni a h\u00e1romf\u00e1zis\u00fa rendszerekben el\u0151fordul\u00f3 nagy \u00e1ramer\u0151ss\u00e9geket \u00e9s fesz\u00fclts\u00e9geket.<\/span><span class=\"button-container hide-from-message-actions ng-star-inserted\">\u00a0 \u00a0<\/span>\n<div class=\"container ng-tns-c362440147-80 hide\">\n<div class=\"carousel-container ng-tns-c362440147-80\"><\/div>\n<\/div>\n<\/li>\n<li data-sourcepos=\"7:5-7:78\"><strong>Alacsony impedancia:<\/strong> <span class=\"citation-2 recitation citation-end-2\">Minimaliz\u00e1lja a m\u0171k\u00f6d\u00e9s k\u00f6zbeni energiavesztes\u00e9geket.<\/span><span class=\"button-container hide-from-message-actions ng-star-inserted\">\u00a0 \u00a0<\/span>\n<div class=\"container ng-tns-c362440147-81 hide\">\n<div class=\"carousel-container ng-tns-c362440147-81\"><\/div>\n<\/div>\n<\/li>\n<li data-sourcepos=\"8:5-8:158\"><strong>Robusztus konstrukci\u00f3:<\/strong> \u00dagy tervezt\u00e9k, hogy ellen\u00e1lljon a h\u00e1romf\u00e1zis\u00fa energiarendszerek ig\u00e9nyeinek, bele\u00e9rtve a magasabb fesz\u00fclts\u00e9geket \u00e9s a nagyobb hiba\u00e1ramok lehet\u0151s\u00e9g\u00e9t.<\/li>\n<li data-sourcepos=\"9:5-10:0\"><strong>\u00d6ngy\u00f3gy\u00edt\u00e1s:<\/strong> <span class=\"citation-3 recitation citation-end-3\">Gyakran tartalmaznak \u00f6ngy\u00f3gy\u00edt\u00f3 mechanizmusokat a megb\u00edzhat\u00f3s\u00e1g n\u00f6vel\u00e9se \u00e9s az \u00e9lettartam meghosszabb\u00edt\u00e1sa \u00e9rdek\u00e9ben.<\/span><span class=\"button-container hide-from-message-actions ng-star-inserted\"> \u00a0<\/span>\n<div class=\"container ng-tns-c362440147-82 hide\">\n<div class=\"carousel-container ng-tns-c362440147-82\"><\/div>\n<\/div>\n<\/li>\n<\/ul>\n<\/li>\n<li data-sourcepos=\"11:1-15:0\">\n<h3 data-sourcepos=\"11:3-11:19\"><strong>Alkalmaz\u00e1sok H\u00e1romf\u00e1zis\u00fa AC sz\u0171r\u0151 kondenz\u00e1tor:<\/strong><\/h3>\n<ul data-sourcepos=\"12:5-15:0\">\n<li data-sourcepos=\"12:5-12:158\"><strong>Ipari:<\/strong> <span class=\"citation-4 recitation citation-end-4\">Szab\u00e1lyozhat\u00f3 fordulatsz\u00e1m\u00fa meghajt\u00f3k (VSD-k), teljes\u00edtm\u00e9nyelektronikus \u00e1talak\u00edt\u00f3k \u00e9s egy\u00e9b ipari berendez\u00e9sek \u00e1ltal gener\u00e1lt felharmonikusok sz\u0171r\u00e9se.<\/span><span class=\"button-container hide-from-message-actions ng-star-inserted\">\u00a0 \u00a0<\/span>\n<div class=\"container ng-tns-c362440147-83 hide\">\n<div class=\"carousel-container ng-tns-c362440147-83\"><\/div>\n<\/div>\n<\/li>\n<li data-sourcepos=\"13:5-13:140\"><strong><span class=\"citation-5 recitation\">Meg\u00fajul\u00f3 energia:<\/span><\/strong><span class=\"citation-5 recitation citation-end-5\"> Sz\u00e9lturbin\u00e1k, napenergia-inverterek \u00e9s m\u00e1s meg\u00fajul\u00f3 energiaforr\u00e1sok \u00e1ltal termelt felharmonikusok sz\u0171r\u00e9se.<\/span>\n<div class=\"container ng-tns-c362440147-84 hide\">\n<div class=\"carousel-container ng-tns-c362440147-84\"><\/div>\n<\/div>\n<\/li>\n<li data-sourcepos=\"14:5-15:0\"><strong>Energia\u00e1tvitel \u00e9s -eloszt\u00e1s:<\/strong> A teljes\u00edtm\u00e9nymin\u0151s\u00e9g jav\u00edt\u00e1sa h\u00e1romf\u00e1zis\u00fa \u00e1tviteli \u00e9s eloszt\u00f3rendszerekben.<\/li>\n<\/ul>\n<\/li>\n<li data-sourcepos=\"16:1-21:0\">\n<h3 data-sourcepos=\"16:3-16:15\"><strong>El\u0151ny\u00f6k:<\/strong><\/h3>\n<ul data-sourcepos=\"17:5-21:0\">\n<li data-sourcepos=\"17:5-17:127\"><strong>Jav\u00edtott \u00e1rammin\u0151s\u00e9g:<\/strong> Jelent\u0151sen cs\u00f6kkenti a harmonikus torz\u00edt\u00e1st, ami stabilabb \u00e9s hat\u00e9konyabb energiarendszereket eredm\u00e9nyez.<\/li>\n<li data-sourcepos=\"18:5-18:131\"><strong><span class=\"citation-6 recitation\">Cs\u00f6kkentett energiavesztes\u00e9g:<\/span><\/strong><span class=\"citation-6 recitation citation-end-6\"> Minimaliz\u00e1lja a rendszer energiavesztes\u00e9geit, cs\u00f6kkentve ezzel az energiafogyaszt\u00e1st \u00e9s az \u00fczemeltet\u00e9si k\u00f6lts\u00e9geket.<\/span><span class=\"button-container hide-from-message-actions ng-star-inserted\">\u00a0 \u00a0<\/span>\n<div class=\"container ng-tns-c362440147-85 hide\">\n<div class=\"carousel-container ng-tns-c362440147-85\"><\/div>\n<\/div>\n<\/li>\n<li data-sourcepos=\"19:5-19:105\"><strong>Megn\u00f6velt \u00e9lettartam\u00fa berendez\u00e9sek:<\/strong> V\u00e9dje az \u00e9rz\u00e9keny berendez\u00e9seket a felharmonikusok k\u00e1ros hat\u00e1sait\u00f3l.<\/li>\n<li data-sourcepos=\"20:5-21:0\"><strong>Megn\u00f6velt rendszer-megb\u00edzhat\u00f3s\u00e1g:<\/strong> A h\u00e1romf\u00e1zis\u00fa villamosenergia-rendszer \u00e1ltal\u00e1nos megb\u00edzhat\u00f3s\u00e1g\u00e1nak \u00e9s stabilit\u00e1s\u00e1nak jav\u00edt\u00e1sa.<\/li>\n<\/ul>\n<\/li>\n<\/ul>","protected":false},"excerpt":{"rendered":"<table style=\"height: 446px;\" width=\"714\">\n<tbody>\n<tr>\n<td width=\"146\"><strong><b>Term\u00e9k<\/b><\/strong>\u00a0<strong><b>N\u00e9v:<\/b><\/strong><\/td>\n<td width=\"601\"><strong>H\u00e1romf\u00e1zis\u00fa AC sz\u0171r\u0151 Kondenz\u00e1tor<\/strong><\/td>\n<\/tr>\n<tr>\n<td width=\"146\">\n<h4><strong>R\u00f6vid le\u00edr\u00e1s:<\/strong><\/h4>\n<\/td>\n<td width=\"601\">F\u00e9m alum\u00ednium h\u00e9j, \u00e9g\u00e9sg\u00e1tl\u00f3 (UL 94V-0) epoxi csomag nagy \u00e1ramer\u0151ss\u00e9ggel, nagy kapacit\u00e1ssal, alacsony ESL \u00e9s alacsony vesztes\u00e9ggel.<\/td>\n<\/tr>\n<tr>\n<td width=\"146\"><strong>Kapacit\u00e1si tartom\u00e1ny:<\/strong><\/td>\n<td width=\"601\">3\u2716\ufe0f20~3\u2716\ufe0f500UF<\/td>\n<\/tr>\n<tr>\n<td width=\"146\"><strong>N\u00e9vleges fesz\u00fclts\u00e9g\uff1a<\/strong><\/td>\n<td width=\"601\">220-1000vac<\/td>\n<\/tr>\n<tr>\n<td width=\"146\"><strong>Szerkezet:\u00a0<\/strong><\/td>\n<td width=\"601\">\u00a0Metaliz\u00e1lt film sz\u00e1raz szerkezete<\/td>\n<\/tr>\n<tr>\n<td width=\"146\"><strong>Kondenz\u00e1tor modell:\u00a0<\/strong><\/td>\n<td width=\"601\">AKMJ-MC<\/td>\n<\/tr>\n<\/tbody>\n<\/table>","protected":false},"featured_media":1716,"comment_status":"open","ping_status":"closed","template":"","meta":[],"product_brand":[],"product_cat":[39],"product_tag":[],"class_list":{"0":"post-1715","1":"product","2":"type-product","3":"status-publish","4":"has-post-thumbnail","6":"product_cat-ac-filter-capacitor-1","8":"first","9":"instock","10":"shipping-taxable","11":"product-type-simple"},"_links":{"self":[{"href":"https:\/\/rf-capacitor.com\/hu\/wp-json\/wp\/v2\/product\/1715","targetHints":{"allow":["GET"]}}],"collection":[{"href":"https:\/\/rf-capacitor.com\/hu\/wp-json\/wp\/v2\/product"}],"about":[{"href":"https:\/\/rf-capacitor.com\/hu\/wp-json\/wp\/v2\/types\/product"}],"replies":[{"embeddable":true,"href":"https:\/\/rf-capacitor.com\/hu\/wp-json\/wp\/v2\/comments?post=1715"}],"wp:featuredmedia":[{"embeddable":true,"href":"https:\/\/rf-capacitor.com\/hu\/wp-json\/wp\/v2\/media\/1716"}],"wp:attachment":[{"href":"https:\/\/rf-capacitor.com\/hu\/wp-json\/wp\/v2\/media?parent=1715"}],"wp:term":[{"taxonomy":"product_brand","embeddable":true,"href":"https:\/\/rf-capacitor.com\/hu\/wp-json\/wp\/v2\/product_brand?post=1715"},{"taxonomy":"product_cat","embeddable":true,"href":"https:\/\/rf-capacitor.com\/hu\/wp-json\/wp\/v2\/product_cat?post=1715"},{"taxonomy":"product_tag","embeddable":true,"href":"https:\/\/rf-capacitor.com\/hu\/wp-json\/wp\/v2\/product_tag?post=1715"}],"curies":[{"name":"wp","href":"https:\/\/api.w.org\/{rel}","templated":true}]}}