{"id":1702,"date":"2024-12-30T01:56:26","date_gmt":"2024-12-30T01:56:26","guid":{"rendered":"https:\/\/rf-capacitor.com\/?post_type=product&#038;p=1702"},"modified":"2024-12-30T01:56:26","modified_gmt":"2024-12-30T01:56:26","slug":"ac-power-capacitor","status":"publish","type":"product","link":"https:\/\/rf-capacitor.com\/hu\/ac-power-capacitor\/","title":{"rendered":"AC h\u00e1l\u00f3zati kondenz\u00e1tor"},"content":{"rendered":"<h3 data-sourcepos=\"1:1-1:33\"><strong>AC h\u00e1l\u00f3zati kondenz\u00e1torok: A Primer<\/strong><\/h3>\n<p data-sourcepos=\"3:1-3:275\">A v\u00e1ltakoz\u00f3 \u00e1ram\u00fa kondenz\u00e1tor a v\u00e1ltakoz\u00f3 \u00e1ram\u00fa (AC) elektromos rendszerekhez tervezett speci\u00e1lis kondenz\u00e1tort\u00edpus. Els\u0151sorban a k\u00f6vetkez\u0151 c\u00e9lokra haszn\u00e1lj\u00e1k \u0151ket <strong>teljes\u00edtm\u00e9nyt\u00e9nyez\u0151 korrekci\u00f3<\/strong>, egy olyan technika, amelynek c\u00e9lja az elektromos h\u00e1l\u00f3zat hat\u00e9konys\u00e1g\u00e1nak \u00e9s stabilit\u00e1s\u00e1nak jav\u00edt\u00e1sa.<\/p>\n<h3 data-sourcepos=\"3:1-3:275\"><strong>Hogyan m\u0171k\u00f6dnek<\/strong><\/h3>\n<ul data-sourcepos=\"7:1-10:0\">\n<li data-sourcepos=\"7:1-7:211\"><strong>Kapacit\u00edv reaktancia:<\/strong> A kondenz\u00e1torok kapacit\u00edv reaktancia n\u00e9ven ismert tulajdons\u00e1ggal rendelkeznek, amely ellen\u00e1ll a v\u00e1ltakoz\u00f3 \u00e1ram \u00e1raml\u00e1s\u00e1nak. Ez a reaktancia ford\u00edtottan ar\u00e1nyos a v\u00e1ltakoz\u00f3 \u00e1ram\u00fa jel frekvenci\u00e1j\u00e1val.<\/li>\n<li data-sourcepos=\"7:1-7:211\"><strong>Vezet\u0151 \u00e1ram:<\/strong> V\u00e1ltakoz\u00f3 \u00e1ramk\u00f6rbe csatlakoztatva a kondenz\u00e1tor vezet\u0151 \u00e1ramot vesz fel, ami azt jelenti, hogy az \u00e1ram hull\u00e1mform\u00e1ja 90 fokkal megel\u0151zi a fesz\u00fclts\u00e9g hull\u00e1mform\u00e1j\u00e1t.<\/li>\n<li data-sourcepos=\"9:1-10:0\"><strong>Teljes\u00edtm\u00e9nyt\u00e9nyez\u0151-korrekci\u00f3:<\/strong> Sz\u00e1mos ipari \u00e9s kereskedelmi alkalmaz\u00e1sban az elektromos terhel\u00e9sek els\u0151sorban indukt\u00edvak (pl. motorok, transzform\u00e1torok). Az indukt\u00edv terhel\u00e9sek miatt az \u00e1ram elmarad a fesz\u00fclts\u00e9gt\u0151l, ami rossz teljes\u00edtm\u00e9nyt\u00e9nyez\u0151t eredm\u00e9nyez. A v\u00e1ltakoz\u00f3\u00e1ram\u00fa kondenz\u00e1torok a rendszerbe t\u00f6rt\u00e9n\u0151 kapacit\u00edv reaktancia bevezet\u00e9s\u00e9vel ellens\u00falyozhatj\u00e1k a lemarad\u00f3 \u00e1ramot, \u00e9s \u00edgy a teljes\u00edtm\u00e9nyt\u00e9nyez\u0151t k\u00f6zelebb hozz\u00e1k az egys\u00e9ghez (1).<\/li>\n<\/ul>\n<h3 data-sourcepos=\"11:1-11:41\"><strong>A v\u00e1ltakoz\u00f3 \u00e1ram\u00fa kondenz\u00e1torok haszn\u00e1lat\u00e1nak el\u0151nyei<\/strong><\/h3>\n<ul data-sourcepos=\"13:1-17:0\">\n<li data-sourcepos=\"13:1-13:195\"><strong>Cs\u00f6kkentett energiavesztes\u00e9g:<\/strong> Az alacsonyabb teljes\u00edtm\u00e9nyt\u00e9nyez\u0151 az elektromos rendszerben megn\u00f6vekedett teljes\u00edtm\u00e9nyvesztes\u00e9gekhez vezet. A teljes\u00edtm\u00e9nyt\u00e9nyez\u0151-korrekci\u00f3 minimaliz\u00e1lja ezeket a vesztes\u00e9geket, ami jelent\u0151s energiamegtakar\u00edt\u00e1st eredm\u00e9nyez.<\/li>\n<li data-sourcepos=\"14:1-14:140\"><strong>Jav\u00edtott fesz\u00fclts\u00e9gszab\u00e1lyoz\u00e1s:<\/strong> Az \u00e1ramingadoz\u00e1sok cs\u00f6kkent\u00e9s\u00e9vel a kondenz\u00e1torok seg\u00edtenek stabilabb fesz\u00fclts\u00e9gszintet fenntartani a rendszerben.<\/li>\n<li data-sourcepos=\"15:1-15:140\"><strong>Megn\u00f6velt rendszerkapacit\u00e1s:<\/strong> A magasabb teljes\u00edtm\u00e9nyt\u00e9nyez\u0151 lehet\u0151v\u00e9 teszi, hogy a megl\u00e9v\u0151 elektromos infrastrukt\u00far\u00e1n kereszt\u00fcl t\u00f6bb energi\u00e1t lehessen \u00e1tvinni.<\/li>\n<li data-sourcepos=\"15:1-15:140\"><strong>Cs\u00f6kkentett berendez\u00e9sstressz:<\/strong> A jobb \u00e1rammin\u0151s\u00e9g cs\u00f6kkenti az elektromos berendez\u00e9sek ig\u00e9nybev\u00e9tel\u00e9t, meghosszabb\u00edtva azok \u00e9lettartam\u00e1t.<\/li>\n<\/ul>\n<h3 data-sourcepos=\"18:1-18:16\"><strong>Alkalmaz\u00e1sok<\/strong><\/h3>\n<p data-sourcepos=\"20:1-20:71\">A v\u00e1ltakoz\u00f3 \u00e1ram\u00fa kondenz\u00e1torokat sz\u00e9les k\u00f6rben haszn\u00e1lj\u00e1k k\u00fcl\u00f6nb\u00f6z\u0151 k\u00f6rnyezetben, t\u00f6bbek k\u00f6z\u00f6tt:<\/p>\n<ul data-sourcepos=\"22:1-25:0\">\n<li data-sourcepos=\"22:1-22:121\"><strong>Ipari l\u00e9tes\u00edtm\u00e9nyek:<\/strong> A gy\u00e1rak, feldolgoz\u00f3\u00fczemek \u00e9s m\u00e1s ipari l\u00e9tes\u00edtm\u00e9nyek gyakran nagy indukt\u00edv terhel\u00e9st jelentenek.<\/li>\n<li data-sourcepos=\"23:1-23:132\"><strong>Kereskedelmi \u00e9p\u00fcletek:<\/strong> A jelent\u0151s elektromos ig\u00e9ny\u0171 nagy kereskedelmi \u00e9p\u00fcletek sz\u00e1m\u00e1ra el\u0151ny\u00f6s lehet a teljes\u00edtm\u00e9nyt\u00e9nyez\u0151-korrekci\u00f3.<\/li>\n<li data-sourcepos=\"24:1-25:0\"><strong>K\u00f6zm\u0171-al\u00e1llom\u00e1sok:<\/strong> Az \u00e1ramszolg\u00e1ltat\u00f3k az al\u00e1llom\u00e1sokon kondenz\u00e1torokat haszn\u00e1lnak a h\u00e1l\u00f3zat \u00e1ltal\u00e1nos \u00e1rammin\u0151s\u00e9g\u00e9nek jav\u00edt\u00e1sa \u00e9rdek\u00e9ben.<\/li>\n<\/ul>\n<h3 data-sourcepos=\"26:1-26:22\"><strong>Legfontosabb megfontol\u00e1sok<\/strong><\/h3>\n<ul data-sourcepos=\"28:1-31:0\">\n<li data-sourcepos=\"28:1-28:191\"><strong>Kondenz\u00e1tor min\u0151s\u00edt\u00e9s:<\/strong> A megfelel\u0151 kondenz\u00e1torteljes\u00edtm\u00e9ny kiv\u00e1laszt\u00e1sa d\u00f6nt\u0151 fontoss\u00e1g\u00fa a hat\u00e9kony teljes\u00edtm\u00e9nyt\u00e9nyez\u0151-korrekci\u00f3hoz. Olyan t\u00e9nyez\u0151ket kell figyelembe venni, mint a rendszerfesz\u00fclts\u00e9g, az \u00e1ram \u00e9s a frekvencia.<\/li>\n<li data-sourcepos=\"29:1-29:135\"><strong>Biztons\u00e1g:<\/strong> A v\u00e1ltakoz\u00f3 \u00e1ram\u00fa kondenz\u00e1torok megfelel\u0151 telep\u00edt\u00e9se \u00e9s karbantart\u00e1sa alapvet\u0151 fontoss\u00e1g\u00fa a biztons\u00e1g biztos\u00edt\u00e1sa \u00e9s az elektromos vesz\u00e9lyek megel\u0151z\u00e9se \u00e9rdek\u00e9ben.<\/li>\n<li data-sourcepos=\"30:1-31:0\"><strong>Harmonikusok:<\/strong> Bizonyos esetekben a kondenz\u00e1torok harmonikus torz\u00edt\u00e1st vihetnek be az elektromos rendszerbe. A gondos tervez\u00e9s \u00e9s sz\u0171r\u00e9s enyh\u00edtheti ezt a probl\u00e9m\u00e1t.<\/li>\n<\/ul>","protected":false},"excerpt":{"rendered":"<table style=\"height: 493px;\" width=\"923\">\n<tbody>\n<tr>\n<td width=\"146\"><strong><b>Term\u00e9k<\/b><\/strong>\u00a0<strong><b>N\u00e9v:<\/b><\/strong><\/td>\n<td width=\"601\">AC h\u00e1l\u00f3zati kondenz\u00e1tor<\/td>\n<\/tr>\n<tr>\n<td width=\"146\">\n<h4><strong>Alkalmaz\u00e1s:\u00a0<\/strong><\/h4>\n<\/td>\n<td width=\"601\">\u00c1ltal\u00e1nos c\u00e9l\u00fa, t\u00e1pegys\u00e9g, nagyfesz\u00fclts\u00e9g\u0171, UPS<\/td>\n<\/tr>\n<tr>\n<td width=\"146\"><strong>Kapacit\u00e1si tartom\u00e1ny:<\/strong><\/td>\n<td width=\"601\">\u00a00.33UF~60UF<\/td>\n<\/tr>\n<tr>\n<td width=\"146\"><strong>Referenciaszabv\u00e1ny:<\/strong><\/td>\n<td width=\"601\">IEC61071;GB\/T 17702<\/td>\n<\/tr>\n<tr>\n<td width=\"146\"><strong>Haszn\u00e1lat:\u00a0<\/strong><\/td>\n<td width=\"601\">AC-sz\u0171r\u0151<\/td>\n<\/tr>\n<tr>\n<td width=\"146\">Gy\u00e1rt\u00e1si anyag:<\/td>\n<td width=\"601\">Polipropil\u00e9n<\/td>\n<\/tr>\n<\/tbody>\n<\/table>","protected":false},"featured_media":1703,"comment_status":"open","ping_status":"closed","template":"","meta":[],"product_brand":[],"product_cat":[39],"product_tag":[],"class_list":{"0":"post-1702","1":"product","2":"type-product","3":"status-publish","4":"has-post-thumbnail","6":"product_cat-ac-filter-capacitor-1","8":"first","9":"instock","10":"shipping-taxable","11":"product-type-simple"},"_links":{"self":[{"href":"https:\/\/rf-capacitor.com\/hu\/wp-json\/wp\/v2\/product\/1702","targetHints":{"allow":["GET"]}}],"collection":[{"href":"https:\/\/rf-capacitor.com\/hu\/wp-json\/wp\/v2\/product"}],"about":[{"href":"https:\/\/rf-capacitor.com\/hu\/wp-json\/wp\/v2\/types\/product"}],"replies":[{"embeddable":true,"href":"https:\/\/rf-capacitor.com\/hu\/wp-json\/wp\/v2\/comments?post=1702"}],"wp:featuredmedia":[{"embeddable":true,"href":"https:\/\/rf-capacitor.com\/hu\/wp-json\/wp\/v2\/media\/1703"}],"wp:attachment":[{"href":"https:\/\/rf-capacitor.com\/hu\/wp-json\/wp\/v2\/media?parent=1702"}],"wp:term":[{"taxonomy":"product_brand","embeddable":true,"href":"https:\/\/rf-capacitor.com\/hu\/wp-json\/wp\/v2\/product_brand?post=1702"},{"taxonomy":"product_cat","embeddable":true,"href":"https:\/\/rf-capacitor.com\/hu\/wp-json\/wp\/v2\/product_cat?post=1702"},{"taxonomy":"product_tag","embeddable":true,"href":"https:\/\/rf-capacitor.com\/hu\/wp-json\/wp\/v2\/product_tag?post=1702"}],"curies":[{"name":"wp","href":"https:\/\/api.w.org\/{rel}","templated":true}]}}