{"id":1674,"date":"2024-12-27T03:45:28","date_gmt":"2024-12-27T03:45:28","guid":{"rendered":"https:\/\/rf-capacitor.com\/?post_type=product&#038;p=1674"},"modified":"2024-12-27T03:45:28","modified_gmt":"2024-12-27T03:45:28","slug":"power-film-capacitor","status":"publish","type":"product","link":"https:\/\/rf-capacitor.com\/hu\/power-film-capacitor\/","title":{"rendered":"Teljes\u00edtm\u00e9ny filmkondenz\u00e1tor"},"content":{"rendered":"<h3 data-sourcepos=\"1:1-1:25\"><strong>Teljes\u00edtm\u00e9ny filmkondenz\u00e1torok<\/strong><\/h3>\n<p data-sourcepos=\"3:1-3:291\"><span class=\"citation-0 recitation citation-end-0\">A teljes\u00edtm\u00e9ny-filmkondenz\u00e1torok a filmkondenz\u00e1torok egy speci\u00e1lis t\u00edpusa, amelyet nagy teljes\u00edtm\u00e9ny\u0171 alkalmaz\u00e1sokhoz terveztek.<\/span> <span class=\"citation-1 recitation citation-end-1\">A dielektromos anyagok, p\u00e9ld\u00e1ul polipropil\u00e9n, poli\u00e9szter vagy f\u00e9mezett f\u00f3lia v\u00e9kony r\u00e9teg\u00e9b\u0151l k\u00e9sz\u00fclnek, amelyeket vezet\u0151 elektr\u00f3d\u00e1k k\u00f6z\u00e9 helyeznek.<\/span><span class=\"button-container hide-from-message-actions ng-star-inserted\">\u00a0<\/span><\/p>\n<h3 data-sourcepos=\"5:1-5:24\"><strong>F\u0151bb jellemz\u0151k:<\/strong><\/h3>\n<ul data-sourcepos=\"7:1-12:0\">\n<li data-sourcepos=\"7:1-7:123\"><strong>Nagy teljes\u00edtm\u00e9nykezel\u00e9s:<\/strong> <span class=\"citation-2 recitation citation-end-2\">K\u00e9pes nagy \u00e1ramok \u00e9s nagy teljes\u00edtm\u00e9nyszintek kezel\u00e9s\u00e9re jelent\u0151s vesztes\u00e9gek n\u00e9lk\u00fcl.<\/span><span class=\"button-container hide-from-message-actions ng-star-inserted\">\u00a0 \u00a0<\/span>\n<div class=\"container ng-tns-c362440147-107 hide\">\n<div class=\"carousel-container ng-tns-c362440147-107\"><\/div>\n<\/div>\n<\/li>\n<li data-sourcepos=\"8:1-8:135\"><strong><span class=\"citation-3 recitation\">Alacsony ESR (egyen\u00e9rt\u00e9k\u0171 soros ellen\u00e1ll\u00e1s):<\/span><\/strong> Az alacsony bels\u0151 ellen\u00e1ll\u00e1s minimaliz\u00e1lja a teljes\u00edtm\u00e9nylead\u00e1st \u00e9s jav\u00edtja a hat\u00e9konys\u00e1got.<span class=\"button-container hide-from-message-actions ng-star-inserted\">\u00a0 \u00a0<\/span>\n<div class=\"container ng-tns-c362440147-108 hide\">\n<div class=\"carousel-container ng-tns-c362440147-108\"><\/div>\n<\/div>\n<\/li>\n<li data-sourcepos=\"9:1-9:133\"><strong><span class=\"citation-4 recitation\">Nagy hull\u00e1m\u00e1ram\u00fa k\u00e9pess\u00e9g:<\/span><\/strong><span class=\"citation-4 recitation citation-end-4\"> Ellen\u00e1ll a nagy hull\u00e1m\u00e1ramoknak, amelyek a teljes\u00edtm\u00e9nyelektronikai \u00e1ramk\u00f6r\u00f6kben gyakoriak.<\/span>\n<div class=\"container ng-tns-c362440147-109 hide\">\n<div class=\"carousel-container ng-tns-c362440147-109\"><\/div>\n<\/div>\n<\/li>\n<li data-sourcepos=\"10:1-10:123\"><strong>Kompakt m\u00e9ret:<\/strong> <span class=\"citation-5 recitation citation-end-5\">Gyakran kompakt m\u00e9retben kaphat\u00f3k, \u00edgy alkalmasak helysz\u0171k\u00f6s alkalmaz\u00e1sokhoz.<\/span><span class=\"button-container hide-from-message-actions ng-star-inserted\">\u00a0\u00a0<\/span>\n<div class=\"container ng-tns-c362440147-110 hide\">\n<div class=\"carousel-container ng-tns-c362440147-110\"><\/div>\n<\/div>\n<\/li>\n<li data-sourcepos=\"11:1-12:0\"><strong><span class=\"citation-6 recitation\">Hossz\u00fa \u00e9lettartam:<\/span><\/strong><span class=\"citation-6 recitation citation-end-6\"> Hossz\u00fa t\u00e1v\u00fa m\u0171k\u00f6d\u00e9sre tervezt\u00e9k ig\u00e9nyes energiaell\u00e1t\u00e1si alkalmaz\u00e1sokban.<\/span><span class=\"button-container hide-from-message-actions ng-star-inserted\"> \u00a0<\/span>\n<div class=\"container ng-tns-c362440147-111 hide\">\n<div class=\"carousel-container ng-tns-c362440147-111\"><\/div>\n<\/div>\n<\/li>\n<\/ul>\n<h3 data-sourcepos=\"13:1-13:24\"><strong>Gyakori alkalmaz\u00e1sok:<\/strong><\/h3>\n<ul data-sourcepos=\"15:1-20:0\">\n<li data-sourcepos=\"15:1-15:170\"><strong>T\u00e1pegys\u00e9gek:<\/strong> <span class=\"citation-7 recitation citation-end-7\">K\u00fcl\u00f6nb\u00f6z\u0151 elektronikus eszk\u00f6z\u00f6k t\u00e1pegys\u00e9geiben haszn\u00e1lj\u00e1k, bele\u00e9rtve az ipari berendez\u00e9seket, a meg\u00fajul\u00f3 energiarendszereket \u00e9s az elektromos j\u00e1rm\u0171veket.<\/span><span class=\"button-container hide-from-message-actions ng-star-inserted\"> \u00a0<\/span>\n<div class=\"container ng-tns-c362440147-112 hide\">\n<div class=\"carousel-container ng-tns-c362440147-112\"><\/div>\n<\/div>\n<\/li>\n<li data-sourcepos=\"16:1-16:110\"><strong><span class=\"citation-8 recitation\">Motorhajt\u00e1sok:<\/span><\/strong><span class=\"citation-8 recitation citation-end-8\"> Motoros meghajt\u00f3rendszerekben sz\u0171r\u00e9sre, sim\u00edt\u00e1sra \u00e9s energiat\u00e1rol\u00e1sra haszn\u00e1lj\u00e1k.<\/span><span class=\"button-container hide-from-message-actions ng-star-inserted\">\u00a0 \u00a0<\/span>\n<div class=\"container ng-tns-c362440147-113 hide\">\n<div class=\"carousel-container ng-tns-c362440147-113\"><\/div>\n<\/div>\n<\/li>\n<li data-sourcepos=\"17:1-17:110\"><strong><span class=\"citation-9 recitation\">Teljes\u00edtm\u00e9nyt\u00e9nyez\u0151-korrekci\u00f3:<\/span><\/strong><span class=\"citation-9 recitation citation-end-9\"> Teljes\u00edtm\u00e9nyt\u00e9nyez\u0151-jav\u00edt\u00f3 \u00e1ramk\u00f6r\u00f6kben haszn\u00e1lj\u00e1k a teljes\u00edtm\u00e9nymin\u0151s\u00e9g jav\u00edt\u00e1s\u00e1ra.<\/span><span class=\"button-container hide-from-message-actions ng-star-inserted\">\u00a0 \u00a0<\/span>\n<div class=\"container ng-tns-c362440147-114 hide\">\n<div class=\"carousel-container ng-tns-c362440147-114\"><\/div>\n<\/div>\n<\/li>\n<li data-sourcepos=\"18:1-18:75\"><strong>Inverterek:<\/strong> Inverterekben haszn\u00e1lj\u00e1k az egyen\u00e1ram\u00fa \u00e1ram v\u00e1ltakoz\u00f3 \u00e1ram\u00fav\u00e1 alak\u00edt\u00e1s\u00e1ra.<\/li>\n<li data-sourcepos=\"19:1-20:0\"><strong><span class=\"citation-10 recitation\">Rezon\u00e1ns \u00e1ramk\u00f6r\u00f6k:<\/span><\/strong><span class=\"citation-10 recitation citation-end-10\"> Alkalmazz\u00e1k rezon\u00e1ns \u00e1ramk\u00f6r\u00f6kben, p\u00e9ld\u00e1ul indukci\u00f3s f\u0171t\u00e9s \u00e9s plazma el\u0151\u00e1ll\u00edt\u00e1sa eset\u00e9n.<\/span><span class=\"button-container hide-from-message-actions ng-star-inserted\"> \u00a0 <\/span><\/li>\n<\/ul>","protected":false},"excerpt":{"rendered":"<table style=\"height: 437px;\" width=\"726\">\n<tbody>\n<tr>\n<td width=\"146\"><strong><b>Term\u00e9k<\/b><\/strong>\u00a0<strong><b>N\u00e9v:<\/b><\/strong><\/td>\n<td width=\"601\"><strong>Teljes\u00edtm\u00e9ny filmkondenz\u00e1tor<\/strong><\/td>\n<\/tr>\n<tr>\n<td width=\"146\">\n<h4><strong>R\u00f6vid le\u00edr\u00e1s:<\/strong><\/h4>\n<\/td>\n<td width=\"601\">A defibrill\u00e1tor filmkondenz\u00e1torokat kifejezetten \u00fagy tervezt\u00e9k, hogy megfeleljenek a III. oszt\u00e1ly\u00fa orvostechnikai eszk\u00f6z\u00f6k megb\u00edzhat\u00f3s\u00e1gi k\u00f6vetelm\u00e9nyeinek.<\/td>\n<\/tr>\n<tr>\n<td width=\"146\"><strong>Kapacit\u00e1si tartom\u00e1ny:<\/strong><\/td>\n<td width=\"601\">32\u00b5F \u00e9s 500 \u00b5F k\u00f6z\u00f6tt<\/td>\n<\/tr>\n<tr>\n<td width=\"146\"><strong>N\u00e9vleges fesz\u00fclts\u00e9g\uff1a<\/strong><\/td>\n<td width=\"601\">800 VDC \u00e9s 6000 VDC k\u00f6z\u00f6tt<\/td>\n<\/tr>\n<tr>\n<td width=\"146\"><strong>Cap.tol\uff1a<\/strong><\/td>\n<td width=\"601\">+70 \u00e9s -45 \u2103 k\u00f6z\u00f6tt<\/td>\n<\/tr>\n<\/tbody>\n<\/table>","protected":false},"featured_media":1676,"comment_status":"open","ping_status":"closed","template":"","meta":[],"product_brand":[],"product_cat":[38],"product_tag":[],"class_list":{"0":"post-1674","1":"product","2":"type-product","3":"status-publish","4":"has-post-thumbnail","6":"product_cat-dc-capacitor-2","8":"first","9":"instock","10":"shipping-taxable","11":"product-type-simple"},"_links":{"self":[{"href":"https:\/\/rf-capacitor.com\/hu\/wp-json\/wp\/v2\/product\/1674","targetHints":{"allow":["GET"]}}],"collection":[{"href":"https:\/\/rf-capacitor.com\/hu\/wp-json\/wp\/v2\/product"}],"about":[{"href":"https:\/\/rf-capacitor.com\/hu\/wp-json\/wp\/v2\/types\/product"}],"replies":[{"embeddable":true,"href":"https:\/\/rf-capacitor.com\/hu\/wp-json\/wp\/v2\/comments?post=1674"}],"wp:featuredmedia":[{"embeddable":true,"href":"https:\/\/rf-capacitor.com\/hu\/wp-json\/wp\/v2\/media\/1676"}],"wp:attachment":[{"href":"https:\/\/rf-capacitor.com\/hu\/wp-json\/wp\/v2\/media?parent=1674"}],"wp:term":[{"taxonomy":"product_brand","embeddable":true,"href":"https:\/\/rf-capacitor.com\/hu\/wp-json\/wp\/v2\/product_brand?post=1674"},{"taxonomy":"product_cat","embeddable":true,"href":"https:\/\/rf-capacitor.com\/hu\/wp-json\/wp\/v2\/product_cat?post=1674"},{"taxonomy":"product_tag","embeddable":true,"href":"https:\/\/rf-capacitor.com\/hu\/wp-json\/wp\/v2\/product_tag?post=1674"}],"curies":[{"name":"wp","href":"https:\/\/api.w.org\/{rel}","templated":true}]}}