{"id":1649,"date":"2024-12-27T03:26:39","date_gmt":"2024-12-27T03:26:39","guid":{"rendered":"https:\/\/rf-capacitor.com\/?post_type=product&#038;p=1649"},"modified":"2024-12-27T03:26:39","modified_gmt":"2024-12-27T03:26:39","slug":"high-voltage-film-capacitor","status":"publish","type":"product","link":"https:\/\/rf-capacitor.com\/hu\/high-voltage-film-capacitor\/","title":{"rendered":"Nagyfesz\u00fclts\u00e9g\u0171 filmkondenz\u00e1tor"},"content":{"rendered":"<h3 data-sourcepos=\"1:1-1:32\"><strong>Nagyfesz\u00fclts\u00e9g\u0171 filmkondenz\u00e1torok<\/strong><\/h3>\n<p data-sourcepos=\"3:1-3:313\"><span class=\"citation-0 recitation citation-end-0\">A nagyfesz\u00fclts\u00e9g\u0171 filmkondenz\u00e1torok olyan speci\u00e1lis alkatr\u00e9szek, amelyeket \u00fagy terveztek, hogy kiv\u00e1l\u00f3 elektromos tulajdons\u00e1gaik meg\u0151rz\u00e9se mellett magas fesz\u00fclts\u00e9gszinteket kezeljenek.<\/span> A dielektromos anyagok, p\u00e9ld\u00e1ul polipropil\u00e9n, poli\u00e9szter vagy polisztirol v\u00e9kony filmjeinek felhaszn\u00e1l\u00e1s\u00e1val k\u00e9sz\u00fclnek, amelyek vezet\u0151 elektr\u00f3d\u00e1k k\u00f6z\u00f6tt helyezkednek el.<span class=\"button-container hide-from-message-actions ng-star-inserted\"> \u00a0<\/span><\/p>\n<h3 data-sourcepos=\"5:1-5:24\"><strong>F\u0151bb jellemz\u0151k:<\/strong><\/h3>\n<ul data-sourcepos=\"7:1-12:0\">\n<li data-sourcepos=\"7:1-7:106\"><strong>Nagyfesz\u00fclts\u00e9g\u0171 besorol\u00e1s:<\/strong> <span class=\"citation-1 recitation citation-end-1\">K\u00e9pes rendk\u00edv\u00fcl magas fesz\u00fclts\u00e9get kib\u00edrni meghib\u00e1sod\u00e1s n\u00e9lk\u00fcl.<\/span><span class=\"button-container hide-from-message-actions ng-star-inserted\"> \u00a0<\/span>\n<div class=\"container ng-tns-c362440147-70 hide\">\n<div class=\"carousel-container ng-tns-c362440147-70\"><\/div>\n<\/div>\n<\/li>\n<li data-sourcepos=\"8:1-8:109\"><strong>Alacsony sziv\u00e1rg\u00e1si \u00e1ram:<\/strong> Minim\u00e1lis \u00e1ramsziv\u00e1rg\u00e1s, ami hat\u00e9kony energiat\u00e1rol\u00e1st \u00e9s minim\u00e1lis energiavesztes\u00e9get biztos\u00edt.<\/li>\n<li data-sourcepos=\"9:1-9:151\"><strong><span class=\"citation-2 recitation\">Nagy szigetel\u00e9si ellen\u00e1ll\u00e1s:<\/span><\/strong><span class=\"citation-2 recitation citation-end-2\"> Kiv\u00e1l\u00f3 ellen\u00e1ll\u00e1s az elektromos meghib\u00e1sod\u00e1ssal szemben, megb\u00edzhat\u00f3 m\u0171k\u00f6d\u00e9st biztos\u00edt nagyfesz\u00fclts\u00e9g\u0171 alkalmaz\u00e1sokban.<\/span><span class=\"button-container hide-from-message-actions ng-star-inserted\"> \u00a0<\/span>\n<div class=\"container ng-tns-c362440147-71 hide\">\n<div class=\"carousel-container ng-tns-c362440147-71\"><\/div>\n<\/div>\n<\/li>\n<li data-sourcepos=\"10:1-10:198\"><strong>\u00d6ngy\u00f3gy\u00edt\u00f3 tulajdons\u00e1gok:<\/strong> <span class=\"citation-3 recitation citation-end-3\">Egyes filmkondenz\u00e1torok \u00f6ngy\u00f3gy\u00edt\u00f3 k\u00e9pess\u00e9ggel rendelkeznek, ahol a helyi dielektromos meghib\u00e1sod\u00e1sok automatikusan javulnak, meghosszabb\u00edtva ezzel a kondenz\u00e1tor \u00e9lettartam\u00e1t.<\/span><span class=\"button-container hide-from-message-actions ng-star-inserted\"> \u00a0<\/span>\n<div class=\"container ng-tns-c362440147-72 hide\">\n<div class=\"carousel-container ng-tns-c362440147-72\"><\/div>\n<\/div>\n<\/li>\n<li data-sourcepos=\"11:1-12:0\"><strong><span class=\"citation-4 recitation\">Kapacit\u00e1s\u00e9rt\u00e9kek sz\u00e9les tartom\u00e1nya:<\/span><\/strong><span class=\"citation-4 recitation citation-end-4\"> K\u00fcl\u00f6nb\u00f6z\u0151 kapacit\u00e1s\u00e9rt\u00e9kekkel kaphat\u00f3 a k\u00fcl\u00f6nb\u00f6z\u0151 alkalmaz\u00e1soknak megfelel\u0151en.<\/span><span class=\"button-container hide-from-message-actions ng-star-inserted\">\u00a0 \u00a0<\/span>\n<div class=\"container ng-tns-c362440147-73 hide\">\n<div class=\"carousel-container ng-tns-c362440147-73\"><\/div>\n<\/div>\n<\/li>\n<\/ul>\n<h4 data-sourcepos=\"13:1-13:24\"><strong>Nagyfesz\u00fclts\u00e9g\u0171 filmkondenz\u00e1tor Gyakori alkalmaz\u00e1sok:<\/strong><\/h4>\n<ul data-sourcepos=\"15:1-20:0\">\n<li data-sourcepos=\"15:1-15:157\"><strong>Nagyfesz\u00fclts\u00e9g\u0171 t\u00e1pegys\u00e9gek:<\/strong> K\u00fcl\u00f6nb\u00f6z\u0151 elektronikus eszk\u00f6z\u00f6k t\u00e1pegys\u00e9geiben haszn\u00e1lj\u00e1k, bele\u00e9rtve a telev\u00edzi\u00f3kat, orvosi berendez\u00e9seket \u00e9s ipari g\u00e9peket.<\/li>\n<li data-sourcepos=\"16:1-16:164\"><strong><span class=\"citation-5 recitation\">Pulse Power Systems:<\/span><\/strong><span class=\"citation-5 recitation citation-end-5\"> Olyan alkalmaz\u00e1sokban alkalmazz\u00e1k, amelyek nagy energia t\u00e1rol\u00e1s\u00e1t \u00e9s gyors felszabad\u00edt\u00e1s\u00e1t ig\u00e9nylik, mint p\u00e9ld\u00e1ul az impulzusl\u00e9zerek \u00e9s a radarrendszerek.<\/span><span class=\"button-container hide-from-message-actions ng-star-inserted\"> \u00a0<\/span>\n<div class=\"container ng-tns-c362440147-74 hide\">\n<div class=\"carousel-container ng-tns-c362440147-74\"><\/div>\n<\/div>\n<\/li>\n<li data-sourcepos=\"17:1-17:100\"><strong>Motorhajt\u00e1sok:<\/strong> <span class=\"citation-6 recitation citation-end-6\">Motorvez\u00e9rl\u0151 rendszerekben sz\u0171r\u00e9sre \u00e9s energiat\u00e1rol\u00e1sra haszn\u00e1lj\u00e1k.<\/span><span class=\"button-container hide-from-message-actions ng-star-inserted\">\u00a0<\/span>\n<div class=\"container ng-tns-c362440147-75 hide\">\n<div class=\"carousel-container ng-tns-c362440147-75\"><\/div>\n<\/div>\n<\/li>\n<li data-sourcepos=\"18:1-18:131\"><strong>Nagyfesz\u00fclts\u00e9g\u0171 vizsg\u00e1lati berendez\u00e9sek:<\/strong> Elektromos alkatr\u00e9szek \u00e9s rendszerek szigetel\u00e9si tulajdons\u00e1gainak vizsg\u00e1lat\u00e1ra szolg\u00e1l\u00f3 berendez\u00e9sekben haszn\u00e1latos.<\/li>\n<li data-sourcepos=\"19:1-20:0\"><strong>Energiat\u00e1rol\u00f3 rendszerek:<\/strong> A meg\u00fajul\u00f3 energiaforr\u00e1sok, p\u00e9ld\u00e1ul a nap- \u00e9s sz\u00e9lenergia energiat\u00e1rol\u00f3 rendszereiben alkalmazz\u00e1k.<\/li>\n<\/ul>","protected":false},"excerpt":{"rendered":"<table style=\"height: 474px;\" width=\"704\">\n<tbody>\n<tr>\n<td width=\"146\"><strong><b>Term\u00e9k<\/b><\/strong>\u00a0<strong><b>N\u00e9v:<\/b><\/strong><\/td>\n<td width=\"601\"><strong>Nagyfesz\u00fclts\u00e9g\u0171 filmkondenz\u00e1tor<\/strong><\/td>\n<\/tr>\n<tr>\n<td width=\"146\">\n<h4><strong>R\u00f6vid le\u00edr\u00e1s:<\/strong><\/h4>\n<\/td>\n<td width=\"601\">Sz\u00e9les k\u00f6rben haszn\u00e1lj\u00e1k k\u00fcl\u00f6nb\u00f6z\u0151 elektronikus berendez\u00e9sek DC link r\u00e9sze DC t\u00e1mogat\u00e1sra, energiat\u00e1rol\u00e1sra \u00e9s sz\u0171r\u00e9sre. pl. sz\u00e9lenergia rendszerek \u00e9s inverterek;<\/td>\n<\/tr>\n<tr>\n<td width=\"146\"><strong>Kapacit\u00e1si tartom\u00e1ny:<\/strong><\/td>\n<td width=\"601\">20\u00b5F ~ 5600\u00b5F<\/td>\n<\/tr>\n<tr>\n<td width=\"146\"><strong>N\u00e9vleges fesz\u00fclts\u00e9g\uff1a<\/strong><\/td>\n<td width=\"601\">500 ~ 4000VDC<\/td>\n<\/tr>\n<tr>\n<td width=\"146\"><strong>Cap.tol\uff1a<\/strong><\/td>\n<td width=\"601\">\u00a0\u00a0\u00b15%\uff08J\uff09\uff1b\u00b110%\uff08K\uff09<\/td>\n<\/tr>\n<tr>\n<td width=\"146\"><\/td>\n<td width=\"601\"><\/td>\n<\/tr>\n<\/tbody>\n<\/table>","protected":false},"featured_media":1664,"comment_status":"open","ping_status":"closed","template":"","meta":[],"product_brand":[],"product_cat":[38],"product_tag":[],"class_list":{"0":"post-1649","1":"product","2":"type-product","3":"status-publish","4":"has-post-thumbnail","6":"product_cat-dc-capacitor-2","8":"first","9":"instock","10":"shipping-taxable","11":"product-type-simple"},"_links":{"self":[{"href":"https:\/\/rf-capacitor.com\/hu\/wp-json\/wp\/v2\/product\/1649","targetHints":{"allow":["GET"]}}],"collection":[{"href":"https:\/\/rf-capacitor.com\/hu\/wp-json\/wp\/v2\/product"}],"about":[{"href":"https:\/\/rf-capacitor.com\/hu\/wp-json\/wp\/v2\/types\/product"}],"replies":[{"embeddable":true,"href":"https:\/\/rf-capacitor.com\/hu\/wp-json\/wp\/v2\/comments?post=1649"}],"wp:featuredmedia":[{"embeddable":true,"href":"https:\/\/rf-capacitor.com\/hu\/wp-json\/wp\/v2\/media\/1664"}],"wp:attachment":[{"href":"https:\/\/rf-capacitor.com\/hu\/wp-json\/wp\/v2\/media?parent=1649"}],"wp:term":[{"taxonomy":"product_brand","embeddable":true,"href":"https:\/\/rf-capacitor.com\/hu\/wp-json\/wp\/v2\/product_brand?post=1649"},{"taxonomy":"product_cat","embeddable":true,"href":"https:\/\/rf-capacitor.com\/hu\/wp-json\/wp\/v2\/product_cat?post=1649"},{"taxonomy":"product_tag","embeddable":true,"href":"https:\/\/rf-capacitor.com\/hu\/wp-json\/wp\/v2\/product_tag?post=1649"}],"curies":[{"name":"wp","href":"https:\/\/api.w.org\/{rel}","templated":true}]}}