{"id":1646,"date":"2024-12-27T02:40:11","date_gmt":"2024-12-27T02:40:11","guid":{"rendered":"https:\/\/rf-capacitor.com\/?post_type=product&#038;p=1646"},"modified":"2024-12-27T02:40:11","modified_gmt":"2024-12-27T02:40:11","slug":"dc-coupling-capacitor","status":"publish","type":"product","link":"https:\/\/rf-capacitor.com\/hu\/dc-coupling-capacitor\/","title":{"rendered":"DC csatol\u00f3kondenz\u00e1tor"},"content":{"rendered":"<h3 data-sourcepos=\"1:1-1:25\"><strong>DC csatol\u00f3kondenz\u00e1tor<\/strong><\/h3>\n<p data-sourcepos=\"3:1-3:215\"><span class=\"citation-0 recitation\">Egy egyen\u00e1ram\u00fa csatol\u00f3kondenz\u00e1tor, m\u00e1s n\u00e9ven <\/span><strong><span class=\"citation-0 recitation\">csatol\u00f3kondenz\u00e1tor<\/span><\/strong><span class=\"citation-0 recitation\"> vagy <\/span><strong><span class=\"citation-0 recitation\">DC blokkol\u00f3 kondenz\u00e1tor<\/span><\/strong><span class=\"citation-0 recitation citation-end-0\">, az elektronikus \u00e1ramk\u00f6r\u00f6kben, k\u00fcl\u00f6n\u00f6sen az er\u0151s\u00edt\u0151fokozatokban kulcsfontoss\u00e1g\u00fa alkatr\u00e9sz.<\/span> Els\u0151dleges feladata:<span class=\"button-container hide-from-message-actions ng-star-inserted\"> \u00a0<\/span><\/p>\n<ul data-sourcepos=\"5:1-7:0\">\n<li data-sourcepos=\"5:1-5:218\"><strong><span class=\"citation-1 recitation\">Izol\u00e1lja az egyen\u00e1ram\u00fa el\u0151fesz\u00edt\u00e9st:<\/span><\/strong><span class=\"citation-1 recitation citation-end-1\"> Megakad\u00e1lyozza, hogy az egyik fokozat egyen\u00e1ram\u00fa el\u0151fesz\u00edt\u00e9se befoly\u00e1solja a k\u00f6vetkez\u0151 fokozat egyen\u00e1ram\u00fa el\u0151fesz\u00edt\u00e9s\u00e9t.<\/span> <span class=\"citation-2 recitation citation-end-2\">Ez elengedhetetlen az egyes fokozatok megfelel\u0151 m\u0171k\u00f6d\u00e9si pontj\u00e1nak fenntart\u00e1s\u00e1hoz.<\/span><span class=\"button-container hide-from-message-actions ng-star-inserted\">\u00a0<\/span>\n<div class=\"container ng-tns-c362440147-54 hide\">\n<div class=\"carousel-container ng-tns-c362440147-54\">\n<div class=\"carousel-content ng-tns-c362440147-54\">\n<div class=\"sources-carousel-source ng-tns-c362440147-54 hide ng-star-inserted\" data-test-id=\"sources-carousel-source\"><\/div>\n<\/div>\n<\/div>\n<\/div>\n<\/li>\n<li data-sourcepos=\"6:1-7:0\"><strong><span class=\"citation-3 recitation\">AC jelek tov\u00e1bb\u00edt\u00e1sa:<\/span><\/strong><span class=\"citation-3 recitation citation-end-3\"> Hagyja, hogy a v\u00e1ltakoz\u00f3 \u00e1ram\u00fa jel \u00e1tmenjen az egyik fokozatb\u00f3l a m\u00e1sikba.<\/span><span class=\"button-container hide-from-message-actions ng-star-inserted\"> \u00a0<\/span>\n<div class=\"container ng-tns-c362440147-55 hide\">\n<div class=\"carousel-container ng-tns-c362440147-55\"><\/div>\n<\/div>\n<\/li>\n<\/ul>\n<h3 data-sourcepos=\"8:1-8:17\"><strong>Hogyan m\u0171k\u00f6dik:<\/strong><\/h3>\n<ul data-sourcepos=\"10:1-12:0\">\n<li data-sourcepos=\"10:1-10:213\"><strong><span class=\"citation-4 recitation\">DC blokkol\u00e1sa:<\/span><\/strong><span class=\"citation-4 recitation citation-end-4\"> A kondenz\u00e1torok nyitott \u00e1ramk\u00f6rk\u00e9nt m\u0171k\u00f6dnek az egyen\u00e1ram fel\u00e9.<\/span> <span class=\"citation-5 recitation citation-end-5\">Amikor egyenfesz\u00fclts\u00e9get kapcsolunk, a kondenz\u00e1tor felt\u00f6lt\u0151dik erre a fesz\u00fclts\u00e9gre, \u00e9s le\u00e1ll\u00edtja a vezet\u00e9st, hat\u00e9konyan blokkolva az egyen\u00e1ramot.<\/span><span class=\"button-container hide-from-message-actions ng-star-inserted\">\u00a0<\/span>\n<div class=\"container ng-tns-c362440147-56 hide\">\n<div class=\"carousel-container ng-tns-c362440147-56\">\n<div class=\"carousel-content ng-tns-c362440147-56\">\n<div class=\"sources-carousel-source ng-tns-c362440147-56 hide ng-star-inserted\" data-test-id=\"sources-carousel-source\"><\/div>\n<div class=\"sources-carousel-source ng-tns-c362440147-56 hide ng-star-inserted\" data-test-id=\"sources-carousel-source\"><\/div>\n<\/div>\n<\/div>\n<\/div>\n<\/li>\n<li data-sourcepos=\"11:1-12:0\"><strong><span class=\"citation-6 recitation\">\u00c1tmen\u0151 AC:<\/span><\/strong><span class=\"citation-6 recitation citation-end-6\"> A v\u00e1ltakoz\u00f3 \u00e1ram\u00fa jelek folyamatosan v\u00e1ltoz\u00f3 fesz\u00fclts\u00e9ggel rendelkeznek.<\/span> <span class=\"citation-7 recitation citation-end-7\">Ennek hat\u00e1s\u00e1ra a kondenz\u00e1tor folyamatosan t\u00f6lt\u0151dik \u00e9s lemer\u00fcl, \u00edgy a v\u00e1ltakoz\u00f3 \u00e1ram\u00fa jel \u00e1thaladhat rajta.<\/span><span class=\"button-container hide-from-message-actions ng-star-inserted\">\u00a0<\/span>\n<div class=\"container ng-tns-c362440147-57 hide\">\n<div class=\"carousel-container ng-tns-c362440147-57\">\n<div class=\"carousel-content ng-tns-c362440147-57\">\n<div class=\"sources-carousel-source ng-tns-c362440147-57 hide ng-star-inserted\" data-test-id=\"sources-carousel-source\"><\/div>\n<\/div>\n<\/div>\n<\/div>\n<\/li>\n<\/ul>\n<h3 data-sourcepos=\"13:1-13:17\"><strong>Alkalmaz\u00e1sok:<\/strong><\/h3>\n<ul data-sourcepos=\"15:1-18:0\">\n<li data-sourcepos=\"15:1-15:90\"><strong><span class=\"citation-8 recitation\">Audio er\u0151s\u00edt\u0151k:<\/span><\/strong><span class=\"citation-8 recitation citation-end-8\"> Az er\u0151s\u00edt\u0151fokozatok k\u00f6z\u00f6tti csatol\u00e1s az egyen\u00e1ram\u00fa el\u0151fesz\u00edt\u00e9s elszigetel\u00e9s\u00e9re.<\/span><span class=\"button-container hide-from-message-actions ng-star-inserted\"> \u00a0<\/span>\n<div class=\"container ng-tns-c362440147-58 hide\">\n<div class=\"carousel-container ng-tns-c362440147-58\">\n<div class=\"carousel-content ng-tns-c362440147-58\">\n<div class=\"sources-carousel-source ng-tns-c362440147-58 hide ng-star-inserted\" data-test-id=\"sources-carousel-source\"><\/div>\n<\/div>\n<\/div>\n<\/div>\n<\/li>\n<li data-sourcepos=\"16:1-16:100\"><strong><span class=\"citation-9 recitation\">Jelfeldolgoz\u00f3 \u00e1ramk\u00f6r\u00f6k:<\/span><\/strong><span class=\"citation-9 recitation citation-end-9\"> AC jelek \u00e1tvitele az egyen\u00e1ram\u00fa komponensek blokkol\u00e1sa mellett.<\/span><span class=\"button-container hide-from-message-actions ng-star-inserted\"> \u00a0<\/span>\n<div class=\"container ng-tns-c362440147-59 hide\">\n<div class=\"carousel-container ng-tns-c362440147-59\">\n<div class=\"carousel-content ng-tns-c362440147-59\">\n<div class=\"sources-carousel-source ng-tns-c362440147-59 hide ng-star-inserted\" data-test-id=\"sources-carousel-source\"><\/div>\n<\/div>\n<\/div>\n<\/div>\n<\/li>\n<li data-sourcepos=\"17:1-18:0\"><strong><span class=\"citation-10 recitation\">Sz\u0171r\u0151\u00e1ramk\u00f6r\u00f6k:<\/span><\/strong><span class=\"citation-10 recitation citation-end-10\"> Magas \u00e1tj\u00e1r\u00e1s\u00fa sz\u0171r\u0151k r\u00e9szek\u00e9nt az alacsony frekvenci\u00e1j\u00fa jelek blokkol\u00e1s\u00e1ra, bele\u00e9rtve az egyen\u00e1ramot is.<\/span><span class=\"button-container hide-from-message-actions ng-star-inserted\">\u00a0<\/span>\n<div class=\"container ng-tns-c362440147-60 hide\">\n<div class=\"carousel-container ng-tns-c362440147-60\">\n<div class=\"carousel-content ng-tns-c362440147-60\">\n<div class=\"sources-carousel-source ng-tns-c362440147-60 hide ng-star-inserted\" data-test-id=\"sources-carousel-source\"><\/div>\n<\/div>\n<\/div>\n<\/div>\n<\/li>\n<\/ul>\n<h3 data-sourcepos=\"19:1-19:23\"><strong>Legfontosabb megfontol\u00e1sok:<\/strong><\/h3>\n<ul data-sourcepos=\"21:1-24:0\">\n<li data-sourcepos=\"21:1-21:164\"><strong>Kapacit\u00e1si \u00e9rt\u00e9k:<\/strong> A kapacit\u00e1s \u00e9rt\u00e9ke hat\u00e1rozza meg a csatol\u00f3kondenz\u00e1tor alacsony frekvenci\u00e1j\u00fa hat\u00e1r\u00e9rt\u00e9k\u00e9t. A nagyobb kapacit\u00e1s alacsonyabb frekvenci\u00e1kat enged \u00e1t.<\/li>\n<li data-sourcepos=\"22:1-22:118\"><strong>Fesz\u00fclts\u00e9gi besorol\u00e1s:<\/strong> <span class=\"citation-11 recitation citation-end-11\">A kondenz\u00e1tort a rajta alkalmazott maxim\u00e1lis fesz\u00fclts\u00e9gre kell m\u00e9retezni.<\/span>\n<div class=\"container ng-tns-c362440147-61 hide\">\n<div class=\"carousel-container ng-tns-c362440147-61\"><\/div>\n<\/div>\n<\/li>\n<li data-sourcepos=\"23:1-24:0\"><strong>Sziv\u00e1rg\u00e1si \u00e1ram:<\/strong> A kondenz\u00e1tor sziv\u00e1rg\u00e1si \u00e1rama befoly\u00e1solhatja az \u00e1ramk\u00f6r egyen\u00e1ram\u00fa el\u0151fesz\u00edt\u00e9si pontj\u00e1t.<\/li>\n<\/ul>\n<p data-sourcepos=\"25:1-25:205\"><strong><span class=\"citation-12 recitation\">L\u00e9nyeg\u00e9ben az egyen\u00e1ram\u00fa csatol\u00f3kondenz\u00e1tor h\u00eddk\u00e9nt m\u0171k\u00f6dik az AC jelek sz\u00e1m\u00e1ra, mik\u00f6zben hat\u00e9konyan elk\u00fcl\u00f6n\u00edti az egyen\u00e1ram\u00fa komponenseket, biztos\u00edtva, hogy az \u00e1ramk\u00f6r minden szakasza f\u00fcggetlen\u00fcl \u00e9s helyesen m\u0171k\u00f6dj\u00f6n.<\/span><\/strong><span class=\"button-container hide-from-message-actions ng-star-inserted\"> \u00a0 <\/span><\/p>","protected":false},"excerpt":{"rendered":"<table style=\"height: 556px;\" width=\"706\">\n<tbody>\n<tr>\n<td width=\"146\"><strong><b>Term\u00e9k<\/b><\/strong>\u00a0<strong><b>N\u00e9v:<\/b><\/strong><\/td>\n<td width=\"601\"><strong>DC csatol\u00f3kondenz\u00e1tor<\/strong><\/td>\n<\/tr>\n<tr>\n<td width=\"146\">\n<h4><strong>R\u00f6vid le\u00edr\u00e1s:<\/strong><\/h4>\n<\/td>\n<td width=\"601\">Sz\u00e9les k\u00f6rben haszn\u00e1lj\u00e1k DC-Link \u00e1ramk\u00f6rben nagyfrekvenci\u00e1s sz\u0171r\u00e9sre \u00e9s lev\u00e1laszt\u00e1sra<br \/>\nSz\u00e9les k\u00f6rben haszn\u00e1lj\u00e1k teljes\u00edtm\u00e9nyelektronikai \u00e1ramk\u00f6r\u00f6kben, kapcsol\u00e1si c\u00e9lokra<\/td>\n<\/tr>\n<tr>\n<td width=\"146\"><strong>Kapacit\u00e1si tartom\u00e1ny:<\/strong><\/td>\n<td width=\"601\">\u00a010\u03bcF - 100\u03bcF<\/td>\n<\/tr>\n<tr>\n<td width=\"146\"><strong>N\u00e9vleges fesz\u00fclts\u00e9g\uff1a<\/strong><\/td>\n<td width=\"601\">350V.DC - 1100V.DC<\/td>\n<\/tr>\n<tr>\n<td width=\"146\"><strong>Cap.tol\uff1a<\/strong><\/td>\n<td width=\"601\">\u00b15%(J)\uff1a\u00b110%(K)<\/td>\n<\/tr>\n<tr>\n<td width=\"146\"><strong>Kondenz\u00e1tor modell:\u00a0<\/strong><\/td>\n<td width=\"601\">DMJ-MT sorozat<\/td>\n<\/tr>\n<\/tbody>\n<\/table>","protected":false},"featured_media":1647,"comment_status":"open","ping_status":"closed","template":"","meta":[],"product_brand":[],"product_cat":[38],"product_tag":[],"class_list":{"0":"post-1646","1":"product","2":"type-product","3":"status-publish","4":"has-post-thumbnail","6":"product_cat-dc-capacitor-2","8":"first","9":"instock","10":"shipping-taxable","11":"product-type-simple"},"_links":{"self":[{"href":"https:\/\/rf-capacitor.com\/hu\/wp-json\/wp\/v2\/product\/1646","targetHints":{"allow":["GET"]}}],"collection":[{"href":"https:\/\/rf-capacitor.com\/hu\/wp-json\/wp\/v2\/product"}],"about":[{"href":"https:\/\/rf-capacitor.com\/hu\/wp-json\/wp\/v2\/types\/product"}],"replies":[{"embeddable":true,"href":"https:\/\/rf-capacitor.com\/hu\/wp-json\/wp\/v2\/comments?post=1646"}],"wp:featuredmedia":[{"embeddable":true,"href":"https:\/\/rf-capacitor.com\/hu\/wp-json\/wp\/v2\/media\/1647"}],"wp:attachment":[{"href":"https:\/\/rf-capacitor.com\/hu\/wp-json\/wp\/v2\/media?parent=1646"}],"wp:term":[{"taxonomy":"product_brand","embeddable":true,"href":"https:\/\/rf-capacitor.com\/hu\/wp-json\/wp\/v2\/product_brand?post=1646"},{"taxonomy":"product_cat","embeddable":true,"href":"https:\/\/rf-capacitor.com\/hu\/wp-json\/wp\/v2\/product_cat?post=1646"},{"taxonomy":"product_tag","embeddable":true,"href":"https:\/\/rf-capacitor.com\/hu\/wp-json\/wp\/v2\/product_tag?post=1646"}],"curies":[{"name":"wp","href":"https:\/\/api.w.org\/{rel}","templated":true}]}}