{"id":1643,"date":"2024-12-27T02:32:04","date_gmt":"2024-12-27T02:32:04","guid":{"rendered":"https:\/\/rf-capacitor.com\/?post_type=product&#038;p=1643"},"modified":"2024-12-27T02:40:52","modified_gmt":"2024-12-27T02:40:52","slug":"dc-bias-capacitor","status":"publish","type":"product","link":"https:\/\/rf-capacitor.com\/hu\/dc-bias-capacitor\/","title":{"rendered":"DC el\u0151fesz\u00edt\u0151 kondenz\u00e1tor"},"content":{"rendered":"<p data-sourcepos=\"1:1-1:155\"><span class=\"citation-0 recitation\">A <\/span><strong><span class=\"citation-0 recitation\">DC el\u0151fesz\u00edt\u0151 kondenz\u00e1tor<\/span><\/strong><span class=\"citation-0 recitation citation-end-0\"> olyan kondenz\u00e1tor, amelyet elektronikus \u00e1ramk\u00f6r\u00f6kben haszn\u00e1lnak az egyen\u00e1ram \u00e1raml\u00e1s\u00e1nak blokkol\u00e1s\u00e1ra, mik\u00f6zben \u00e1tengedi a v\u00e1ltakoz\u00f3 \u00e1ram\u00fa jeleket.<\/span><span class=\"button-container hide-from-message-actions ng-star-inserted\"> \u00a0<\/span><\/p>\n<h3 data-sourcepos=\"3:1-3:23\"><strong>\u00cdme a bont\u00e1s:<\/strong><\/h3>\n<ul data-sourcepos=\"5:1-9:0\">\n<li data-sourcepos=\"5:1-6:225\"><strong>DC blokkol\u00e1sa:<\/strong>\n<ul data-sourcepos=\"6:5-6:225\">\n<li data-sourcepos=\"6:5-6:225\"><span class=\"citation-1 recitation citation-end-1\">A kondenz\u00e1torok elektromos t\u00f6lt\u00e9st t\u00e1rolnak.<\/span> Amikor egyenfesz\u00fclts\u00e9get alkalmazunk, a kondenz\u00e1tor felt\u00f6lt\u0151dik erre a fesz\u00fclts\u00e9gre, majd le\u00e1ll a vezet\u00e9s. Ez hat\u00e9konyan megakad\u00e1lyozza az egyen\u00e1ram \u00e1raml\u00e1s\u00e1t az \u00e1ramk\u00f6r\u00f6n kereszt\u00fcl.\n<div class=\"container ng-tns-c362440147-43 hide\">\n<div class=\"carousel-container ng-tns-c362440147-43\"><\/div>\n<\/div>\n<\/li>\n<\/ul>\n<\/li>\n<li data-sourcepos=\"7:1-9:0\"><strong>\u00c1tmen\u0151 AC:<\/strong>\n<ul data-sourcepos=\"8:5-9:0\">\n<li data-sourcepos=\"8:5-9:0\"><span class=\"citation-2 recitation citation-end-2\">A v\u00e1ltakoz\u00f3 \u00e1ram\u00fa jelek defin\u00edci\u00f3 szerint folyamatosan v\u00e1ltoz\u00f3 fesz\u00fclts\u00e9g\u0171ek.<\/span> Ennek hat\u00e1s\u00e1ra a kondenz\u00e1tor folyamatosan t\u00f6lt\u0151dik \u00e9s lemer\u00fcl, \u00edgy a v\u00e1ltakoz\u00f3 \u00e1ram\u00fa jel \u00e1thaladhat rajta.<span class=\"button-container hide-from-message-actions ng-star-inserted\">\u00a0<\/span>\n<div class=\"container ng-tns-c362440147-44 hide\">\n<div class=\"carousel-container ng-tns-c362440147-44\">\n<div class=\"carousel-content ng-tns-c362440147-44\">\n<div class=\"sources-carousel-source ng-tns-c362440147-44 hide ng-star-inserted\" data-test-id=\"sources-carousel-source\"><\/div>\n<\/div>\n<\/div>\n<\/div>\n<\/li>\n<\/ul>\n<\/li>\n<\/ul>\n<h3 data-sourcepos=\"10:1-10:24\"><strong>Gyakori alkalmaz\u00e1sok:<\/strong><\/h3>\n<ul data-sourcepos=\"12:1-18:0\">\n<li data-sourcepos=\"12:1-13:165\"><strong>AC jelek \u00f6sszekapcsol\u00e1sa:<\/strong>\n<ul data-sourcepos=\"13:5-13:165\">\n<li data-sourcepos=\"13:5-13:165\"><span class=\"citation-3 recitation citation-end-3\">Az egyen\u00e1ram\u00fa el\u0151fesz\u00edt\u0151 kondenz\u00e1torokat gyakran haszn\u00e1lj\u00e1k az er\u0151s\u00edt\u0151 k\u00fcl\u00f6nb\u00f6z\u0151 fokozatai k\u00f6z\u00f6tti v\u00e1ltakoz\u00f3\u00e1ram\u00fa jelek \u00f6sszekapcsol\u00e1s\u00e1ra, mik\u00f6zben az egyes fokozatok egyen\u00e1ram\u00fa el\u0151fesz\u00edt\u0151 fesz\u00fclts\u00e9g\u00e9t elszigetelik.<\/span><span class=\"button-container hide-from-message-actions ng-star-inserted\">\u00a0<\/span>\n<div class=\"container ng-tns-c362440147-45 hide\">\n<div class=\"carousel-container ng-tns-c362440147-45\">\n<div class=\"carousel-content ng-tns-c362440147-45\">\n<div class=\"sources-carousel-source ng-tns-c362440147-45 hide ng-star-inserted\" data-test-id=\"sources-carousel-source\"><\/div>\n<\/div>\n<\/div>\n<\/div>\n<\/li>\n<\/ul>\n<\/li>\n<li data-sourcepos=\"14:1-15:116\"><strong>DC offsetek elt\u00e1vol\u00edt\u00e1sa:<\/strong>\n<ul data-sourcepos=\"15:5-15:116\">\n<li data-sourcepos=\"15:5-15:116\">Haszn\u00e1lhat\u00f3k a v\u00e1ltakoz\u00f3 \u00e1ram\u00fa jelben jelenl\u00e9v\u0151 egyen\u00e1ram\u00fa eltol\u00e1s elt\u00e1vol\u00edt\u00e1s\u00e1ra, miel\u0151tt azt egy k\u00f6vetkez\u0151 fokozat feldolgozn\u00e1.<\/li>\n<\/ul>\n<\/li>\n<li data-sourcepos=\"16:1-18:0\"><strong>Magas \u00e1tj\u00e1r\u00e1s\u00fa sz\u0171r\u0151k:<\/strong>\n<ul data-sourcepos=\"17:5-18:0\">\n<li data-sourcepos=\"17:5-18:0\"><span class=\"citation-4 recitation citation-end-4\">Egy ellen\u00e1ll\u00e1ssal kombin\u00e1lva az egyen\u00e1ram\u00fa el\u0151fesz\u00edt\u0151 kondenz\u00e1tor egy egyszer\u0171 nagyfrekvenci\u00e1s sz\u0171r\u0151t k\u00e9pezhet, amely \u00e1tengedi a nagyfrekvenci\u00e1s jeleket, mik\u00f6zben blokkolja az alacsony frekvenci\u00e1j\u00fa jeleket, bele\u00e9rtve az egyen\u00e1ramot is.<\/span><span class=\"button-container hide-from-message-actions ng-star-inserted\">\u00a0<\/span>\n<div class=\"container ng-tns-c362440147-46 hide\">\n<div class=\"carousel-container ng-tns-c362440147-46\">\n<div class=\"carousel-content ng-tns-c362440147-46\">\n<div class=\"sources-carousel-source ng-tns-c362440147-46 hide ng-star-inserted\" data-test-id=\"sources-carousel-source\"><\/div>\n<\/div>\n<\/div>\n<\/div>\n<\/li>\n<\/ul>\n<\/li>\n<\/ul>\n<h3 data-sourcepos=\"19:1-19:23\"><strong>Legfontosabb megfontol\u00e1sok:<\/strong><\/h3>\n<ul data-sourcepos=\"21:1-24:0\">\n<li data-sourcepos=\"21:1-21:172\"><strong>Kapacit\u00e1si \u00e9rt\u00e9k:<\/strong> Az egyen\u00e1ram\u00fa el\u0151fesz\u00edt\u0151 kondenz\u00e1tor kapacit\u00e1s\u00e1nak \u00e9rt\u00e9ke d\u00f6nt\u0151 fontoss\u00e1g\u00fa a teljes\u00edtm\u00e9ny szempontj\u00e1b\u00f3l. A nagyobb kapacit\u00e1s \u00e1ltal\u00e1ban alacsonyabb frekvenci\u00e1kat enged \u00e1t.<\/li>\n<li data-sourcepos=\"22:1-22:105\"><strong>Fesz\u00fclts\u00e9gi besorol\u00e1s:<\/strong> A kondenz\u00e1tort a rajta alkalmazott maxim\u00e1lis fesz\u00fclts\u00e9gre kell m\u00e9retezni.<\/li>\n<li data-sourcepos=\"23:1-24:0\"><strong>Sziv\u00e1rg\u00e1si \u00e1ram:<\/strong> A kondenz\u00e1tor sziv\u00e1rg\u00e1si \u00e1rama befoly\u00e1solhatja az \u00e1ramk\u00f6r egyen\u00e1ram\u00fa el\u0151fesz\u00edt\u00e9si pontj\u00e1t.<\/li>\n<\/ul>\n<h3 data-sourcepos=\"25:1-25:15\"><strong>\u00d6sszefoglalva:<\/strong><\/h3>\n<p data-sourcepos=\"27:1-27:252\">Az egyen\u00e1ram\u00fa el\u0151fesz\u00edt\u0151 kondenz\u00e1torok sz\u00e1mos elektronikus \u00e1ramk\u00f6rben l\u00e9tfontoss\u00e1g\u00fa szerepet j\u00e1tszanak, lehet\u0151v\u00e9 t\u00e9ve a v\u00e1ltakoz\u00f3 \u00e1ram\u00fa jelek hat\u00e9kony \u00e1tvitel\u00e9t, mik\u00f6zben az egyen\u00e1ram\u00fa komponenseket elszigetelik. M\u0171k\u00f6d\u00e9s\u00fck \u00e9s jellemz\u0151ik meg\u00e9rt\u00e9s\u00e9vel a m\u00e9rn\u00f6k\u00f6k hat\u00e9konyan haszn\u00e1lhatj\u00e1k \u0151ket terveikben.<\/p>","protected":false},"excerpt":{"rendered":"<table style=\"height: 575px;\" width=\"683\">\n<tbody>\n<tr>\n<td width=\"146\"><strong><b>Term\u00e9k<\/b><\/strong>\u00a0<strong><b>N\u00e9v:<\/b><\/strong><\/td>\n<td width=\"601\">DC el\u0151fesz\u00edt\u0151 kondenz\u00e1tor<\/td>\n<\/tr>\n<tr>\n<td width=\"146\">\n<h4><strong>R\u00f6vid le\u00edr\u00e1s:<\/strong><\/h4>\n<\/td>\n<td width=\"601\">Pv inverter, sz\u00e9ler\u0151m\u0171 \u00e1talak\u00edt\u00f3;AII fajta frekvenciav\u00e1lt\u00f3 \u00e9s inverter<br \/>\nt\u00e1pegys\u00e9g; tiszt\u00e1n elektromos \u00e9s hibrid aut\u00f3k; t\u00f6lt\u0151oszlop, UPS stb.<\/td>\n<\/tr>\n<tr>\n<td width=\"146\"><strong>Kapacit\u00e1si tartom\u00e1ny:<\/strong><\/td>\n<td width=\"601\">\u00a01\u03bcF - 200\u03bcF<\/td>\n<\/tr>\n<tr>\n<td width=\"146\"><strong>N\u00e9vleges fesz\u00fclts\u00e9g\uff1a<\/strong><\/td>\n<td width=\"601\">450V.DC - 1800V.DC<\/td>\n<\/tr>\n<tr>\n<td width=\"146\"><strong>Cap.tol\uff1a<\/strong><\/td>\n<td width=\"601\">\u00a0\u00b15%\uff08J\uff09\uff1b\u00b110%\uff08K\uff09<\/td>\n<\/tr>\n<tr>\n<td width=\"146\"><strong>Kondenz\u00e1tor modell:\u00a0<\/strong><\/td>\n<td width=\"601\">DMJ-PS sorozat<\/td>\n<\/tr>\n<\/tbody>\n<\/table>","protected":false},"featured_media":1644,"comment_status":"open","ping_status":"closed","template":"","meta":[],"product_brand":[],"product_cat":[38],"product_tag":[],"class_list":{"0":"post-1643","1":"product","2":"type-product","3":"status-publish","4":"has-post-thumbnail","6":"product_cat-dc-capacitor-2","8":"first","9":"instock","10":"shipping-taxable","11":"product-type-simple"},"_links":{"self":[{"href":"https:\/\/rf-capacitor.com\/hu\/wp-json\/wp\/v2\/product\/1643","targetHints":{"allow":["GET"]}}],"collection":[{"href":"https:\/\/rf-capacitor.com\/hu\/wp-json\/wp\/v2\/product"}],"about":[{"href":"https:\/\/rf-capacitor.com\/hu\/wp-json\/wp\/v2\/types\/product"}],"replies":[{"embeddable":true,"href":"https:\/\/rf-capacitor.com\/hu\/wp-json\/wp\/v2\/comments?post=1643"}],"wp:featuredmedia":[{"embeddable":true,"href":"https:\/\/rf-capacitor.com\/hu\/wp-json\/wp\/v2\/media\/1644"}],"wp:attachment":[{"href":"https:\/\/rf-capacitor.com\/hu\/wp-json\/wp\/v2\/media?parent=1643"}],"wp:term":[{"taxonomy":"product_brand","embeddable":true,"href":"https:\/\/rf-capacitor.com\/hu\/wp-json\/wp\/v2\/product_brand?post=1643"},{"taxonomy":"product_cat","embeddable":true,"href":"https:\/\/rf-capacitor.com\/hu\/wp-json\/wp\/v2\/product_cat?post=1643"},{"taxonomy":"product_tag","embeddable":true,"href":"https:\/\/rf-capacitor.com\/hu\/wp-json\/wp\/v2\/product_tag?post=1643"}],"curies":[{"name":"wp","href":"https:\/\/api.w.org\/{rel}","templated":true}]}}