{"id":1639,"date":"2024-12-27T02:20:53","date_gmt":"2024-12-27T02:20:53","guid":{"rendered":"https:\/\/rf-capacitor.com\/?post_type=product&#038;p=1639"},"modified":"2024-12-27T02:20:53","modified_gmt":"2024-12-27T02:20:53","slug":"dc-electrolytic-capacitor","status":"publish","type":"product","link":"https:\/\/rf-capacitor.com\/hu\/dc-electrolytic-capacitor\/","title":{"rendered":"DC elektrolitikus kondenz\u00e1tor"},"content":{"rendered":"<h2 data-sourcepos=\"1:1-1:41\">DC elektrolitikus kondenz\u00e1tor: M\u00e9ly mer\u00fcl\u00e9s<\/h2>\n<p data-sourcepos=\"3:1-3:260\"><strong>DC elektrolitikus kondenz\u00e1torok<\/strong> a polariz\u00e1lt kondenz\u00e1torok egy olyan t\u00edpusa, amely elektrolitot haszn\u00e1l a m\u00e1s t\u00edpus\u00fa kondenz\u00e1torokhoz k\u00e9pest jelent\u0151sen nagyobb kapacit\u00e1s el\u00e9r\u00e9s\u00e9hez. \u00c1ltal\u00e1ban elektronikus \u00e1ramk\u00f6r\u00f6kben haszn\u00e1lj\u00e1k sz\u0171r\u00e9sre, lev\u00e1laszt\u00e1sra \u00e9s energiat\u00e1rol\u00e1sra.<\/p>\n<h3 data-sourcepos=\"5:1-5:18\">Hogyan m\u0171k\u00f6dik az egyen\u00e1ram\u00fa elektrolitikus kondenz\u00e1tor:<\/h3>\n<ul data-sourcepos=\"6:1-9:0\">\n<li data-sourcepos=\"6:1-6:191\"><strong>Polariz\u00e1lt konstrukci\u00f3:<\/strong> Az an\u00f3d (pozit\u00edv lemez) olyan f\u00e9mb\u0151l k\u00e9sz\u00fcl, amely anodiz\u00e1l\u00e1ssal szigetel\u0151 oxidr\u00e9teget k\u00e9pez. Ez az oxidr\u00e9teg a kondenz\u00e1tor dielektrikumak\u00e9nt m\u0171k\u00f6dik.<\/li>\n<li data-sourcepos=\"7:1-7:165\"><strong>Elektrolit:<\/strong> Az oxidr\u00e9teget egy foly\u00e9kony vagy g\u00e9les elektrolit fedi, amely jellemz\u0151en magas ionkoncentr\u00e1ci\u00f3t tartalmaz, \u00e9s kat\u00f3dk\u00e9nt (negat\u00edv lemezk\u00e9nt) szolg\u00e1l.<\/li>\n<li data-sourcepos=\"7:1-7:165\"><strong>Nagy kapacit\u00e1s:<\/strong> A v\u00e9kony dielektromos r\u00e9teg \u00e9s az an\u00f3d nagy fel\u00fclete hozz\u00e1j\u00e1rul az elektrolitkondenz\u00e1torok nagy kapacit\u00e1s\u00e9rt\u00e9keihez.<\/li>\n<\/ul>\n<h3 data-sourcepos=\"10:1-10:24\">F\u0151bb jellemz\u0151k:<\/h3>\n<ul data-sourcepos=\"11:1-15:0\">\n<li data-sourcepos=\"11:1-11:190\"><strong>Polariz\u00e1ci\u00f3:<\/strong> Az elektrolitikus kondenz\u00e1torok polariz\u00e1lt alkatr\u00e9szek, ami azt jelenti, hogy a pozit\u00edv p\u00f3lusukkal magasabb potenci\u00e1lon kell csatlakoztatni \u0151ket egy \u00e1ramk\u00f6rben, mint a negat\u00edv p\u00f3lussal.<\/li>\n<li data-sourcepos=\"12:1-12:184\"><strong>Nagy kapacit\u00e1s:<\/strong> M\u00e1s t\u00edpus\u00fa kondenz\u00e1torokhoz k\u00e9pest l\u00e9nyegesen nagyobb kapacit\u00e1s\u00e9rt\u00e9keket k\u00edn\u00e1lnak, \u00edgy alkalmasak a nagy energiat\u00e1rol\u00e1st ig\u00e9nyl\u0151 alkalmaz\u00e1sokhoz.<\/li>\n<li data-sourcepos=\"13:1-13:167\"><strong>Nagy sziv\u00e1rg\u00e1si \u00e1ram:<\/strong> Az elektrolitikus kondenz\u00e1torok jellemz\u0151en nagyobb sziv\u00e1rg\u00e1si \u00e1rammal rendelkeznek m\u00e1s t\u00edpusokhoz k\u00e9pest, ami bizonyos esetekben befoly\u00e1solhatja az \u00e1ramk\u00f6r\u00f6k teljes\u00edtm\u00e9ny\u00e9t.<\/li>\n<li data-sourcepos=\"14:1-15:0\"><strong>Korl\u00e1tozott \u00e9lettartam:<\/strong> Az elektrolit id\u0151vel kisz\u00e1radhat, ami a kapacit\u00e1s cs\u00f6kken\u00e9s\u00e9hez \u00e9s a sziv\u00e1rg\u00e1si \u00e1ram n\u00f6veked\u00e9s\u00e9hez vezet. Ez korl\u00e1tozza az elektrolitkondenz\u00e1torok \u00e9lettartam\u00e1t.<\/li>\n<\/ul>\n<h3 data-sourcepos=\"16:1-16:24\">Gyakori alkalmaz\u00e1sok:<\/h3>\n<ul data-sourcepos=\"17:1-21:0\">\n<li data-sourcepos=\"17:1-17:64\"><strong>T\u00e1pegys\u00e9gek:<\/strong> Egyen\u00e1ram\u00fa t\u00e1pegys\u00e9gek sz\u0171r\u00e9se \u00e9s sim\u00edt\u00e1sa.<\/li>\n<li data-sourcepos=\"18:1-18:58\"><strong>Audio er\u0151s\u00edt\u0151k:<\/strong> Az er\u0151s\u00edt\u0151fokozatok k\u00f6z\u00f6tti csatol\u00e1s.<\/li>\n<li data-sourcepos=\"19:1-19:55\"><strong>Motorhajt\u00e1sok:<\/strong> Energiat\u00e1rol\u00e1s egyen\u00e1ram\u00fa kapcsol\u00e1si \u00e1ramk\u00f6r\u00f6kben.<\/li>\n<li data-sourcepos=\"20:1-21:0\"><strong>Flash \u00e1ramk\u00f6r\u00f6k:<\/strong> Energiat\u00e1rol\u00e1s villan\u00f3l\u00e1mp\u00e1khoz.<\/li>\n<\/ul>\n<h3 data-sourcepos=\"22:1-22:37\">Az egyen\u00e1ram\u00fa elektrolitikus kondenz\u00e1tor t\u00edpusai:<\/h3>\n<ul data-sourcepos=\"23:1-26:0\">\n<li data-sourcepos=\"23:1-23:126\"><strong>Alum\u00ednium elektrolitikus kondenz\u00e1torok:<\/strong> A legelterjedtebb t\u00edpus, amely a kapacit\u00e1s\u00e9rt\u00e9kek \u00e9s fesz\u00fclts\u00e9g\u00e9rt\u00e9kek sz\u00e9les sk\u00e1l\u00e1j\u00e1t k\u00edn\u00e1lja.<\/li>\n<li data-sourcepos=\"23:1-23:126\"><strong>Tant\u00e1l elektrolitikus kondenz\u00e1torok:<\/strong> Alacsony sziv\u00e1rg\u00e1si \u00e1ramukr\u00f3l \u00e9s nagy stabilit\u00e1sukr\u00f3l ismertek, de jellemz\u0151en dr\u00e1g\u00e1bbak, mint az alum\u00ednium elektrolitkondenz\u00e1torok.<\/li>\n<li data-sourcepos=\"25:1-26:0\"><strong>ni\u00f3bium elektrolitikus kondenz\u00e1torok:<\/strong> \u00dajabb t\u00edpus, jobb teljes\u00edtm\u00e9nyjellemz\u0151kkel, t\u00f6bbek k\u00f6z\u00f6tt alacsonyabb ESR-rel \u00e9s nagyobb hull\u00e1m\u00e1ram-k\u00e9pess\u00e9ggel.<\/li>\n<\/ul>\n<p data-sourcepos=\"27:1-28:36\">\n<div class=\"attachment-container search-images\">\n<div class=\"image-container hide-from-message-actions ng-star-inserted\">\n<div class=\"caption ellipsis gds-label-m-alt ng-star-inserted\" aria-hidden=\"true\"><\/div>\n<\/div>\n<\/div>","protected":false},"excerpt":{"rendered":"<table style=\"height: 515px;\" width=\"684\">\n<tbody>\n<tr>\n<td width=\"146\"><strong><b>Term\u00e9k<\/b><\/strong>\u00a0<strong><b>N\u00e9v:<\/b><\/strong><\/td>\n<td width=\"601\">DC elektrolitikus kondenz\u00e1tor<\/td>\n<\/tr>\n<tr>\n<td width=\"146\">\n<h4><strong>R\u00f6vid le\u00edr\u00e1s:<\/strong><\/h4>\n<\/td>\n<td width=\"601\">Pv inverter, sz\u00e9ler\u0151m\u0171 \u00e1talak\u00edt\u00f3; Mindenf\u00e9le frekvenciav\u00e1lt\u00f3 \u00e9s inverter t\u00e1pegys\u00e9g; Tiszta elektromos \u00e9s hibrid aut\u00f3k; SVG, SVC eszk\u00f6z\u00f6k \u00e9s m\u00e1sfajta teljes\u00edtm\u00e9nymin\u0151s\u00e9g-kezel\u00e9s.<\/td>\n<\/tr>\n<tr>\n<td width=\"146\"><strong>Kapacit\u00e1si tartom\u00e1ny:<\/strong><\/td>\n<td width=\"601\">50\u03bcF~380\u03bcF<\/td>\n<\/tr>\n<tr>\n<td width=\"146\"><strong>N\u00e9vleges fesz\u00fclts\u00e9g\uff1a<\/strong><\/td>\n<td width=\"601\">450V.DC~1500V.DC<\/td>\n<\/tr>\n<tr>\n<td width=\"146\"><strong>Cap.tol\uff1a<\/strong><\/td>\n<td width=\"601\">\u00b15%\uff08J\uff09\uff1b\u00b110%\uff08K\uff09<\/td>\n<\/tr>\n<tr>\n<td width=\"146\"><strong>DC link kondenz\u00e1tor:<\/strong><\/td>\n<td width=\"601\">DMJ-PC<\/td>\n<\/tr>\n<\/tbody>\n<\/table>","protected":false},"featured_media":1640,"comment_status":"open","ping_status":"closed","template":"","meta":[],"product_brand":[],"product_cat":[38],"product_tag":[],"class_list":{"0":"post-1639","1":"product","2":"type-product","3":"status-publish","4":"has-post-thumbnail","6":"product_cat-dc-capacitor-2","8":"first","9":"instock","10":"shipping-taxable","11":"product-type-simple"},"_links":{"self":[{"href":"https:\/\/rf-capacitor.com\/hu\/wp-json\/wp\/v2\/product\/1639","targetHints":{"allow":["GET"]}}],"collection":[{"href":"https:\/\/rf-capacitor.com\/hu\/wp-json\/wp\/v2\/product"}],"about":[{"href":"https:\/\/rf-capacitor.com\/hu\/wp-json\/wp\/v2\/types\/product"}],"replies":[{"embeddable":true,"href":"https:\/\/rf-capacitor.com\/hu\/wp-json\/wp\/v2\/comments?post=1639"}],"wp:featuredmedia":[{"embeddable":true,"href":"https:\/\/rf-capacitor.com\/hu\/wp-json\/wp\/v2\/media\/1640"}],"wp:attachment":[{"href":"https:\/\/rf-capacitor.com\/hu\/wp-json\/wp\/v2\/media?parent=1639"}],"wp:term":[{"taxonomy":"product_brand","embeddable":true,"href":"https:\/\/rf-capacitor.com\/hu\/wp-json\/wp\/v2\/product_brand?post=1639"},{"taxonomy":"product_cat","embeddable":true,"href":"https:\/\/rf-capacitor.com\/hu\/wp-json\/wp\/v2\/product_cat?post=1639"},{"taxonomy":"product_tag","embeddable":true,"href":"https:\/\/rf-capacitor.com\/hu\/wp-json\/wp\/v2\/product_tag?post=1639"}],"curies":[{"name":"wp","href":"https:\/\/api.w.org\/{rel}","templated":true}]}}