{"id":1630,"date":"2024-12-26T08:55:26","date_gmt":"2024-12-26T08:55:26","guid":{"rendered":"https:\/\/rf-capacitor.com\/?post_type=product&#038;p=1630"},"modified":"2024-12-26T09:16:35","modified_gmt":"2024-12-26T09:16:35","slug":"dc-circuit-capacitor","status":"publish","type":"product","link":"https:\/\/rf-capacitor.com\/hu\/dc-circuit-capacitor\/","title":{"rendered":"DC \u00e1ramk\u00f6r kondenz\u00e1tor"},"content":{"rendered":"<h3 data-sourcepos=\"1:1-1:47\"><strong>Kondenz\u00e1torok egyen\u00e1ram\u00fa \u00e1ramk\u00f6r\u00f6kben: V\u00e1ratlan szerepek<\/strong><\/h3>\n<p data-sourcepos=\"3:1-3:203\">M\u00edg az egyen\u00e1ram\u00fa \u00e1ramk\u00f6r\u00f6k kondenz\u00e1torait gyakran a v\u00e1ltakoz\u00f3 \u00e1ramk\u00f6r\u00f6kh\u00f6z t\u00e1rs\u00edtj\u00e1k, meglep\u0151 \u00e9s d\u00f6nt\u0151 szerepet j\u00e1tszhatnak az egyen\u00e1ram\u00fa \u00e1ramk\u00f6r\u00f6kben is. \u00cdme egy bont\u00e1s arr\u00f3l, hogyan viselkednek \u00e9s hogyan haszn\u00e1lj\u00e1k a kondenz\u00e1torokat egyen\u00e1ram\u00fa k\u00f6rnyezetben:<\/p>\n<h4 data-sourcepos=\"5:1-5:37\"><strong>1. Kezdeti t\u00f6lt\u00e9s \u00e9s blokkol\u00e1s:<\/strong><\/h4>\n<ul data-sourcepos=\"7:1-9:0\">\n<li data-sourcepos=\"7:1-7:201\"><strong>T\u00f6lt\u00e9si f\u00e1zis:<\/strong> Amikor egy egyen\u00e1ram\u00fa \u00e1ramk\u00f6ri kondenz\u00e1tort el\u0151sz\u00f6r csatlakoztatunk egy t\u00f6ltetlen kondenz\u00e1torhoz, r\u00f6vid ideig \u00e1ram folyik. Ez az \u00e1ram felt\u00f6lti a kondenz\u00e1tor lemezeit, \u00e9s ezzel ellent\u00e9tes elektromos mez\u0151t hoz l\u00e9tre.<\/li>\n<li data-sourcepos=\"7:1-7:201\"><strong>\u00c1lland\u00f3 \u00e1llapot:<\/strong> Ha a kondenz\u00e1tor teljesen felt\u00f6lt\u0151d\u00f6tt, nyitott \u00e1ramk\u00f6rk\u00e9nt m\u0171k\u00f6dik, \u00e9s megakad\u00e1lyozza a tov\u00e1bbi egyen\u00e1ram \u00e1raml\u00e1s\u00e1t. Ennek oka, hogy a lemezeken felhalmozott t\u00f6lt\u00e9s olyan elektromos mez\u0151t hoz l\u00e9tre, amely t\u00f6k\u00e9letesen ellens\u00falyozza az alkalmazott egyen\u00e1ram\u00fa \u00e1ramk\u00f6r kondenz\u00e1tor\u00e1t.<\/li>\n<li data-sourcepos=\"8:1-9:0\"><strong style=\"color: #555555; font-size: 14.4px;\">2. Sim\u00edt\u00e1s \u00e9s sz\u0171r\u00e9s:<\/strong><\/li>\n<\/ul>\n<ul data-sourcepos=\"12:1-14:0\">\n<li data-sourcepos=\"12:1-12:281\"><strong>Hull\u00e1mz\u00e1scs\u00f6kkent\u00e9s:<\/strong> A t\u00e1pegys\u00e9gekben a kondenz\u00e1torokat az egyenir\u00e1ny\u00edt\u00e1si folyamat miatt gyakran el\u0151fordul\u00f3 fesz\u00fclts\u00e9gingadoz\u00e1sok (hull\u00e1mz\u00e1s) kiegyenl\u00edt\u00e9s\u00e9re haszn\u00e1lj\u00e1k. A kondenz\u00e1tor a fesz\u00fclts\u00e9gcs\u00facsok idej\u00e9n elnyeli a felesleges t\u00f6lt\u00e9st, a fesz\u00fclts\u00e9gcs\u00f6kken\u00e9sek idej\u00e9n pedig leadja azt, ami stabilabb egyen\u00e1ram\u00fa kimenetet eredm\u00e9nyez.<\/li>\n<li data-sourcepos=\"13:1-14:0\"><strong>Sz\u0171r\u00e9s:<\/strong> Kondenz\u00e1torok haszn\u00e1lhat\u00f3k a nagyfrekvenci\u00e1s zajok kisz\u0171r\u00e9s\u00e9re az egyen\u00e1ram\u00fa jelb\u0151l. Egyen\u00e1ram\u00fa \u00e1ramk\u00f6r kondenz\u00e1tor Ez k\u00fcl\u00f6n\u00f6sen fontos az \u00e9rz\u00e9keny elektronikus \u00e1ramk\u00f6r\u00f6kben, ahol a zaj zavarhatja a megfelel\u0151 m\u0171k\u00f6d\u00e9st.<\/li>\n<\/ul>\n<h4 data-sourcepos=\"15:1-15:23\"><strong>3. Id\u0151z\u00edt\u0151 \u00e1ramk\u00f6r\u00f6k:<\/strong><\/h4>\n<ul data-sourcepos=\"17:1-18:0\">\n<li data-sourcepos=\"17:1-18:0\"><strong>RC \u00e1ramk\u00f6r\u00f6k:<\/strong> Az id\u0151z\u00edt\u0151 \u00e1ramk\u00f6r\u00f6k alapj\u00e1t az ellen\u00e1ll\u00e1sokkal kombin\u00e1lt kondenz\u00e1torok (RC-\u00e1ramk\u00f6r\u00f6k) k\u00e9pezik. Pontosan szab\u00e1lyozhat\u00f3 az az id\u0151, amely alatt egy kondenz\u00e1tor egy ellen\u00e1ll\u00e1son kereszt\u00fcl felt\u00f6lt\u0151dik vagy lemer\u00fcl, lehet\u0151v\u00e9 t\u00e9ve k\u00e9sleltet\u00e9sek, oszcill\u00e1torok \u00e9s m\u00e1s id\u0151z\u00edt\u00e9ssel kapcsolatos funkci\u00f3k l\u00e9trehoz\u00e1s\u00e1t.<\/li>\n<li data-sourcepos=\"17:1-18:0\">\n<h4><strong style=\"color: #555555; font-size: 14.4px;\">4. AC jelek \u00f6sszekapcsol\u00e1sa:<\/strong><\/h4>\n<\/li>\n<\/ul>\n<ul data-sourcepos=\"21:1-22:0\">\n<li data-sourcepos=\"21:1-22:0\"><strong>DC blokkol\u00e1sa:<\/strong> A kondenz\u00e1torok arra haszn\u00e1lhat\u00f3k, hogy v\u00e1ltakoz\u00f3 \u00e1ram\u00fa jeleket kapcsoljanak \u00f6ssze egy egyen\u00e1ram\u00fa \u00e1ramk\u00f6r k\u00fcl\u00f6nb\u00f6z\u0151 szakaszai k\u00f6z\u00f6tt, mik\u00f6zben hat\u00e9konyan blokkolj\u00e1k az egyen\u00e1ram\u00fa komponenst. Ez sz\u00e1mos audio- \u00e9s er\u0151s\u00edt\u0151\u00e1ramk\u00f6rben kulcsfontoss\u00e1g\u00fa.<\/li>\n<li data-sourcepos=\"21:1-22:0\"><strong style=\"color: #555555; font-size: 14.4px;\">Kulcspontok:<\/strong><\/li>\n<\/ul>\n<ul data-sourcepos=\"25:1-27:0\">\n<li data-sourcepos=\"25:1-25:248\"><strong>Nem mindig passz\u00edv:<\/strong> B\u00e1r a kondenz\u00e1torok \u00e1ltal\u00e1ban blokkolj\u00e1k az egyen\u00e1ramot, viselked\u00e9s\u00fck az egyen\u00e1ram\u00fa \u00e1ramk\u00f6r\u00f6kben nem mindig passz\u00edv. Akt\u00edvan r\u00e9szt vehetnek az \u00e1ramk\u00f6r viselked\u00e9s\u00e9nek alak\u00edt\u00e1s\u00e1ban, k\u00fcl\u00f6n\u00f6sen a t\u00f6lt\u00e9si, sim\u00edt\u00e1si \u00e9s id\u0151z\u00edt\u00e9si alkalmaz\u00e1sokban.<\/li>\n<li data-sourcepos=\"25:1-25:248\"><strong>Alkalmaz\u00e1sspecifikus:<\/strong> A kondenz\u00e1tor konkr\u00e9t szerepe egy egyen\u00e1ram\u00fa \u00e1ramk\u00f6rben nagym\u00e9rt\u00e9kben f\u00fcgg az \u00e1ramk\u00f6r kialak\u00edt\u00e1s\u00e1t\u00f3l \u00e9s a tervezett funkci\u00f3t\u00f3l.<\/li>\n<\/ul>\n<p data-sourcepos=\"28:1-28:223\"><strong>L\u00e9nyeg\u00e9ben a kondenz\u00e1torok az egyen\u00e1ram\u00fa \u00e1ramk\u00f6r\u00f6kben nem csak passz\u00edv elemek; dinamikus alkatr\u00e9szek lehetnek, amelyek l\u00e9tfontoss\u00e1g\u00fa szerepet j\u00e1tszanak az \u00e1ramk\u00f6r viselked\u00e9s\u00e9nek alak\u00edt\u00e1s\u00e1ban, a t\u00e1pegys\u00e9gek sim\u00edt\u00e1s\u00e1t\u00f3l a pontos id\u0151z\u00edt\u00e9si mechanizmusok l\u00e9trehoz\u00e1s\u00e1ig.<\/strong><\/p>","protected":false},"excerpt":{"rendered":"<table style=\"height: 544px;\" width=\"704\">\n<tbody>\n<tr>\n<td width=\"146\"><strong><b>Term\u00e9k<\/b><\/strong>\u00a0<strong><b>N\u00e9v:<\/b><\/strong><\/td>\n<td width=\"601\">DC \u00e1ramk\u00f6r kondenz\u00e1tor<\/td>\n<\/tr>\n<tr>\n<td width=\"146\">\n<h4><strong>R\u00f6vid le\u00edr\u00e1s:<\/strong><\/h4>\n<\/td>\n<td width=\"601\">A metaliz\u00e1lt filmkondenz\u00e1torok a mai elektronikus \u00e1ramk\u00f6r\u00f6kben leggyakrabban haszn\u00e1lt kondenz\u00e1torok k\u00f6z\u00e9 tartoznak, m\u00edg a kis teljes\u00edtm\u00e9ny\u0171 filmkondenz\u00e1torokat \u00e1ltal\u00e1ban lev\u00e1laszt\u00f3 \u00e9s sz\u0171r\u0151 alkalmaz\u00e1sokban haszn\u00e1lj\u00e1k.<\/td>\n<\/tr>\n<tr>\n<td width=\"146\"><strong>Kapacit\u00e1si tartom\u00e1ny:<\/strong><\/td>\n<td width=\"601\">8-150uf<\/td>\n<\/tr>\n<tr>\n<td width=\"146\"><strong>N\u00e9vleges fesz\u00fclts\u00e9g\uff1a<\/strong><\/td>\n<td width=\"601\">450-1300V<\/td>\n<\/tr>\n<tr>\n<td width=\"146\">\u00a0<strong>H\u0151m\u00e9rs\u00e9klet:<\/strong><\/td>\n<td width=\"601\">105 \u2103-ig<\/td>\n<\/tr>\n<\/tbody>\n<\/table>","protected":false},"featured_media":1632,"comment_status":"open","ping_status":"closed","template":"","meta":[],"product_brand":[],"product_cat":[38],"product_tag":[],"class_list":{"0":"post-1630","1":"product","2":"type-product","3":"status-publish","4":"has-post-thumbnail","6":"product_cat-dc-capacitor-2","8":"first","9":"instock","10":"shipping-taxable","11":"product-type-simple"},"_links":{"self":[{"href":"https:\/\/rf-capacitor.com\/hu\/wp-json\/wp\/v2\/product\/1630","targetHints":{"allow":["GET"]}}],"collection":[{"href":"https:\/\/rf-capacitor.com\/hu\/wp-json\/wp\/v2\/product"}],"about":[{"href":"https:\/\/rf-capacitor.com\/hu\/wp-json\/wp\/v2\/types\/product"}],"replies":[{"embeddable":true,"href":"https:\/\/rf-capacitor.com\/hu\/wp-json\/wp\/v2\/comments?post=1630"}],"wp:featuredmedia":[{"embeddable":true,"href":"https:\/\/rf-capacitor.com\/hu\/wp-json\/wp\/v2\/media\/1632"}],"wp:attachment":[{"href":"https:\/\/rf-capacitor.com\/hu\/wp-json\/wp\/v2\/media?parent=1630"}],"wp:term":[{"taxonomy":"product_brand","embeddable":true,"href":"https:\/\/rf-capacitor.com\/hu\/wp-json\/wp\/v2\/product_brand?post=1630"},{"taxonomy":"product_cat","embeddable":true,"href":"https:\/\/rf-capacitor.com\/hu\/wp-json\/wp\/v2\/product_cat?post=1630"},{"taxonomy":"product_tag","embeddable":true,"href":"https:\/\/rf-capacitor.com\/hu\/wp-json\/wp\/v2\/product_tag?post=1630"}],"curies":[{"name":"wp","href":"https:\/\/api.w.org\/{rel}","templated":true}]}}