{"id":1619,"date":"2024-12-26T04:13:14","date_gmt":"2024-12-26T04:13:14","guid":{"rendered":"https:\/\/rf-capacitor.com\/?post_type=product&#038;p=1619"},"modified":"2024-12-26T06:52:05","modified_gmt":"2024-12-26T06:52:05","slug":"dc-blocking-capacitor","status":"publish","type":"product","link":"https:\/\/rf-capacitor.com\/hu\/dc-blocking-capacitor\/","title":{"rendered":"DC blokkol\u00f3 kondenz\u00e1tor"},"content":{"rendered":"<div id=\"model-response-message-contentr_721751df4669b9f0\" class=\"markdown markdown-main-panel response-optimization\" dir=\"ltr\">\n<h2 data-sourcepos=\"1:1-1:53\">DC blokkol\u00f3 kondenz\u00e1tor: H\u00edd a v\u00e1ltakoz\u00f3 \u00e1ram\u00fa jelek k\u00f6z\u00f6tt<\/h2>\n<p data-sourcepos=\"3:1-3:329\"><strong><span class=\"citation-0 recitation\">Egy egyen\u00e1ram\u00fa blokkol\u00f3 kondenz\u00e1tor<\/span><\/strong><span class=\"citation-0 recitation\">, m\u00e1s n\u00e9ven <\/span><strong><span class=\"citation-0 recitation\">csatol\u00f3kondenz\u00e1tor<\/span><\/strong><span class=\"citation-0 recitation\"> vagy <\/span><strong><span class=\"citation-0 recitation\">\u00e1thidal\u00f3 kondenz\u00e1tor<\/span><\/strong><span class=\"citation-0 recitation citation-end-0\">, egy passz\u00edv elektronikus alkatr\u00e9sz, amely sz\u00e1mos \u00e1ramk\u00f6rben d\u00f6nt\u0151 szerepet j\u00e1tszik.<\/span> <span class=\"citation-1 recitation\">Els\u0151dleges feladata, hogy <\/span><strong><span class=\"citation-1 recitation\">a v\u00e1ltakoz\u00f3 \u00e1ram\u00fa (AC) jeleket \u00e1tengedi, mik\u00f6zben az egyen\u00e1ram\u00fa (DC) komponenseket blokkolja.<\/span><\/strong><span class=\"citation-1 recitation citation-end-1\">.<\/span><span class=\"button-container hide-from-message-actions ng-star-inserted\">\u00a0<\/span><\/p>\n<div class=\"container ng-tns-c362440147-19 hide\">\n<div class=\"carousel-container ng-tns-c362440147-19\">\n<div class=\"carousel-content ng-tns-c362440147-19\">\n<div class=\"sources-carousel-source ng-tns-c362440147-19 hide ng-star-inserted\" data-test-id=\"sources-carousel-source\"><\/div>\n<div class=\"sources-carousel-source ng-tns-c362440147-19 hide ng-star-inserted\" data-test-id=\"sources-carousel-source\"><span style=\"font-size: 20.16px;\">Hogyan m\u0171k\u00f6dik<\/span><\/div>\n<\/div>\n<\/div>\n<\/div>\n<ul data-sourcepos=\"6:1-9:0\">\n<li data-sourcepos=\"6:1-6:121\"><strong>Kapacit\u00e1s:<\/strong> <span class=\"citation-2 recitation citation-end-2\">A kondenz\u00e1torok elektromos t\u00f6lt\u00e9st t\u00e1rolnak, \u00e9s ezt a k\u00e9pess\u00e9g\u00fcket Faradban (F) m\u00e9rik.<\/span><span class=\"button-container hide-from-message-actions ng-star-inserted\">\u00a0 \u00a0<\/span>\n<div class=\"container ng-tns-c362440147-20 hide\">\n<div class=\"carousel-container ng-tns-c362440147-20\"><\/div>\n<\/div>\n<\/li>\n<li data-sourcepos=\"7:1-7:129\"><strong>AC jel:<\/strong> V\u00e1ltakoz\u00f3 \u00e1ram\u00fa jel bekapcsol\u00e1sakor a kondenz\u00e1tor gyorsan t\u00f6lt\u0151dik \u00e9s kis\u00fcl, \u00edgy a jel \u00e1tjuthat rajta.<\/li>\n<li data-sourcepos=\"8:1-9:0\"><strong>DC jel:<\/strong> <span class=\"citation-3 recitation citation-end-3\">Egyen\u00e1ram\u00fa jel eset\u00e9n a kondenz\u00e1tor egyenletes \u00e1llapotba t\u00f6lt\u0151dik, \u00e9s nyitott \u00e1ramk\u00f6rk\u00e9nt m\u0171k\u00f6dik, hat\u00e9konyan blokkolva az egyen\u00e1ram\u00fa komponenst.<\/span><span class=\"button-container hide-from-message-actions ng-star-inserted\"> \u00a0<\/span>\n<div class=\"container ng-tns-c362440147-21 hide\">\n<div class=\"carousel-container ng-tns-c362440147-21\">\n<div class=\"carousel-content ng-tns-c362440147-21\">\n<div class=\"sources-carousel-source ng-tns-c362440147-21 hide ng-star-inserted\" data-test-id=\"sources-carousel-source\"><\/div>\n<\/div>\n<\/div>\n<\/div>\n<\/li>\n<\/ul>\n<h3 data-sourcepos=\"10:1-10:16\">Alkalmaz\u00e1sok<\/h3>\n<p data-sourcepos=\"11:1-11:81\">A DC blokkol\u00f3 kondenz\u00e1torokat sz\u00e9les k\u00f6rben haszn\u00e1lj\u00e1k k\u00fcl\u00f6nb\u00f6z\u0151 elektronikus \u00e1ramk\u00f6r\u00f6kben, t\u00f6bbek k\u00f6z\u00f6tt:<\/p>\n<ul data-sourcepos=\"12:1-16:0\">\n<li data-sourcepos=\"12:1-12:117\"><strong><span class=\"citation-4 recitation\">Audi\u00f3 er\u0151s\u00edt\u0151k:<\/span><\/strong><span class=\"citation-4 recitation citation-end-4\"> Az AC jel egyik fokozatb\u00f3l a m\u00e1sikba t\u00f6rt\u00e9n\u0151 \u00e1tkapcsol\u00e1sa az egyen\u00e1ram\u00fa el\u0151fesz\u00edt\u00e9s befoly\u00e1sol\u00e1sa n\u00e9lk\u00fcl.<\/span><\/li>\n<li data-sourcepos=\"12:1-12:117\"><strong><span class=\"button-container hide-from-message-actions ng-star-inserted\"> R<\/span><span class=\"citation-5 recitation\"><strong>adio<\/strong> frekvenci\u00e1s (RF) rendszerek:<\/span><\/strong><span class=\"citation-5 recitation citation-end-5\"> Az \u00e1ramk\u00f6r k\u00fcl\u00f6nb\u00f6z\u0151 szakaszainak elk\u00fcl\u00f6n\u00edt\u00e9se \u00e9s annak megakad\u00e1lyoz\u00e1sa, hogy a nem k\u00edv\u00e1nt egyenfesz\u00fclts\u00e9gek zavarj\u00e1k az RF jelet.<\/span><span class=\"button-container hide-from-message-actions ng-star-inserted\"> \u00a0<\/span>\n<div class=\"container ng-tns-c362440147-23 hide\">\n<div class=\"carousel-container ng-tns-c362440147-23\"><\/div>\n<\/div>\n<\/li>\n<li data-sourcepos=\"14:1-14:102\"><strong><span class=\"citation-6 recitation\">Teljes\u00edtm\u00e9ny-\u00e1talak\u00edt\u00f3k:<\/span><\/strong><span class=\"citation-6 recitation citation-end-6\"> A nagyfrekvenci\u00e1s zaj \u00e9s hull\u00e1mz\u00e1s kisz\u0171r\u00e9se az egyen\u00e1ram\u00fa kimenetb\u0151l.<\/span><span class=\"button-container hide-from-message-actions ng-star-inserted\"> \u00a0<\/span><\/li>\n<li data-sourcepos=\"14:1-14:102\"><span class=\"button-container hide-from-message-actions ng-star-inserted\"><strong style=\"font-size: 14.4px;\"><span class=\"citation-7 recitation\">Jelkondicion\u00e1l\u00f3 \u00e1ramk\u00f6r\u00f6k:<\/span><\/strong><span class=\"citation-7 recitation citation-end-7\" style=\"font-size: 14.4px;\"> Az egyen\u00e1ram\u00fa elt\u00e9r\u00e9sek elt\u00e1vol\u00edt\u00e1sa \u00e9s az \u00e1ramk\u00f6r k\u00fcl\u00f6nb\u00f6z\u0151 r\u00e9szeinek elk\u00fcl\u00f6n\u00edt\u00e9se.<\/span><span class=\"button-container hide-from-message-actions ng-star-inserted\" style=\"font-size: 14.4px;\"> \u00a0<\/span><\/span>\n<div class=\"container ng-tns-c362440147-25 hide\">\n<div class=\"carousel-container ng-tns-c362440147-25\">\n<div class=\"carousel-content ng-tns-c362440147-25\">\n<div class=\"sources-carousel-source ng-tns-c362440147-25 hide ng-star-inserted\" data-test-id=\"sources-carousel-source\"><\/div>\n<\/div>\n<\/div>\n<\/div>\n<\/li>\n<\/ul>\n<h3 data-sourcepos=\"17:1-17:22\">Legfontosabb megfontol\u00e1sok<\/h3>\n<ul data-sourcepos=\"18:1-21:0\">\n<li data-sourcepos=\"18:1-18:140\"><strong>Kapacit\u00e1si \u00e9rt\u00e9k:<\/strong> A kondenz\u00e1tor kapacit\u00e1s\u00e1nak \u00e9rt\u00e9k\u00e9t a v\u00e1ltakoz\u00f3 \u00e1ram\u00fa jel frekvenci\u00e1ja \u00e9s a k\u00edv\u00e1nt impedancia alapj\u00e1n kell megv\u00e1lasztani.<\/li>\n<li data-sourcepos=\"19:1-19:116\"><strong>Fesz\u00fclts\u00e9gi besorol\u00e1s:<\/strong> A kondenz\u00e1tort arra a maxim\u00e1lis fesz\u00fclts\u00e9gre kell m\u00e9retezni, amelynek az \u00e1ramk\u00f6rben ki lesz t\u00e9ve.<\/li>\n<li data-sourcepos=\"20:1-21:0\"><strong>Tolerancia:<\/strong> A kondenz\u00e1tor t\u0171r\u00e9se hat\u00e1rozza meg a kapacit\u00e1s\u00e9rt\u00e9k pontoss\u00e1g\u00e1t.<\/li>\n<\/ul>\n<p data-sourcepos=\"22:1-22:233\"><strong><span class=\"citation-8 recitation citation-end-8\">A DC blokkol\u00f3 kondenz\u00e1tor l\u00e9nyeg\u00e9ben szelekt\u00edv sz\u0171r\u0151k\u00e9nt m\u0171k\u00f6dik, amely csak a v\u00e1ltakoz\u00f3 \u00e1ram\u00fa jeleket engedi \u00e1t, mik\u00f6zben hat\u00e9konyan blokkolja az egyen\u00e1ram\u00fa komponenseket.<\/span> Ez teszi sz\u00e1mos elektronikus \u00e1ramk\u00f6r n\u00e9lk\u00fcl\u00f6zhetetlen alkatr\u00e9sz\u00e9v\u00e9.<\/strong><span class=\"button-container hide-from-message-actions ng-star-inserted\"> \u00a0<\/span><\/p>\n<\/div>","protected":false},"excerpt":{"rendered":"<table style=\"height: 544px;\" width=\"643\">\n<tbody>\n<tr>\n<td width=\"146\"><strong><b>Term\u00e9k<\/b><\/strong>\u00a0<strong><b>N\u00e9v:<\/b><\/strong><\/td>\n<td width=\"601\">DC blokkol\u00f3 kondenz\u00e1tor<\/td>\n<\/tr>\n<tr>\n<td width=\"146\">\n<h4><strong>R\u00f6vid le\u00edr\u00e1s:<\/strong><\/h4>\n<\/td>\n<td width=\"601\">Inverterek \u00e9s frekvenciav\u00e1lt\u00f3k fotovoltaikus, sz\u00e9lenergia, energiat\u00e1rol\u00e1s \u00e9s m\u00e1s \u00faj energiaipar\u00e1gak sz\u00e1m\u00e1ra.<\/td>\n<\/tr>\n<tr>\n<td width=\"146\"><strong>Kapacit\u00e1si tartom\u00e1ny:<\/strong><\/td>\n<td width=\"601\">\u00a0100\u03bcF\uff5e20000\u03bcF<\/td>\n<\/tr>\n<tr>\n<td width=\"146\"><strong>N\u00e9vleges fesz\u00fclts\u00e9g\uff1a<\/strong><\/td>\n<td width=\"601\">\u00a0600V.DC\uff5e4000V.DC<\/td>\n<\/tr>\n<tr>\n<td width=\"146\"><strong>Cap.tol\uff1a<\/strong><\/td>\n<td width=\"601\">\u00a0\u00b15%\uff08J\uff09\uff1b\u00b110%\uff08K\uff09<\/td>\n<\/tr>\n<tr>\n<td width=\"146\"><strong>Elektromos \u00e9s hibrid j\u00e1rm\u0171vek:<\/strong><\/td>\n<td width=\"601\">haj\u00f3k; vonatok.<\/td>\n<\/tr>\n<tr>\n<td width=\"146\"><\/td>\n<td width=\"601\"><\/td>\n<\/tr>\n<tr>\n<td width=\"146\"><\/td>\n<td width=\"601\"><\/td>\n<\/tr>\n<tr>\n<td width=\"146\"><\/td>\n<td width=\"601\"><\/td>\n<\/tr>\n<\/tbody>\n<\/table>","protected":false},"featured_media":1621,"comment_status":"open","ping_status":"closed","template":"","meta":[],"product_brand":[],"product_cat":[38],"product_tag":[],"class_list":{"0":"post-1619","1":"product","2":"type-product","3":"status-publish","4":"has-post-thumbnail","6":"product_cat-dc-capacitor-2","8":"first","9":"instock","10":"shipping-taxable","11":"product-type-simple"},"_links":{"self":[{"href":"https:\/\/rf-capacitor.com\/hu\/wp-json\/wp\/v2\/product\/1619","targetHints":{"allow":["GET"]}}],"collection":[{"href":"https:\/\/rf-capacitor.com\/hu\/wp-json\/wp\/v2\/product"}],"about":[{"href":"https:\/\/rf-capacitor.com\/hu\/wp-json\/wp\/v2\/types\/product"}],"replies":[{"embeddable":true,"href":"https:\/\/rf-capacitor.com\/hu\/wp-json\/wp\/v2\/comments?post=1619"}],"wp:featuredmedia":[{"embeddable":true,"href":"https:\/\/rf-capacitor.com\/hu\/wp-json\/wp\/v2\/media\/1621"}],"wp:attachment":[{"href":"https:\/\/rf-capacitor.com\/hu\/wp-json\/wp\/v2\/media?parent=1619"}],"wp:term":[{"taxonomy":"product_brand","embeddable":true,"href":"https:\/\/rf-capacitor.com\/hu\/wp-json\/wp\/v2\/product_brand?post=1619"},{"taxonomy":"product_cat","embeddable":true,"href":"https:\/\/rf-capacitor.com\/hu\/wp-json\/wp\/v2\/product_cat?post=1619"},{"taxonomy":"product_tag","embeddable":true,"href":"https:\/\/rf-capacitor.com\/hu\/wp-json\/wp\/v2\/product_tag?post=1619"}],"curies":[{"name":"wp","href":"https:\/\/api.w.org\/{rel}","templated":true}]}}