{"id":2087,"date":"2025-01-14T03:17:14","date_gmt":"2025-01-14T03:17:14","guid":{"rendered":"https:\/\/rf-capacitor.com\/?post_type=product&#038;p=2087"},"modified":"2025-01-14T07:43:50","modified_gmt":"2025-01-14T07:43:50","slug":"closed-loop-hall-current-sensor","status":"publish","type":"product","link":"https:\/\/rf-capacitor.com\/fr\/closed-loop-hall-current-sensor\/","title":{"rendered":"Capteur de courant \u00e0 effet Hall en boucle ferm\u00e9e"},"content":{"rendered":"<p data-sourcepos=\"1:1-1:157\">Un capteur de courant \u00e0 effet Hall en boucle ferm\u00e9e est un type de capteur de courant plus sophistiqu\u00e9 qui surmonte de nombreuses limitations de son homologue en boucle ouverte.<\/p>\n<h2 data-sourcepos=\"3:1-3:17\">Fonctionnement d'un capteur de courant \u00e0 effet Hall en boucle ferm\u00e9e :<\/h2>\n<ol data-sourcepos=\"5:1-9:0\">\n<li data-sourcepos=\"5:1-5:171\"><strong>D\u00e9tection des champs magn\u00e9tiques :<\/strong> Comme le capteur \u00e0 boucle ouverte, il utilise un capteur \u00e0 effet Hall pour d\u00e9tecter le champ magn\u00e9tique g\u00e9n\u00e9r\u00e9 par le courant circulant dans un conducteur.<\/li>\n<li data-sourcepos=\"6:1-6:179\"><strong>M\u00e9canisme de retour d'information :<\/strong> La principale diff\u00e9rence r\u00e9side dans l'inclusion d'une boucle de r\u00e9troaction. Le signal de sortie du capteur \u00e0 effet Hall est amplifi\u00e9 et utilis\u00e9 pour piloter une bobine de compensation.<\/li>\n<li data-sourcepos=\"7:1-7:151\"><strong>Annulation du champ magn\u00e9tique :<\/strong> Cette bobine de compensation g\u00e9n\u00e8re un champ magn\u00e9tique qui s'oppose au champ magn\u00e9tique produit par le courant primaire.<\/li>\n<li data-sourcepos=\"8:1-9:0\"><strong>Condition de flux nul :<\/strong> Le syst\u00e8me ajuste activement le courant circulant dans la bobine de compensation jusqu'\u00e0 ce que le champ magn\u00e9tique net dans le noyau soit minimis\u00e9 (id\u00e9alement ramen\u00e9 \u00e0 z\u00e9ro).<\/li>\n<\/ol>\n<h2 data-sourcepos=\"10:1-10:19\">Principaux avantages :<\/h2>\n<ul data-sourcepos=\"12:1-16:0\">\n<li data-sourcepos=\"12:1-12:104\"><strong>Am\u00e9lioration de la pr\u00e9cision :<\/strong> Minimise l'influence des champs magn\u00e9tiques externes et des variations de temp\u00e9rature.<\/li>\n<li data-sourcepos=\"13:1-13:91\"><strong>Lin\u00e9arit\u00e9 am\u00e9lior\u00e9e :<\/strong> Fournit un signal de sortie tr\u00e8s lin\u00e9aire sur une large gamme de courant.<\/li>\n<li data-sourcepos=\"14:1-14:99\"><strong>R\u00e9duction de la d\u00e9rive de temp\u00e9rature :<\/strong> Minimise l'impact des changements de temp\u00e9rature sur les performances du capteur.<\/li>\n<li data-sourcepos=\"15:1-16:0\"><strong>Haute pr\u00e9cision :<\/strong> Permet d'obtenir une plus grande exactitude et une plus grande pr\u00e9cision que les capteurs \u00e0 boucle ouverte.<\/li>\n<\/ul>\n<h2 data-sourcepos=\"17:1-17:17\">Applications :<\/h2>\n<ul data-sourcepos=\"19:1-22:0\">\n<li data-sourcepos=\"19:1-19:198\"><strong>Applications de haute pr\u00e9cision :<\/strong> Utilis\u00e9 dans des applications o\u00f9 la pr\u00e9cision et l'exactitude sont essentielles, telles que la commande de moteurs de pr\u00e9cision, la surveillance de la qualit\u00e9 de l'\u00e9nergie et l'instrumentation scientifique.<\/li>\n<li data-sourcepos=\"20:1-20:120\"><strong>Automatisation industrielle :<\/strong> Utilis\u00e9s dans des environnements industriels exigeants o\u00f9 la pr\u00e9cision et la fiabilit\u00e9 sont primordiales.<\/li>\n<li data-sourcepos=\"21:1-22:0\"><strong>Syst\u00e8mes d'\u00e9nergie renouvelable :<\/strong> Utilis\u00e9 dans les onduleurs solaires, les turbines \u00e9oliennes et d'autres syst\u00e8mes d'\u00e9nergie renouvelable pour une surveillance et un contr\u00f4le pr\u00e9cis de la puissance.<\/li>\n<\/ul>\n<h2 data-sourcepos=\"23:1-23:15\">En r\u00e9sum\u00e9 :<\/h2>\n<p data-sourcepos=\"25:1-25:329\">Les capteurs de courant \u00e0 effet Hall en boucle ferm\u00e9e offrent des avantages significatifs par rapport \u00e0 leurs homologues en boucle ouverte, car ils int\u00e8grent un m\u00e9canisme de r\u00e9troaction pour compenser activement les influences externes et am\u00e9liorer les performances globales. Ils conviennent donc \u00e0 un large \u00e9ventail d'applications pour lesquelles une pr\u00e9cision et une fiabilit\u00e9 \u00e9lev\u00e9es sont essentielles.<\/p>","protected":false},"excerpt":{"rendered":"<p>\u25cf Capteur de courant \u00e0 effet Hall de type ferm\u00e9<\/p>\n<p>\u25cf Courant nominal d'entr\u00e9e : 0~(200-1000)A ; Sortie nominale : 4V \/ 5V<\/p>\n<p>\u25cf Ouverture : 40mm ; Alimentation : \u00b112V \/ \u00b115V<\/p>\n<p>\u25cf Courant alternatif, courant continu, courant puls\u00e9 et autres courants complexes.<\/p>\n<p>\u25cf R\u00e9ponse rapide, large plage de mesure, haute pr\u00e9cision, forte capacit\u00e9 de surcharge, bonne lin\u00e9arit\u00e9 et excellentes performances anti-interf\u00e9rences.<\/p>","protected":false},"featured_media":2089,"comment_status":"open","ping_status":"closed","template":"","meta":[],"product_brand":[],"product_cat":[44],"product_tag":[],"class_list":{"0":"post-2087","1":"product","2":"type-product","3":"status-publish","4":"has-post-thumbnail","6":"product_cat-current-sensor-2","8":"first","9":"instock","10":"shipping-taxable","11":"product-type-simple"},"_links":{"self":[{"href":"https:\/\/rf-capacitor.com\/fr\/wp-json\/wp\/v2\/product\/2087","targetHints":{"allow":["GET"]}}],"collection":[{"href":"https:\/\/rf-capacitor.com\/fr\/wp-json\/wp\/v2\/product"}],"about":[{"href":"https:\/\/rf-capacitor.com\/fr\/wp-json\/wp\/v2\/types\/product"}],"replies":[{"embeddable":true,"href":"https:\/\/rf-capacitor.com\/fr\/wp-json\/wp\/v2\/comments?post=2087"}],"wp:featuredmedia":[{"embeddable":true,"href":"https:\/\/rf-capacitor.com\/fr\/wp-json\/wp\/v2\/media\/2089"}],"wp:attachment":[{"href":"https:\/\/rf-capacitor.com\/fr\/wp-json\/wp\/v2\/media?parent=2087"}],"wp:term":[{"taxonomy":"product_brand","embeddable":true,"href":"https:\/\/rf-capacitor.com\/fr\/wp-json\/wp\/v2\/product_brand?post=2087"},{"taxonomy":"product_cat","embeddable":true,"href":"https:\/\/rf-capacitor.com\/fr\/wp-json\/wp\/v2\/product_cat?post=2087"},{"taxonomy":"product_tag","embeddable":true,"href":"https:\/\/rf-capacitor.com\/fr\/wp-json\/wp\/v2\/product_tag?post=2087"}],"curies":[{"name":"wp","href":"https:\/\/api.w.org\/{rel}","templated":true}]}}