{"id":1890,"date":"2025-01-02T06:49:41","date_gmt":"2025-01-02T06:49:41","guid":{"rendered":"https:\/\/rf-capacitor.com\/?post_type=product&#038;p=1890"},"modified":"2025-01-02T06:49:41","modified_gmt":"2025-01-02T06:49:41","slug":"compact-resonant-capacitors","status":"publish","type":"product","link":"https:\/\/rf-capacitor.com\/fr\/compact-resonant-capacitors\/","title":{"rendered":"Condensateurs r\u00e9sonants compacts"},"content":{"rendered":"<div class=\"user-query-container ng-star-inserted\">\n<div id=\"user-query-content-6\" class=\"query-content\">\n<div class=\"query-text gds-body-l ng-star-inserted\" dir=\"ltr\" role=\"heading\" aria-level=\"2\">\n<h3 class=\"query-text-line ng-star-inserted\">Condensateurs r\u00e9sonants compacts<\/h3>\n<\/div>\n<\/div>\n<div class=\"button-gutter\"><span class=\"citation-0 recitation citation-end-0\" style=\"font-size: 14.4px; color: #555555;\">Les condensateurs r\u00e9sonants compacts sont con\u00e7us pour minimiser la taille et le poids tout en maintenant des performances \u00e9lev\u00e9es dans les circuits r\u00e9sonants.<\/span><span class=\"button-container hide-from-message-actions ng-star-inserted\" style=\"font-size: 14.4px; color: #555555;\">\u00a0 \u00a0<\/span><\/div>\n<\/div>\n<div>\n<div class=\"response-container ng-tns-c3227055261-101 response-optimization tts-removed ng-star-inserted response-container-has-multiple-responses\">\n<div class=\"presented-response-container ng-tns-c3227055261-101\">\n<div class=\"response-container-content ng-tns-c3227055261-101 tunable-selection-with-avatar\">\n<div class=\"response-content ng-tns-c3227055261-101\">\n<div id=\"model-response-message-contentr_7732902abd9846b2\" class=\"markdown markdown-main-panel tutor-markdown-rendering response-optimization\" dir=\"ltr\">\n<h3 data-sourcepos=\"1:1-1:139\"><strong style=\"font-size: 14.4px;\">Caract\u00e9ristiques principales :<\/strong><\/h3>\n<ul data-sourcepos=\"5:1-9:0\">\n<li data-sourcepos=\"5:1-5:95\"><strong>Densit\u00e9 de capacit\u00e9 \u00e9lev\u00e9e :<\/strong> Permet d'obtenir des valeurs de capacit\u00e9 \u00e9lev\u00e9es dans un faible encombrement physique.<\/li>\n<li data-sourcepos=\"6:1-6:107\"><strong><span class=\"citation-1 recitation\">Faible ESR (r\u00e9sistance s\u00e9rie \u00e9quivalente) :<\/span><\/strong><span class=\"citation-1 recitation citation-end-1\"> Minimise les pertes d'\u00e9nergie et am\u00e9liore l'efficacit\u00e9.<\/span>\n<div class=\"container ng-tns-c362440147-106 hide\">\n<div class=\"carousel-container ng-tns-c362440147-106\"><\/div>\n<\/div>\n<\/li>\n<li data-sourcepos=\"7:1-7:90\"><strong>Facteur Q \u00e9lev\u00e9 :<\/strong> Assure un facteur de qualit\u00e9 \u00e9lev\u00e9 pour un fonctionnement efficace du circuit r\u00e9sonant.<\/li>\n<li data-sourcepos=\"8:1-9:0\"><strong>Stabilit\u00e9 de la temp\u00e9rature :<\/strong> Maintient des valeurs de capacit\u00e9 stables sur une large plage de temp\u00e9ratures.<\/li>\n<\/ul>\n<h3 data-sourcepos=\"10:1-10:38\"><strong>Technologies permettant la compacit\u00e9 :<\/strong><\/h3>\n<ul data-sourcepos=\"12:1-15:0\">\n<li data-sourcepos=\"12:1-12:133\"><strong>Mat\u00e9riaux di\u00e9lectriques avanc\u00e9s :<\/strong> <span class=\"citation-2 recitation citation-end-2\">L'utilisation de mat\u00e9riaux di\u00e9lectriques \u00e0 haute perm\u00e9abilit\u00e9 permet de r\u00e9duire les dimensions physiques.<\/span>\n<div class=\"container ng-tns-c362440147-107 hide\">\n<div class=\"carousel-container ng-tns-c362440147-107\"><\/div>\n<\/div>\n<\/li>\n<li data-sourcepos=\"13:1-13:116\"><strong>Construction multicouche :<\/strong> L'utilisation de structures multicouches permet d'augmenter la densit\u00e9 de capacit\u00e9 dans un espace limit\u00e9.<\/li>\n<li data-sourcepos=\"14:1-15:0\"><strong>Techniques de miniaturisation :<\/strong> Des proc\u00e9d\u00e9s de fabrication avanc\u00e9s permettent de cr\u00e9er des composants extr\u00eamement petits et pr\u00e9cis.<\/li>\n<\/ul>\n<h3 data-sourcepos=\"16:1-16:17\"><strong>Applications :<\/strong><\/h3>\n<ul data-sourcepos=\"18:1-22:0\">\n<li data-sourcepos=\"18:1-18:115\"><strong>Communication sans fil :<\/strong> Utilis\u00e9 dans les circuits \u00e0 haute fr\u00e9quence pour les t\u00e9l\u00e9phones mobiles, le Wi-Fi et d'autres appareils sans fil.<\/li>\n<li data-sourcepos=\"19:1-19:98\"><strong>Syst\u00e8mes RF :<\/strong> Utilis\u00e9 dans les syst\u00e8mes de radiofr\u00e9quence, tels que les radars et les communications par satellite.<\/li>\n<li data-sourcepos=\"20:1-20:89\"><strong>\u00c9lectronique de puissance :<\/strong> <span class=\"citation-3 recitation citation-end-3\">Utilis\u00e9 dans les convertisseurs de puissance compacts et efficaces.<\/span>\n<div class=\"container ng-tns-c362440147-108 hide\">\n<div class=\"carousel-container ng-tns-c362440147-108\"><\/div>\n<\/div>\n<\/li>\n<li data-sourcepos=\"21:1-22:0\"><strong>\u00c9lectronique automobile :<\/strong> On le trouve dans diverses applications automobiles, notamment dans les unit\u00e9s de contr\u00f4le du moteur et les syst\u00e8mes avanc\u00e9s d'aide \u00e0 la conduite (ADAS).<\/li>\n<\/ul>\n<h3 data-sourcepos=\"23:1-23:13\"><strong>Avantages :<\/strong><\/h3>\n<ul data-sourcepos=\"25:1-28:0\">\n<li data-sourcepos=\"25:1-25:78\"><strong>Taille et poids r\u00e9duits :<\/strong> Permet de fabriquer des appareils \u00e9lectroniques plus petits et plus l\u00e9gers.<\/li>\n<li data-sourcepos=\"26:1-26:106\"><strong>Am\u00e9lioration des performances :<\/strong> Une densit\u00e9 de capacit\u00e9 plus \u00e9lev\u00e9e et un ESR plus faible permettent d'am\u00e9liorer les performances des circuits.<\/li>\n<li data-sourcepos=\"27:1-28:0\"><strong>R\u00e9duction des co\u00fbts :<\/strong> Possibilit\u00e9 de r\u00e9duire les co\u00fbts de fabrication gr\u00e2ce \u00e0 des composants de plus petite taille.<\/li>\n<\/ul>\n<\/div>\n<\/div>\n<\/div>\n<\/div>\n<\/div>\n<\/div>","protected":false},"excerpt":{"rendered":"<table style=\"height: 581px;\" width=\"732\">\n<tbody>\n<tr>\n<td width=\"146\"><strong><b>Produit<\/b><\/strong>\u00a0<strong><b>Nom :<\/b><\/strong><\/td>\n<td width=\"601\"><strong>Condensateurs r\u00e9sonants compacts<\/strong><\/td>\n<\/tr>\n<tr>\n<td width=\"146\">\n<h4><strong>Description succincte :<\/strong><\/h4>\n<\/td>\n<td width=\"601\">1. \u00c9lectrodes \u00e0 \u00e9crou en cuivre, de petite taille, faciles \u00e0 installer<\/p>\n<p>2. Emballage en plastique, scell\u00e9 avec de la r\u00e9sine s\u00e8che<\/p>\n<p>3. Capable de fonctionner avec un courant \u00e0 haute fr\u00e9quence ou un courant puls\u00e9 \u00e9lev\u00e9<\/p>\n<p>4. Faibles ESL et ESR<\/td>\n<\/tr>\n<tr>\n<td width=\"146\"><strong>Plage de capacit\u00e9 :<\/strong><\/td>\n<td width=\"601\">1\uff5e8\u03bcF<\/td>\n<\/tr>\n<tr>\n<td width=\"146\"><strong>Tension nominale\uff1a<\/strong><\/td>\n<td width=\"601\">1200V.DC\uff5e2000V.DC<\/td>\n<\/tr>\n<tr>\n<td width=\"146\"><strong>Cap.tol\uff1a<\/strong><\/td>\n<td width=\"601\">\u00b15%(J)<\/td>\n<\/tr>\n<tr>\n<td width=\"146\"><strong>Tension de r\u00e9sistance :<\/strong><\/td>\n<td width=\"601\">1.5Un DC\/60S<\/td>\n<\/tr>\n<\/tbody>\n<\/table>","protected":false},"featured_media":1891,"comment_status":"open","ping_status":"closed","template":"","meta":[],"product_brand":[],"product_cat":[42],"product_tag":[],"class_list":{"0":"post-1890","1":"product","2":"type-product","3":"status-publish","4":"has-post-thumbnail","6":"product_cat-resonance-capacitor","8":"first","9":"instock","10":"shipping-taxable","11":"product-type-simple"},"_links":{"self":[{"href":"https:\/\/rf-capacitor.com\/fr\/wp-json\/wp\/v2\/product\/1890","targetHints":{"allow":["GET"]}}],"collection":[{"href":"https:\/\/rf-capacitor.com\/fr\/wp-json\/wp\/v2\/product"}],"about":[{"href":"https:\/\/rf-capacitor.com\/fr\/wp-json\/wp\/v2\/types\/product"}],"replies":[{"embeddable":true,"href":"https:\/\/rf-capacitor.com\/fr\/wp-json\/wp\/v2\/comments?post=1890"}],"wp:featuredmedia":[{"embeddable":true,"href":"https:\/\/rf-capacitor.com\/fr\/wp-json\/wp\/v2\/media\/1891"}],"wp:attachment":[{"href":"https:\/\/rf-capacitor.com\/fr\/wp-json\/wp\/v2\/media?parent=1890"}],"wp:term":[{"taxonomy":"product_brand","embeddable":true,"href":"https:\/\/rf-capacitor.com\/fr\/wp-json\/wp\/v2\/product_brand?post=1890"},{"taxonomy":"product_cat","embeddable":true,"href":"https:\/\/rf-capacitor.com\/fr\/wp-json\/wp\/v2\/product_cat?post=1890"},{"taxonomy":"product_tag","embeddable":true,"href":"https:\/\/rf-capacitor.com\/fr\/wp-json\/wp\/v2\/product_tag?post=1890"}],"curies":[{"name":"wp","href":"https:\/\/api.w.org\/{rel}","templated":true}]}}