{"id":1886,"date":"2025-01-02T06:26:09","date_gmt":"2025-01-02T06:26:09","guid":{"rendered":"https:\/\/rf-capacitor.com\/?post_type=product&#038;p=1886"},"modified":"2025-01-02T06:26:09","modified_gmt":"2025-01-02T06:26:09","slug":"high-voltage-resonance-capacitor","status":"publish","type":"product","link":"https:\/\/rf-capacitor.com\/fr\/high-voltage-resonance-capacitor\/","title":{"rendered":"Condensateur \u00e0 r\u00e9sonance haute tension"},"content":{"rendered":"<div class=\"user-query-container ng-star-inserted\">\n<div id=\"user-query-content-5\" class=\"query-content\">\n<div class=\"query-text gds-body-l ng-star-inserted\" dir=\"ltr\" role=\"heading\" aria-level=\"2\">\n<h3 class=\"query-text-line ng-star-inserted\">Condensateur \u00e0 r\u00e9sonance haute tension<\/h3>\n<\/div>\n<\/div>\n<\/div>\n<div>\n<div class=\"response-container ng-tns-c3227055261-91 response-optimization tts-removed ng-star-inserted response-container-has-multiple-responses\">\n<div class=\"presented-response-container ng-tns-c3227055261-91\">\n<div class=\"response-container-content ng-tns-c3227055261-91 tunable-selection-with-avatar\">\n<div class=\"response-content ng-tns-c3227055261-91\">\n<div id=\"model-response-message-contentr_53dd446f46a75fa7\" class=\"markdown markdown-main-panel tutor-markdown-rendering response-optimization\" dir=\"ltr\">\n<p data-sourcepos=\"1:1-1:126\"><span class=\"citation-0 recitation citation-end-0\">Les condensateurs de r\u00e9sonance haute tension sont des composants sp\u00e9cialis\u00e9s con\u00e7us pour \u00eatre utilis\u00e9s dans des circuits r\u00e9sonnants haute tension.<\/span><span class=\"button-container hide-from-message-actions ng-star-inserted\"> \u00a0<\/span><\/p>\n<h3 data-sourcepos=\"3:1-3:24\"><strong>Caract\u00e9ristiques principales :<\/strong><\/h3>\n<ul data-sourcepos=\"5:1-10:0\">\n<li data-sourcepos=\"5:1-5:127\"><strong>Tension nominale extr\u00eamement \u00e9lev\u00e9e :<\/strong> <span class=\"citation-1 recitation citation-end-1\">Capable de r\u00e9sister \u00e0 des tensions tr\u00e8s \u00e9lev\u00e9es (g\u00e9n\u00e9ralement de l'ordre du kilovolt).<\/span><span class=\"button-container hide-from-message-actions ng-star-inserted\">\u00a0 \u00a0<\/span>\n<div class=\"container ng-tns-c362440147-96 hide\">\n<div class=\"carousel-container ng-tns-c362440147-96\"><\/div>\n<\/div>\n<\/li>\n<li data-sourcepos=\"6:1-6:95\"><strong>Faible perte :<\/strong> Pertes internes minimales pour minimiser la dissipation d'\u00e9nergie et maximiser l'efficacit\u00e9.<\/li>\n<li data-sourcepos=\"7:1-7:110\"><strong>Facteur Q \u00e9lev\u00e9 :<\/strong> <span class=\"citation-2 recitation citation-end-2\">Un facteur de qualit\u00e9 \u00e9lev\u00e9 (Q) est essentiel pour un fonctionnement efficace des circuits r\u00e9sonnants.<\/span><span class=\"button-container hide-from-message-actions ng-star-inserted\">\u00a0 \u00a0<\/span>\n<div class=\"container ng-tns-c362440147-97 hide\">\n<div class=\"carousel-container ng-tns-c362440147-97\"><\/div>\n<\/div>\n<\/li>\n<li data-sourcepos=\"8:1-8:96\"><strong>Capacit\u00e9 pr\u00e9cise :<\/strong> Elle est essentielle pour obtenir la fr\u00e9quence de r\u00e9sonance souhait\u00e9e dans le circuit.<\/li>\n<li data-sourcepos=\"9:1-10:0\"><strong>Construction robuste :<\/strong> Con\u00e7us pour r\u00e9sister aux contraintes d'un fonctionnement \u00e0 haute tension et aux environnements exigeants dans lesquels ils sont utilis\u00e9s.<\/li>\n<\/ul>\n<h3 data-sourcepos=\"11:1-11:17\"><strong>Applications :<\/strong><\/h3>\n<ul data-sourcepos=\"13:1-18:0\">\n<li data-sourcepos=\"13:1-13:154\"><strong><span class=\"citation-3 recitation\">Bobines de Tesla :<\/span><\/strong><span class=\"citation-3 recitation citation-end-3\"> Un exemple classique, o\u00f9 des condensateurs de r\u00e9sonance \u00e0 haute tension sont utilis\u00e9s pour g\u00e9n\u00e9rer des oscillations \u00e0 haute tension et \u00e0 haute fr\u00e9quence.<\/span><span class=\"button-container hide-from-message-actions ng-star-inserted\">\u00a0<\/span>\n<div class=\"container ng-tns-c362440147-98 hide\">\n<div class=\"carousel-container ng-tns-c362440147-98\"><\/div>\n<\/div>\n<\/li>\n<li data-sourcepos=\"14:1-14:135\"><strong>Acc\u00e9l\u00e9rateurs de particules :<\/strong> Utilis\u00e9 dans divers composants des acc\u00e9l\u00e9rateurs de particules pour g\u00e9n\u00e9rer et manipuler des faisceaux de particules \u00e0 haute \u00e9nergie.<\/li>\n<li data-sourcepos=\"15:1-15:85\"><strong>\u00c9metteurs de grande puissance :<\/strong> Pr\u00e9sente dans les \u00e9metteurs de radio et de t\u00e9l\u00e9vision de grande puissance.<\/li>\n<li data-sourcepos=\"16:1-16:98\"><strong>Recherche en physique des plasmas :<\/strong> Utilis\u00e9 dans les exp\u00e9riences de physique des plasmas pour g\u00e9n\u00e9rer et confiner les plasmas.<\/li>\n<li data-sourcepos=\"17:1-18:0\"><strong>Applications industrielles :<\/strong> Certaines applications industrielles sp\u00e9cialis\u00e9es peuvent n\u00e9cessiter des condensateurs \u00e0 r\u00e9sonance haute tension.<\/li>\n<\/ul>\n<p data-sourcepos=\"19:1-19:15\"><strong>En r\u00e9sum\u00e9 :<\/strong><\/p>\n<p data-sourcepos=\"21:1-21:254\">Les condensateurs \u00e0 r\u00e9sonance haute tension sont des composants essentiels dans de nombreuses applications haute tension. Leur capacit\u00e9 \u00e0 supporter des tensions extr\u00eames, \u00e0 minimiser les pertes et \u00e0 fonctionner efficacement dans des circuits r\u00e9sonnants les rend essentiels pour ces applications exigeantes.<\/p>\n<\/div>\n<\/div>\n<\/div>\n<\/div>\n<\/div>\n<\/div>","protected":false},"excerpt":{"rendered":"<table style=\"height: 581px;\" width=\"824\">\n<tbody>\n<tr>\n<td width=\"146\"><strong><b>Produit<\/b><\/strong>\u00a0<strong><b>Nom :<\/b><\/strong><\/td>\n<td width=\"601\"><strong>Condensateur \u00e0 r\u00e9sonance haute tension<\/strong><\/td>\n<\/tr>\n<tr>\n<td width=\"146\">\n<h4><strong>Description succincte :<\/strong><\/h4>\n<\/td>\n<td width=\"601\">1. Emballage compact de petite taille<\/p>\n<p>2. Capable de g\u00e9rer des tensions et des courants importants<\/p>\n<p>3. Utiliser un di\u00e9lectrique \u00e0 faible perte en film de polypropyl\u00e8ne<\/td>\n<\/tr>\n<tr>\n<td width=\"146\"><strong>R\u00e9sistance \u00e0 la d\u00e9charge :<\/strong><\/td>\n<td width=\"601\">30000M\u03a9<\/td>\n<\/tr>\n<tr>\n<td width=\"146\"><strong>Tension nominale\uff1a<\/strong><\/td>\n<td width=\"601\">5000v\/\u00b5s<\/td>\n<\/tr>\n<tr>\n<td width=\"146\"><strong>Cap.tol\uff1a<\/strong><\/td>\n<td width=\"601\">\n<table style=\"height: 6px;\" border=\"0\" width=\"5\" cellspacing=\"0\">\n<tbody>\n<tr>\n<td valign=\"center\" nowrap=\"nowrap\" width=\"330\"><\/td>\n<\/tr>\n<\/tbody>\n<\/table>\n<p>-40\u2103~ +85\u2103<\/td>\n<\/tr>\n<tr>\n<td width=\"146\"><strong>Dur\u00e9e de vie :\u00a0<\/strong><\/td>\n<td width=\"601\">100000H<\/td>\n<\/tr>\n<\/tbody>\n<\/table>","protected":false},"featured_media":1887,"comment_status":"open","ping_status":"closed","template":"","meta":[],"product_brand":[],"product_cat":[42],"product_tag":[],"class_list":{"0":"post-1886","1":"product","2":"type-product","3":"status-publish","4":"has-post-thumbnail","6":"product_cat-resonance-capacitor","8":"first","9":"instock","10":"shipping-taxable","11":"product-type-simple"},"_links":{"self":[{"href":"https:\/\/rf-capacitor.com\/fr\/wp-json\/wp\/v2\/product\/1886","targetHints":{"allow":["GET"]}}],"collection":[{"href":"https:\/\/rf-capacitor.com\/fr\/wp-json\/wp\/v2\/product"}],"about":[{"href":"https:\/\/rf-capacitor.com\/fr\/wp-json\/wp\/v2\/types\/product"}],"replies":[{"embeddable":true,"href":"https:\/\/rf-capacitor.com\/fr\/wp-json\/wp\/v2\/comments?post=1886"}],"wp:featuredmedia":[{"embeddable":true,"href":"https:\/\/rf-capacitor.com\/fr\/wp-json\/wp\/v2\/media\/1887"}],"wp:attachment":[{"href":"https:\/\/rf-capacitor.com\/fr\/wp-json\/wp\/v2\/media?parent=1886"}],"wp:term":[{"taxonomy":"product_brand","embeddable":true,"href":"https:\/\/rf-capacitor.com\/fr\/wp-json\/wp\/v2\/product_brand?post=1886"},{"taxonomy":"product_cat","embeddable":true,"href":"https:\/\/rf-capacitor.com\/fr\/wp-json\/wp\/v2\/product_cat?post=1886"},{"taxonomy":"product_tag","embeddable":true,"href":"https:\/\/rf-capacitor.com\/fr\/wp-json\/wp\/v2\/product_tag?post=1886"}],"curies":[{"name":"wp","href":"https:\/\/api.w.org\/{rel}","templated":true}]}}