{"id":1860,"date":"2025-01-02T02:14:12","date_gmt":"2025-01-02T02:14:12","guid":{"rendered":"https:\/\/rf-capacitor.com\/?post_type=product&#038;p=1860"},"modified":"2025-01-02T02:14:12","modified_gmt":"2025-01-02T02:14:12","slug":"switching-power-snubber-capacitor","status":"publish","type":"product","link":"https:\/\/rf-capacitor.com\/fr\/switching-power-snubber-capacitor\/","title":{"rendered":"Condensateur snubber de puissance \u00e0 d\u00e9coupage"},"content":{"rendered":"<div class=\"user-query-container ng-star-inserted\">\n<div id=\"user-query-content-2\" class=\"query-content\">\n<div class=\"query-text gds-body-l ng-star-inserted\" dir=\"ltr\" role=\"heading\" aria-level=\"2\">\n<h3 class=\"query-text-line ng-star-inserted\">Condensateur snubber de puissance \u00e0 d\u00e9coupage<\/h3>\n<\/div>\n<\/div>\n<div class=\"button-gutter\"><span class=\"citation-0 recitation citation-end-0\" style=\"font-size: 14.4px; color: #555555;\">Dans les alimentations \u00e0 d\u00e9coupage, les condensateurs snubber sont essentiels pour prot\u00e9ger les dispositifs de commutation (comme les MOSFET ou les IGBT) contre les tensions et les courants excessifs pendant les transitions de commutation.<\/span><span class=\"button-container hide-from-message-actions ng-star-inserted\" style=\"font-size: 14.4px; color: #555555;\">\u00a0 \u00a0<\/span><\/div>\n<\/div>\n<div>\n<div class=\"response-container ng-tns-c3227055261-38 response-optimization tts-removed ng-star-inserted response-container-has-multiple-responses\">\n<div class=\"presented-response-container ng-tns-c3227055261-38\">\n<div class=\"response-container-content ng-tns-c3227055261-38 tunable-selection-with-avatar\">\n<div class=\"response-content ng-tns-c3227055261-38\">\n<div id=\"model-response-message-contentr_690cc733da6ea17b\" class=\"markdown markdown-main-panel tutor-markdown-rendering response-optimization\" dir=\"ltr\">\n<h2 data-sourcepos=\"1:1-1:208\"><strong style=\"font-size: 14.4px;\">\u00a0Comment fonctionne le condensateur de protection \u00e0 d\u00e9coupage :<\/strong><\/h2>\n<ul data-sourcepos=\"5:1-7:0\">\n<li data-sourcepos=\"5:1-5:287\"><strong><span class=\"citation-1 recitation\">Pointes de tension :<\/span><\/strong><span class=\"citation-1 recitation citation-end-1\"> Lorsque l'interrupteur se d\u00e9sactive, l'inductance parasite dans le circuit peut provoquer une augmentation rapide de la tension aux bornes de l'interrupteur.<\/span> <span class=\"citation-2 recitation citation-end-2\">Le condensateur snubber absorbe cette surtension soudaine, limitant la tension de cr\u00eate et \u00e9vitant d'endommager l'interrupteur.<\/span>\n<div class=\"container ng-tns-c362440147-43 hide\">\n<div class=\"carousel-container ng-tns-c362440147-43\"><\/div>\n<\/div>\n<\/li>\n<li data-sourcepos=\"6:1-7:0\"><strong>Commutation de courant :<\/strong> Pendant la transition vers l'arr\u00eat, le condensateur snubber fournit un chemin temporaire pour le passage du courant, r\u00e9duisant le di\/dt (taux de variation du courant) et minimisant l'EMI (interf\u00e9rence \u00e9lectromagn\u00e9tique).<\/li>\n<\/ul>\n<h3 data-sourcepos=\"8:1-8:24\"><strong>Caract\u00e9ristiques principales :<\/strong><\/h3>\n<ul data-sourcepos=\"10:1-14:0\">\n<li data-sourcepos=\"10:1-10:88\"><strong>Haute tension :<\/strong> Doit r\u00e9sister aux pics de tension qui se produisent lors de la commutation.<\/li>\n<li data-sourcepos=\"11:1-11:104\"><strong><span class=\"citation-3 recitation\">Faible ESR (r\u00e9sistance s\u00e9rie \u00e9quivalente) :<\/span><\/strong><span class=\"citation-3 recitation citation-end-3\"> Minimise les pertes d'\u00e9nergie dans le condensateur.<\/span><span class=\"button-container hide-from-message-actions ng-star-inserted\"> \u00a0<\/span>\n<div class=\"container ng-tns-c362440147-44 hide\">\n<div class=\"carousel-container ng-tns-c362440147-44\"><\/div>\n<\/div>\n<\/li>\n<li data-sourcepos=\"12:1-12:123\"><strong>Capacit\u00e9 de charge\/d\u00e9charge rapide :<\/strong> <span class=\"citation-4 recitation citation-end-4\">Capable d'absorber et de lib\u00e9rer rapidement de l'\u00e9nergie en cas de changement d'activit\u00e9.<\/span>\n<div class=\"container ng-tns-c362440147-45 hide\">\n<div class=\"carousel-container ng-tns-c362440147-45\"><\/div>\n<\/div>\n<\/li>\n<li data-sourcepos=\"13:1-14:0\"><strong>Taille compacte :<\/strong> Pour minimiser l'encombrement des syst\u00e8mes \u00e9lectroniques de puissance.<\/li>\n<\/ul>\n<h3 data-sourcepos=\"15:1-15:32\"><strong>Types de condensateurs d'arr\u00eat de puissance \u00e0 d\u00e9coupage :<\/strong><\/h3>\n<ul data-sourcepos=\"17:1-19:0\">\n<li data-sourcepos=\"17:1-17:112\"><strong>Condensateurs \u00e0 film :<\/strong> Ils sont couramment utilis\u00e9s en raison de leur tension nominale \u00e9lev\u00e9e, de leur faible ESR et de leur bonne stabilit\u00e9 \u00e0 la temp\u00e9rature.<\/li>\n<li data-sourcepos=\"18:1-19:0\"><strong>Condensateurs c\u00e9ramiques :<\/strong> Ils offrent une capacit\u00e9 \u00e9lev\u00e9e dans un petit bo\u00eetier mais peuvent \u00eatre limit\u00e9s en termes de tension nominale et de stabilit\u00e9 de temp\u00e9rature.<\/li>\n<\/ul>\n<h3 data-sourcepos=\"20:1-20:26\"><strong>Consid\u00e9rations relatives \u00e0 la conception :<\/strong><\/h3>\n<ul data-sourcepos=\"22:1-25:0\">\n<li data-sourcepos=\"22:1-22:87\"><strong>Caract\u00e9ristiques de l'appareil de commutation :<\/strong> Temps d'allumage et d'extinction, courants de pointe et tensions.<\/li>\n<li data-sourcepos=\"23:1-23:69\"><strong>Param\u00e8tres du circuit :<\/strong> Inductance parasite, caract\u00e9ristiques de charge.<\/li>\n<li data-sourcepos=\"24:1-25:0\"><strong><span class=\"citation-5 recitation\">Topologie du circuit snubber :<\/span><\/strong><span class=\"citation-5 recitation citation-end-5\"> Les diff\u00e9rentes configurations de snubber (R-C, RCD, etc.) ont des impacts variables sur les performances du circuit.<\/span><span class=\"button-container hide-from-message-actions ng-star-inserted\">\u00a0 \u00a0<\/span>\n<div class=\"container ng-tns-c362440147-46 hide\">\n<div class=\"carousel-container ng-tns-c362440147-46\"><\/div>\n<\/div>\n<\/li>\n<\/ul>\n<h3 data-sourcepos=\"26:1-26:41\"><strong>Avantages de l'utilisation de condensateurs de protection :<\/strong><\/h3>\n<ul data-sourcepos=\"28:1-31:0\">\n<li data-sourcepos=\"28:1-28:102\"><strong>Am\u00e9lioration de la fiabilit\u00e9 des commutateurs :<\/strong> R\u00e9duction des contraintes sur le dispositif de commutation, d'o\u00f9 une dur\u00e9e de vie plus longue.<\/li>\n<li data-sourcepos=\"29:1-29:68\"><strong>R\u00e9duction des \u00e9missions EMI :<\/strong> Minimise les interf\u00e9rences \u00e9lectromagn\u00e9tiques.<\/li>\n<li data-sourcepos=\"30:1-31:0\"><strong>Am\u00e9lioration de l'efficacit\u00e9 du syst\u00e8me :<\/strong> R\u00e9duction des pertes de puissance gr\u00e2ce \u00e0 la diminution des pertes de commutation.<\/li>\n<\/ul>\n<\/div>\n<\/div>\n<\/div>\n<\/div>\n<\/div>\n<\/div>","protected":false},"excerpt":{"rendered":"<table style=\"height: 523px;\" width=\"704\">\n<tbody>\n<tr>\n<td width=\"146\"><strong><b>Produit<\/b><\/strong>\u00a0<strong><b>Nom :<\/b><\/strong><\/td>\n<td width=\"601\"><strong>Condensateur snubber de puissance \u00e0 d\u00e9coupage<\/strong><\/td>\n<\/tr>\n<tr>\n<td width=\"146\">\n<h4><strong>Description succincte :<\/strong><\/h4>\n<\/td>\n<td width=\"601\">Les condensateurs \u00e0 film CRE snubber sont con\u00e7us pour le fonctionnement \u00e0 courant de pointe \u00e9lev\u00e9 n\u00e9cessaire \u00e0 la protection contre les tensions transitoires.<\/td>\n<\/tr>\n<tr>\n<td width=\"146\"><strong>Plage de capacit\u00e9 :<\/strong><\/td>\n<td width=\"601\">\u00a02\u03bcF\u00b110%<\/td>\n<\/tr>\n<tr>\n<td width=\"146\"><strong>Tension nominale\uff1a<\/strong><\/td>\n<td width=\"601\">700V.DC\uff5e3000V.DC<\/td>\n<\/tr>\n<tr>\n<td width=\"146\"><strong>Cap.tol\uff1a<\/strong><\/td>\n<td width=\"601\">\u00b15%(J);\u00b110%(K)<\/td>\n<\/tr>\n<tr>\n<td width=\"146\"><\/td>\n<td width=\"601\"><\/td>\n<\/tr>\n<\/tbody>\n<\/table>","protected":false},"featured_media":1861,"comment_status":"open","ping_status":"closed","template":"","meta":[],"product_brand":[],"product_cat":[40],"product_tag":[],"class_list":{"0":"post-1860","1":"product","2":"type-product","3":"status-publish","4":"has-post-thumbnail","6":"product_cat-snubber-capacitor","8":"first","9":"instock","10":"shipping-taxable","11":"product-type-simple"},"_links":{"self":[{"href":"https:\/\/rf-capacitor.com\/fr\/wp-json\/wp\/v2\/product\/1860","targetHints":{"allow":["GET"]}}],"collection":[{"href":"https:\/\/rf-capacitor.com\/fr\/wp-json\/wp\/v2\/product"}],"about":[{"href":"https:\/\/rf-capacitor.com\/fr\/wp-json\/wp\/v2\/types\/product"}],"replies":[{"embeddable":true,"href":"https:\/\/rf-capacitor.com\/fr\/wp-json\/wp\/v2\/comments?post=1860"}],"wp:featuredmedia":[{"embeddable":true,"href":"https:\/\/rf-capacitor.com\/fr\/wp-json\/wp\/v2\/media\/1861"}],"wp:attachment":[{"href":"https:\/\/rf-capacitor.com\/fr\/wp-json\/wp\/v2\/media?parent=1860"}],"wp:term":[{"taxonomy":"product_brand","embeddable":true,"href":"https:\/\/rf-capacitor.com\/fr\/wp-json\/wp\/v2\/product_brand?post=1860"},{"taxonomy":"product_cat","embeddable":true,"href":"https:\/\/rf-capacitor.com\/fr\/wp-json\/wp\/v2\/product_cat?post=1860"},{"taxonomy":"product_tag","embeddable":true,"href":"https:\/\/rf-capacitor.com\/fr\/wp-json\/wp\/v2\/product_tag?post=1860"}],"curies":[{"name":"wp","href":"https:\/\/api.w.org\/{rel}","templated":true}]}}