{"id":1773,"date":"2024-12-31T02:47:20","date_gmt":"2024-12-31T02:47:20","guid":{"rendered":"https:\/\/rf-capacitor.com\/?post_type=product&#038;p=1773"},"modified":"2024-12-31T03:19:56","modified_gmt":"2024-12-31T03:19:56","slug":"dual-run-ac-capacitor","status":"publish","type":"product","link":"https:\/\/rf-capacitor.com\/fr\/dual-run-ac-capacitor\/","title":{"rendered":"Condensateur CA \u00e0 double fonctionnement"},"content":{"rendered":"<h2 data-sourcepos=\"1:1-1:147\"><span class=\"citation-0 recitation citation-end-0\"> Condensateur CA \u00e0 double fonctionnement<\/span><\/h2>\n<p data-sourcepos=\"1:1-1:147\"><span class=\"citation-0 recitation citation-end-0\">Un condensateur AC \u00e0 double fonctionnement est un type de condensateur qui combine les fonctions d'un condensateur de d\u00e9marrage et d'un condensateur de fonctionnement en une seule unit\u00e9.<\/span><span class=\"button-container hide-from-message-actions ng-star-inserted\">\u00a0 \u00a0<\/span><\/p>\n<ul data-sourcepos=\"3:1-5:0\">\n<li data-sourcepos=\"3:1-3:128\"><strong><span class=\"citation-1 recitation\">Condensateur de d\u00e9marrage :<\/span><\/strong><span class=\"citation-1 recitation citation-end-1\"> Fournit une augmentation temporaire de l'\u00e9nergie \u00e9lectrique pour aider les moteurs du compresseur et du ventilateur \u00e0 d\u00e9marrer.<\/span><span class=\"button-container hide-from-message-actions ng-star-inserted\"> \u00a0<\/span>\n<div class=\"container ng-tns-c362440147-111 hide\">\n<div class=\"carousel-container ng-tns-c362440147-111\"><\/div>\n<\/div>\n<\/li>\n<li data-sourcepos=\"4:1-5:0\"><strong>Condensateur de marche :<\/strong> <span class=\"citation-2 recitation citation-end-2\">Am\u00e9liore l'efficacit\u00e9 et les performances des moteurs en fonctionnement continu.<\/span><span class=\"button-container hide-from-message-actions ng-star-inserted\">\u00a0 \u00a0<\/span>\n<div class=\"container ng-tns-c362440147-112 hide\">\n<div class=\"carousel-container ng-tns-c362440147-112\"><\/div>\n<\/div>\n<\/li>\n<\/ul>\n<h3 data-sourcepos=\"6:1-6:17\"><strong>Caract\u00e9ristiques principales :<\/strong><\/h3>\n<ul data-sourcepos=\"8:1-11:0\">\n<li data-sourcepos=\"8:1-8:128\"><strong>Commodit\u00e9 :<\/strong> <span class=\"citation-3 recitation citation-end-3\">Simplifie l'installation et la maintenance en rempla\u00e7ant deux condensateurs s\u00e9par\u00e9s par une seule unit\u00e9.<\/span><\/li>\n<li data-sourcepos=\"8:1-8:128\"><strong style=\"font-size: 14.4px;\">Peu encombrant :<\/strong> <span class=\"citation-4 recitation citation-end-4\" style=\"font-size: 14.4px;\">R\u00e9duit l'espace requis pour les condensateurs dans le syst\u00e8me CVC.<\/span><span class=\"button-container hide-from-message-actions ng-star-inserted\" style=\"font-size: 14.4px;\">\u00a0\u00a0<\/span>\n<div class=\"container ng-tns-c362440147-114 hide\">\n<div class=\"carousel-container ng-tns-c362440147-114\"><\/div>\n<\/div>\n<\/li>\n<li data-sourcepos=\"10:1-11:0\"><strong><span class=\"citation-5 recitation\">Am\u00e9lioration de l'efficacit\u00e9 :<\/span><\/strong><span class=\"citation-5 recitation citation-end-5\"> Peut contribuer \u00e0 am\u00e9liorer l'efficacit\u00e9 globale du syst\u00e8me.<\/span><span class=\"button-container hide-from-message-actions ng-star-inserted\"> \u00a0<\/span>\n<div class=\"container ng-tns-c362440147-115 hide\">\n<div class=\"carousel-container ng-tns-c362440147-115\"><\/div>\n<\/div>\n<\/li>\n<\/ul>\n<h3 data-sourcepos=\"12:1-12:17\"><strong>Applications :<\/strong><\/h3>\n<ul data-sourcepos=\"14:1-15:0\">\n<li data-sourcepos=\"14:1-15:0\"><span class=\"citation-6 recitation citation-end-6\">Principalement utilis\u00e9 dans les syst\u00e8mes de climatisation pour assurer le fonctionnement harmonieux et efficace des moteurs du compresseur et du ventilateur.<\/span><span class=\"button-container hide-from-message-actions ng-star-inserted\">\u00a0 \u00a0<\/span>\n<div class=\"container ng-tns-c362440147-116 hide\">\n<div class=\"carousel-container ng-tns-c362440147-116\"><\/div>\n<\/div>\n<\/li>\n<\/ul>\n<p data-sourcepos=\"20:1-20:167\"><strong><span class=\"citation-7 recitation\">Remarque :<\/span><\/strong><span class=\"citation-7 recitation citation-end-7\"> Les condensateurs doubles sont des composants sp\u00e9cialis\u00e9s qui doivent \u00eatre s\u00e9lectionn\u00e9s et install\u00e9s en fonction des exigences sp\u00e9cifiques du syst\u00e8me HVAC.<\/span><span class=\"button-container hide-from-message-actions ng-star-inserted\"> \u00a0 <\/span><\/p>","protected":false},"excerpt":{"rendered":"<table style=\"height: 619px;\" width=\"693\">\n<tbody>\n<tr>\n<td width=\"146\"><strong><b>Produit<\/b><\/strong>\u00a0<strong><b>Nom :<\/b><\/strong><\/td>\n<td width=\"601\"><strong>Condensateur CA \u00e0 double fonctionnement<\/strong><\/td>\n<\/tr>\n<tr>\n<td width=\"146\">\n<h4><strong>Description succincte :<\/strong><\/h4>\n<\/td>\n<td width=\"601\">1. Conception innovante<\/p>\n<p>2. Cas robuste<\/p>\n<p>3. Condensateur \u00e0 film AC de haute qualit\u00e9 \u00e0 bon prix<\/td>\n<\/tr>\n<tr>\n<td width=\"146\"><strong>Plage de capacit\u00e9 :<\/strong><\/td>\n<td width=\"601\">\u00a03*10\u03bcF \u00b15%<\/td>\n<\/tr>\n<tr>\n<td width=\"146\"><strong>Tension nominale\uff1a<\/strong><\/td>\n<td width=\"601\">750V.AC<\/td>\n<\/tr>\n<tr>\n<td width=\"146\"><strong>Cap.tol\uff1a<\/strong><\/td>\n<td width=\"601\">-40\u2103_85\u2103<\/td>\n<\/tr>\n<tr>\n<td width=\"146\"><\/td>\n<td width=\"601\"><\/td>\n<\/tr>\n<\/tbody>\n<\/table>","protected":false},"featured_media":1775,"comment_status":"open","ping_status":"closed","template":"","meta":[],"product_brand":[],"product_cat":[39],"product_tag":[],"class_list":{"0":"post-1773","1":"product","2":"type-product","3":"status-publish","4":"has-post-thumbnail","6":"product_cat-ac-filter-capacitor-1","8":"first","9":"instock","10":"shipping-taxable","11":"product-type-simple"},"_links":{"self":[{"href":"https:\/\/rf-capacitor.com\/fr\/wp-json\/wp\/v2\/product\/1773","targetHints":{"allow":["GET"]}}],"collection":[{"href":"https:\/\/rf-capacitor.com\/fr\/wp-json\/wp\/v2\/product"}],"about":[{"href":"https:\/\/rf-capacitor.com\/fr\/wp-json\/wp\/v2\/types\/product"}],"replies":[{"embeddable":true,"href":"https:\/\/rf-capacitor.com\/fr\/wp-json\/wp\/v2\/comments?post=1773"}],"wp:featuredmedia":[{"embeddable":true,"href":"https:\/\/rf-capacitor.com\/fr\/wp-json\/wp\/v2\/media\/1775"}],"wp:attachment":[{"href":"https:\/\/rf-capacitor.com\/fr\/wp-json\/wp\/v2\/media?parent=1773"}],"wp:term":[{"taxonomy":"product_brand","embeddable":true,"href":"https:\/\/rf-capacitor.com\/fr\/wp-json\/wp\/v2\/product_brand?post=1773"},{"taxonomy":"product_cat","embeddable":true,"href":"https:\/\/rf-capacitor.com\/fr\/wp-json\/wp\/v2\/product_cat?post=1773"},{"taxonomy":"product_tag","embeddable":true,"href":"https:\/\/rf-capacitor.com\/fr\/wp-json\/wp\/v2\/product_tag?post=1773"}],"curies":[{"name":"wp","href":"https:\/\/api.w.org\/{rel}","templated":true}]}}