{"id":1767,"date":"2024-12-31T02:35:15","date_gmt":"2024-12-31T02:35:15","guid":{"rendered":"https:\/\/rf-capacitor.com\/?post_type=product&#038;p=1767"},"modified":"2024-12-31T02:35:15","modified_gmt":"2024-12-31T02:35:15","slug":"metallized-polypropylene-film-capacitor","status":"publish","type":"product","link":"https:\/\/rf-capacitor.com\/fr\/metallized-polypropylene-film-capacitor\/","title":{"rendered":"Condensateur \u00e0 film de polypropyl\u00e8ne m\u00e9tallis\u00e9"},"content":{"rendered":"<h3 data-sourcepos=\"1:1-1:50\"><strong>Condensateurs \u00e0 film de polypropyl\u00e8ne m\u00e9tallis\u00e9 (MKP)<\/strong><\/h3>\n<ul data-sourcepos=\"3:1-27:0\">\n<li data-sourcepos=\"3:1-7:0\">\n<p data-sourcepos=\"3:3-3:19\"><strong>Construction :<\/strong><\/p>\n<ul data-sourcepos=\"4:5-7:0\">\n<li data-sourcepos=\"4:5-4:104\"><strong>Di\u00e9lectrique :<\/strong> <span class=\"citation-0 recitation citation-end-0\">Utiliser de fines couches de film de polypropyl\u00e8ne comme mat\u00e9riau isolant.<\/span><span class=\"button-container hide-from-message-actions ng-star-inserted\">\u00a0 \u00a0<\/span>\n<div class=\"container ng-tns-c362440147-96 hide\">\n<div class=\"carousel-container ng-tns-c362440147-96\"><\/div>\n<\/div>\n<\/li>\n<li data-sourcepos=\"5:5-5:136\"><strong>M\u00e9tallisation :<\/strong> Une fine couche de m\u00e9tal (g\u00e9n\u00e9ralement de l'aluminium) est d\u00e9pos\u00e9e sous vide sur le film, formant les \u00e9lectrodes conductrices.<\/li>\n<li data-sourcepos=\"6:5-7:0\"><strong>Auto-gu\u00e9rison :<\/strong> <span class=\"citation-1 recitation citation-end-1\">Si un court-circuit localis\u00e9 se produit en raison d'un d\u00e9faut de fabrication ou d'une surtension, la m\u00e9tallisation autour du d\u00e9faut s'\u00e9vapore, isolant la zone et emp\u00eachant tout dommage suppl\u00e9mentaire.<\/span> <span class=\"citation-2 recitation citation-end-2\">Ce m\u00e9canisme d'autor\u00e9paration am\u00e9liore la fiabilit\u00e9.<\/span><span class=\"button-container hide-from-message-actions ng-star-inserted\"> \u00a0<\/span>\n<div class=\"container ng-tns-c362440147-97 hide\">\n<div class=\"carousel-container ng-tns-c362440147-97\"><\/div>\n<\/div>\n<\/li>\n<\/ul>\n<\/li>\n<li data-sourcepos=\"8:1-14:0\">\n<h3 data-sourcepos=\"8:3-8:26\"><strong>Caract\u00e9ristiques principales Condensateur \u00e0 film de polypropyl\u00e8ne m\u00e9tallis\u00e9 :<\/strong><\/h3>\n<ul data-sourcepos=\"9:5-14:0\">\n<li data-sourcepos=\"9:5-9:122\"><strong><span class=\"citation-3 recitation\">Faible perte :<\/span><\/strong><span class=\"citation-3 recitation citation-end-3\"> Ils pr\u00e9sentent des pertes di\u00e9lectriques tr\u00e8s faibles, ce qui les rend adapt\u00e9s aux applications \u00e0 haute fr\u00e9quence.<\/span><span class=\"button-container hide-from-message-actions ng-star-inserted\"> \u00a0<\/span>\n<div class=\"container ng-tns-c362440147-98 hide\">\n<div class=\"carousel-container ng-tns-c362440147-98\"><\/div>\n<\/div>\n<\/li>\n<li data-sourcepos=\"10:5-10:72\"><strong>Stabilit\u00e9 \u00e9lev\u00e9e :<\/strong> Excellente stabilit\u00e9 \u00e0 la temp\u00e9rature et dans le temps.<\/li>\n<li data-sourcepos=\"11:5-11:83\"><strong>Auto-gu\u00e9rison :<\/strong> <span class=\"citation-4 recitation citation-end-4\">Am\u00e9liore la fiabilit\u00e9 et prolonge la dur\u00e9e de vie.<\/span><span class=\"button-container hide-from-message-actions ng-star-inserted\"> \u00a0<\/span>\n<div class=\"container ng-tns-c362440147-99 hide\">\n<div class=\"carousel-container ng-tns-c362440147-99\"><\/div>\n<\/div>\n<\/li>\n<li data-sourcepos=\"12:5-12:72\"><strong>Haute tension :<\/strong> <span class=\"citation-5 recitation citation-end-5\">Peut supporter des tensions \u00e9lev\u00e9es.<\/span><span class=\"button-container hide-from-message-actions ng-star-inserted\"> \u00a0<\/span>\n<div class=\"container ng-tns-c362440147-100 hide\">\n<div class=\"carousel-container ng-tns-c362440147-100\"><\/div>\n<\/div>\n<\/li>\n<li data-sourcepos=\"13:5-14:0\"><strong>Taille compacte :<\/strong> Permet d'obtenir des valeurs de capacit\u00e9 \u00e9lev\u00e9es dans des bo\u00eetiers relativement petits.<\/li>\n<\/ul>\n<\/li>\n<li data-sourcepos=\"15:1-21:0\">\n<h3 data-sourcepos=\"15:3-15:19\"><strong>Applications :<\/strong><\/h3>\n<ul data-sourcepos=\"16:5-21:0\">\n<li data-sourcepos=\"16:5-16:110\"><strong>Filtres AC :<\/strong> <span class=\"citation-6 recitation citation-end-6\">Utilis\u00e9 dans les syst\u00e8mes d'alimentation en courant alternatif pour filtrer les harmoniques et am\u00e9liorer la qualit\u00e9 de l'alimentation.<\/span><span class=\"button-container hide-from-message-actions ng-star-inserted\"> \u00a0<\/span>\n<div class=\"container ng-tns-c362440147-101 hide\">\n<div class=\"carousel-container ng-tns-c362440147-101\"><\/div>\n<\/div>\n<\/li>\n<li data-sourcepos=\"17:5-17:98\"><strong>Entra\u00eenements motoris\u00e9s :<\/strong> Utilis\u00e9 dans les variateurs de vitesse pour am\u00e9liorer les performances et r\u00e9duire le bruit.<\/li>\n<li data-sourcepos=\"18:5-18:142\"><strong>Alimentations \u00e0 d\u00e9coupage :<\/strong> Largement utilis\u00e9 dans divers circuits \u00e9lectroniques, y compris les alimentations \u00e0 d\u00e9coupage, les onduleurs et les convertisseurs.<\/li>\n<li data-sourcepos=\"19:5-19:149\"><strong>Applications \u00e0 haute fr\u00e9quence :<\/strong> Convient aux applications fonctionnant \u00e0 haute fr\u00e9quence, telles que les circuits RF et les \u00e9quipements de t\u00e9l\u00e9communications.<\/li>\n<li data-sourcepos=\"20:5-21:0\"><strong>\u00c9quipement audio :<\/strong> <span class=\"citation-7 recitation citation-end-7\">Utilis\u00e9 dans les applications audio pour am\u00e9liorer la qualit\u00e9 du signal et r\u00e9duire la distorsion.<\/span><span class=\"button-container hide-from-message-actions ng-star-inserted\">\u00a0<\/span>\n<div class=\"container ng-tns-c362440147-102 hide\">\n<div class=\"carousel-container ng-tns-c362440147-102\"><\/div>\n<\/div>\n<\/li>\n<\/ul>\n<\/li>\n<li data-sourcepos=\"22:1-27:0\">\n<h3 data-sourcepos=\"22:3-22:15\"><strong>Avantages :<\/strong><\/h3>\n<ul data-sourcepos=\"23:5-27:0\">\n<li data-sourcepos=\"23:5-23:108\"><strong><span class=\"citation-8 recitation\">Am\u00e9lioration des performances :<\/span><\/strong><span class=\"citation-8 recitation citation-end-8\"> Am\u00e9liorer les performances et l'efficacit\u00e9 des \u00e9quipements \u00e9lectroniques.<\/span>\n<div class=\"container ng-tns-c362440147-103 hide\">\n<div class=\"carousel-container ng-tns-c362440147-103\"><\/div>\n<\/div>\n<\/li>\n<li data-sourcepos=\"24:5-24:80\"><strong>R\u00e9duction des pertes d'\u00e9nergie :<\/strong> Minimiser les pertes d'\u00e9nergie dans diverses applications.<\/li>\n<li data-sourcepos=\"25:5-25:87\"><strong>Fiabilit\u00e9 accrue :<\/strong> Le m\u00e9canisme d'autor\u00e9paration am\u00e9liore la fiabilit\u00e9 \u00e0 long terme.<\/li>\n<li data-sourcepos=\"26:5-27:0\"><strong>Compact et l\u00e9ger :<\/strong> Convient aux applications o\u00f9 l'espace est limit\u00e9.<\/li>\n<\/ul>\n<\/li>\n<\/ul>\n<p data-sourcepos=\"28:1-28:293\"><strong>En r\u00e9sum\u00e9 :<\/strong> Les condensateurs \u00e0 film de polypropyl\u00e8ne m\u00e9tallis\u00e9 sont des composants polyvalents et fiables qui trouvent une large gamme d'applications dans divers syst\u00e8mes \u00e9lectroniques et de puissance. Leur faible perte, leur grande stabilit\u00e9 et leur capacit\u00e9 d'autor\u00e9g\u00e9n\u00e9ration en font un choix privil\u00e9gi\u00e9 pour de nombreuses applications critiques.<\/p>\n<p data-sourcepos=\"30:1-30:82\">","protected":false},"excerpt":{"rendered":"<table style=\"height: 493px;\" width=\"698\">\n<tbody>\n<tr>\n<td width=\"146\"><strong><b>Produit<\/b><\/strong>\u00a0<strong><b>Nom :<\/b><\/strong><\/td>\n<td width=\"601\"><strong>Condensateur \u00e0 film de polypropyl\u00e8ne m\u00e9tallis\u00e9<\/strong><\/td>\n<\/tr>\n<tr>\n<td width=\"146\">\n<h4><strong>Mat\u00e9riau di\u00e9lectrique :<\/strong><\/h4>\n<\/td>\n<td width=\"601\">Film de polypropyl\u00e8ne m\u00e9tallis\u00e9<\/td>\n<\/tr>\n<tr>\n<td width=\"146\"><strong>Plage de capacit\u00e9 :<\/strong><\/td>\n<td width=\"601\">50 Hz et\/ou 60 Hz<\/td>\n<\/tr>\n<tr>\n<td width=\"146\"><strong>Tension nominale\uff1a<\/strong><\/td>\n<td width=\"601\">\u00a0660 VAC<\/td>\n<\/tr>\n<tr>\n<td width=\"146\"><strong>Cap.tol\uff1a<\/strong><\/td>\n<td width=\"601\">5%~+5%<\/td>\n<\/tr>\n<tr>\n<td width=\"146\"><strong>Temp\u00e9rature ambiante maximale :<\/strong><\/td>\n<td width=\"601\">\u00a0-40\u2103 \u00e0 +70\u2103<\/td>\n<\/tr>\n<\/tbody>\n<\/table>","protected":false},"featured_media":1770,"comment_status":"open","ping_status":"closed","template":"","meta":[],"product_brand":[],"product_cat":[39],"product_tag":[],"class_list":{"0":"post-1767","1":"product","2":"type-product","3":"status-publish","4":"has-post-thumbnail","6":"product_cat-ac-filter-capacitor-1","8":"first","9":"instock","10":"shipping-taxable","11":"product-type-simple"},"_links":{"self":[{"href":"https:\/\/rf-capacitor.com\/fr\/wp-json\/wp\/v2\/product\/1767","targetHints":{"allow":["GET"]}}],"collection":[{"href":"https:\/\/rf-capacitor.com\/fr\/wp-json\/wp\/v2\/product"}],"about":[{"href":"https:\/\/rf-capacitor.com\/fr\/wp-json\/wp\/v2\/types\/product"}],"replies":[{"embeddable":true,"href":"https:\/\/rf-capacitor.com\/fr\/wp-json\/wp\/v2\/comments?post=1767"}],"wp:featuredmedia":[{"embeddable":true,"href":"https:\/\/rf-capacitor.com\/fr\/wp-json\/wp\/v2\/media\/1770"}],"wp:attachment":[{"href":"https:\/\/rf-capacitor.com\/fr\/wp-json\/wp\/v2\/media?parent=1767"}],"wp:term":[{"taxonomy":"product_brand","embeddable":true,"href":"https:\/\/rf-capacitor.com\/fr\/wp-json\/wp\/v2\/product_brand?post=1767"},{"taxonomy":"product_cat","embeddable":true,"href":"https:\/\/rf-capacitor.com\/fr\/wp-json\/wp\/v2\/product_cat?post=1767"},{"taxonomy":"product_tag","embeddable":true,"href":"https:\/\/rf-capacitor.com\/fr\/wp-json\/wp\/v2\/product_tag?post=1767"}],"curies":[{"name":"wp","href":"https:\/\/api.w.org\/{rel}","templated":true}]}}