{"id":1713,"date":"2024-12-30T03:26:32","date_gmt":"2024-12-30T03:26:32","guid":{"rendered":"https:\/\/rf-capacitor.com\/?post_type=product&#038;p=1713"},"modified":"2024-12-30T03:26:32","modified_gmt":"2024-12-30T03:26:32","slug":"high-power-filter-capacitor","status":"publish","type":"product","link":"https:\/\/rf-capacitor.com\/fr\/high-power-filter-capacitor\/","title":{"rendered":"Condensateur de filtrage haute puissance"},"content":{"rendered":"<h3 data-sourcepos=\"1:1-1:32\"><strong>Condensateurs de filtrage haute puissance<\/strong><\/h3>\n<ul data-sourcepos=\"3:1-27:0\">\n<li data-sourcepos=\"3:1-3:141\">\n<p data-sourcepos=\"3:3-3:141\"><strong>Objet :<\/strong> Con\u00e7us pour des applications exigeant des capacit\u00e9s de traitement de puissance \u00e9lev\u00e9es, typiquement dans des environnements \u00e0 haute tension et \u00e0 courant \u00e9lev\u00e9.<\/p>\n<\/li>\n<li data-sourcepos=\"4:1-10:0\">\n<h3 data-sourcepos=\"4:3-4:26\"><strong>Caract\u00e9ristiques principales Condensateur de filtrage \u00e0 haute puissance :<\/strong><\/h3>\n<ul data-sourcepos=\"5:5-10:0\">\n<li data-sourcepos=\"5:5-5:77\"><strong>Haute tension :<\/strong> Peut supporter des tensions \u00e9lev\u00e9es sans rupture.<\/li>\n<li data-sourcepos=\"6:5-6:103\"><strong>Traitement d'un courant \u00e9lev\u00e9 :<\/strong> Capable de g\u00e9rer des surtensions importantes et des courants \u00e9lev\u00e9s continus.<\/li>\n<li data-sourcepos=\"7:5-7:65\"><strong>Faible imp\u00e9dance :<\/strong> Minimiser les pertes d'\u00e9nergie pendant le fonctionnement.<\/li>\n<li data-sourcepos=\"8:5-8:121\"><strong>Construction robuste :<\/strong> Construit pour r\u00e9sister \u00e0 des conditions d'utilisation difficiles, y compris des temp\u00e9ratures \u00e9lev\u00e9es et des vibrations.<\/li>\n<li data-sourcepos=\"9:5-10:0\"><strong>Auto-gu\u00e9rison :<\/strong> Ils int\u00e8grent souvent des m\u00e9canismes d'autor\u00e9paration pour prolonger leur dur\u00e9e de vie.<\/li>\n<\/ul>\n<\/li>\n<li data-sourcepos=\"11:1-15:0\">\n<h3 data-sourcepos=\"11:3-11:19\"><strong>Construction d'un condensateur de filtrage \u00e0 haute puissance :<\/strong><\/h3>\n<ul data-sourcepos=\"12:5-15:0\">\n<li data-sourcepos=\"12:5-12:112\"><strong>Di\u00e9lectrique :<\/strong> Ils utilisent g\u00e9n\u00e9ralement des mat\u00e9riaux di\u00e9lectriques robustes tels que le film de polypropyl\u00e8ne ou le papier m\u00e9tallis\u00e9.<\/li>\n<li data-sourcepos=\"13:5-13:132\"><strong>Refroidissement :<\/strong> Ils int\u00e8grent souvent des m\u00e9canismes de refroidissement tels que des bo\u00eetiers remplis d'huile ou un refroidissement par air forc\u00e9 pour g\u00e9rer la dissipation de la chaleur.<\/li>\n<li data-sourcepos=\"14:5-15:0\"><strong>Enceintes robustes :<\/strong> Ils sont log\u00e9s dans des bo\u00eetiers robustes qui prot\u00e8gent les composants internes des facteurs environnementaux.<\/li>\n<\/ul>\n<\/li>\n<li data-sourcepos=\"16:1-21:0\">\n<h3 data-sourcepos=\"16:3-16:19\"><strong>Applications :<\/strong><\/h3>\n<ul data-sourcepos=\"17:5-21:0\">\n<li data-sourcepos=\"17:5-17:118\"><strong>Transmission et distribution d'\u00e9nergie :<\/strong> Filtrage des harmoniques dans les lignes de transmission \u00e0 haute tension et les sous-stations.<\/li>\n<li data-sourcepos=\"18:5-18:130\"><strong>Applications industrielles :<\/strong> Utilis\u00e9 dans les \u00e9quipements industriels de grande puissance tels que les moteurs, les convertisseurs et les machines \u00e0 souder.<\/li>\n<li data-sourcepos=\"19:5-19:128\"><strong>\u00c9nergies renouvelables :<\/strong> Filtrage des harmoniques g\u00e9n\u00e9r\u00e9es par les \u00e9oliennes, les onduleurs solaires et d'autres sources d'\u00e9nergie renouvelables.<\/li>\n<li data-sourcepos=\"19:5-19:128\"><strong>Transmission de courant continu \u00e0 haute tension (CCHT) :<\/strong> Utilis\u00e9 dans les stations de conversion CCHT pour filtrer les harmoniques et am\u00e9liorer la qualit\u00e9 de l'\u00e9nergie.<\/li>\n<\/ul>\n<\/li>\n<li data-sourcepos=\"22:1-27:0\">\n<h3 data-sourcepos=\"22:3-22:15\"><strong>Avantages :<\/strong><\/h3>\n<ul data-sourcepos=\"23:5-27:0\">\n<li data-sourcepos=\"23:5-23:125\"><strong>Am\u00e9lioration de la qualit\u00e9 de l'\u00e9nergie :<\/strong> R\u00e9duire efficacement la distorsion harmonique, ce qui permet d'obtenir des r\u00e9seaux \u00e9lectriques plus stables et plus efficaces.<\/li>\n<li data-sourcepos=\"24:5-24:110\"><strong>Efficacit\u00e9 accrue du syst\u00e8me :<\/strong> Minimiser les pertes de puissance, r\u00e9duire la consommation d'\u00e9nergie et les co\u00fbts d'exploitation.<\/li>\n<li data-sourcepos=\"25:5-25:105\"><strong>Am\u00e9lioration de la dur\u00e9e de vie de l'\u00e9quipement :<\/strong> Prot\u00e9ger les \u00e9quipements sensibles des effets n\u00e9fastes des harmoniques.<\/li>\n<li data-sourcepos=\"26:5-27:0\"><strong>Am\u00e9lioration de la fiabilit\u00e9 du syst\u00e8me :<\/strong> Une construction robuste et des capacit\u00e9s d'autor\u00e9paration renforcent la fiabilit\u00e9 \u00e0 long terme du syst\u00e8me.<\/li>\n<\/ul>\n<\/li>\n<\/ul>","protected":false},"excerpt":{"rendered":"<table style=\"height: 447px;\" width=\"813\">\n<tbody>\n<tr>\n<td width=\"146\"><strong><b>Produit<\/b><\/strong>\u00a0<strong><b>Nom :<\/b><\/strong><\/td>\n<td width=\"601\"><strong>Condensateur de filtrage haute puissance<\/strong><\/td>\n<\/tr>\n<tr>\n<td width=\"146\">\n<h4>Application :<\/h4>\n<\/td>\n<td width=\"601\">Usage g\u00e9n\u00e9ral, Alimentation, Haute tension, ASI<\/td>\n<\/tr>\n<tr>\n<td width=\"146\"><strong>Plage de capacit\u00e9 :<\/strong><\/td>\n<td width=\"601\">\u00a00,33UF~60UF<\/td>\n<\/tr>\n<tr>\n<td width=\"146\"><strong>Tension nominale\uff1a<\/strong><\/td>\n<td width=\"601\">450V.DC - 1800V.DC<\/td>\n<\/tr>\n<tr>\n<td width=\"146\"><strong>Norme de r\u00e9f\u00e9rence :<\/strong><\/td>\n<td width=\"601\">\u00a0IEC61071;GB\/T 17702<\/td>\n<\/tr>\n<tr>\n<td width=\"146\"><strong>Utilisation :\u00a0<\/strong><\/td>\n<td width=\"601\">\u00a0Filtre AC<\/td>\n<\/tr>\n<\/tbody>\n<\/table>","protected":false},"featured_media":1714,"comment_status":"open","ping_status":"closed","template":"","meta":[],"product_brand":[],"product_cat":[39],"product_tag":[],"class_list":{"0":"post-1713","1":"product","2":"type-product","3":"status-publish","4":"has-post-thumbnail","6":"product_cat-ac-filter-capacitor-1","8":"first","9":"instock","10":"shipping-taxable","11":"product-type-simple"},"_links":{"self":[{"href":"https:\/\/rf-capacitor.com\/fr\/wp-json\/wp\/v2\/product\/1713","targetHints":{"allow":["GET"]}}],"collection":[{"href":"https:\/\/rf-capacitor.com\/fr\/wp-json\/wp\/v2\/product"}],"about":[{"href":"https:\/\/rf-capacitor.com\/fr\/wp-json\/wp\/v2\/types\/product"}],"replies":[{"embeddable":true,"href":"https:\/\/rf-capacitor.com\/fr\/wp-json\/wp\/v2\/comments?post=1713"}],"wp:featuredmedia":[{"embeddable":true,"href":"https:\/\/rf-capacitor.com\/fr\/wp-json\/wp\/v2\/media\/1714"}],"wp:attachment":[{"href":"https:\/\/rf-capacitor.com\/fr\/wp-json\/wp\/v2\/media?parent=1713"}],"wp:term":[{"taxonomy":"product_brand","embeddable":true,"href":"https:\/\/rf-capacitor.com\/fr\/wp-json\/wp\/v2\/product_brand?post=1713"},{"taxonomy":"product_cat","embeddable":true,"href":"https:\/\/rf-capacitor.com\/fr\/wp-json\/wp\/v2\/product_cat?post=1713"},{"taxonomy":"product_tag","embeddable":true,"href":"https:\/\/rf-capacitor.com\/fr\/wp-json\/wp\/v2\/product_tag?post=1713"}],"curies":[{"name":"wp","href":"https:\/\/api.w.org\/{rel}","templated":true}]}}