{"id":1705,"date":"2024-12-30T02:28:37","date_gmt":"2024-12-30T02:28:37","guid":{"rendered":"https:\/\/rf-capacitor.com\/?post_type=product&#038;p=1705"},"modified":"2024-12-30T02:28:37","modified_gmt":"2024-12-30T02:28:37","slug":"ac-filter-metalized-film-capacitor","status":"publish","type":"product","link":"https:\/\/rf-capacitor.com\/fr\/ac-filter-metalized-film-capacitor\/","title":{"rendered":"Filtre AC Condensateur \u00e0 film m\u00e9tallis\u00e9"},"content":{"rendered":"<h3 data-sourcepos=\"1:1-1:40\"><strong>Filtre AC Condensateur \u00e0 film m\u00e9tallis\u00e9<\/strong><\/h3>\n<h3 data-sourcepos=\"3:1-3:18\"><strong>Qu'est-ce qu'un condensateur \u00e0 film m\u00e9tallis\u00e9 pour filtre CA ?<\/strong><\/h3>\n<ul data-sourcepos=\"5:1-10:0\">\n<li data-sourcepos=\"5:1-5:121\"><strong><span class=\"citation-0 recitation\">Objet :<\/span><\/strong><span class=\"citation-0 recitation citation-end-0\"> Principalement utilis\u00e9 pour filtrer les harmoniques ind\u00e9sirables (fr\u00e9quences d\u00e9form\u00e9es) dans les syst\u00e8mes d'alimentation en courant alternatif.<\/span><span class=\"button-container hide-from-message-actions ng-star-inserted\"> \u00a0<\/span>\n<div class=\"container ng-tns-c362440147-19 hide\">\n<div class=\"carousel-container ng-tns-c362440147-19\"><\/div>\n<\/div>\n<\/li>\n<li data-sourcepos=\"6:1-10:0\"><strong>Construction :<\/strong>\n<ul data-sourcepos=\"7:5-10:0\">\n<li data-sourcepos=\"7:5-7:90\"><strong>Di\u00e9lectrique :<\/strong> <span class=\"citation-1 recitation citation-end-1\">Fabriqu\u00e9 \u00e0 partir de fines couches de film polypropyl\u00e8ne m\u00e9tallis\u00e9.<\/span><span class=\"button-container hide-from-message-actions ng-star-inserted\">\u00a0<\/span>\n<div class=\"container ng-tns-c362440147-20 hide\">\n<div class=\"carousel-container ng-tns-c362440147-20\"><\/div>\n<\/div>\n<\/li>\n<li data-sourcepos=\"8:5-8:135\"><strong><span class=\"citation-2 recitation\">M\u00e9tallisation :<\/span><\/strong><span class=\"citation-2 recitation citation-end-2\"> Une fine couche de m\u00e9tal (g\u00e9n\u00e9ralement de l'aluminium) est d\u00e9pos\u00e9e sur le film, cr\u00e9ant ainsi une couche conductrice.<\/span><span class=\"button-container hide-from-message-actions ng-star-inserted\"> \u00a0<\/span>\n<div class=\"container ng-tns-c362440147-21 hide\">\n<div class=\"carousel-container ng-tns-c362440147-21\"><\/div>\n<\/div>\n<\/li>\n<li data-sourcepos=\"9:5-10:0\"><strong>Auto-gu\u00e9rison :<\/strong> Si un court-circuit localis\u00e9 se produit, la m\u00e9tallisation autour du d\u00e9faut s'\u00e9vapore, isolant la zone et permettant au condensateur de continuer \u00e0 fonctionner.<\/li>\n<\/ul>\n<\/li>\n<\/ul>\n<h3 data-sourcepos=\"11:1-11:17\"><strong>Caract\u00e9ristiques principales Filtre AC Condensateur \u00e0 film m\u00e9tallis\u00e9 :<\/strong><\/h3>\n<ul data-sourcepos=\"13:1-22:0\">\n<li data-sourcepos=\"13:1-13:99\"><strong><span class=\"citation-3 recitation\">Densit\u00e9 de capacit\u00e9 \u00e9lev\u00e9e :<\/span><\/strong><span class=\"citation-3 recitation citation-end-3\"> Peut atteindre des valeurs de capacit\u00e9 \u00e9lev\u00e9es dans un format compact.<\/span><span class=\"button-container hide-from-message-actions ng-star-inserted\">\u00a0<\/span>\n<div class=\"container ng-tns-c362440147-22 hide\">\n<div class=\"carousel-container ng-tns-c362440147-22\"><\/div>\n<\/div>\n<\/li>\n<li data-sourcepos=\"14:1-14:73\"><strong><span class=\"citation-4 recitation\">Faible perte :<\/span><\/strong><span class=\"citation-4 recitation citation-end-4\"> Dissipation d'\u00e9nergie minimale pendant le fonctionnement.<\/span><span class=\"button-container hide-from-message-actions ng-star-inserted\">\u00a0 \u00a0<\/span>\n<div class=\"container ng-tns-c362440147-23 hide\">\n<div class=\"carousel-container ng-tns-c362440147-23\"><\/div>\n<\/div>\n<\/li>\n<li data-sourcepos=\"15:1-15:80\"><strong>Auto-gu\u00e9rison :<\/strong> <span class=\"citation-5 recitation citation-end-5\">Augmente la fiabilit\u00e9 et prolonge la dur\u00e9e de vie.<\/span><span class=\"button-container hide-from-message-actions ng-star-inserted\">\u00a0 \u00a0<\/span>\n<div class=\"container ng-tns-c362440147-24 hide\">\n<div class=\"carousel-container ng-tns-c362440147-24\"><\/div>\n<\/div>\n<\/li>\n<li data-sourcepos=\"16:1-16:83\"><strong><span class=\"citation-6 recitation\">Capacit\u00e9 de courant de pointe \u00e9lev\u00e9 :<\/span><\/strong><span class=\"citation-6 recitation citation-end-6\"> Peut r\u00e9sister \u00e0 des surtensions importantes.<\/span><span class=\"button-container hide-from-message-actions ng-star-inserted\"> \u00a0<\/span>\n<div class=\"container ng-tns-c362440147-25 hide\">\n<div class=\"carousel-container ng-tns-c362440147-25\"><\/div>\n<\/div>\n<\/li>\n<li data-sourcepos=\"17:1-22:0\"><strong>Large \u00e9ventail d'applications :<\/strong> Convient \u00e0 diverses applications, notamment\n<ul data-sourcepos=\"18:5-22:0\">\n<li data-sourcepos=\"18:5-18:80\"><strong>Syst\u00e8mes d'onduleurs :<\/strong> Lissage des formes d'onde de sortie et am\u00e9lioration de l'efficacit\u00e9.<\/li>\n<li data-sourcepos=\"19:5-19:91\"><strong><span class=\"citation-7 recitation\">Entra\u00eenements motoris\u00e9s :<\/span><\/strong><span class=\"citation-7 recitation citation-end-7\"> R\u00e9duction des harmoniques g\u00e9n\u00e9r\u00e9es par les variateurs de vitesse.<\/span>\n<div class=\"container ng-tns-c362440147-26 hide\">\n<div class=\"carousel-container ng-tns-c362440147-26\"><\/div>\n<\/div>\n<\/li>\n<li data-sourcepos=\"20:5-20:67\"><strong><span class=\"citation-8 recitation\">Chargeurs de batterie :<\/span><\/strong><span class=\"citation-8 recitation citation-end-8\"> Filtrage des courants d'ondulation.<\/span><span class=\"button-container hide-from-message-actions ng-star-inserted\"> \u00a0<\/span>\n<div class=\"container ng-tns-c362440147-27 hide\">\n<div class=\"carousel-container ng-tns-c362440147-27\"><\/div>\n<\/div>\n<\/li>\n<li data-sourcepos=\"21:5-22:0\"><strong><span class=\"citation-9 recitation\">Correction du facteur de puissance (PFC) :<\/span><\/strong><span class=\"citation-9 recitation citation-end-9\"> Am\u00e9liorer la qualit\u00e9 de l'\u00e9lectricit\u00e9.<\/span><span class=\"button-container hide-from-message-actions ng-star-inserted\"> \u00a0<\/span>\n<div class=\"container ng-tns-c362440147-28 hide\">\n<div class=\"carousel-container ng-tns-c362440147-28\">\n<div class=\"carousel-content ng-tns-c362440147-28\">\n<div class=\"sources-carousel-source ng-tns-c362440147-28 hide ng-star-inserted\" data-test-id=\"sources-carousel-source\"><\/div>\n<\/div>\n<\/div>\n<\/div>\n<\/li>\n<\/ul>\n<\/li>\n<\/ul>\n<h3 data-sourcepos=\"23:1-23:17\"><strong>Applications Filtre AC Condensateur \u00e0 film m\u00e9tallis\u00e9 :<\/strong><\/h3>\n<ul data-sourcepos=\"25:1-29:0\">\n<li data-sourcepos=\"25:1-25:99\"><strong><span class=\"citation-10 recitation\">Industriel :<\/span><\/strong><span class=\"citation-10 recitation citation-end-10\"> Correction du facteur de puissance, filtrage des harmoniques dans les \u00e9quipements industriels.<\/span><span class=\"button-container hide-from-message-actions ng-star-inserted\"> \u00a0<\/span>\n<div class=\"container ng-tns-c362440147-29 hide\">\n<div class=\"carousel-container ng-tns-c362440147-29\"><\/div>\n<\/div>\n<\/li>\n<li data-sourcepos=\"26:1-26:91\"><strong><span class=\"citation-11 recitation\">\u00c9nergies renouvelables :<\/span><\/strong><span class=\"citation-11 recitation citation-end-11\"> Filtrage des harmoniques dans les syst\u00e8mes d'\u00e9nergie \u00e9olienne et solaire,<\/span>\n<div class=\"container ng-tns-c362440147-30 hide\">\n<div class=\"carousel-container ng-tns-c362440147-30\"><\/div>\n<\/div>\n<\/li>\n<li data-sourcepos=\"27:1-27:90\"><strong>Automobile :<\/strong> <span class=\"citation-12 recitation citation-end-12\">Lissage des fluctuations de tension dans les syst\u00e8mes \u00e9lectroniques.<\/span><span class=\"button-container hide-from-message-actions ng-star-inserted\">\u00a0 \u00a0<\/span>\n<div class=\"container ng-tns-c362440147-31 hide\">\n<div class=\"carousel-container ng-tns-c362440147-31\"><\/div>\n<\/div>\n<\/li>\n<li data-sourcepos=\"28:1-29:0\"><strong><span class=\"citation-13 recitation\">\u00c9lectronique grand public :<\/span><\/strong><span class=\"citation-13 recitation citation-end-13\"> Am\u00e9liorer les performances des \u00e9quipements audio et vid\u00e9o.<\/span><span class=\"button-container hide-from-message-actions ng-star-inserted\"> \u00a0<\/span>\n<div class=\"container ng-tns-c362440147-32 hide\">\n<div class=\"carousel-container ng-tns-c362440147-32\"><\/div>\n<\/div>\n<\/li>\n<\/ul>\n<h3 data-sourcepos=\"30:1-30:13\"><strong>Avantages :<\/strong><\/h3>\n<ul data-sourcepos=\"32:1-36:0\">\n<li data-sourcepos=\"32:1-32:125\"><strong><span class=\"citation-14 recitation\">Am\u00e9lioration de la qualit\u00e9 de l'\u00e9nergie :<\/span><\/strong><span class=\"citation-14 recitation citation-end-14\"> R\u00e9duit la distorsion harmonique, ce qui permet d'obtenir des syst\u00e8mes \u00e9lectriques plus stables et plus efficaces.<\/span>\n<div class=\"container ng-tns-c362440147-33 hide\">\n<div class=\"carousel-container ng-tns-c362440147-33\"><\/div>\n<\/div>\n<\/li>\n<li data-sourcepos=\"33:1-33:105\"><strong><span class=\"citation-15 recitation\">R\u00e9duction de la consommation d'\u00e9nergie :<\/span><\/strong><span class=\"citation-15 recitation citation-end-15\"> La r\u00e9duction de la distorsion harmonique peut diminuer les pertes d'\u00e9nergie.<\/span><span class=\"button-container hide-from-message-actions ng-star-inserted\"> \u00a0<\/span>\n<div class=\"container ng-tns-c362440147-34 hide\">\n<div class=\"carousel-container ng-tns-c362440147-34\"><\/div>\n<\/div>\n<\/li>\n<li data-sourcepos=\"34:1-34:92\"><strong>Dur\u00e9e de vie prolong\u00e9e de l'\u00e9quipement :<\/strong> Prot\u00e9ger les \u00e9quipements sensibles des effets des harmoniques.<\/li>\n<li data-sourcepos=\"35:1-36:0\"><strong>Am\u00e9lioration de la fiabilit\u00e9 du syst\u00e8me :<\/strong> <span class=\"citation-16 recitation citation-end-16\">Les capacit\u00e9s d'autor\u00e9paration am\u00e9liorent la fiabilit\u00e9 \u00e0 long terme des condensateurs.<\/span><span class=\"button-container hide-from-message-actions ng-star-inserted\"> \u00a0 <\/span><\/li>\n<\/ul>","protected":false},"excerpt":{"rendered":"<table style=\"height: 406px;\" width=\"696\">\n<tbody>\n<tr>\n<td width=\"146\"><strong>Nom du produit :<\/strong><\/td>\n<td width=\"601\"><strong>Filtre AC Condensateur \u00e0 film m\u00e9tallis\u00e9<\/strong><\/td>\n<\/tr>\n<tr>\n<td width=\"146\">\n<h4><strong>Paquet :<\/strong><\/h4>\n<\/td>\n<td width=\"601\">Coque m\u00e9tallique en aluminium, bo\u00eetier \u00e9poxy retardateur de flammes (UL 94V-0) avec courant \u00e9lev\u00e9<\/td>\n<\/tr>\n<tr>\n<td width=\"146\"><strong>Capacit\u00e9 \u00e9lectrique :<\/strong><\/td>\n<td width=\"601\">3\u2716\ufe0f20~3\u2716\ufe0f500UF<\/td>\n<\/tr>\n<tr>\n<td width=\"146\"><strong>Tension nominale\uff1a<\/strong><\/td>\n<td width=\"601\">220-1000vac<\/td>\n<\/tr>\n<tr>\n<td width=\"146\"><strong>Di\u00e9lectrique :\u00a0<\/strong><\/td>\n<td width=\"601\">Film de polypropyl\u00e8ne<\/td>\n<\/tr>\n<tr>\n<td width=\"146\"><strong>Structure :<\/strong><\/td>\n<td width=\"601\">Film m\u00e9tallis\u00e9 structure s\u00e8che<\/td>\n<\/tr>\n<\/tbody>\n<\/table>","protected":false},"featured_media":1706,"comment_status":"open","ping_status":"closed","template":"","meta":[],"product_brand":[],"product_cat":[39],"product_tag":[],"class_list":{"0":"post-1705","1":"product","2":"type-product","3":"status-publish","4":"has-post-thumbnail","6":"product_cat-ac-filter-capacitor-1","8":"first","9":"instock","10":"shipping-taxable","11":"product-type-simple"},"_links":{"self":[{"href":"https:\/\/rf-capacitor.com\/fr\/wp-json\/wp\/v2\/product\/1705","targetHints":{"allow":["GET"]}}],"collection":[{"href":"https:\/\/rf-capacitor.com\/fr\/wp-json\/wp\/v2\/product"}],"about":[{"href":"https:\/\/rf-capacitor.com\/fr\/wp-json\/wp\/v2\/types\/product"}],"replies":[{"embeddable":true,"href":"https:\/\/rf-capacitor.com\/fr\/wp-json\/wp\/v2\/comments?post=1705"}],"wp:featuredmedia":[{"embeddable":true,"href":"https:\/\/rf-capacitor.com\/fr\/wp-json\/wp\/v2\/media\/1706"}],"wp:attachment":[{"href":"https:\/\/rf-capacitor.com\/fr\/wp-json\/wp\/v2\/media?parent=1705"}],"wp:term":[{"taxonomy":"product_brand","embeddable":true,"href":"https:\/\/rf-capacitor.com\/fr\/wp-json\/wp\/v2\/product_brand?post=1705"},{"taxonomy":"product_cat","embeddable":true,"href":"https:\/\/rf-capacitor.com\/fr\/wp-json\/wp\/v2\/product_cat?post=1705"},{"taxonomy":"product_tag","embeddable":true,"href":"https:\/\/rf-capacitor.com\/fr\/wp-json\/wp\/v2\/product_tag?post=1705"}],"curies":[{"name":"wp","href":"https:\/\/api.w.org\/{rel}","templated":true}]}}