{"id":1666,"date":"2024-12-27T03:40:14","date_gmt":"2024-12-27T03:40:14","guid":{"rendered":"https:\/\/rf-capacitor.com\/?post_type=product&#038;p=1666"},"modified":"2024-12-31T03:26:01","modified_gmt":"2024-12-31T03:26:01","slug":"polyester-film-capacitor","status":"publish","type":"product","link":"https:\/\/rf-capacitor.com\/fr\/polyester-film-capacitor\/","title":{"rendered":"Condensateur \u00e0 film polyester"},"content":{"rendered":"<h3 data-sourcepos=\"1:1-1:29\"><strong>Condensateurs \u00e0 film polyester<\/strong><\/h3>\n<p data-sourcepos=\"3:1-3:312\"><span class=\"citation-0 recitation citation-end-0\">Les condensateurs \u00e0 film polyester sont un type courant de condensateur \u00e0 film qui utilise un film polyester comme mat\u00e9riau di\u00e9lectrique entre les plaques conductrices.<\/span> <span class=\"citation-1 recitation citation-end-1\">Ils sont connus pour leur bonne stabilit\u00e9, leur fiabilit\u00e9 et leur rentabilit\u00e9, ce qui les rend largement utilis\u00e9s dans diverses applications \u00e9lectroniques.<\/span><span class=\"button-container hide-from-message-actions ng-star-inserted\">\u00a0<\/span><\/p>\n<h3 data-sourcepos=\"5:1-5:24\"><strong>Caract\u00e9ristiques principales :<\/strong><\/h3>\n<ul data-sourcepos=\"7:1-13:0\">\n<li data-sourcepos=\"7:1-7:90\"><strong><span class=\"citation-2 recitation\">Mat\u00e9riau di\u00e9lectrique :<\/span><\/strong><span class=\"citation-2 recitation citation-end-2\"> Film polyester (poly\u00e9thyl\u00e8ne t\u00e9r\u00e9phtalate ou PET)<\/span><span class=\"button-container hide-from-message-actions ng-star-inserted\"> \u00a0<\/span>\n<div class=\"container ng-tns-c362440147-92 hide\">\n<div class=\"carousel-container ng-tns-c362440147-92\"><\/div>\n<\/div>\n<\/li>\n<li data-sourcepos=\"8:1-8:104\"><strong>Bonne stabilit\u00e9 :<\/strong> <span class=\"citation-3 recitation citation-end-3\">Pr\u00e9sentent une excellente stabilit\u00e9 de la capacit\u00e9 en fonction de la temp\u00e9rature et du temps.<\/span><span class=\"button-container hide-from-message-actions ng-star-inserted\"> \u00a0<\/span>\n<div class=\"container ng-tns-c362440147-93 hide\">\n<div class=\"carousel-container ng-tns-c362440147-93\"><\/div>\n<\/div>\n<\/li>\n<li data-sourcepos=\"9:1-9:189\"><strong><span class=\"citation-4 recitation\">Propri\u00e9t\u00e9s d'auto-gu\u00e9rison :<\/span><\/strong><span class=\"citation-4 recitation citation-end-4\"> Ils poss\u00e8dent intrins\u00e8quement des propri\u00e9t\u00e9s d'autor\u00e9paration, les ruptures di\u00e9lectriques localis\u00e9es \u00e9tant automatiquement r\u00e9par\u00e9es, ce qui prolonge la dur\u00e9e de vie du condensateur.<\/span>\n<div class=\"container ng-tns-c362440147-94 hide\">\n<div class=\"carousel-container ng-tns-c362440147-94\"><\/div>\n<\/div>\n<\/li>\n<li data-sourcepos=\"10:1-10:140\"><strong><span class=\"citation-5 recitation\">Large gamme de valeurs de capacit\u00e9 :<\/span><\/strong><span class=\"citation-5 recitation citation-end-5\"> Disponibles dans une large gamme de valeurs de capacit\u00e9 pour r\u00e9pondre aux diff\u00e9rentes exigences des circuits.<\/span><span class=\"button-container hide-from-message-actions ng-star-inserted\"> \u00a0<\/span>\n<div class=\"container ng-tns-c362440147-95 hide\">\n<div class=\"carousel-container ng-tns-c362440147-95\"><\/div>\n<\/div>\n<\/li>\n<li data-sourcepos=\"11:1-11:109\"><strong>Rentable :<\/strong> <span class=\"citation-6 recitation citation-end-6\">G\u00e9n\u00e9ralement plus abordable que d'autres types de condensateurs \u00e0 film.<\/span><span class=\"button-container hide-from-message-actions ng-star-inserted\"> \u00a0<\/span>\n<div class=\"container ng-tns-c362440147-96 hide\">\n<div class=\"carousel-container ng-tns-c362440147-96\"><\/div>\n<\/div>\n<\/li>\n<li data-sourcepos=\"12:1-13:0\"><strong>Mod\u00e9r\u00e9 Tension nominale :<\/strong> Ils ont g\u00e9n\u00e9ralement une tension nominale mod\u00e9r\u00e9e par rapport aux condensateurs \u00e0 film \u00e0 haute tension.<\/li>\n<\/ul>\n<h3 data-sourcepos=\"14:1-14:24\"><strong>Applications courantes :<\/strong><\/h3>\n<ul data-sourcepos=\"16:1-20:0\">\n<li data-sourcepos=\"16:1-16:128\"><strong>Couplage et d\u00e9couplage :<\/strong> Utilis\u00e9 pour isoler la polarisation en courant continu et filtrer les signaux en courant alternatif dans les circuits d'amplification et autres syst\u00e8mes \u00e9lectroniques.<\/li>\n<li data-sourcepos=\"17:1-17:96\"><strong><span class=\"citation-7 recitation\">Circuits de synchronisation :<\/span><\/strong><span class=\"citation-7 recitation citation-end-7\"> Utilis\u00e9 dans les circuits de synchronisation, tels que les oscillateurs et les minuteries.<\/span><span class=\"button-container hide-from-message-actions ng-star-inserted\"> \u00a0<\/span>\n<div class=\"container ng-tns-c362440147-97 hide\">\n<div class=\"carousel-container ng-tns-c362440147-97\"><\/div>\n<\/div>\n<\/li>\n<li data-sourcepos=\"18:1-18:97\"><strong>Alimentations :<\/strong> <span class=\"citation-8 recitation citation-end-8\">Utilis\u00e9 dans les circuits d'alimentation \u00e9lectrique pour le filtrage et le lissage.<\/span><span class=\"button-container hide-from-message-actions ng-star-inserted\">\u00a0<\/span>\n<div class=\"container ng-tns-c362440147-98 hide\">\n<div class=\"carousel-container ng-tns-c362440147-98\"><\/div>\n<\/div>\n<\/li>\n<li data-sourcepos=\"19:1-20:0\"><strong>Applications g\u00e9n\u00e9rales :<\/strong> <span class=\"citation-9 recitation citation-end-9\">Convient \u00e0 une large gamme d'applications g\u00e9n\u00e9rales n\u00e9cessitant une bonne stabilit\u00e9 et une bonne fiabilit\u00e9.<\/span><span class=\"button-container hide-from-message-actions ng-star-inserted\"> \u00a0 <\/span><\/li>\n<\/ul>","protected":false},"excerpt":{"rendered":"<table style=\"height: 436px;\" width=\"725\">\n<tbody>\n<tr>\n<td width=\"146\"><strong><b>Produit<\/b><\/strong>\u00a0<strong><b>Nom :<\/b><\/strong><\/td>\n<td width=\"601\"><strong>Condensateur \u00e0 film polyester<\/strong><\/td>\n<\/tr>\n<tr>\n<td width=\"146\">\n<h4><strong>Description succincte :<\/strong><\/h4>\n<\/td>\n<td width=\"601\">D\u00e9fibrillateur externe ;<br \/>\nApplications de puissance d'impulsion ;<\/td>\n<\/tr>\n<tr>\n<td width=\"146\"><strong>Plage de capacit\u00e9 :<\/strong><\/td>\n<td width=\"601\">32\u03bcF~200\u03bcF<\/td>\n<\/tr>\n<tr>\n<td width=\"146\"><strong>Tension nominale\uff1a<\/strong><\/td>\n<td width=\"601\">1500V.DC - 5000V.DC<\/td>\n<\/tr>\n<tr>\n<td width=\"146\"><strong>Cap.tol\uff1a<\/strong><\/td>\n<td width=\"601\">\u00a0\u00b15%(J);\u00b110%(K)<\/td>\n<\/tr>\n<\/tbody>\n<\/table>","protected":false},"featured_media":1806,"comment_status":"open","ping_status":"closed","template":"","meta":[],"product_brand":[],"product_cat":[38],"product_tag":[],"class_list":{"0":"post-1666","1":"product","2":"type-product","3":"status-publish","4":"has-post-thumbnail","6":"product_cat-dc-capacitor-2","8":"first","9":"instock","10":"shipping-taxable","11":"product-type-simple"},"_links":{"self":[{"href":"https:\/\/rf-capacitor.com\/fr\/wp-json\/wp\/v2\/product\/1666","targetHints":{"allow":["GET"]}}],"collection":[{"href":"https:\/\/rf-capacitor.com\/fr\/wp-json\/wp\/v2\/product"}],"about":[{"href":"https:\/\/rf-capacitor.com\/fr\/wp-json\/wp\/v2\/types\/product"}],"replies":[{"embeddable":true,"href":"https:\/\/rf-capacitor.com\/fr\/wp-json\/wp\/v2\/comments?post=1666"}],"wp:featuredmedia":[{"embeddable":true,"href":"https:\/\/rf-capacitor.com\/fr\/wp-json\/wp\/v2\/media\/1806"}],"wp:attachment":[{"href":"https:\/\/rf-capacitor.com\/fr\/wp-json\/wp\/v2\/media?parent=1666"}],"wp:term":[{"taxonomy":"product_brand","embeddable":true,"href":"https:\/\/rf-capacitor.com\/fr\/wp-json\/wp\/v2\/product_brand?post=1666"},{"taxonomy":"product_cat","embeddable":true,"href":"https:\/\/rf-capacitor.com\/fr\/wp-json\/wp\/v2\/product_cat?post=1666"},{"taxonomy":"product_tag","embeddable":true,"href":"https:\/\/rf-capacitor.com\/fr\/wp-json\/wp\/v2\/product_tag?post=1666"}],"curies":[{"name":"wp","href":"https:\/\/api.w.org\/{rel}","templated":true}]}}