{"id":1630,"date":"2024-12-26T08:55:26","date_gmt":"2024-12-26T08:55:26","guid":{"rendered":"https:\/\/rf-capacitor.com\/?post_type=product&#038;p=1630"},"modified":"2024-12-26T09:16:35","modified_gmt":"2024-12-26T09:16:35","slug":"dc-circuit-capacitor","status":"publish","type":"product","link":"https:\/\/rf-capacitor.com\/fr\/dc-circuit-capacitor\/","title":{"rendered":"Condensateur de circuit CC"},"content":{"rendered":"<h3 data-sourcepos=\"1:1-1:47\"><strong>Les condensateurs dans les circuits \u00e0 courant continu : R\u00f4les inattendus<\/strong><\/h3>\n<p data-sourcepos=\"3:1-3:203\">Bien que les condensateurs pour circuits \u00e0 courant continu soient souvent associ\u00e9s aux circuits \u00e0 courant alternatif, ils peuvent \u00e9galement jouer un r\u00f4le surprenant et crucial dans les circuits \u00e0 courant continu. Voici un aper\u00e7u du comportement et de l'utilisation des condensateurs dans les environnements \u00e0 courant continu :<\/p>\n<h4 data-sourcepos=\"5:1-5:37\"><strong>1. Chargement initial et blocage :<\/strong><\/h4>\n<ul data-sourcepos=\"7:1-9:0\">\n<li data-sourcepos=\"7:1-7:201\"><strong>Phase de chargement :<\/strong> Lorsqu'un condensateur de circuit CC est connect\u00e9 pour la premi\u00e8re fois \u00e0 un condensateur non charg\u00e9, un bref courant circule. Ce courant charge les plaques du condensateur, cr\u00e9ant ainsi un champ \u00e9lectrique oppos\u00e9.<\/li>\n<li data-sourcepos=\"7:1-7:201\"><strong>\u00c9tat stable :<\/strong> Une fois que le condensateur est enti\u00e8rement charg\u00e9, il agit comme un circuit ouvert, bloquant le flux de courant continu. En effet, la charge accumul\u00e9e sur les plaques cr\u00e9e un champ \u00e9lectrique qui s'oppose parfaitement au courant continu appliqu\u00e9 au circuit du condensateur.<\/li>\n<li data-sourcepos=\"8:1-9:0\"><strong style=\"color: #555555; font-size: 14.4px;\">2. Lissage et filtrage :<\/strong><\/li>\n<\/ul>\n<ul data-sourcepos=\"12:1-14:0\">\n<li data-sourcepos=\"12:1-12:281\"><strong>R\u00e9duction de l'ondulation :<\/strong> Dans les alimentations, les condensateurs sont utilis\u00e9s pour att\u00e9nuer les fluctuations de tension (ondulation) qui se produisent souvent en raison du processus de redressement. Le condensateur absorbe l'exc\u00e8s de charge lors des pics de tension et le lib\u00e8re lors des creux, ce qui permet d'obtenir une sortie de courant continu plus stable.<\/li>\n<li data-sourcepos=\"13:1-14:0\"><strong>Filtrage :<\/strong> Les condensateurs peuvent \u00eatre utilis\u00e9s pour filtrer le bruit \u00e0 haute fr\u00e9quence d'un signal continu. Condensateur de circuit CC Ceci est particuli\u00e8rement important dans les circuits \u00e9lectroniques sensibles o\u00f9 le bruit peut interf\u00e9rer avec le bon fonctionnement.<\/li>\n<\/ul>\n<h4 data-sourcepos=\"15:1-15:23\"><strong>3. Circuits de synchronisation :<\/strong><\/h4>\n<ul data-sourcepos=\"17:1-18:0\">\n<li data-sourcepos=\"17:1-18:0\"><strong>Circuits RC :<\/strong> Les condensateurs combin\u00e9s \u00e0 des r\u00e9sistances (circuits RC) constituent la base des circuits de synchronisation. Le temps n\u00e9cessaire \u00e0 un condensateur pour se charger ou se d\u00e9charger \u00e0 travers une r\u00e9sistance peut \u00eatre contr\u00f4l\u00e9 avec pr\u00e9cision, ce qui permet de cr\u00e9er des d\u00e9lais, des oscillateurs et d'autres fonctions li\u00e9es au temps.<\/li>\n<li data-sourcepos=\"17:1-18:0\">\n<h4><strong style=\"color: #555555; font-size: 14.4px;\">4. Couplage de signaux CA :<\/strong><\/h4>\n<\/li>\n<\/ul>\n<ul data-sourcepos=\"21:1-22:0\">\n<li data-sourcepos=\"21:1-22:0\"><strong>Blocage du DC :<\/strong> Les condensateurs peuvent \u00eatre utilis\u00e9s pour coupler des signaux alternatifs entre diff\u00e9rents \u00e9tages d'un circuit continu tout en bloquant efficacement la composante continue. Cette fonction est cruciale dans de nombreux circuits audio et d'amplification.<\/li>\n<li data-sourcepos=\"21:1-22:0\"><strong style=\"color: #555555; font-size: 14.4px;\">Points cl\u00e9s :<\/strong><\/li>\n<\/ul>\n<ul data-sourcepos=\"25:1-27:0\">\n<li data-sourcepos=\"25:1-25:248\"><strong>Pas toujours passif :<\/strong> Bien que les condensateurs bloquent g\u00e9n\u00e9ralement le courant continu, leur comportement dans les circuits \u00e0 courant continu n'est pas toujours passif. Ils peuvent participer activement \u00e0 l'\u00e9laboration du comportement du circuit, en particulier dans les applications de charge, de lissage et de synchronisation.<\/li>\n<li data-sourcepos=\"25:1-25:248\"><strong>Sp\u00e9cifique \u00e0 l'application :<\/strong> Le r\u00f4le sp\u00e9cifique d'un condensateur dans un circuit \u00e0 courant continu d\u00e9pend fortement de la conception du circuit et de la fonction pr\u00e9vue.<\/li>\n<\/ul>\n<p data-sourcepos=\"28:1-28:223\"><strong>Par essence, les condensateurs dans les circuits \u00e0 courant continu ne sont pas de simples \u00e9l\u00e9ments passifs ; ils peuvent \u00eatre des composants dynamiques qui jouent un r\u00f4le vital dans le comportement du circuit, qu'il s'agisse de lisser les alimentations ou de cr\u00e9er des m\u00e9canismes de synchronisation pr\u00e9cis.<\/strong><\/p>","protected":false},"excerpt":{"rendered":"<table style=\"height: 544px;\" width=\"704\">\n<tbody>\n<tr>\n<td width=\"146\"><strong><b>Produit<\/b><\/strong>\u00a0<strong><b>Nom :<\/b><\/strong><\/td>\n<td width=\"601\">Condensateur de circuit CC<\/td>\n<\/tr>\n<tr>\n<td width=\"146\">\n<h4><strong>Description succincte :<\/strong><\/h4>\n<\/td>\n<td width=\"601\">Les condensateurs \u00e0 film m\u00e9tallis\u00e9 comptent parmi les condensateurs les plus couramment utilis\u00e9s dans les circuits \u00e9lectroniques d'aujourd'hui, tandis que les condensateurs \u00e0 film de faible puissance sont couramment utilis\u00e9s pour les applications de d\u00e9couplage et de filtrage.<\/td>\n<\/tr>\n<tr>\n<td width=\"146\"><strong>Plage de capacit\u00e9 :<\/strong><\/td>\n<td width=\"601\">8-150uf<\/td>\n<\/tr>\n<tr>\n<td width=\"146\"><strong>Tension nominale\uff1a<\/strong><\/td>\n<td width=\"601\">450-1300V<\/td>\n<\/tr>\n<tr>\n<td width=\"146\">\u00a0<strong>Temp\u00e9rature :<\/strong><\/td>\n<td width=\"601\">jusqu'\u00e0 105\u2103<\/td>\n<\/tr>\n<\/tbody>\n<\/table>","protected":false},"featured_media":1632,"comment_status":"open","ping_status":"closed","template":"","meta":[],"product_brand":[],"product_cat":[38],"product_tag":[],"class_list":{"0":"post-1630","1":"product","2":"type-product","3":"status-publish","4":"has-post-thumbnail","6":"product_cat-dc-capacitor-2","8":"first","9":"instock","10":"shipping-taxable","11":"product-type-simple"},"_links":{"self":[{"href":"https:\/\/rf-capacitor.com\/fr\/wp-json\/wp\/v2\/product\/1630","targetHints":{"allow":["GET"]}}],"collection":[{"href":"https:\/\/rf-capacitor.com\/fr\/wp-json\/wp\/v2\/product"}],"about":[{"href":"https:\/\/rf-capacitor.com\/fr\/wp-json\/wp\/v2\/types\/product"}],"replies":[{"embeddable":true,"href":"https:\/\/rf-capacitor.com\/fr\/wp-json\/wp\/v2\/comments?post=1630"}],"wp:featuredmedia":[{"embeddable":true,"href":"https:\/\/rf-capacitor.com\/fr\/wp-json\/wp\/v2\/media\/1632"}],"wp:attachment":[{"href":"https:\/\/rf-capacitor.com\/fr\/wp-json\/wp\/v2\/media?parent=1630"}],"wp:term":[{"taxonomy":"product_brand","embeddable":true,"href":"https:\/\/rf-capacitor.com\/fr\/wp-json\/wp\/v2\/product_brand?post=1630"},{"taxonomy":"product_cat","embeddable":true,"href":"https:\/\/rf-capacitor.com\/fr\/wp-json\/wp\/v2\/product_cat?post=1630"},{"taxonomy":"product_tag","embeddable":true,"href":"https:\/\/rf-capacitor.com\/fr\/wp-json\/wp\/v2\/product_tag?post=1630"}],"curies":[{"name":"wp","href":"https:\/\/api.w.org\/{rel}","templated":true}]}}