{"id":1624,"date":"2024-12-26T07:13:54","date_gmt":"2024-12-26T07:13:54","guid":{"rendered":"https:\/\/rf-capacitor.com\/?post_type=product&#038;p=1624"},"modified":"2024-12-26T07:13:54","modified_gmt":"2024-12-26T07:13:54","slug":"dc-link-capacitor","status":"publish","type":"product","link":"https:\/\/rf-capacitor.com\/fr\/dc-link-capacitor\/","title":{"rendered":"Condensateur de liaison CC"},"content":{"rendered":"<h2 data-sourcepos=\"1:1-1:48\">Condensateur de liaison CC : Un tampon pour l'\u00e9lectronique de puissance<\/h2>\n<p data-sourcepos=\"3:1-3:271\"><strong><span class=\"citation-0 recitation\">Un condensateur de liaison CC<\/span><\/strong><span class=\"citation-0 recitation citation-end-0\"> est un composant crucial dans les circuits d'\u00e9lectronique de puissance, agissant comme un tampon entre les \u00e9tages d'entr\u00e9e et de sortie d'un convertisseur.<\/span> <span class=\"citation-1 recitation citation-end-1\">Il joue un r\u00f4le essentiel dans la stabilisation de la tension continue et assure le bon fonctionnement du syst\u00e8me.<\/span><span class=\"button-container hide-from-message-actions ng-star-inserted\">\u00a0<\/span><\/p>\n<h3 data-sourcepos=\"5:1-5:16\">Comment cela fonctionne-t-il ?<\/h3>\n<ul data-sourcepos=\"6:1-9:0\">\n<li data-sourcepos=\"6:1-6:146\"><strong>Stockage de l'\u00e9nergie :<\/strong> <span class=\"citation-2 recitation citation-end-2\">Le condensateur de liaison CC stocke l'\u00e9nergie pendant les p\u00e9riodes de faible demande et la lib\u00e8re pendant les p\u00e9riodes de forte demande.<\/span>\n<div class=\"container ng-tns-c362440147-34 hide\">\n<div class=\"carousel-container ng-tns-c362440147-34\"><\/div>\n<\/div>\n<\/li>\n<li data-sourcepos=\"7:1-7:209\"><strong><span class=\"citation-3 recitation\">Stabilisation de la tension :<\/span><\/strong><span class=\"citation-3 recitation citation-end-3\"> En absorbant et en lib\u00e9rant de l'\u00e9nergie, le condensateur contribue \u00e0 maintenir un niveau de tension continue stable, r\u00e9duisant les fluctuations caus\u00e9es par les variations de la puissance d'entr\u00e9e ou de la demande de charge.<\/span><span class=\"button-container hide-from-message-actions ng-star-inserted\">\u00a0<\/span>\n<div class=\"container ng-tns-c362440147-35 hide\">\n<div class=\"carousel-container ng-tns-c362440147-35\"><\/div>\n<\/div>\n<\/li>\n<li data-sourcepos=\"8:1-9:0\"><strong><span class=\"citation-4 recitation\">R\u00e9duction du courant d'ondulation :<\/span><\/strong><span class=\"citation-4 recitation citation-end-4\"> Il permet \u00e9galement de r\u00e9duire le courant d'ondulation g\u00e9n\u00e9r\u00e9 par l'action de commutation du convertisseur, ce qui permet d'obtenir une sortie CC plus propre.<\/span><span class=\"button-container hide-from-message-actions ng-star-inserted\"> \u00a0<\/span>\n<div class=\"container ng-tns-c362440147-36 hide\">\n<div class=\"carousel-container ng-tns-c362440147-36\"><\/div>\n<\/div>\n<\/li>\n<\/ul>\n<h3 data-sourcepos=\"10:1-10:16\">Applications<\/h3>\n<p data-sourcepos=\"11:1-11:88\">Les condensateurs de liaison CC sont largement utilis\u00e9s dans diverses applications d'\u00e9lectronique de puissance, notamment :<\/p>\n<ul data-sourcepos=\"18:1-21:0\">\n<li data-sourcepos=\"12:1-12:122\"><strong><span class=\"citation-5 recitation\">Onduleurs :<\/span><\/strong><span class=\"citation-5 recitation citation-end-5\"> Fournir une source de tension continue stable pour l'onduleur qui convertit l'\u00e9nergie continue en \u00e9nergie alternative.<\/span><span class=\"button-container hide-from-message-actions ng-star-inserted\">\u00a0 \u00a0<\/span>\n<div class=\"container ng-tns-c362440147-37 hide\">\n<div class=\"carousel-container ng-tns-c362440147-37\"><\/div>\n<\/div>\n<\/li>\n<li data-sourcepos=\"13:1-13:98\"><strong><span class=\"citation-6 recitation\">Convertisseurs :<\/span><\/strong><span class=\"citation-6 recitation citation-end-6\"> Pour lisser la tension continue entre les \u00e9tages d'un convertisseur \u00e0 plusieurs \u00e9tages.<\/span><span class=\"button-container hide-from-message-actions ng-star-inserted\">\u00a0 \u00a0<\/span>\n<div class=\"container ng-tns-c362440147-38 hide\">\n<div class=\"carousel-container ng-tns-c362440147-38\"><\/div>\n<\/div>\n<\/li>\n<li data-sourcepos=\"14:1-14:124\"><strong><span class=\"citation-7 recitation\">Entra\u00eenements motoris\u00e9s :<\/span><\/strong><span class=\"citation-7 recitation citation-end-7\"> Pour assurer un fonctionnement stable des commandes de moteur en fournissant une tension continue constante au moteur.<\/span><span class=\"button-container hide-from-message-actions ng-star-inserted\">\u00a0 \u00a0<\/span>\n<div class=\"container ng-tns-c362440147-39 hide\">\n<div class=\"carousel-container ng-tns-c362440147-39\"><\/div>\n<\/div>\n<\/li>\n<li data-sourcepos=\"15:1-16:0\"><strong><span class=\"citation-8 recitation\">Syst\u00e8mes d'\u00e9nergie renouvelable :<\/span><\/strong><span class=\"citation-8 recitation citation-end-8\"> Stocker l'\u00e9nergie provenant de sources telles que les panneaux solaires et les turbines \u00e9oliennes, afin de garantir une alimentation en courant continu stable.<\/span><span class=\"button-container hide-from-message-actions ng-star-inserted\">\u00a0<\/span>\n<div class=\"container ng-tns-c362440147-40 hide\">\n<div class=\"carousel-container ng-tns-c362440147-40\">\n<div class=\"carousel-content ng-tns-c362440147-40\">\n<div data-test-id=\"sources-carousel-source\"><\/div>\n<div data-test-id=\"sources-carousel-source\"><\/div>\n<div class=\"sources-carousel-source ng-tns-c362440147-40 hide ng-star-inserted\" data-test-id=\"sources-carousel-source\"><span style=\"font-size: 20.16px;\">Principales consid\u00e9rations<\/span><\/div>\n<\/div>\n<\/div>\n<\/div>\n<\/li>\n<li data-sourcepos=\"18:1-18:147\"><strong>Valeur de la capacit\u00e9 :<\/strong> <span class=\"citation-9 recitation citation-end-9\">La valeur de la capacit\u00e9 est choisie en fonction de l'ondulation de tension souhait\u00e9e et des besoins en \u00e9nergie du syst\u00e8me.<\/span><\/li>\n<li data-sourcepos=\"18:1-18:147\"><strong style=\"font-size: 14.4px;\">Tension nominale :<\/strong><span style=\"font-size: 14.4px;\"> Le condensateur doit \u00eatre dimensionn\u00e9 pour la tension maximale \u00e0 laquelle il sera expos\u00e9 dans le circuit.<\/span><\/li>\n<li data-sourcepos=\"20:1-21:0\"><strong>Courant d'ondulation :<\/strong> <span class=\"citation-10 recitation citation-end-10\">Le condensateur doit \u00eatre capable de supporter les courants d'ondulation \u00e9lev\u00e9s g\u00e9n\u00e9r\u00e9s par l'action de commutation du convertisseur.<\/span><span class=\"button-container hide-from-message-actions ng-star-inserted\"> \u00a0<\/span>\n<div class=\"container ng-tns-c362440147-42 hide\">\n<div class=\"carousel-container ng-tns-c362440147-42\"><\/div>\n<\/div>\n<\/li>\n<\/ul>\n<p data-sourcepos=\"22:1-22:323\"><strong><span class=\"citation-11 recitation citation-end-11\">Par essence, un condensateur de liaison CC est un composant essentiel qui assure un fonctionnement stable et efficace des syst\u00e8mes d'\u00e9lectronique de puissance.<\/span> <span class=\"citation-12 recitation\">En fournissant un tampon pour le stockage de l'\u00e9nergie et la stabilisation de la tension, il joue un r\u00f4le cl\u00e9 dans diverses applications, des syst\u00e8mes d'\u00e9nergie renouvelable aux entra\u00eenements de moteurs.<\/span><\/strong><span class=\"button-container hide-from-message-actions ng-star-inserted\"> \u00a0 <\/span><\/p>","protected":false},"excerpt":{"rendered":"<table style=\"height: 485px;\" width=\"682\">\n<tbody>\n<tr>\n<td width=\"146\"><strong><b>Produit<\/b><\/strong>\u00a0<strong><b>Nom :<\/b><\/strong><\/td>\n<td width=\"601\">Condensateur de liaison CC<\/td>\n<\/tr>\n<tr>\n<td width=\"146\">\n<h4><strong>Description succincte :<\/strong><\/h4>\n<\/td>\n<td width=\"601\">Largement utilis\u00e9 dans diff\u00e9rents types d'\u00e9quipements \u00e9lectroniques. Partie de liaison CC pour le support CC, le stockage d'\u00e9nergie et le filtre, par exemple les syst\u00e8mes d'\u00e9nergie \u00e9olienne et les onduleurs ;<\/td>\n<\/tr>\n<tr>\n<td width=\"146\"><strong>Plage de capacit\u00e9 :<\/strong><\/td>\n<td width=\"601\">20\u00b5F ~ 5600\u00b5F<\/td>\n<\/tr>\n<tr>\n<td width=\"146\"><strong>Tension nominale\uff1a<\/strong><\/td>\n<td width=\"601\">500 ~ 4000VDC<\/td>\n<\/tr>\n<tr>\n<td width=\"146\"><strong>Cap.tol\uff1a<\/strong><\/td>\n<td width=\"601\">\u00a0\u00a0\u00b15%\uff08J\uff09\uff1b\u00b110%\uff08K\uff09<\/td>\n<\/tr>\n<tr>\n<td width=\"146\"><\/td>\n<td width=\"601\"><\/td>\n<\/tr>\n<\/tbody>\n<\/table>","protected":false},"featured_media":1625,"comment_status":"open","ping_status":"closed","template":"","meta":[],"product_brand":[],"product_cat":[38],"product_tag":[],"class_list":{"0":"post-1624","1":"product","2":"type-product","3":"status-publish","4":"has-post-thumbnail","6":"product_cat-dc-capacitor-2","8":"first","9":"instock","10":"shipping-taxable","11":"product-type-simple"},"_links":{"self":[{"href":"https:\/\/rf-capacitor.com\/fr\/wp-json\/wp\/v2\/product\/1624","targetHints":{"allow":["GET"]}}],"collection":[{"href":"https:\/\/rf-capacitor.com\/fr\/wp-json\/wp\/v2\/product"}],"about":[{"href":"https:\/\/rf-capacitor.com\/fr\/wp-json\/wp\/v2\/types\/product"}],"replies":[{"embeddable":true,"href":"https:\/\/rf-capacitor.com\/fr\/wp-json\/wp\/v2\/comments?post=1624"}],"wp:featuredmedia":[{"embeddable":true,"href":"https:\/\/rf-capacitor.com\/fr\/wp-json\/wp\/v2\/media\/1625"}],"wp:attachment":[{"href":"https:\/\/rf-capacitor.com\/fr\/wp-json\/wp\/v2\/media?parent=1624"}],"wp:term":[{"taxonomy":"product_brand","embeddable":true,"href":"https:\/\/rf-capacitor.com\/fr\/wp-json\/wp\/v2\/product_brand?post=1624"},{"taxonomy":"product_cat","embeddable":true,"href":"https:\/\/rf-capacitor.com\/fr\/wp-json\/wp\/v2\/product_cat?post=1624"},{"taxonomy":"product_tag","embeddable":true,"href":"https:\/\/rf-capacitor.com\/fr\/wp-json\/wp\/v2\/product_tag?post=1624"}],"curies":[{"name":"wp","href":"https:\/\/api.w.org\/{rel}","templated":true}]}}