{"id":1619,"date":"2024-12-26T04:13:14","date_gmt":"2024-12-26T04:13:14","guid":{"rendered":"https:\/\/rf-capacitor.com\/?post_type=product&#038;p=1619"},"modified":"2024-12-26T06:52:05","modified_gmt":"2024-12-26T06:52:05","slug":"dc-blocking-capacitor","status":"publish","type":"product","link":"https:\/\/rf-capacitor.com\/fr\/dc-blocking-capacitor\/","title":{"rendered":"Condensateur de blocage DC"},"content":{"rendered":"<div id=\"model-response-message-contentr_721751df4669b9f0\" class=\"markdown markdown-main-panel response-optimization\" dir=\"ltr\">\n<h2 data-sourcepos=\"1:1-1:53\">Condensateur de blocage CC : Un pont entre les signaux alternatifs<\/h2>\n<p data-sourcepos=\"3:1-3:329\"><strong><span class=\"citation-0 recitation\">Un condensateur de blocage du courant continu<\/span><\/strong><span class=\"citation-0 recitation\">, \u00e9galement connu sous le nom de <\/span><strong><span class=\"citation-0 recitation\">condensateur de couplage<\/span><\/strong><span class=\"citation-0 recitation\"> ou <\/span><strong><span class=\"citation-0 recitation\">condensateur de d\u00e9rivation<\/span><\/strong><span class=\"citation-0 recitation citation-end-0\">est un composant \u00e9lectronique passif qui joue un r\u00f4le crucial dans de nombreux circuits.<\/span> <span class=\"citation-1 recitation\">Sa fonction premi\u00e8re est de <\/span><strong><span class=\"citation-1 recitation\">laissent passer les signaux de courant alternatif (CA) tout en bloquant les composants de courant continu (CC)<\/span><\/strong><span class=\"citation-1 recitation citation-end-1\">.<\/span><span class=\"button-container hide-from-message-actions ng-star-inserted\">\u00a0<\/span><\/p>\n<div class=\"container ng-tns-c362440147-19 hide\">\n<div class=\"carousel-container ng-tns-c362440147-19\">\n<div class=\"carousel-content ng-tns-c362440147-19\">\n<div class=\"sources-carousel-source ng-tns-c362440147-19 hide ng-star-inserted\" data-test-id=\"sources-carousel-source\"><\/div>\n<div class=\"sources-carousel-source ng-tns-c362440147-19 hide ng-star-inserted\" data-test-id=\"sources-carousel-source\"><span style=\"font-size: 20.16px;\">Comment cela fonctionne-t-il ?<\/span><\/div>\n<\/div>\n<\/div>\n<\/div>\n<ul data-sourcepos=\"6:1-9:0\">\n<li data-sourcepos=\"6:1-6:121\"><strong>Capacit\u00e9 :<\/strong> <span class=\"citation-2 recitation citation-end-2\">Les condensateurs stockent la charge \u00e9lectrique et leur capacit\u00e9 \u00e0 le faire est mesur\u00e9e en Farads (F).<\/span><span class=\"button-container hide-from-message-actions ng-star-inserted\">\u00a0 \u00a0<\/span>\n<div class=\"container ng-tns-c362440147-20 hide\">\n<div class=\"carousel-container ng-tns-c362440147-20\"><\/div>\n<\/div>\n<\/li>\n<li data-sourcepos=\"7:1-7:129\"><strong>Signal AC :<\/strong> Lorsqu'un signal alternatif est appliqu\u00e9, le condensateur se charge et se d\u00e9charge rapidement, laissant passer le signal.<\/li>\n<li data-sourcepos=\"8:1-9:0\"><strong>Signal DC :<\/strong> <span class=\"citation-3 recitation citation-end-3\">Pour un signal continu, le condensateur se charge jusqu'\u00e0 un \u00e9tat stable et agit comme un circuit ouvert, bloquant efficacement la composante continue.<\/span><span class=\"button-container hide-from-message-actions ng-star-inserted\"> \u00a0<\/span>\n<div class=\"container ng-tns-c362440147-21 hide\">\n<div class=\"carousel-container ng-tns-c362440147-21\">\n<div class=\"carousel-content ng-tns-c362440147-21\">\n<div class=\"sources-carousel-source ng-tns-c362440147-21 hide ng-star-inserted\" data-test-id=\"sources-carousel-source\"><\/div>\n<\/div>\n<\/div>\n<\/div>\n<\/li>\n<\/ul>\n<h3 data-sourcepos=\"10:1-10:16\">Applications<\/h3>\n<p data-sourcepos=\"11:1-11:81\">Les condensateurs de blocage du courant continu sont largement utilis\u00e9s dans divers circuits \u00e9lectroniques, notamment :<\/p>\n<ul data-sourcepos=\"12:1-16:0\">\n<li data-sourcepos=\"12:1-12:117\"><strong><span class=\"citation-4 recitation\">Amplificateurs audio :<\/span><\/strong><span class=\"citation-4 recitation citation-end-4\"> Pour coupler le signal CA d'un \u00e9tage \u00e0 l'autre sans affecter la polarisation CC.<\/span><\/li>\n<li data-sourcepos=\"12:1-12:117\"><strong><span class=\"button-container hide-from-message-actions ng-star-inserted\"> R<\/span><span class=\"citation-5 recitation\"><strong>adio<\/strong> les syst\u00e8mes \u00e0 haute fr\u00e9quence (RF) :<\/span><\/strong><span class=\"citation-5 recitation citation-end-5\"> Pour isoler les diff\u00e9rents \u00e9tages du circuit et emp\u00eacher les tensions continues ind\u00e9sirables d'interf\u00e9rer avec le signal RF.<\/span><span class=\"button-container hide-from-message-actions ng-star-inserted\"> \u00a0<\/span>\n<div class=\"container ng-tns-c362440147-23 hide\">\n<div class=\"carousel-container ng-tns-c362440147-23\"><\/div>\n<\/div>\n<\/li>\n<li data-sourcepos=\"14:1-14:102\"><strong><span class=\"citation-6 recitation\">Convertisseurs de puissance :<\/span><\/strong><span class=\"citation-6 recitation citation-end-6\"> Pour filtrer le bruit \u00e0 haute fr\u00e9quence et l'ondulation de la sortie CC.<\/span><span class=\"button-container hide-from-message-actions ng-star-inserted\"> \u00a0<\/span><\/li>\n<li data-sourcepos=\"14:1-14:102\"><span class=\"button-container hide-from-message-actions ng-star-inserted\"><strong style=\"font-size: 14.4px;\"><span class=\"citation-7 recitation\">Circuits de conditionnement du signal :<\/span><\/strong><span class=\"citation-7 recitation citation-end-7\" style=\"font-size: 14.4px;\"> Pour supprimer les d\u00e9calages de courant continu et isoler les diff\u00e9rentes parties du circuit.<\/span><span class=\"button-container hide-from-message-actions ng-star-inserted\" style=\"font-size: 14.4px;\"> \u00a0<\/span><\/span>\n<div class=\"container ng-tns-c362440147-25 hide\">\n<div class=\"carousel-container ng-tns-c362440147-25\">\n<div class=\"carousel-content ng-tns-c362440147-25\">\n<div class=\"sources-carousel-source ng-tns-c362440147-25 hide ng-star-inserted\" data-test-id=\"sources-carousel-source\"><\/div>\n<\/div>\n<\/div>\n<\/div>\n<\/li>\n<\/ul>\n<h3 data-sourcepos=\"17:1-17:22\">Principales consid\u00e9rations<\/h3>\n<ul data-sourcepos=\"18:1-21:0\">\n<li data-sourcepos=\"18:1-18:140\"><strong>Valeur de la capacit\u00e9 :<\/strong> La valeur de la capacit\u00e9 du condensateur est choisie en fonction de la fr\u00e9quence du signal CA et de l'imp\u00e9dance souhait\u00e9e.<\/li>\n<li data-sourcepos=\"19:1-19:116\"><strong>Tension nominale :<\/strong> Le condensateur doit \u00eatre dimensionn\u00e9 pour la tension maximale \u00e0 laquelle il sera expos\u00e9 dans le circuit.<\/li>\n<li data-sourcepos=\"20:1-21:0\"><strong>Tol\u00e9rance :<\/strong> La tol\u00e9rance du condensateur d\u00e9termine la pr\u00e9cision de sa valeur de capacit\u00e9.<\/li>\n<\/ul>\n<p data-sourcepos=\"22:1-22:233\"><strong><span class=\"citation-8 recitation citation-end-8\">Par essence, un condensateur bloqueur de courant continu agit comme un filtre s\u00e9lectif, ne laissant passer que les signaux alternatifs tout en bloquant efficacement les composants continus.<\/span> Cela en fait un composant indispensable dans de nombreux circuits \u00e9lectroniques.<\/strong><span class=\"button-container hide-from-message-actions ng-star-inserted\"> \u00a0<\/span><\/p>\n<\/div>","protected":false},"excerpt":{"rendered":"<table style=\"height: 544px;\" width=\"643\">\n<tbody>\n<tr>\n<td width=\"146\"><strong><b>Produit<\/b><\/strong>\u00a0<strong><b>Nom :<\/b><\/strong><\/td>\n<td width=\"601\">Condensateur de blocage DC<\/td>\n<\/tr>\n<tr>\n<td width=\"146\">\n<h4><strong>Description succincte :<\/strong><\/h4>\n<\/td>\n<td width=\"601\">Onduleurs et convertisseurs de fr\u00e9quence pour l'\u00e9nergie photovolta\u00efque, l'\u00e9nergie \u00e9olienne, le stockage de l'\u00e9nergie et d'autres industries des nouvelles \u00e9nergies.<\/td>\n<\/tr>\n<tr>\n<td width=\"146\"><strong>Plage de capacit\u00e9 :<\/strong><\/td>\n<td width=\"601\">\u00a0100\u03bcF\uff5e20000\u03bcF<\/td>\n<\/tr>\n<tr>\n<td width=\"146\"><strong>Tension nominale\uff1a<\/strong><\/td>\n<td width=\"601\">\u00a0600V.DC\uff5e4000V.DC<\/td>\n<\/tr>\n<tr>\n<td width=\"146\"><strong>Cap.tol\uff1a<\/strong><\/td>\n<td width=\"601\">\u00a0\u00b15%\uff08J\uff09\uff1b\u00b110%\uff08K\uff09<\/td>\n<\/tr>\n<tr>\n<td width=\"146\"><strong>V\u00e9hicules \u00e9lectriques et hybrides :<\/strong><\/td>\n<td width=\"601\">les navires ; les trains.<\/td>\n<\/tr>\n<tr>\n<td width=\"146\"><\/td>\n<td width=\"601\"><\/td>\n<\/tr>\n<tr>\n<td width=\"146\"><\/td>\n<td width=\"601\"><\/td>\n<\/tr>\n<tr>\n<td width=\"146\"><\/td>\n<td width=\"601\"><\/td>\n<\/tr>\n<\/tbody>\n<\/table>","protected":false},"featured_media":1621,"comment_status":"open","ping_status":"closed","template":"","meta":[],"product_brand":[],"product_cat":[38],"product_tag":[],"class_list":{"0":"post-1619","1":"product","2":"type-product","3":"status-publish","4":"has-post-thumbnail","6":"product_cat-dc-capacitor-2","8":"first","9":"instock","10":"shipping-taxable","11":"product-type-simple"},"_links":{"self":[{"href":"https:\/\/rf-capacitor.com\/fr\/wp-json\/wp\/v2\/product\/1619","targetHints":{"allow":["GET"]}}],"collection":[{"href":"https:\/\/rf-capacitor.com\/fr\/wp-json\/wp\/v2\/product"}],"about":[{"href":"https:\/\/rf-capacitor.com\/fr\/wp-json\/wp\/v2\/types\/product"}],"replies":[{"embeddable":true,"href":"https:\/\/rf-capacitor.com\/fr\/wp-json\/wp\/v2\/comments?post=1619"}],"wp:featuredmedia":[{"embeddable":true,"href":"https:\/\/rf-capacitor.com\/fr\/wp-json\/wp\/v2\/media\/1621"}],"wp:attachment":[{"href":"https:\/\/rf-capacitor.com\/fr\/wp-json\/wp\/v2\/media?parent=1619"}],"wp:term":[{"taxonomy":"product_brand","embeddable":true,"href":"https:\/\/rf-capacitor.com\/fr\/wp-json\/wp\/v2\/product_brand?post=1619"},{"taxonomy":"product_cat","embeddable":true,"href":"https:\/\/rf-capacitor.com\/fr\/wp-json\/wp\/v2\/product_cat?post=1619"},{"taxonomy":"product_tag","embeddable":true,"href":"https:\/\/rf-capacitor.com\/fr\/wp-json\/wp\/v2\/product_tag?post=1619"}],"curies":[{"name":"wp","href":"https:\/\/api.w.org\/{rel}","templated":true}]}}