{"id":2087,"date":"2025-01-14T03:17:14","date_gmt":"2025-01-14T03:17:14","guid":{"rendered":"https:\/\/rf-capacitor.com\/?post_type=product&#038;p=2087"},"modified":"2025-01-14T07:43:50","modified_gmt":"2025-01-14T07:43:50","slug":"closed-loop-hall-current-sensor","status":"publish","type":"product","link":"https:\/\/rf-capacitor.com\/fi\/closed-loop-hall-current-sensor\/","title":{"rendered":"Suljetun silmukan Hall-virta-anturi"},"content":{"rendered":"<p data-sourcepos=\"1:1-1:157\">Suljetun silmukan Hall-efektivirta-anturi on kehittyneempi virta-anturityyppi, joka voittaa monet avoimen silmukan vastineensa rajoitukset.<\/p>\n<h2 data-sourcepos=\"3:1-3:17\">Miten suljetun silmukan Hall-virta-anturi toimii:<\/h2>\n<ol data-sourcepos=\"5:1-9:0\">\n<li data-sourcepos=\"5:1-5:171\"><strong>Magneettikent\u00e4n havaitseminen:<\/strong> Kuten avoimen silmukan anturi, se k\u00e4ytt\u00e4\u00e4 Hall-ilmi\u00f6anturia havaitsemaan johtimen l\u00e4pi kulkevan virran synnytt\u00e4m\u00e4n magneettikent\u00e4n.<\/li>\n<li data-sourcepos=\"6:1-6:179\"><strong>Palautemekanismi:<\/strong> Keskeinen ero on palautesilmukan sis\u00e4llytt\u00e4minen. Hall-anturin l\u00e4ht\u00f6signaali vahvistetaan ja sit\u00e4 k\u00e4ytet\u00e4\u00e4n kompensointikelan ohjaamiseen.<\/li>\n<li data-sourcepos=\"7:1-7:151\"><strong>Magneettikent\u00e4n kumoaminen:<\/strong> T\u00e4m\u00e4 kompensointikela tuottaa magneettikent\u00e4n, joka on vastakkainen ensi\u00f6virran tuottamalle magneettikent\u00e4lle.<\/li>\n<li data-sourcepos=\"8:1-9:0\"><strong>Nollavirtaustila:<\/strong> J\u00e4rjestelm\u00e4 s\u00e4\u00e4t\u00e4\u00e4 aktiivisesti kompensointikelan l\u00e4pi kulkevaa virtaa, kunnes ytimen nettomagneettikentt\u00e4 on minimoitu (mieluiten nolla).<\/li>\n<\/ol>\n<h2 data-sourcepos=\"10:1-10:19\">T\u00e4rkeimm\u00e4t edut:<\/h2>\n<ul data-sourcepos=\"12:1-16:0\">\n<li data-sourcepos=\"12:1-12:104\"><strong>Parannettu tarkkuus:<\/strong> Minimoi ulkoisten magneettikenttien ja l\u00e4mp\u00f6tilavaihteluiden vaikutuksen.<\/li>\n<li data-sourcepos=\"13:1-13:91\"><strong>Parannettu lineaarisuus:<\/strong> Tarjoaa eritt\u00e4in lineaarisen l\u00e4ht\u00f6signaalin laajalla virta-alueella.<\/li>\n<li data-sourcepos=\"14:1-14:99\"><strong>V\u00e4hennetty l\u00e4mp\u00f6tilan vaihtelu:<\/strong> Minimoi l\u00e4mp\u00f6tilan muutosten vaikutuksen anturin suorituskykyyn.<\/li>\n<li data-sourcepos=\"15:1-16:0\"><strong>Korkea tarkkuus:<\/strong> Saavutetaan suurempi tarkkuus ja t\u00e4sm\u00e4llisyys verrattuna avoimen silmukan antureihin.<\/li>\n<\/ul>\n<h2 data-sourcepos=\"17:1-17:17\">Sovellukset:<\/h2>\n<ul data-sourcepos=\"19:1-22:0\">\n<li data-sourcepos=\"19:1-19:198\"><strong>Suuren tarkkuuden sovellukset:<\/strong> K\u00e4ytet\u00e4\u00e4n sovelluksissa, joissa suuri tarkkuus ja t\u00e4sm\u00e4llisyys ovat kriittisi\u00e4, kuten tarkkuusmoottorin ohjauksessa, s\u00e4hk\u00f6n laadunvalvonnassa ja tieteellisiss\u00e4 instrumenteissa.<\/li>\n<li data-sourcepos=\"20:1-20:120\"><strong>Teollisuusautomaatio:<\/strong> K\u00e4ytet\u00e4\u00e4n vaativissa teollisuusymp\u00e4rist\u00f6iss\u00e4, joissa tarkkuus ja luotettavuus ovat ensiarvoisen t\u00e4rkeit\u00e4.<\/li>\n<li data-sourcepos=\"21:1-22:0\"><strong>Uusiutuvat energiaj\u00e4rjestelm\u00e4t:<\/strong> K\u00e4ytet\u00e4\u00e4n aurinkoinverttereiss\u00e4, tuulivoimaloissa ja muissa uusiutuvan energian j\u00e4rjestelmiss\u00e4 tarkkaan tehon valvontaan ja ohjaukseen.<\/li>\n<\/ul>\n<h2 data-sourcepos=\"23:1-23:15\">Yhteenvetona:<\/h2>\n<p data-sourcepos=\"25:1-25:329\">Suljetun silmukan Hall-efektivirta-anturit tarjoavat huomattavia etuja verrattuna avoimen silmukan antureihinsa, sill\u00e4 ne sis\u00e4lt\u00e4v\u00e4t takaisinkytkent\u00e4mekanismin, joka kompensoi aktiivisesti ulkoisia vaikutteita ja parantaa kokonaissuorituskyky\u00e4. T\u00e4m\u00e4n ansiosta ne soveltuvat monenlaisiin sovelluksiin, joissa korkea tarkkuus ja luotettavuus ovat olennaisia.<\/p>","protected":false},"excerpt":{"rendered":"<p>\u25cf Suljettu tyyppi Hall-virta-anturi<\/p>\n<p>\u25cf Nimellisvirran sy\u00f6tt\u00f6:  4V \/ 5V<\/p>\n<p>\u25cf Aukko: Virransy\u00f6tt\u00f6: \u00b112V \/ \u00b115V.<\/p>\n<p>\u25cf AC, DC, pulssi ja muu monimutkainen virta<\/p>\n<p>\u25cf Nopea vaste, laaja mittausalue, korkea tarkkuus, vahva ylikuormituskapasiteetti, hyv\u00e4 lineaarisuus ja erinomainen ja h\u00e4iri\u00f6nvastainen suorituskyky<\/p>","protected":false},"featured_media":2089,"comment_status":"open","ping_status":"closed","template":"","meta":[],"product_brand":[],"product_cat":[44],"product_tag":[],"class_list":{"0":"post-2087","1":"product","2":"type-product","3":"status-publish","4":"has-post-thumbnail","6":"product_cat-current-sensor-2","8":"first","9":"instock","10":"shipping-taxable","11":"product-type-simple"},"_links":{"self":[{"href":"https:\/\/rf-capacitor.com\/fi\/wp-json\/wp\/v2\/product\/2087","targetHints":{"allow":["GET"]}}],"collection":[{"href":"https:\/\/rf-capacitor.com\/fi\/wp-json\/wp\/v2\/product"}],"about":[{"href":"https:\/\/rf-capacitor.com\/fi\/wp-json\/wp\/v2\/types\/product"}],"replies":[{"embeddable":true,"href":"https:\/\/rf-capacitor.com\/fi\/wp-json\/wp\/v2\/comments?post=2087"}],"wp:featuredmedia":[{"embeddable":true,"href":"https:\/\/rf-capacitor.com\/fi\/wp-json\/wp\/v2\/media\/2089"}],"wp:attachment":[{"href":"https:\/\/rf-capacitor.com\/fi\/wp-json\/wp\/v2\/media?parent=2087"}],"wp:term":[{"taxonomy":"product_brand","embeddable":true,"href":"https:\/\/rf-capacitor.com\/fi\/wp-json\/wp\/v2\/product_brand?post=2087"},{"taxonomy":"product_cat","embeddable":true,"href":"https:\/\/rf-capacitor.com\/fi\/wp-json\/wp\/v2\/product_cat?post=2087"},{"taxonomy":"product_tag","embeddable":true,"href":"https:\/\/rf-capacitor.com\/fi\/wp-json\/wp\/v2\/product_tag?post=2087"}],"curies":[{"name":"wp","href":"https:\/\/api.w.org\/{rel}","templated":true}]}}