{"id":1898,"date":"2025-01-02T07:08:04","date_gmt":"2025-01-02T07:08:04","guid":{"rendered":"https:\/\/rf-capacitor.com\/?post_type=product&#038;p=1898"},"modified":"2025-01-02T07:08:04","modified_gmt":"2025-01-02T07:08:04","slug":"decoupling-resonant-capacitor","status":"publish","type":"product","link":"https:\/\/rf-capacitor.com\/fi\/decoupling-resonant-capacitor\/","title":{"rendered":"Purkava resonanssikondensaattori"},"content":{"rendered":"<div class=\"user-query-container ng-star-inserted\">\n<div id=\"user-query-content-7\" class=\"query-content\">\n<div class=\"query-text gds-body-l ng-star-inserted\" dir=\"ltr\" role=\"heading\" aria-level=\"2\">\n<h3 class=\"query-text-line ng-star-inserted\">Purkava resonanssikondensaattori<\/h3>\n<\/div>\n<\/div>\n<div class=\"button-gutter\"><span class=\"citation-0 recitation\" style=\"font-size: 14.4px; color: #555555;\">Elektroniikassa <\/span><strong style=\"font-size: 14.4px; color: #555555;\"><span class=\"citation-0 recitation\">purkauskondensaattori<\/span><\/strong><span class=\"citation-0 recitation citation-end-0\" style=\"font-size: 14.4px; color: #555555;\"> on t\u00e4rke\u00e4 komponentti, jota k\u00e4ytet\u00e4\u00e4n virtal\u00e4hdej\u00e4nnitteiden vakauttamiseen ja s\u00e4hk\u00f6isen kohinan minimoimiseen.<\/span><span class=\"button-container hide-from-message-actions ng-star-inserted\" style=\"font-size: 14.4px; color: #555555;\">\u00a0 \u00a0<\/span><\/div>\n<\/div>\n<div>\n<div class=\"response-container ng-tns-c3227055261-111 response-optimization tts-removed ng-star-inserted response-container-has-multiple-responses\">\n<div class=\"presented-response-container ng-tns-c3227055261-111\">\n<div class=\"response-container-content ng-tns-c3227055261-111 tunable-selection-with-avatar\">\n<div class=\"response-content ng-tns-c3227055261-111\">\n<div id=\"model-response-message-contentr_e018e616d4e5ed8e\" class=\"markdown markdown-main-panel tutor-markdown-rendering response-optimization\" dir=\"ltr\">\n<h3 data-sourcepos=\"3:1-3:17\"><strong>Miten resonanssikondensaattori toimii:<\/strong><\/h3>\n<ul data-sourcepos=\"5:1-8:0\">\n<li data-sourcepos=\"5:1-5:224\"><strong><span class=\"citation-1 recitation\">Paikallinen energiavarastointi:<\/span><\/strong><span class=\"citation-1 recitation citation-end-1\"> Kytkent\u00e4kondensaattorit toimivat pienin\u00e4 paikallisina energiavarastoina.<\/span> <span class=\"citation-2 recitation citation-end-2\">Ne sijoitetaan hyvin l\u00e4helle integroituja piirej\u00e4 tai muita komponentteja, jotka niiden on tarkoitus irrottaa.<\/span><span class=\"button-container hide-from-message-actions ng-star-inserted\"> \u00a0<\/span>\n<div class=\"container ng-tns-c362440147-116 hide\">\n<div class=\"carousel-container ng-tns-c362440147-116\"><\/div>\n<\/div>\n<\/li>\n<li data-sourcepos=\"6:1-6:261\"><strong><span class=\"citation-3 recitation\">J\u00e4nnitevaihteluiden vaimentaminen:<\/span><\/strong><span class=\"citation-3 recitation citation-end-3\"> Kun IC ottaa yht\u00e4kki\u00e4 suuren virran (esim. kytkent\u00e4toimintojen aikana), kytkent\u00e4kondensaattori voi nopeasti sy\u00f6tt\u00e4\u00e4 t\u00e4m\u00e4n virran, mik\u00e4 est\u00e4\u00e4 merkitt\u00e4v\u00e4t j\u00e4nniteh\u00e4vi\u00f6t virtal\u00e4hteen linjoilla.<\/span><span class=\"button-container hide-from-message-actions ng-star-inserted\">\u00a0 \u00a0<\/span>\n<div class=\"container ng-tns-c362440147-117 hide\">\n<div class=\"carousel-container ng-tns-c362440147-117\"><\/div>\n<\/div>\n<\/li>\n<li data-sourcepos=\"7:1-8:0\"><strong>Melun suodatus:<\/strong> <span class=\"citation-4 recitation citation-end-4\">Erotuskondensaattorit toimivat my\u00f6s suodattimina, jotka ohittavat korkeataajuiset h\u00e4iri\u00f6virrat maahan ja minimoivat siten h\u00e4iri\u00f6iden vaikutuksen IC:n toimintaan.<\/span><span class=\"button-container hide-from-message-actions ng-star-inserted\">\u00a0<\/span>\n<div class=\"container ng-tns-c362440147-118 hide\">\n<div class=\"carousel-container ng-tns-c362440147-118\"><\/div>\n<\/div>\n<\/li>\n<\/ul>\n<h3 data-sourcepos=\"9:1-9:24\"><strong>Keskeiset kytkent\u00e4resonanssikondensaattorin ominaisuudet:<\/strong><\/h3>\n<ul data-sourcepos=\"11:1-14:0\">\n<li data-sourcepos=\"11:1-11:117\"><strong><span class=\"citation-5 recitation\">Alhainen ESR (ekvivalentti sarjavastus):<\/span><\/strong><span class=\"citation-5 recitation citation-end-5\"> Minimoi energiah\u00e4vi\u00f6t ja varmistaa nopean virranjakelun.<\/span><span class=\"button-container hide-from-message-actions ng-star-inserted\">\u00a0<\/span>\n<div class=\"container ng-tns-c362440147-119 hide\">\n<div class=\"carousel-container ng-tns-c362440147-119\"><\/div>\n<\/div>\n<\/li>\n<li data-sourcepos=\"12:1-12:95\"><strong>Korkea kapasitanssi:<\/strong> Tarjoaa riitt\u00e4v\u00e4n energiavaraston siirtym\u00e4virtojen k\u00e4sittelyyn.<\/li>\n<li data-sourcepos=\"13:1-14:0\"><strong>Pieni koko ja pieni induktanssi:<\/strong> Mahdollistaa sijoittamisen hyvin l\u00e4helle IC:t\u00e4 loisinduktanssin vaikutuksen minimoimiseksi.<\/li>\n<\/ul>\n<h3 data-sourcepos=\"15:1-15:17\"><strong>Yleiset tyypit Decoupling-resonanssikondensaattori:<\/strong><\/h3>\n<ul data-sourcepos=\"17:1-20:0\">\n<li data-sourcepos=\"17:1-17:93\"><strong>Keraamiset kondensaattorit:<\/strong> K\u00e4ytet\u00e4\u00e4n laajalti niiden pienen koon, suuren kapasitanssin ja alhaisen ESR:n ansiosta.<\/li>\n<li data-sourcepos=\"18:1-18:85\"><strong><span class=\"citation-6 recitation\">Tantaalikondensaattorit:<\/span><\/strong><span class=\"citation-6 recitation citation-end-6\"> Tarjoaa hyv\u00e4n suorituskyvyn korkeammilla taajuuksilla.<\/span><span class=\"button-container hide-from-message-actions ng-star-inserted\"> \u00a0<\/span>\n<div class=\"container ng-tns-c362440147-120 hide\">\n<div class=\"carousel-container ng-tns-c362440147-120\"><\/div>\n<\/div>\n<\/li>\n<li data-sourcepos=\"19:1-20:0\"><strong><span class=\"citation-7 recitation\">Elektrolyyttikondensaattorit:<\/span><\/strong><span class=\"citation-7 recitation citation-end-7\"> K\u00e4ytet\u00e4\u00e4n tyypillisesti suuremmille kapasitanssiarvoille sovelluksissa, joissa koko ei ole niin kriittinen.<\/span><span class=\"button-container hide-from-message-actions ng-star-inserted\">\u00a0 .<\/span>\n<div class=\"container ng-tns-c362440147-121 hide\">\n<div class=\"carousel-container ng-tns-c362440147-121\"><\/div>\n<\/div>\n<\/li>\n<\/ul>\n<h3 data-sourcepos=\"21:1-21:28\"><strong>Sijoittaminen ja valinta:<\/strong><\/h3>\n<ul data-sourcepos=\"23:1-25:0\">\n<li data-sourcepos=\"23:1-23:247\"><strong>Sijoitus:<\/strong> <span class=\"citation-8 recitation citation-end-8\">Erotuskondensaattorit on sijoitettava mahdollisimman l\u00e4helle (mieluiten suoraan IC:n nastoihin) IC:n virta- ja maadoitusnastoja.<\/span> <span class=\"citation-9 recitation citation-end-9\">Lyhyet, suorat yhteydet minimoivat loisinduktanssin vaikutuksen.<\/span><span class=\"button-container hide-from-message-actions ng-star-inserted\"> \u00a0<\/span>\n<div class=\"container ng-tns-c362440147-122 hide\">\n<div class=\"carousel-container ng-tns-c362440147-122\"><\/div>\n<\/div>\n<\/li>\n<li data-sourcepos=\"24:1-25:0\"><strong>Valinta:<\/strong> Kondensaattorin tyypin ja arvon valinta riippuu sovelluksesta ja IC:n ominaisuuksista. Huomioon on otettava esimerkiksi IC:n kytkent\u00e4nopeus, virrankulutus ja k\u00e4ytt\u00f6taajuus.<\/li>\n<\/ul>\n<h3 data-sourcepos=\"26:1-26:15\"><strong>Yhteenvetona:<\/strong><\/h3>\n<p data-sourcepos=\"28:1-28:301\"><span class=\"citation-10 recitation citation-end-10\">Erotuskondensaattorit ovat olennaisia komponentteja elektronisissa piireiss\u00e4, erityisesti nopeissa digitaalisissa j\u00e4rjestelmiss\u00e4.<\/span> <span class=\"citation-11 recitation citation-end-11\">Irrottamalla IC:t tehokkaasti virtal\u00e4hteist\u00e4 ne auttavat varmistamaan vakaan toiminnan, minimoimaan kohinaa ja parantamaan j\u00e4rjestelm\u00e4n kokonaissuorituskyky\u00e4.<\/span><span class=\"button-container hide-from-message-actions ng-star-inserted\"> \u00a0<\/span><\/p>\n<p data-sourcepos=\"30:1-30:208\"><strong>Huom:<\/strong> T\u00e4m\u00e4 selitys antaa yleiskatsauksen. Erotuskondensaattoreiden erityisvaatimukset vaihtelevat sovelluksen ja elektroniikkapiirin ominaisuuksien mukaan.<\/p>\n<\/div>\n<\/div>\n<\/div>\n<\/div>\n<\/div>\n<\/div>","protected":false},"excerpt":{"rendered":"<table style=\"height: 479px;\" width=\"711\">\n<tbody>\n<tr>\n<td width=\"146\"><strong><b>Tuote<\/b><\/strong>\u00a0<strong><b>Nimi:<\/b><\/strong><\/td>\n<td width=\"601\"><strong>Purkava resonanssikondensaattori<\/strong><\/td>\n<\/tr>\n<tr>\n<td width=\"146\">\n<h4><strong>Lyhyt kuvaus:<\/strong><\/h4>\n<\/td>\n<td width=\"601\">CRE pystyy tarjoamaan suuritehoisia resonanssikondensaattoreita, jotka k\u00e4sittelev\u00e4t suuria j\u00e4nnitteit\u00e4 ja virtoja pieness\u00e4 kompaktissa paketissa.<\/p>\n<p>&nbsp;<\/td>\n<\/tr>\n<tr>\n<td width=\"146\"><strong>Kapasitanssialue:<\/strong><\/td>\n<td width=\"601\">1\u03bcF\uff5e8\u03bcF<\/td>\n<\/tr>\n<tr>\n<td width=\"146\"><strong>Nimellisj\u00e4nnite\uff1a<\/strong><\/td>\n<td width=\"601\">1200V.DC\uff5e4000V.DC<\/td>\n<\/tr>\n<tr>\n<td width=\"146\"><strong>Cap.tol\uff1a<\/strong><\/td>\n<td width=\"601\">\u00b15%(J) ;\u00b110%(K)<\/td>\n<\/tr>\n<tr>\n<td width=\"146\"><strong>Kest\u00e4\u00e4 j\u00e4nnitett\u00e4:<\/strong><\/td>\n<td width=\"601\">1.5Un \/10S<\/td>\n<\/tr>\n<\/tbody>\n<\/table>","protected":false},"featured_media":1899,"comment_status":"open","ping_status":"closed","template":"","meta":[],"product_brand":[],"product_cat":[42],"product_tag":[],"class_list":{"0":"post-1898","1":"product","2":"type-product","3":"status-publish","4":"has-post-thumbnail","6":"product_cat-resonance-capacitor","8":"first","9":"instock","10":"shipping-taxable","11":"product-type-simple"},"_links":{"self":[{"href":"https:\/\/rf-capacitor.com\/fi\/wp-json\/wp\/v2\/product\/1898","targetHints":{"allow":["GET"]}}],"collection":[{"href":"https:\/\/rf-capacitor.com\/fi\/wp-json\/wp\/v2\/product"}],"about":[{"href":"https:\/\/rf-capacitor.com\/fi\/wp-json\/wp\/v2\/types\/product"}],"replies":[{"embeddable":true,"href":"https:\/\/rf-capacitor.com\/fi\/wp-json\/wp\/v2\/comments?post=1898"}],"wp:featuredmedia":[{"embeddable":true,"href":"https:\/\/rf-capacitor.com\/fi\/wp-json\/wp\/v2\/media\/1899"}],"wp:attachment":[{"href":"https:\/\/rf-capacitor.com\/fi\/wp-json\/wp\/v2\/media?parent=1898"}],"wp:term":[{"taxonomy":"product_brand","embeddable":true,"href":"https:\/\/rf-capacitor.com\/fi\/wp-json\/wp\/v2\/product_brand?post=1898"},{"taxonomy":"product_cat","embeddable":true,"href":"https:\/\/rf-capacitor.com\/fi\/wp-json\/wp\/v2\/product_cat?post=1898"},{"taxonomy":"product_tag","embeddable":true,"href":"https:\/\/rf-capacitor.com\/fi\/wp-json\/wp\/v2\/product_tag?post=1898"}],"curies":[{"name":"wp","href":"https:\/\/api.w.org\/{rel}","templated":true}]}}