{"id":1886,"date":"2025-01-02T06:26:09","date_gmt":"2025-01-02T06:26:09","guid":{"rendered":"https:\/\/rf-capacitor.com\/?post_type=product&#038;p=1886"},"modified":"2025-01-02T06:26:09","modified_gmt":"2025-01-02T06:26:09","slug":"high-voltage-resonance-capacitor","status":"publish","type":"product","link":"https:\/\/rf-capacitor.com\/fi\/high-voltage-resonance-capacitor\/","title":{"rendered":"Korkeaj\u00e4nnitteinen resonanssikondensaattori"},"content":{"rendered":"<div class=\"user-query-container ng-star-inserted\">\n<div id=\"user-query-content-5\" class=\"query-content\">\n<div class=\"query-text gds-body-l ng-star-inserted\" dir=\"ltr\" role=\"heading\" aria-level=\"2\">\n<h3 class=\"query-text-line ng-star-inserted\">Korkeaj\u00e4nnitteinen resonanssikondensaattori<\/h3>\n<\/div>\n<\/div>\n<\/div>\n<div>\n<div class=\"response-container ng-tns-c3227055261-91 response-optimization tts-removed ng-star-inserted response-container-has-multiple-responses\">\n<div class=\"presented-response-container ng-tns-c3227055261-91\">\n<div class=\"response-container-content ng-tns-c3227055261-91 tunable-selection-with-avatar\">\n<div class=\"response-content ng-tns-c3227055261-91\">\n<div id=\"model-response-message-contentr_53dd446f46a75fa7\" class=\"markdown markdown-main-panel tutor-markdown-rendering response-optimization\" dir=\"ltr\">\n<p data-sourcepos=\"1:1-1:126\"><span class=\"citation-0 recitation citation-end-0\">Korkeaj\u00e4nniteresonanssikondensaattorit ovat erikoiskomponentteja, jotka on suunniteltu k\u00e4ytett\u00e4v\u00e4ksi korkeaj\u00e4nniteresonanssipiireiss\u00e4.<\/span><span class=\"button-container hide-from-message-actions ng-star-inserted\"> \u00a0<\/span><\/p>\n<h3 data-sourcepos=\"3:1-3:24\"><strong>T\u00e4rkeimm\u00e4t ominaisuudet:<\/strong><\/h3>\n<ul data-sourcepos=\"5:1-10:0\">\n<li data-sourcepos=\"5:1-5:127\"><strong>Eritt\u00e4in korkea j\u00e4nnite:<\/strong> <span class=\"citation-1 recitation citation-end-1\">Kest\u00e4\u00e4 hyvin korkeita j\u00e4nnitteit\u00e4 (tyypillisesti kilovoltin luokkaa).<\/span><span class=\"button-container hide-from-message-actions ng-star-inserted\">\u00a0 \u00a0<\/span>\n<div class=\"container ng-tns-c362440147-96 hide\">\n<div class=\"carousel-container ng-tns-c362440147-96\"><\/div>\n<\/div>\n<\/li>\n<li data-sourcepos=\"6:1-6:95\"><strong>V\u00e4h\u00e4inen tappio:<\/strong> Minimaaliset sis\u00e4iset h\u00e4vi\u00f6t minimoivat energian h\u00e4vi\u00e4misen ja maksimoivat tehokkuuden.<\/li>\n<li data-sourcepos=\"7:1-7:110\"><strong>Korkea Q-kerroin:<\/strong> <span class=\"citation-2 recitation citation-end-2\">Korkea laatutekij\u00e4 (Q) on ratkaisevan t\u00e4rke\u00e4 resonanssipiirin tehokkaalle toiminnalle.<\/span><span class=\"button-container hide-from-message-actions ng-star-inserted\">\u00a0 \u00a0<\/span>\n<div class=\"container ng-tns-c362440147-97 hide\">\n<div class=\"carousel-container ng-tns-c362440147-97\"><\/div>\n<\/div>\n<\/li>\n<li data-sourcepos=\"8:1-8:96\"><strong>Tarkka kapasitanssi:<\/strong> Kriittinen halutun resonanssitaajuuden saavuttamiseksi piiriss\u00e4.<\/li>\n<li data-sourcepos=\"9:1-10:0\"><strong>Vankka rakenne:<\/strong> Suunniteltu kest\u00e4m\u00e4\u00e4n suurj\u00e4nnitek\u00e4yt\u00f6n rasituksia ja vaativia ymp\u00e4rist\u00f6j\u00e4, joissa niit\u00e4 k\u00e4ytet\u00e4\u00e4n.<\/li>\n<\/ul>\n<h3 data-sourcepos=\"11:1-11:17\"><strong>Sovellukset:<\/strong><\/h3>\n<ul data-sourcepos=\"13:1-18:0\">\n<li data-sourcepos=\"13:1-13:154\"><strong><span class=\"citation-3 recitation\">Tesla-k\u00e4\u00e4mit:<\/span><\/strong><span class=\"citation-3 recitation citation-end-3\"> Klassinen esimerkki, jossa korkeaj\u00e4nnitteisi\u00e4 resonanssikondensaattoreita k\u00e4ytet\u00e4\u00e4n tuottamaan korkeaj\u00e4nnitteisi\u00e4, suurtaajuisia v\u00e4r\u00e4htelyj\u00e4.<\/span><span class=\"button-container hide-from-message-actions ng-star-inserted\">\u00a0<\/span>\n<div class=\"container ng-tns-c362440147-98 hide\">\n<div class=\"carousel-container ng-tns-c362440147-98\"><\/div>\n<\/div>\n<\/li>\n<li data-sourcepos=\"14:1-14:135\"><strong>Hiukkaskiihdyttimet:<\/strong> K\u00e4ytet\u00e4\u00e4n hiukkaskiihdyttimien eri osissa suurienergisten hiukkass\u00e4teiden tuottamiseen ja k\u00e4sittelyyn.<\/li>\n<li data-sourcepos=\"15:1-15:85\"><strong>Suuritehoiset l\u00e4hettimet:<\/strong> L\u00f6ytyy suuritehoisista radio- ja televisiol\u00e4hettimist\u00e4.<\/li>\n<li data-sourcepos=\"16:1-16:98\"><strong>Plasmafysiikan tutkimus:<\/strong> K\u00e4ytet\u00e4\u00e4n plasmafysiikan kokeissa plasman tuottamiseen ja erist\u00e4miseen.<\/li>\n<li data-sourcepos=\"17:1-18:0\"><strong>Teolliset sovellukset:<\/strong> Jotkin erikoistuneet teollisuussovellukset saattavat vaatia korkeaj\u00e4nnitteisi\u00e4 resonanssikondensaattoreita.<\/li>\n<\/ul>\n<p data-sourcepos=\"19:1-19:15\"><strong>Yhteenvetona:<\/strong><\/p>\n<p data-sourcepos=\"21:1-21:254\">Suurj\u00e4nniteresonanssikondensaattorit ovat kriittisi\u00e4 komponentteja monissa suurj\u00e4nnitesovelluksissa. Niiden kyky kest\u00e4\u00e4 \u00e4\u00e4rimm\u00e4isi\u00e4 j\u00e4nnitteit\u00e4, minimoida h\u00e4vi\u00f6t ja toimia tehokkaasti resonanssipiireiss\u00e4 tekee niist\u00e4 v\u00e4ltt\u00e4m\u00e4tt\u00f6mi\u00e4 n\u00e4iss\u00e4 vaativissa sovelluksissa.<\/p>\n<\/div>\n<\/div>\n<\/div>\n<\/div>\n<\/div>\n<\/div>","protected":false},"excerpt":{"rendered":"<table style=\"height: 581px;\" width=\"824\">\n<tbody>\n<tr>\n<td width=\"146\"><strong><b>Tuote<\/b><\/strong>\u00a0<strong><b>Nimi:<\/b><\/strong><\/td>\n<td width=\"601\"><strong>Korkeaj\u00e4nnitteinen resonanssikondensaattori<\/strong><\/td>\n<\/tr>\n<tr>\n<td width=\"146\">\n<h4><strong>Lyhyt kuvaus:<\/strong><\/h4>\n<\/td>\n<td width=\"601\">1. Pieni kompakti pakkauskoko<\/p>\n<p>2. Kykenee k\u00e4sittelem\u00e4\u00e4n suuria j\u00e4nnitteit\u00e4 ja virtoja.<\/p>\n<p>3. K\u00e4yt\u00e4 polypropeenikalvon matalah\u00e4vi\u00f6ist\u00e4 dielektrist\u00e4 materiaalia.<\/td>\n<\/tr>\n<tr>\n<td width=\"146\"><strong>Purkautumisvastus:<\/strong><\/td>\n<td width=\"601\">30000M\u03a9<\/td>\n<\/tr>\n<tr>\n<td width=\"146\"><strong>Nimellisj\u00e4nnite\uff1a<\/strong><\/td>\n<td width=\"601\">5000v\/\u00b5s<\/td>\n<\/tr>\n<tr>\n<td width=\"146\"><strong>Cap.tol\uff1a<\/strong><\/td>\n<td width=\"601\">\n<table style=\"height: 6px;\" border=\"0\" width=\"5\" cellspacing=\"0\">\n<tbody>\n<tr>\n<td valign=\"center\" nowrap=\"nowrap\" width=\"330\"><\/td>\n<\/tr>\n<\/tbody>\n<\/table>\n<p>-40\u2103~ +85\u2103<\/td>\n<\/tr>\n<tr>\n<td width=\"146\"><strong>K\u00e4ytt\u00f6ik\u00e4:\u00a0<\/strong><\/td>\n<td width=\"601\">100000H<\/td>\n<\/tr>\n<\/tbody>\n<\/table>","protected":false},"featured_media":1887,"comment_status":"open","ping_status":"closed","template":"","meta":[],"product_brand":[],"product_cat":[42],"product_tag":[],"class_list":{"0":"post-1886","1":"product","2":"type-product","3":"status-publish","4":"has-post-thumbnail","6":"product_cat-resonance-capacitor","8":"first","9":"instock","10":"shipping-taxable","11":"product-type-simple"},"_links":{"self":[{"href":"https:\/\/rf-capacitor.com\/fi\/wp-json\/wp\/v2\/product\/1886","targetHints":{"allow":["GET"]}}],"collection":[{"href":"https:\/\/rf-capacitor.com\/fi\/wp-json\/wp\/v2\/product"}],"about":[{"href":"https:\/\/rf-capacitor.com\/fi\/wp-json\/wp\/v2\/types\/product"}],"replies":[{"embeddable":true,"href":"https:\/\/rf-capacitor.com\/fi\/wp-json\/wp\/v2\/comments?post=1886"}],"wp:featuredmedia":[{"embeddable":true,"href":"https:\/\/rf-capacitor.com\/fi\/wp-json\/wp\/v2\/media\/1887"}],"wp:attachment":[{"href":"https:\/\/rf-capacitor.com\/fi\/wp-json\/wp\/v2\/media?parent=1886"}],"wp:term":[{"taxonomy":"product_brand","embeddable":true,"href":"https:\/\/rf-capacitor.com\/fi\/wp-json\/wp\/v2\/product_brand?post=1886"},{"taxonomy":"product_cat","embeddable":true,"href":"https:\/\/rf-capacitor.com\/fi\/wp-json\/wp\/v2\/product_cat?post=1886"},{"taxonomy":"product_tag","embeddable":true,"href":"https:\/\/rf-capacitor.com\/fi\/wp-json\/wp\/v2\/product_tag?post=1886"}],"curies":[{"name":"wp","href":"https:\/\/api.w.org\/{rel}","templated":true}]}}