{"id":1863,"date":"2025-01-02T02:25:29","date_gmt":"2025-01-02T02:25:29","guid":{"rendered":"https:\/\/rf-capacitor.com\/?post_type=product&#038;p=1863"},"modified":"2025-01-02T02:25:29","modified_gmt":"2025-01-02T02:25:29","slug":"rmf-induction-heating-capacitor","status":"publish","type":"product","link":"https:\/\/rf-capacitor.com\/fi\/rmf-induction-heating-capacitor\/","title":{"rendered":"RMF Induktiol\u00e4mmityskondensaattori"},"content":{"rendered":"<div class=\"user-query-container ng-star-inserted\">\n<div id=\"user-query-content-3\" class=\"query-content\">\n<div class=\"query-text gds-body-l ng-star-inserted\" dir=\"ltr\" role=\"heading\" aria-level=\"2\">\n<h3 class=\"query-text-line ng-star-inserted\">RMF Induktiol\u00e4mmityskondensaattori<\/h3>\n<\/div>\n<\/div>\n<\/div>\n<div>\n<div class=\"response-container ng-tns-c3227055261-50 response-optimization tts-removed ng-star-inserted response-container-has-multiple-responses\">\n<div class=\"presented-response-container ng-tns-c3227055261-50\">\n<div class=\"response-container-content ng-tns-c3227055261-50 tunable-selection-with-avatar\">\n<div class=\"response-content ng-tns-c3227055261-50\">\n<div id=\"model-response-message-contentr_6c2a80d1ec190fc8\" class=\"markdown markdown-main-panel tutor-markdown-rendering response-optimization\" dir=\"ltr\">\n<p data-sourcepos=\"1:1-1:113\"><span class=\"citation-0 recitation\">RFM-kondensaattorit on suunniteltu erityisesti k\u00e4ytett\u00e4v\u00e4ksi seuraavissa laitteissa <\/span><strong><span class=\"citation-0 recitation\">keskitaajuiset induktiol\u00e4mmitysj\u00e4rjestelm\u00e4t<\/span><\/strong><span class=\"citation-0 recitation citation-end-0\">.<\/span><span class=\"button-container hide-from-message-actions ng-star-inserted\">\u00a0<\/span><\/p>\n<h3 data-sourcepos=\"3:1-3:24\"><strong>T\u00e4rkeimm\u00e4t ominaisuudet:<\/strong><\/h3>\n<ul data-sourcepos=\"5:1-10:0\">\n<li data-sourcepos=\"5:1-5:95\"><strong>Korkea j\u00e4nnite:<\/strong> Niiden on kestett\u00e4v\u00e4 n\u00e4iss\u00e4 j\u00e4rjestelmiss\u00e4 syntyvi\u00e4 korkeita j\u00e4nnitteit\u00e4.<\/li>\n<li data-sourcepos=\"6:1-6:119\"><strong>Korkea virran k\u00e4sittelykapasiteetti:<\/strong> <span class=\"citation-1 recitation citation-end-1\">Pystyy k\u00e4sittelem\u00e4\u00e4n induktiol\u00e4mmitykseen liittyvi\u00e4 suuria virtoja.<\/span><span class=\"button-container hide-from-message-actions ng-star-inserted\"> \u00a0<\/span>\n<div class=\"container ng-tns-c362440147-55 hide\">\n<div class=\"carousel-container ng-tns-c362440147-55\"><\/div>\n<\/div>\n<\/li>\n<li data-sourcepos=\"7:1-7:104\"><strong><span class=\"citation-2 recitation\">Alhainen ESR (ekvivalentti sarjavastus):<\/span><\/strong><span class=\"citation-2 recitation citation-end-2\"> Minimoi kondensaattorin energiah\u00e4vi\u00f6t.<\/span><span class=\"button-container hide-from-message-actions ng-star-inserted\">\u00a0 \u00a0<\/span>\n<div class=\"container ng-tns-c362440147-56 hide\">\n<div class=\"carousel-container ng-tns-c362440147-56\"><\/div>\n<\/div>\n<\/li>\n<li data-sourcepos=\"8:1-8:123\"><strong>Hyv\u00e4 l\u00e4mm\u00f6nkest\u00e4vyys:<\/strong> Pystyy toimimaan korkeissa l\u00e4mp\u00f6tiloissa induktiokuumennuksen aikana syntyv\u00e4n l\u00e4mm\u00f6n ansiosta.<\/li>\n<li data-sourcepos=\"9:1-10:0\"><strong>Vankka rakenne:<\/strong> Suunniteltu kest\u00e4m\u00e4\u00e4n teollisuusymp\u00e4rist\u00f6jen ankarat k\u00e4ytt\u00f6olosuhteet.<\/li>\n<\/ul>\n<h3 data-sourcepos=\"11:1-11:39\"><strong>Miten ne toimivat RMF:ss\u00e4 Induktiol\u00e4mmityskondensaattori:<\/strong><\/h3>\n<ol data-sourcepos=\"13:1-15:0\">\n<li data-sourcepos=\"13:1-13:220\"><strong><span class=\"citation-3 recitation\">Resonanssi:<\/span><\/strong><span class=\"citation-3 recitation citation-end-3\"> RFM-kondensaattoreita k\u00e4ytet\u00e4\u00e4n luomaan resonanssipiiri induktiokelan kanssa.<\/span> T\u00e4m\u00e4 resonanssi maksimoi virran kulun kelan l\u00e4pi, mik\u00e4 on olennaista tehokkaan induktiol\u00e4mmityksen kannalta.<span class=\"button-container hide-from-message-actions ng-star-inserted\">\u00a0 \u00a0<\/span>\n<div class=\"container ng-tns-c362440147-57 hide\">\n<div class=\"carousel-container ng-tns-c362440147-57\"><\/div>\n<\/div>\n<\/li>\n<li data-sourcepos=\"14:1-15:0\"><strong><span class=\"citation-4 recitation\">Tehokertoimen korjaus:<\/span><\/strong><span class=\"citation-4 recitation citation-end-4\"> Ne auttavat parantamaan induktiol\u00e4mmitysj\u00e4rjestelm\u00e4n tehokerrointa, v\u00e4hent\u00e4v\u00e4t reaktiivista tehoa ja parantavat j\u00e4rjestelm\u00e4n kokonaistehokkuutta.<\/span><span class=\"button-container hide-from-message-actions ng-star-inserted\"> \u00a0<\/span>\n<div class=\"container ng-tns-c362440147-58 hide\">\n<div class=\"carousel-container ng-tns-c362440147-58\"><\/div>\n<\/div>\n<\/li>\n<\/ol>\n<h3 data-sourcepos=\"16:1-16:25\"><strong>Tyypilliset sovellukset:<\/strong><\/h3>\n<ul data-sourcepos=\"18:1-20:0\">\n<li data-sourcepos=\"18:1-18:93\"><strong>Metalli L\u00e4mmitys:<\/strong> K\u00e4ytet\u00e4\u00e4n erilaisissa sovelluksissa, kuten metallin takomisessa, kovettamisessa ja sulattamisessa.<\/li>\n<li data-sourcepos=\"19:1-20:0\"><strong>L\u00e4mp\u00f6k\u00e4sittely:<\/strong> <span class=\"citation-5 recitation citation-end-5\">K\u00e4ytet\u00e4\u00e4n metallien l\u00e4mp\u00f6k\u00e4sittelyss\u00e4 niiden mekaanisten ominaisuuksien parantamiseksi.<\/span><span class=\"button-container hide-from-message-actions ng-star-inserted\"> \u00a0 <\/span><\/li>\n<\/ul>\n<\/div>\n<\/div>\n<\/div>\n<\/div>\n<\/div>\n<\/div>","protected":false},"excerpt":{"rendered":"<table style=\"height: 472px;\" width=\"718\">\n<tbody>\n<tr>\n<td width=\"146\"><strong><b>Tuote<\/b><\/strong>\u00a0<strong><b>Nimi:<\/b><\/strong><\/td>\n<td width=\"601\"><strong>RMF Induktiol\u00e4mmityskondensaattori<\/strong><\/td>\n<\/tr>\n<tr>\n<td width=\"146\">\n<h4><strong>Lyhyt kuvaus:<\/strong><\/h4>\n<\/td>\n<td width=\"601\">Pv-invertteri, tuulivoimamuunnin; kaikki erilaiset taajuusmuuttajat ja invertterit<br \/>\nvirtal\u00e4hde, puhtaat s\u00e4hk\u00f6- ja hybridiautot, latauspaalu, UPS jne.<\/td>\n<\/tr>\n<tr>\n<td width=\"146\"><b>Tehoalue<\/b>:<\/td>\n<td width=\"601\">jopa 6000 uF<\/td>\n<\/tr>\n<tr>\n<td width=\"146\"><strong>Nimellisj\u00e4nnite\uff1a<\/strong><\/td>\n<td width=\"601\">0,75 kv - 3 kv<\/td>\n<\/tr>\n<tr>\n<td width=\"146\"><strong><b>Vertailustandardi<\/b>:\uff1a<\/strong><\/td>\n<td width=\"601\">GB\/T3984.1-2004<\/td>\n<\/tr>\n<tr>\n<td width=\"146\"><strong>IEC60110-1:<\/strong><\/td>\n<td width=\"601\">1998<\/td>\n<\/tr>\n<\/tbody>\n<\/table>","protected":false},"featured_media":1864,"comment_status":"open","ping_status":"closed","template":"","meta":[],"product_brand":[],"product_cat":[41],"product_tag":[],"class_list":{"0":"post-1863","1":"product","2":"type-product","3":"status-publish","4":"has-post-thumbnail","6":"product_cat-induction-heating-capacitor","8":"first","9":"instock","10":"shipping-taxable","11":"product-type-simple"},"_links":{"self":[{"href":"https:\/\/rf-capacitor.com\/fi\/wp-json\/wp\/v2\/product\/1863","targetHints":{"allow":["GET"]}}],"collection":[{"href":"https:\/\/rf-capacitor.com\/fi\/wp-json\/wp\/v2\/product"}],"about":[{"href":"https:\/\/rf-capacitor.com\/fi\/wp-json\/wp\/v2\/types\/product"}],"replies":[{"embeddable":true,"href":"https:\/\/rf-capacitor.com\/fi\/wp-json\/wp\/v2\/comments?post=1863"}],"wp:featuredmedia":[{"embeddable":true,"href":"https:\/\/rf-capacitor.com\/fi\/wp-json\/wp\/v2\/media\/1864"}],"wp:attachment":[{"href":"https:\/\/rf-capacitor.com\/fi\/wp-json\/wp\/v2\/media?parent=1863"}],"wp:term":[{"taxonomy":"product_brand","embeddable":true,"href":"https:\/\/rf-capacitor.com\/fi\/wp-json\/wp\/v2\/product_brand?post=1863"},{"taxonomy":"product_cat","embeddable":true,"href":"https:\/\/rf-capacitor.com\/fi\/wp-json\/wp\/v2\/product_cat?post=1863"},{"taxonomy":"product_tag","embeddable":true,"href":"https:\/\/rf-capacitor.com\/fi\/wp-json\/wp\/v2\/product_tag?post=1863"}],"curies":[{"name":"wp","href":"https:\/\/api.w.org\/{rel}","templated":true}]}}