{"id":1860,"date":"2025-01-02T02:14:12","date_gmt":"2025-01-02T02:14:12","guid":{"rendered":"https:\/\/rf-capacitor.com\/?post_type=product&#038;p=1860"},"modified":"2025-01-02T02:14:12","modified_gmt":"2025-01-02T02:14:12","slug":"switching-power-snubber-capacitor","status":"publish","type":"product","link":"https:\/\/rf-capacitor.com\/fi\/switching-power-snubber-capacitor\/","title":{"rendered":"Kytkent\u00e4tehon vaimennuskondensaattori"},"content":{"rendered":"<div class=\"user-query-container ng-star-inserted\">\n<div id=\"user-query-content-2\" class=\"query-content\">\n<div class=\"query-text gds-body-l ng-star-inserted\" dir=\"ltr\" role=\"heading\" aria-level=\"2\">\n<h3 class=\"query-text-line ng-star-inserted\">Kytkent\u00e4tehon vaimennuskondensaattori<\/h3>\n<\/div>\n<\/div>\n<div class=\"button-gutter\"><span class=\"citation-0 recitation citation-end-0\" style=\"font-size: 14.4px; color: #555555;\">Kytkent\u00e4virtal\u00e4hteiss\u00e4 snubber-kondensaattorit ovat ratkaisevan t\u00e4rkeit\u00e4 kytkent\u00e4laitteiden (kuten MOSFET- tai IGBT-laitteiden) suojaamiseksi liialliselta j\u00e4nnitteelt\u00e4 ja virralta kytkent\u00e4siirtymien aikana.<\/span><span class=\"button-container hide-from-message-actions ng-star-inserted\" style=\"font-size: 14.4px; color: #555555;\">\u00a0 \u00a0<\/span><\/div>\n<\/div>\n<div>\n<div class=\"response-container ng-tns-c3227055261-38 response-optimization tts-removed ng-star-inserted response-container-has-multiple-responses\">\n<div class=\"presented-response-container ng-tns-c3227055261-38\">\n<div class=\"response-container-content ng-tns-c3227055261-38 tunable-selection-with-avatar\">\n<div class=\"response-content ng-tns-c3227055261-38\">\n<div id=\"model-response-message-contentr_690cc733da6ea17b\" class=\"markdown markdown-main-panel tutor-markdown-rendering response-optimization\" dir=\"ltr\">\n<h2 data-sourcepos=\"1:1-1:208\"><strong style=\"font-size: 14.4px;\">\u00a0Miten kytkent\u00e4virran snubber-kondensaattori toimii:<\/strong><\/h2>\n<ul data-sourcepos=\"5:1-7:0\">\n<li data-sourcepos=\"5:1-5:287\"><strong><span class=\"citation-1 recitation\">J\u00e4nnitepiikit:<\/span><\/strong><span class=\"citation-1 recitation citation-end-1\"> Kun kytkin kytkeytyy pois p\u00e4\u00e4lt\u00e4, piirin loisinduktanssi voi aiheuttaa nopean j\u00e4nnitteen nousun kytkimen yli.<\/span> <span class=\"citation-2 recitation citation-end-2\">Snubber-kondensaattori vaimentaa t\u00e4m\u00e4n \u00e4killisen j\u00e4nnitepiikin, rajoittaa huippuj\u00e4nnitett\u00e4 ja est\u00e4\u00e4 kytkimen vaurioitumisen.<\/span>\n<div class=\"container ng-tns-c362440147-43 hide\">\n<div class=\"carousel-container ng-tns-c362440147-43\"><\/div>\n<\/div>\n<\/li>\n<li data-sourcepos=\"6:1-7:0\"><strong>Nykyinen kytkent\u00e4:<\/strong> Sammutuksen aikana snubber-kondensaattori tarjoaa v\u00e4liaikaisen reitin virran kululle, mik\u00e4 v\u00e4hent\u00e4\u00e4 di\/dt:t\u00e4 (virran muutosnopeutta) ja minimoi EMI:n (s\u00e4hk\u00f6magneettiset h\u00e4iri\u00f6t).<\/li>\n<\/ul>\n<h3 data-sourcepos=\"8:1-8:24\"><strong>T\u00e4rkeimm\u00e4t ominaisuudet:<\/strong><\/h3>\n<ul data-sourcepos=\"10:1-14:0\">\n<li data-sourcepos=\"10:1-10:88\"><strong>Korkea j\u00e4nnite:<\/strong> Niiden on kestett\u00e4v\u00e4 kytkenn\u00e4n aikana esiintyv\u00e4t huippuj\u00e4nnitteet.<\/li>\n<li data-sourcepos=\"11:1-11:104\"><strong><span class=\"citation-3 recitation\">Alhainen ESR (ekvivalentti sarjavastus):<\/span><\/strong><span class=\"citation-3 recitation citation-end-3\"> Minimoi kondensaattorin energiah\u00e4vi\u00f6t.<\/span><span class=\"button-container hide-from-message-actions ng-star-inserted\"> \u00a0<\/span>\n<div class=\"container ng-tns-c362440147-44 hide\">\n<div class=\"carousel-container ng-tns-c362440147-44\"><\/div>\n<\/div>\n<\/li>\n<li data-sourcepos=\"12:1-12:123\"><strong>Pikalataus-\/purkauskyky:<\/strong> <span class=\"citation-4 recitation citation-end-4\">Pystyy nopeasti imem\u00e4\u00e4n ja vapauttamaan energiaa vaihtotapahtumien aikana.<\/span>\n<div class=\"container ng-tns-c362440147-45 hide\">\n<div class=\"carousel-container ng-tns-c362440147-45\"><\/div>\n<\/div>\n<\/li>\n<li data-sourcepos=\"13:1-14:0\"><strong>Kompakti koko:<\/strong> Minimoidaan tehoelektroniikkaj\u00e4rjestelmien tilantarve.<\/li>\n<\/ul>\n<h3 data-sourcepos=\"15:1-15:32\"><strong>Kytkent\u00e4tehon vaimennuskondensaattorin tyypit:<\/strong><\/h3>\n<ul data-sourcepos=\"17:1-19:0\">\n<li data-sourcepos=\"17:1-17:112\"><strong>Kalvokondensaattorit:<\/strong> K\u00e4ytet\u00e4\u00e4n yleisesti niiden korkean j\u00e4nnitteen, alhaisen ESR:n ja hyv\u00e4n l\u00e4mp\u00f6tilavakavuuden ansiosta.<\/li>\n<li data-sourcepos=\"18:1-19:0\"><strong>Keraamiset kondensaattorit:<\/strong> Tarjoavat suuren kapasitanssin pieness\u00e4 pakkauksessa, mutta niill\u00e4 voi olla rajoituksia j\u00e4nnitteen ja l\u00e4mp\u00f6tilan vakauden suhteen.<\/li>\n<\/ul>\n<h3 data-sourcepos=\"20:1-20:26\"><strong>Suunnittelua koskevat n\u00e4k\u00f6kohdat:<\/strong><\/h3>\n<ul data-sourcepos=\"22:1-25:0\">\n<li data-sourcepos=\"22:1-22:87\"><strong>Kytkent\u00e4laitteen ominaisuudet:<\/strong> Kytkeytymis- ja sammumisajat, huippuvirrat ja j\u00e4nnitteet.<\/li>\n<li data-sourcepos=\"23:1-23:69\"><strong>Piirin parametrit:<\/strong> Loisinduktanssi, kuormitusominaisuudet.<\/li>\n<li data-sourcepos=\"24:1-25:0\"><strong><span class=\"citation-5 recitation\">Snubber-piirin topologia:<\/span><\/strong><span class=\"citation-5 recitation citation-end-5\"> Eri snubberikokoonpanoilla (R-C, RCD jne.) on erilainen vaikutus piirin suorituskykyyn.<\/span><span class=\"button-container hide-from-message-actions ng-star-inserted\">\u00a0 \u00a0<\/span>\n<div class=\"container ng-tns-c362440147-46 hide\">\n<div class=\"carousel-container ng-tns-c362440147-46\"><\/div>\n<\/div>\n<\/li>\n<\/ul>\n<h3 data-sourcepos=\"26:1-26:41\"><strong>Snubber-kondensaattoreiden k\u00e4yt\u00f6n edut:<\/strong><\/h3>\n<ul data-sourcepos=\"28:1-31:0\">\n<li data-sourcepos=\"28:1-28:102\"><strong>Parannettu kytkimen luotettavuus:<\/strong> V\u00e4hent\u00e4\u00e4 kytkinlaitteeseen kohdistuvaa rasitusta, mik\u00e4 pident\u00e4\u00e4 k\u00e4ytt\u00f6ik\u00e4\u00e4.<\/li>\n<li data-sourcepos=\"29:1-29:68\"><strong>V\u00e4hennetyt EMI-p\u00e4\u00e4st\u00f6t:<\/strong> Minimoi s\u00e4hk\u00f6magneettiset h\u00e4iri\u00f6t.<\/li>\n<li data-sourcepos=\"30:1-31:0\"><strong>Parempi j\u00e4rjestelm\u00e4n tehokkuus:<\/strong> Pienemm\u00e4t tehoh\u00e4vi\u00f6t pienempien kytkent\u00e4h\u00e4vi\u00f6iden ansiosta.<\/li>\n<\/ul>\n<\/div>\n<\/div>\n<\/div>\n<\/div>\n<\/div>\n<\/div>","protected":false},"excerpt":{"rendered":"<table style=\"height: 523px;\" width=\"704\">\n<tbody>\n<tr>\n<td width=\"146\"><strong><b>Tuote<\/b><\/strong>\u00a0<strong><b>Nimi:<\/b><\/strong><\/td>\n<td width=\"601\"><strong>Kytkent\u00e4tehon vaimennuskondensaattori<\/strong><\/td>\n<\/tr>\n<tr>\n<td width=\"146\">\n<h4><strong>Lyhyt kuvaus:<\/strong><\/h4>\n<\/td>\n<td width=\"601\">CRE:n snubber-kalvokondensaattorit on suunniteltu suurten huippuvirtojen k\u00e4ytt\u00f6\u00f6n, joita tarvitaan suojaamaan transienttij\u00e4nnitteilt\u00e4.<\/td>\n<\/tr>\n<tr>\n<td width=\"146\"><strong>Kapasitanssialue:<\/strong><\/td>\n<td width=\"601\">\u00a02\u03bcF\u00b110%<\/td>\n<\/tr>\n<tr>\n<td width=\"146\"><strong>Nimellisj\u00e4nnite\uff1a<\/strong><\/td>\n<td width=\"601\">700V.DC\uff5e3000V.DC<\/td>\n<\/tr>\n<tr>\n<td width=\"146\"><strong>Cap.tol\uff1a<\/strong><\/td>\n<td width=\"601\">\u00b15%(J);\u00b110%(K)<\/td>\n<\/tr>\n<tr>\n<td width=\"146\"><\/td>\n<td width=\"601\"><\/td>\n<\/tr>\n<\/tbody>\n<\/table>","protected":false},"featured_media":1861,"comment_status":"open","ping_status":"closed","template":"","meta":[],"product_brand":[],"product_cat":[40],"product_tag":[],"class_list":{"0":"post-1860","1":"product","2":"type-product","3":"status-publish","4":"has-post-thumbnail","6":"product_cat-snubber-capacitor","8":"first","9":"instock","10":"shipping-taxable","11":"product-type-simple"},"_links":{"self":[{"href":"https:\/\/rf-capacitor.com\/fi\/wp-json\/wp\/v2\/product\/1860","targetHints":{"allow":["GET"]}}],"collection":[{"href":"https:\/\/rf-capacitor.com\/fi\/wp-json\/wp\/v2\/product"}],"about":[{"href":"https:\/\/rf-capacitor.com\/fi\/wp-json\/wp\/v2\/types\/product"}],"replies":[{"embeddable":true,"href":"https:\/\/rf-capacitor.com\/fi\/wp-json\/wp\/v2\/comments?post=1860"}],"wp:featuredmedia":[{"embeddable":true,"href":"https:\/\/rf-capacitor.com\/fi\/wp-json\/wp\/v2\/media\/1861"}],"wp:attachment":[{"href":"https:\/\/rf-capacitor.com\/fi\/wp-json\/wp\/v2\/media?parent=1860"}],"wp:term":[{"taxonomy":"product_brand","embeddable":true,"href":"https:\/\/rf-capacitor.com\/fi\/wp-json\/wp\/v2\/product_brand?post=1860"},{"taxonomy":"product_cat","embeddable":true,"href":"https:\/\/rf-capacitor.com\/fi\/wp-json\/wp\/v2\/product_cat?post=1860"},{"taxonomy":"product_tag","embeddable":true,"href":"https:\/\/rf-capacitor.com\/fi\/wp-json\/wp\/v2\/product_tag?post=1860"}],"curies":[{"name":"wp","href":"https:\/\/api.w.org\/{rel}","templated":true}]}}