{"id":1856,"date":"2025-01-02T02:04:58","date_gmt":"2025-01-02T02:04:58","guid":{"rendered":"https:\/\/rf-capacitor.com\/?post_type=product&#038;p=1856"},"modified":"2025-01-02T02:04:58","modified_gmt":"2025-01-02T02:04:58","slug":"resonant-circuit-snubber-capacitor","status":"publish","type":"product","link":"https:\/\/rf-capacitor.com\/fi\/resonant-circuit-snubber-capacitor\/","title":{"rendered":"Resonanssipiiri Suojauskondensaattori"},"content":{"rendered":"<div class=\"user-query-container ng-star-inserted\">\n<div id=\"user-query-content-1\" class=\"query-content\">\n<div class=\"query-text gds-body-l ng-star-inserted\" dir=\"ltr\" role=\"heading\" aria-level=\"2\">\n<h3 class=\"query-text-line ng-star-inserted\">Resonanssipiiri Suojauskondensaattori<\/h3>\n<\/div>\n<\/div>\n<\/div>\n<div>\n<div class=\"response-container ng-tns-c3227055261-32 response-optimization tts-removed ng-star-inserted response-container-has-multiple-responses\">\n<div class=\"presented-response-container ng-tns-c3227055261-32\">\n<div class=\"response-container-content ng-tns-c3227055261-32 tunable-selection-with-avatar\">\n<div class=\"response-content ng-tns-c3227055261-32\">\n<div id=\"model-response-message-contentr_be92511bd195e395\" class=\"markdown markdown-main-panel tutor-markdown-rendering response-optimization\" dir=\"ltr\">\n<p data-sourcepos=\"1:1-1:154\">Resonanssisammutuspiireiss\u00e4 kondensaattorilla on ratkaiseva rooli resonanssis\u00e4ili\u00f6piirin luomisessa j\u00e4rjestelm\u00e4ss\u00e4 olevan loisinduktanssin kanssa.<\/p>\n<h3 data-sourcepos=\"3:1-3:17\"><strong>Miten resonanssipiiri Snubber-kondensaattori toimii:<\/strong><\/h3>\n<ul data-sourcepos=\"5:1-7:0\">\n<li data-sourcepos=\"5:1-5:283\"><strong>Resonanssi:<\/strong> Kondensaattori ja loisinduktanssi muodostavat LC-s\u00e4ili\u00f6piirin. Kun IGBT kytkeytyy pois p\u00e4\u00e4lt\u00e4, loisinduktanssiin varastoitunut energia siirret\u00e4\u00e4n kondensaattoriin. T\u00e4m\u00e4 energian siirto tapahtuu LC-s\u00e4ili\u00f6n resonanssitaajuudella, mik\u00e4 johtaa v\u00e4r\u00e4htelyihin.<\/li>\n<li data-sourcepos=\"6:1-7:0\"><strong>Energian hukkaaminen:<\/strong> Resonanssipiiriss\u00e4 on yleens\u00e4 vastus, joka vaimentaa n\u00e4it\u00e4 v\u00e4r\u00e4htelyj\u00e4 ja haihduttaa energiaa.<\/li>\n<\/ul>\n<h3 data-sourcepos=\"8:1-8:56\"><strong>Resonanssisnappikondensaattoreiden t\u00e4rkeimm\u00e4t ominaisuudet:<\/strong><\/h3>\n<ul data-sourcepos=\"10:1-13:0\">\n<li data-sourcepos=\"10:1-10:82\"><strong>Tarkka kapasitanssi:<\/strong> Kriittinen tekij\u00e4 halutun resonanssitaajuuden saavuttamiseksi.<\/li>\n<li data-sourcepos=\"11:1-11:78\"><strong><span class=\"citation-0 recitation\">Alhainen ESR:<\/span><\/strong><span class=\"citation-0 recitation citation-end-0\"> Minimoi h\u00e4vi\u00f6t resonanssiv\u00e4r\u00e4htelyjen aikana. <\/span>\n<div class=\"container ng-tns-c362440147-35\">\n<div class=\"carousel-container ng-tns-c362440147-35\">\n<div class=\"carousel-content ng-tns-c362440147-35\">\n<div class=\"sources-carousel-source ng-tns-c362440147-35 ng-star-inserted\" data-test-id=\"sources-carousel-source\">\n<div class=\"source-card-container\">\n<div class=\"source-card-content\"><\/div>\n<\/div>\n<\/div>\n<\/div>\n<\/div>\n<\/div>\n<\/li>\n<li data-sourcepos=\"12:1-13:0\"><strong>Korkea j\u00e4nnite:<\/strong> Sen on kestett\u00e4v\u00e4 resonanssin aikana esiintyv\u00e4t huippuj\u00e4nnitteet.<\/li>\n<\/ul>\n<h3 data-sourcepos=\"14:1-14:42\"><strong>Resonanssipiirin Snubber-kondensaattorin edut:<\/strong><\/h3>\n<ul data-sourcepos=\"16:1-19:0\">\n<li data-sourcepos=\"16:1-16:158\"><strong>Pienemm\u00e4t kytkent\u00e4h\u00e4vi\u00f6t:<\/strong> Hy\u00f6dynt\u00e4m\u00e4ll\u00e4 resonanssienergian siirtoa kytkent\u00e4h\u00e4vi\u00f6it\u00e4 voidaan v\u00e4hent\u00e4\u00e4 merkitt\u00e4v\u00e4sti verrattuna perinteisiin R-C-snubbereihin.<\/li>\n<li data-sourcepos=\"17:1-17:96\"><strong>Parempi tehokkuus:<\/strong> Pienemm\u00e4t kytkent\u00e4h\u00e4vi\u00f6t parantavat j\u00e4rjestelm\u00e4n kokonaistehokkuutta.<\/li>\n<li data-sourcepos=\"18:1-19:0\"><strong>V\u00e4hennetty EMI:<\/strong> Piirin resonanssiluonne voi auttaa v\u00e4hent\u00e4m\u00e4\u00e4n EMI-p\u00e4\u00e4st\u00f6j\u00e4.<\/li>\n<\/ul>\n<h3 data-sourcepos=\"20:1-20:26\"><strong>Suunnittelua koskevat n\u00e4k\u00f6kohdat:<\/strong><\/h3>\n<ul data-sourcepos=\"22:1-25:0\">\n<li data-sourcepos=\"22:1-22:89\"><strong>Resonanssitaajuus:<\/strong> Huolellisesti laskettu vastaamaan haluttuja k\u00e4ytt\u00f6olosuhteita.<\/li>\n<li data-sourcepos=\"23:1-23:117\"><strong>Vaimennuskerroin:<\/strong> Vastuksen arvo valitaan siten, ett\u00e4 se tarjoaa sopivan vaimennuksen ja est\u00e4\u00e4 liialliset v\u00e4r\u00e4htelyt.<\/li>\n<li data-sourcepos=\"24:1-25:0\"><strong>Piirin komponenttien valinta:<\/strong> Komponenttien (kondensaattori, vastus, induktori) huolellinen valinta on ratkaisevan t\u00e4rke\u00e4\u00e4 optimaalisen suorituskyvyn kannalta.<\/li>\n<\/ul>\n<p data-sourcepos=\"30:1-30:230\">\n<\/div>\n<\/div>\n<\/div>\n<\/div>\n<\/div>\n<\/div>","protected":false},"excerpt":{"rendered":"<table style=\"height: 534px;\" width=\"695\">\n<tbody>\n<tr>\n<td width=\"146\"><strong><b>Tuote<\/b><\/strong>\u00a0<strong><b>Nimi:<\/b><\/strong><\/td>\n<td width=\"601\"><strong>Resonanssipiiri Suojauskondensaattori<\/strong><\/td>\n<\/tr>\n<tr>\n<td width=\"146\">\n<h4><strong>Lyhyt kuvaus:<\/strong><\/h4>\n<\/td>\n<td width=\"601\">K\u00e4ytet\u00e4\u00e4n laajalti tehoelektroniikkalaitteissa, kun huippuj\u00e4nnite, huippuvirran imeytymissuojaus<\/td>\n<\/tr>\n<tr>\n<td width=\"146\"><strong>Kapasitanssialue:<\/strong><\/td>\n<td width=\"601\">0.1\u03bcF~ 5.6\u03bcF<\/td>\n<\/tr>\n<tr>\n<td width=\"146\"><strong>Nimellisj\u00e4nnite\uff1a<\/strong><\/td>\n<td width=\"601\">630V.DC ~ 2000V.DC<\/td>\n<\/tr>\n<tr>\n<td width=\"146\"><strong>Cap.tol\uff1a<\/strong><\/td>\n<td width=\"601\">\u00a0\u00a0\u00b15%(J)\uff1b\u00b110%(K)<\/td>\n<\/tr>\n<tr>\n<td width=\"146\"><strong>Kondensaattorin malli:\u00a0<\/strong><\/td>\n<td width=\"601\">IGBT-subbaattori<\/td>\n<\/tr>\n<\/tbody>\n<\/table>","protected":false},"featured_media":1857,"comment_status":"open","ping_status":"closed","template":"","meta":[],"product_brand":[],"product_cat":[40],"product_tag":[],"class_list":{"0":"post-1856","1":"product","2":"type-product","3":"status-publish","4":"has-post-thumbnail","6":"product_cat-snubber-capacitor","8":"first","9":"instock","10":"shipping-taxable","11":"product-type-simple"},"_links":{"self":[{"href":"https:\/\/rf-capacitor.com\/fi\/wp-json\/wp\/v2\/product\/1856","targetHints":{"allow":["GET"]}}],"collection":[{"href":"https:\/\/rf-capacitor.com\/fi\/wp-json\/wp\/v2\/product"}],"about":[{"href":"https:\/\/rf-capacitor.com\/fi\/wp-json\/wp\/v2\/types\/product"}],"replies":[{"embeddable":true,"href":"https:\/\/rf-capacitor.com\/fi\/wp-json\/wp\/v2\/comments?post=1856"}],"wp:featuredmedia":[{"embeddable":true,"href":"https:\/\/rf-capacitor.com\/fi\/wp-json\/wp\/v2\/media\/1857"}],"wp:attachment":[{"href":"https:\/\/rf-capacitor.com\/fi\/wp-json\/wp\/v2\/media?parent=1856"}],"wp:term":[{"taxonomy":"product_brand","embeddable":true,"href":"https:\/\/rf-capacitor.com\/fi\/wp-json\/wp\/v2\/product_brand?post=1856"},{"taxonomy":"product_cat","embeddable":true,"href":"https:\/\/rf-capacitor.com\/fi\/wp-json\/wp\/v2\/product_cat?post=1856"},{"taxonomy":"product_tag","embeddable":true,"href":"https:\/\/rf-capacitor.com\/fi\/wp-json\/wp\/v2\/product_tag?post=1856"}],"curies":[{"name":"wp","href":"https:\/\/api.w.org\/{rel}","templated":true}]}}