{"id":1811,"date":"2024-12-31T03:42:39","date_gmt":"2024-12-31T03:42:39","guid":{"rendered":"https:\/\/rf-capacitor.com\/?post_type=product&#038;p=1811"},"modified":"2024-12-31T03:42:39","modified_gmt":"2024-12-31T03:42:39","slug":"high-voltage-snubber-capacitor","status":"publish","type":"product","link":"https:\/\/rf-capacitor.com\/fi\/high-voltage-snubber-capacitor\/","title":{"rendered":"Korkea j\u00e4nnite Snubber-kondensaattori"},"content":{"rendered":"<p>Suurj\u00e4nnitekondensaattori on t\u00e4rke\u00e4 komponentti, jota k\u00e4ytet\u00e4\u00e4n suurj\u00e4nnitepiireiss\u00e4 suojaamaan j\u00e4nnitepiikeilt\u00e4 ja transienteilta. T\u00e4ss\u00e4 on yleiskatsaus siit\u00e4, mik\u00e4 snubberkondensaattori on, sen teht\u00e4v\u00e4st\u00e4 ja sovelluksista:<\/p>\n<p>Mik\u00e4 on korkeaj\u00e4nnitteinen snubber-kondensaattori?<\/p>\n<p>Korkeaj\u00e4nnitekondensaattori on kondensaattori, jota k\u00e4ytet\u00e4\u00e4n s\u00e4hk\u00f6piireiss\u00e4 vaimentamaan j\u00e4nnitepiikkej\u00e4 (tunnetaan my\u00f6s nimell\u00e4 transientit), joita voi esiinty\u00e4, kun induktiivinen kuorma kytket\u00e4\u00e4n pois p\u00e4\u00e4lt\u00e4. N\u00e4m\u00e4 kondensaattorit auttavat suojaamaan herkki\u00e4 komponentteja \u00e4killisten j\u00e4nnitemuutosten aiheuttamilta vaurioilta.<\/p>\n<p>Suurj\u00e4nnitekondensaattorin toiminta<\/p>\n<p>1. J\u00e4nnitesuojaus: Snubber-kondensaattorit varastoivat energiaa v\u00e4liaikaisesti ja vapauttavat sit\u00e4 hitaasti, mik\u00e4 v\u00e4hent\u00e4\u00e4 j\u00e4nnitepiikkien nousunopeutta (dV\/dt).<br \/>\n2. Suojaus: Ne suojaavat puolijohdekomponentteja, kuten tyristoreja, IGBT:t\u00e4 ja diodeja, j\u00e4nnitepiikeilt\u00e4, jotka muutoin voisivat aiheuttaa rikkoutumisen tai vikaantumisen.<br \/>\n3. Melunvaimennus: Suojauskondensaattorit tasoittavat j\u00e4nnitevaihteluita ja v\u00e4hent\u00e4v\u00e4t s\u00e4hk\u00f6magneettisia h\u00e4iri\u00f6it\u00e4 (EMI).<\/p>\n<p>Sovellukset<\/p>\n<p>1. Tehoelektroniikka: Snubber-kondensaattoreita k\u00e4ytet\u00e4\u00e4n laajalti tehoelektroniikan sovelluksissa, kuten taajuusmuuttajissa, muuntimissa ja moottorik\u00e4yt\u00f6iss\u00e4.<br \/>\n2. Kytkinlaitteet ja katkaisijat: Kytkinlaitteet: Niit\u00e4 k\u00e4ytet\u00e4\u00e4n kytkinlaitteissa ja katkaisijoissa suojaamaan kytkent\u00e4toimintojen aikana esiintyvilt\u00e4 transienttij\u00e4nnitteilt\u00e4.<br \/>\n3. Teollisuuslaitteet: Teollisuuskoneissa k\u00e4ytet\u00e4\u00e4n vaimennuskondensaattoreita suojaamaan ohjauspiirej\u00e4 ja virtal\u00e4hteit\u00e4 j\u00e4nnitepiikeilt\u00e4.<br \/>\n4. LVAC-j\u00e4rjestelm\u00e4t: HVAC-j\u00e4rjestelmiss\u00e4 k\u00e4ytet\u00e4\u00e4n korkeaj\u00e4nnitekondensaattoreita suojaamaan moottorin ohjauspiirien j\u00e4nnitetransienteilta.<\/p>\n<p>T\u00e4rkeimm\u00e4t tekniset tiedot<\/p>\n<p>- Kapasitanssiarvo: Kapasitanssin arvo on valittava tietyn sovelluksen ja odotettavissa olevien j\u00e4nnitepiikkitasojen perusteella.<br \/>\n- J\u00e4nniteluokitus: Kondensaattorilla on oltava riitt\u00e4v\u00e4 j\u00e4nnite, jotta se pystyy k\u00e4sittelem\u00e4\u00e4n piirin huippuj\u00e4nnitett\u00e4.<br \/>\n- Dielektrinen materiaali: Yleisi\u00e4 dielektrisi\u00e4 materiaaleja ovat keraaminen, kalvo ja polypropeeni. Valinta riippuu vaaditusta j\u00e4nnitek\u00e4sittelykyvyst\u00e4 ja k\u00e4ytt\u00f6taajuudesta.<br \/>\n- ESR (ekvivalentti sarjavastus): ESR: Pienempi ESR on yleens\u00e4 parempi vaihtoehto tehoh\u00e4vi\u00f6iden ja l\u00e4mm\u00f6ntuoton minimoimiseksi.<\/p>\n<p>Esimerkkej\u00e4 k\u00e4ytt\u00f6tapauksista<\/p>\n<p>1. Invertteripiirit: Kytkent\u00e4laitteiden p\u00e4\u00e4lle sijoitetaan snubber-kondensaattorit, jotka suojaavat niit\u00e4 j\u00e4nnitepiikeilt\u00e4 kytkent\u00e4tapahtumien aikana.<br \/>\n2. Moottorik\u00e4yt\u00f6t: Taajuusmuuttajissa (VFD) snubberikondensaattorit auttavat suojaamaan tehokytkent\u00e4laitteita moottoreiden induktiivisen luonteen aiheuttamilta j\u00e4nnitepiikeilt\u00e4.<br \/>\n3. Valaistusj\u00e4rjestelm\u00e4t: HID-valaistusj\u00e4rjestelmiss\u00e4 (high-intensity discharge) k\u00e4ytet\u00e4\u00e4n snubber-kondensaattoreita suojaamaan liit\u00e4nt\u00e4laitetta ja muita komponentteja j\u00e4nnitetransienteilta.<\/p>","protected":false},"excerpt":{"rendered":"<table style=\"height: 660px;\" width=\"727\">\n<tbody>\n<tr>\n<td width=\"146\"><strong><b>Tuote<\/b><\/strong>\u00a0<strong><b>Nimi:<\/b><\/strong><\/td>\n<td width=\"601\"><strong>Korkea j\u00e4nnite Snubber-kondensaattori<\/strong><\/td>\n<\/tr>\n<tr>\n<td width=\"146\">\n<h4><strong>Lyhyt kuvaus:<\/strong><\/h4>\n<\/td>\n<td width=\"601\">1. CRE:n suunnittelemat ja valmistamat innovatiiviset vaimennuskondensaattorit.<\/p>\n<p>2. Kalvokondensaattoreiden suunnittelun ja valmistuksen johtava yritys.<\/p>\n<p>3. Jos tarvitset yksil\u00f6llisi\u00e4 snubber-spesifikaatioita, suuntaa suunnittelukeskukseemme, jotta saat r\u00e4\u00e4t\u00e4l\u00f6idyn snubber-kondensaattorin.<\/p>\n<p>&nbsp;<\/td>\n<\/tr>\n<tr>\n<td width=\"146\"><strong>Kapasitanssialue:<\/strong><\/td>\n<td width=\"601\">\u00a01.6\u03bcF \u00b15%<\/td>\n<\/tr>\n<tr>\n<td width=\"146\"><strong>Nimellisj\u00e4nnite\uff1a<\/strong><\/td>\n<td width=\"601\">3000V.DC<\/td>\n<\/tr>\n<tr>\n<td width=\"146\"><strong>Cap.tol\uff1a<\/strong><\/td>\n<td width=\"601\">\u00b15%(J) ;\u00b110%(K)<\/td>\n<\/tr>\n<\/tbody>\n<\/table>","protected":false},"featured_media":1812,"comment_status":"open","ping_status":"closed","template":"","meta":[],"product_brand":[],"product_cat":[40],"product_tag":[],"class_list":{"0":"post-1811","1":"product","2":"type-product","3":"status-publish","4":"has-post-thumbnail","6":"product_cat-snubber-capacitor","8":"first","9":"instock","10":"shipping-taxable","11":"product-type-simple"},"_links":{"self":[{"href":"https:\/\/rf-capacitor.com\/fi\/wp-json\/wp\/v2\/product\/1811","targetHints":{"allow":["GET"]}}],"collection":[{"href":"https:\/\/rf-capacitor.com\/fi\/wp-json\/wp\/v2\/product"}],"about":[{"href":"https:\/\/rf-capacitor.com\/fi\/wp-json\/wp\/v2\/types\/product"}],"replies":[{"embeddable":true,"href":"https:\/\/rf-capacitor.com\/fi\/wp-json\/wp\/v2\/comments?post=1811"}],"wp:featuredmedia":[{"embeddable":true,"href":"https:\/\/rf-capacitor.com\/fi\/wp-json\/wp\/v2\/media\/1812"}],"wp:attachment":[{"href":"https:\/\/rf-capacitor.com\/fi\/wp-json\/wp\/v2\/media?parent=1811"}],"wp:term":[{"taxonomy":"product_brand","embeddable":true,"href":"https:\/\/rf-capacitor.com\/fi\/wp-json\/wp\/v2\/product_brand?post=1811"},{"taxonomy":"product_cat","embeddable":true,"href":"https:\/\/rf-capacitor.com\/fi\/wp-json\/wp\/v2\/product_cat?post=1811"},{"taxonomy":"product_tag","embeddable":true,"href":"https:\/\/rf-capacitor.com\/fi\/wp-json\/wp\/v2\/product_tag?post=1811"}],"curies":[{"name":"wp","href":"https:\/\/api.w.org\/{rel}","templated":true}]}}