{"id":1793,"date":"2024-12-31T03:18:31","date_gmt":"2024-12-31T03:18:31","guid":{"rendered":"https:\/\/rf-capacitor.com\/?post_type=product&#038;p=1793"},"modified":"2024-12-31T03:18:31","modified_gmt":"2024-12-31T03:18:31","slug":"damping-absorption-snubber-capacitor","status":"publish","type":"product","link":"https:\/\/rf-capacitor.com\/fi\/damping-absorption-snubber-capacitor\/","title":{"rendered":"Vaimennus Absorptio Snubber-kondensaattori"},"content":{"rendered":"<h3 data-sourcepos=\"1:1-1:41\"><strong>Vaimennus Absorptio Snubber-kondensaattorit<\/strong><\/h3>\n<ul data-sourcepos=\"3:1-24:0\">\n<li data-sourcepos=\"3:1-3:158\">\n<p data-sourcepos=\"3:3-3:158\"><strong><span class=\"citation-0 recitation\">Tarkoitus:<\/span><\/strong><span class=\"citation-0 recitation citation-end-0\"> K\u00e4ytet\u00e4\u00e4n ensisijaisesti tukahduttamaan j\u00e4nnitteen ja virran yliaaltoja, joita voi esiinty\u00e4 tehoelektroniikkapiirien kytkent\u00e4toimintojen aikana.<\/span><span class=\"button-container hide-from-message-actions ng-star-inserted\"> \u00a0<\/span><\/p>\n<div class=\"container ng-tns-c362440147-135 hide\">\n<div class=\"carousel-container ng-tns-c362440147-135\"><\/div>\n<\/div>\n<\/li>\n<li data-sourcepos=\"4:1-9:0\">\n<h3 data-sourcepos=\"4:3-4:20\"><strong>Miten vaimennusvaimennusvaimennuskondensaattori toimii:<\/strong><\/h3>\n<ul data-sourcepos=\"5:5-9:0\">\n<li data-sourcepos=\"5:5-5:199\"><strong><span class=\"citation-1 recitation\">J\u00e4nnitteen ja virran ylitykset:<\/span><\/strong><span class=\"citation-1 recitation citation-end-1\"> Kun tehoelektroniikkapiirin kytkin kytkeytyy pois p\u00e4\u00e4lt\u00e4, piirin olosuhteiden \u00e4killinen muutos voi johtaa nopeisiin j\u00e4nnite- ja virtatransienteihin.<\/span><span class=\"button-container hide-from-message-actions ng-star-inserted\">\u00a0<\/span>\n<div class=\"container ng-tns-c362440147-136 hide\">\n<div class=\"carousel-container ng-tns-c362440147-136\"><\/div>\n<\/div>\n<\/li>\n<li data-sourcepos=\"6:5-6:162\"><strong><span class=\"citation-2 recitation\">Snubber-piiri:<\/span><\/strong><span class=\"citation-2 recitation citation-end-2\"> Kytkent\u00e4laitteen kanssa on kytketty rinnakkain vaimennuspiiri, joka koostuu tyypillisesti vastuksesta ja kondensaattorista.<\/span><span class=\"button-container hide-from-message-actions ng-star-inserted\"> \u00a0<\/span>\n<div class=\"container ng-tns-c362440147-137 hide\">\n<div class=\"carousel-container ng-tns-c362440147-137\"><\/div>\n<\/div>\n<\/li>\n<li data-sourcepos=\"7:5-7:190\"><strong><span class=\"citation-3 recitation\">Vaimennus:<\/span><\/strong><span class=\"citation-3 recitation citation-end-3\"> Kondensaattori absorboi yliaaltoon liittyv\u00e4n energian, mik\u00e4 tehokkaasti \"vaimentaa\" transienttia ja est\u00e4\u00e4 liialliset j\u00e4nnite- tai virtapiikit.<\/span><\/li>\n<li data-sourcepos=\"7:5-7:190\"><strong style=\"font-size: 14.4px;\">Imeytyminen:<\/strong><span style=\"font-size: 14.4px;\"> Kondensaattori imee energian ja vapauttaa sen sitten v\u00e4hitellen, jolloin se ei vahingoita kytkinlaitetta.<\/span><\/li>\n<\/ul>\n<\/li>\n<li data-sourcepos=\"10:1-14:0\">\n<h3 data-sourcepos=\"10:3-10:26\"><strong>T\u00e4rkeimm\u00e4t ominaisuudet Vaimennus Vaimennus Vaimennus Snubber-kondensaattori:<\/strong><\/h3>\n<ul data-sourcepos=\"11:5-14:0\">\n<li data-sourcepos=\"11:5-11:134\"><strong><span class=\"citation-4 recitation\">Alhainen ESR:<\/span><\/strong><span class=\"citation-4 recitation citation-end-4\"> Alhainen ekvivalenttinen sarjavastus on kriittinen tekij\u00e4 tehokkaan energian absorption ja minimaalisten tehoh\u00e4vi\u00f6iden kannalta.<\/span><span class=\"button-container hide-from-message-actions ng-star-inserted\"> \u00a0<\/span>\n<div class=\"container ng-tns-c362440147-139 hide\">\n<div class=\"carousel-container ng-tns-c362440147-139\"><\/div>\n<\/div>\n<\/li>\n<li data-sourcepos=\"12:5-12:127\"><strong><span class=\"citation-5 recitation\">Korkea j\u00e4nnite:<\/span><\/strong><span class=\"citation-5 recitation citation-end-5\"> Niiden on kestett\u00e4v\u00e4 kytkent\u00e4transienttien aikana esiintyv\u00e4t huippuj\u00e4nnitteet.<\/span><span class=\"button-container hide-from-message-actions ng-star-inserted\"> \u00a0<\/span>\n<div class=\"container ng-tns-c362440147-140 hide\">\n<div class=\"carousel-container ng-tns-c362440147-140\"><\/div>\n<\/div>\n<\/li>\n<li data-sourcepos=\"13:5-14:0\"><strong>Nopea vastaus:<\/strong> Sen on reagoitava nopeasti j\u00e4nnitteen ja virran nopeisiin muutoksiin.<\/li>\n<\/ul>\n<\/li>\n<li data-sourcepos=\"15:1-18:0\">\n<h4 data-sourcepos=\"15:3-15:19\"><strong>Sovellukset:<\/strong><\/h4>\n<ul data-sourcepos=\"16:5-18:0\">\n<li data-sourcepos=\"16:5-16:196\"><strong><span class=\"citation-6 recitation\">Tehoelektroniikka:<\/span><\/strong><span class=\"citation-6 recitation citation-end-6\"> K\u00e4ytet\u00e4\u00e4n laajalti tehoelektroniikkapiireiss\u00e4, kuten taajuusmuuttajissa, muuntimissa ja moottorik\u00e4yt\u00f6iss\u00e4, suojaamaan kytkent\u00e4laitteita, kuten IGBT:t\u00e4, MOSFET:i\u00e4 ja tyristoreita.<\/span><span class=\"button-container hide-from-message-actions ng-star-inserted\"> \u00a0<\/span>\n<div class=\"container ng-tns-c362440147-141 hide\">\n<div class=\"carousel-container ng-tns-c362440147-141\"><\/div>\n<\/div>\n<\/li>\n<li data-sourcepos=\"17:5-18:0\"><strong>Korkeaj\u00e4nnitesovellukset:<\/strong> K\u00e4ytet\u00e4\u00e4n korkeaj\u00e4nnitesovelluksissa, joissa kytkent\u00e4transientit voivat olla voimakkaampia.<\/li>\n<\/ul>\n<\/li>\n<li data-sourcepos=\"19:1-24:0\">\n<h4 data-sourcepos=\"19:3-19:15\"><strong>Edut:<\/strong><\/h4>\n<ul data-sourcepos=\"20:5-24:0\">\n<li data-sourcepos=\"20:5-20:109\"><strong><span class=\"citation-7 recitation\">Pienemm\u00e4t kytkent\u00e4h\u00e4vi\u00f6t:<\/span><\/strong><span class=\"citation-7 recitation citation-end-7\"> Minimoi kytkent\u00e4toimintoihin liittyv\u00e4t tehoh\u00e4vi\u00f6t.<\/span><span class=\"button-container hide-from-message-actions ng-star-inserted\"> \u00a0<\/span>\n<div class=\"container ng-tns-c362440147-142 hide\">\n<div class=\"carousel-container ng-tns-c362440147-142\"><\/div>\n<\/div>\n<\/li>\n<li data-sourcepos=\"21:5-21:110\"><strong><span class=\"citation-8 recitation\">Parempi luotettavuus:<\/span><\/strong><span class=\"citation-8 recitation citation-end-8\"> Suojaa kytkinlaitteita vaurioilta ja pident\u00e4\u00e4 niiden k\u00e4ytt\u00f6ik\u00e4\u00e4.<\/span><span class=\"button-container hide-from-message-actions ng-star-inserted\"> \u00a0<\/span>\n<div class=\"container ng-tns-c362440147-143 hide\">\n<div class=\"carousel-container ng-tns-c362440147-143\"><\/div>\n<\/div>\n<\/li>\n<li data-sourcepos=\"22:5-22:156\"><strong><span class=\"citation-9 recitation\">V\u00e4hennetty EMI\/RFI:<\/span><\/strong><span class=\"citation-9 recitation citation-end-9\"> V\u00e4hent\u00e4\u00e4 s\u00e4hk\u00f6magneettisia h\u00e4iri\u00f6it\u00e4 (EMI) ja radiotaajuush\u00e4iri\u00f6it\u00e4 (RFI), joita kytkent\u00e4transientit aiheuttavat.<\/span><span class=\"button-container hide-from-message-actions ng-star-inserted\"> \u00a0<\/span>\n<div class=\"container ng-tns-c362440147-144 hide\">\n<div class=\"carousel-container ng-tns-c362440147-144\"><\/div>\n<\/div>\n<\/li>\n<li data-sourcepos=\"23:5-24:0\"><strong>Parempi tehokkuus:<\/strong> <span class=\"citation-10 recitation citation-end-10\">V\u00e4hent\u00e4m\u00e4ll\u00e4 kytkent\u00e4h\u00e4vi\u00f6it\u00e4 snubber-piirit voivat parantaa j\u00e4rjestelm\u00e4n kokonaistehokkuutta.<\/span><span class=\"button-container hide-from-message-actions ng-star-inserted\"> \u00a0 <\/span><\/li>\n<\/ul>\n<\/li>\n<\/ul>","protected":false},"excerpt":{"rendered":"<table style=\"height: 549px;\" width=\"734\">\n<tbody>\n<tr>\n<td width=\"146\"><strong><b>Tuote<\/b><\/strong>\u00a0<strong><b>Nimi:<\/b><\/strong><\/td>\n<td width=\"601\"><strong>Vaimennus Absorptio Snubber-kondensaattori<\/strong><\/td>\n<\/tr>\n<tr>\n<td width=\"146\">\n<h4><strong>Lyhyt kuvaus:<\/strong><\/h4>\n<\/td>\n<td width=\"601\">1. CRE on suunnitellut ja valmistanut innovatiiviset vaimennuskondensaattorit.<\/p>\n<p>2. CRE on johtava kalvokondensaattorien suunnittelun ja valmistuksen alalla.<\/p>\n<p>3. Jos tarvitset ainutlaatuisia vaimennuskondensaattorin spesifikaatioita, suuntaa suunnittelukeskukseemme r\u00e4\u00e4t\u00e4l\u00f6ity\u00e4 kondensaattoria varten.<\/td>\n<\/tr>\n<tr>\n<td width=\"146\"><strong>Kapasitanssialue:<\/strong><\/td>\n<td width=\"601\">\u00a00,33\u03bcF \u00b15%<\/td>\n<\/tr>\n<tr>\n<td width=\"146\"><strong>Nimellisj\u00e4nnite\uff1a<\/strong><\/td>\n<td width=\"601\">3400V.AC<\/td>\n<\/tr>\n<tr>\n<td width=\"146\"><strong>Cap.tol\uff1a<\/strong><\/td>\n<td width=\"601\">-40\u2103_85\u2103<\/td>\n<\/tr>\n<\/tbody>\n<\/table>","protected":false},"featured_media":1795,"comment_status":"open","ping_status":"closed","template":"","meta":[],"product_brand":[],"product_cat":[40],"product_tag":[],"class_list":{"0":"post-1793","1":"product","2":"type-product","3":"status-publish","4":"has-post-thumbnail","6":"product_cat-snubber-capacitor","8":"first","9":"instock","10":"shipping-taxable","11":"product-type-simple"},"_links":{"self":[{"href":"https:\/\/rf-capacitor.com\/fi\/wp-json\/wp\/v2\/product\/1793","targetHints":{"allow":["GET"]}}],"collection":[{"href":"https:\/\/rf-capacitor.com\/fi\/wp-json\/wp\/v2\/product"}],"about":[{"href":"https:\/\/rf-capacitor.com\/fi\/wp-json\/wp\/v2\/types\/product"}],"replies":[{"embeddable":true,"href":"https:\/\/rf-capacitor.com\/fi\/wp-json\/wp\/v2\/comments?post=1793"}],"wp:featuredmedia":[{"embeddable":true,"href":"https:\/\/rf-capacitor.com\/fi\/wp-json\/wp\/v2\/media\/1795"}],"wp:attachment":[{"href":"https:\/\/rf-capacitor.com\/fi\/wp-json\/wp\/v2\/media?parent=1793"}],"wp:term":[{"taxonomy":"product_brand","embeddable":true,"href":"https:\/\/rf-capacitor.com\/fi\/wp-json\/wp\/v2\/product_brand?post=1793"},{"taxonomy":"product_cat","embeddable":true,"href":"https:\/\/rf-capacitor.com\/fi\/wp-json\/wp\/v2\/product_cat?post=1793"},{"taxonomy":"product_tag","embeddable":true,"href":"https:\/\/rf-capacitor.com\/fi\/wp-json\/wp\/v2\/product_tag?post=1793"}],"curies":[{"name":"wp","href":"https:\/\/api.w.org\/{rel}","templated":true}]}}