{"id":1767,"date":"2024-12-31T02:35:15","date_gmt":"2024-12-31T02:35:15","guid":{"rendered":"https:\/\/rf-capacitor.com\/?post_type=product&#038;p=1767"},"modified":"2024-12-31T02:35:15","modified_gmt":"2024-12-31T02:35:15","slug":"metallized-polypropylene-film-capacitor","status":"publish","type":"product","link":"https:\/\/rf-capacitor.com\/fi\/metallized-polypropylene-film-capacitor\/","title":{"rendered":"Metalloitu polypropeenikalvokondensaattori"},"content":{"rendered":"<h3 data-sourcepos=\"1:1-1:50\"><strong>Metalloidut polypropeenikalvokondensaattorit (MKP)<\/strong><\/h3>\n<ul data-sourcepos=\"3:1-27:0\">\n<li data-sourcepos=\"3:1-7:0\">\n<p data-sourcepos=\"3:3-3:19\"><strong>Rakentaminen:<\/strong><\/p>\n<ul data-sourcepos=\"4:5-7:0\">\n<li data-sourcepos=\"4:5-4:104\"><strong>Dielektrinen:<\/strong> <span class=\"citation-0 recitation citation-end-0\">K\u00e4yt\u00e4 eristysmateriaalina ohuita kerroksia polypropeenikalvoa.<\/span><span class=\"button-container hide-from-message-actions ng-star-inserted\">\u00a0 \u00a0<\/span>\n<div class=\"container ng-tns-c362440147-96 hide\">\n<div class=\"carousel-container ng-tns-c362440147-96\"><\/div>\n<\/div>\n<\/li>\n<li data-sourcepos=\"5:5-5:136\"><strong>Metallointi:<\/strong> Ohut metallikerros (yleens\u00e4 alumiini) tyhji\u00f6pinnoitetaan kalvon p\u00e4\u00e4lle, jolloin muodostuvat johtavat elektrodit.<\/li>\n<li data-sourcepos=\"6:5-7:0\"><strong>Itseparantuminen:<\/strong> <span class=\"citation-1 recitation citation-end-1\">Jos valmistusvirheest\u00e4 tai ylij\u00e4nnitteest\u00e4 aiheutuu paikallinen oikosulku, vian ymp\u00e4rill\u00e4 oleva metallointi haihtuu, erist\u00e4\u00e4 alueen ja est\u00e4\u00e4 lis\u00e4vahingot.<\/span> <span class=\"citation-2 recitation citation-end-2\">T\u00e4m\u00e4 itsekorjautuva mekanismi parantaa luotettavuutta.<\/span><span class=\"button-container hide-from-message-actions ng-star-inserted\"> \u00a0<\/span>\n<div class=\"container ng-tns-c362440147-97 hide\">\n<div class=\"carousel-container ng-tns-c362440147-97\"><\/div>\n<\/div>\n<\/li>\n<\/ul>\n<\/li>\n<li data-sourcepos=\"8:1-14:0\">\n<h3 data-sourcepos=\"8:3-8:26\"><strong>T\u00e4rkeimm\u00e4t ominaisuudet Metallized Polypropylene Film Capacitor:<\/strong><\/h3>\n<ul data-sourcepos=\"9:5-14:0\">\n<li data-sourcepos=\"9:5-9:122\"><strong><span class=\"citation-3 recitation\">V\u00e4h\u00e4inen tappio:<\/span><\/strong><span class=\"citation-3 recitation citation-end-3\"> Niill\u00e4 on eritt\u00e4in pienet dielektriset h\u00e4vi\u00f6t, joten ne soveltuvat korkeataajuussovelluksiin.<\/span><span class=\"button-container hide-from-message-actions ng-star-inserted\"> \u00a0<\/span>\n<div class=\"container ng-tns-c362440147-98 hide\">\n<div class=\"carousel-container ng-tns-c362440147-98\"><\/div>\n<\/div>\n<\/li>\n<li data-sourcepos=\"10:5-10:72\"><strong>Korkea vakaus:<\/strong> Erinomainen stabiilisuus l\u00e4mp\u00f6tilan ja ajan suhteen.<\/li>\n<li data-sourcepos=\"11:5-11:83\"><strong>Itseparantuminen:<\/strong> <span class=\"citation-4 recitation citation-end-4\">Parantaa luotettavuutta ja pident\u00e4\u00e4 k\u00e4ytt\u00f6ik\u00e4\u00e4.<\/span><span class=\"button-container hide-from-message-actions ng-star-inserted\"> \u00a0<\/span>\n<div class=\"container ng-tns-c362440147-99 hide\">\n<div class=\"carousel-container ng-tns-c362440147-99\"><\/div>\n<\/div>\n<\/li>\n<li data-sourcepos=\"12:5-12:72\"><strong>Korkea j\u00e4nnite:<\/strong> <span class=\"citation-5 recitation citation-end-5\">Kest\u00e4\u00e4 korkeita j\u00e4nnitteit\u00e4.<\/span><span class=\"button-container hide-from-message-actions ng-star-inserted\"> \u00a0<\/span>\n<div class=\"container ng-tns-c362440147-100 hide\">\n<div class=\"carousel-container ng-tns-c362440147-100\"><\/div>\n<\/div>\n<\/li>\n<li data-sourcepos=\"13:5-14:0\"><strong>Kompakti koko:<\/strong> Saavutetaan suuria kapasitanssiarvoja suhteellisen pieniss\u00e4 pakkauksissa.<\/li>\n<\/ul>\n<\/li>\n<li data-sourcepos=\"15:1-21:0\">\n<h3 data-sourcepos=\"15:3-15:19\"><strong>Sovellukset:<\/strong><\/h3>\n<ul data-sourcepos=\"16:5-21:0\">\n<li data-sourcepos=\"16:5-16:110\"><strong>AC-suodattimet:<\/strong> <span class=\"citation-6 recitation citation-end-6\">K\u00e4ytet\u00e4\u00e4n vaihtovirtaj\u00e4rjestelmiss\u00e4 harmonisten yliaaltojen suodattamiseen ja s\u00e4hk\u00f6n laadun parantamiseen.<\/span><span class=\"button-container hide-from-message-actions ng-star-inserted\"> \u00a0<\/span>\n<div class=\"container ng-tns-c362440147-101 hide\">\n<div class=\"carousel-container ng-tns-c362440147-101\"><\/div>\n<\/div>\n<\/li>\n<li data-sourcepos=\"17:5-17:98\"><strong>Moottorik\u00e4yt\u00f6t:<\/strong> K\u00e4ytet\u00e4\u00e4n taajuusmuuttajissa suorituskyvyn parantamiseksi ja melun v\u00e4hent\u00e4miseksi.<\/li>\n<li data-sourcepos=\"18:5-18:142\"><strong>Kytkent\u00e4virtal\u00e4hteet:<\/strong> K\u00e4ytet\u00e4\u00e4n laajalti erilaisissa elektronisissa piireiss\u00e4, kuten kytkent\u00e4virtal\u00e4hteiss\u00e4, inverttereiss\u00e4 ja muuntimissa.<\/li>\n<li data-sourcepos=\"19:5-19:149\"><strong>Suurtaajuussovellukset:<\/strong> Soveltuu korkeilla taajuuksilla toimiviin sovelluksiin, kuten RF-piireihin ja televiestint\u00e4laitteisiin.<\/li>\n<li data-sourcepos=\"20:5-21:0\"><strong>\u00c4\u00e4nentoistolaitteet:<\/strong> <span class=\"citation-7 recitation citation-end-7\">K\u00e4ytet\u00e4\u00e4n audiosovelluksissa parantamaan signaalin laatua ja v\u00e4hent\u00e4m\u00e4\u00e4n v\u00e4\u00e4ristymi\u00e4.<\/span><span class=\"button-container hide-from-message-actions ng-star-inserted\">\u00a0<\/span>\n<div class=\"container ng-tns-c362440147-102 hide\">\n<div class=\"carousel-container ng-tns-c362440147-102\"><\/div>\n<\/div>\n<\/li>\n<\/ul>\n<\/li>\n<li data-sourcepos=\"22:1-27:0\">\n<h3 data-sourcepos=\"22:3-22:15\"><strong>Edut:<\/strong><\/h3>\n<ul data-sourcepos=\"23:5-27:0\">\n<li data-sourcepos=\"23:5-23:108\"><strong><span class=\"citation-8 recitation\">Parempi suorituskyky:<\/span><\/strong><span class=\"citation-8 recitation citation-end-8\"> Parantaa elektronisten laitteiden suorituskyky\u00e4 ja tehokkuutta.<\/span>\n<div class=\"container ng-tns-c362440147-103 hide\">\n<div class=\"carousel-container ng-tns-c362440147-103\"><\/div>\n<\/div>\n<\/li>\n<li data-sourcepos=\"24:5-24:80\"><strong>Pienemm\u00e4t energiah\u00e4vi\u00f6t:<\/strong> Minimoi energiah\u00e4vi\u00f6t eri sovelluksissa.<\/li>\n<li data-sourcepos=\"25:5-25:87\"><strong>Lis\u00e4\u00e4ntynyt luotettavuus:<\/strong> Itsekorjautuva mekanismi parantaa pitk\u00e4n aikav\u00e4lin luotettavuutta.<\/li>\n<li data-sourcepos=\"26:5-27:0\"><strong>Kompakti ja kevyt:<\/strong> Soveltuu tilanpuutteellisiin sovelluksiin.<\/li>\n<\/ul>\n<\/li>\n<\/ul>\n<p data-sourcepos=\"28:1-28:293\"><strong>Yhteenvetona:<\/strong> Metalloidut polypropeenikalvokondensaattorit ovat monipuolinen ja luotettava komponentti, jolla on laaja valikoima sovelluksia erilaisissa elektroniikka- ja s\u00e4hk\u00f6j\u00e4rjestelmiss\u00e4. Niiden alhainen h\u00e4vi\u00f6, korkea stabiilius ja itsekorjautumiskyky tekev\u00e4t niist\u00e4 ensisijaisen valinnan moniin kriittisiin sovelluksiin.<\/p>\n<p data-sourcepos=\"30:1-30:82\">","protected":false},"excerpt":{"rendered":"<table style=\"height: 493px;\" width=\"698\">\n<tbody>\n<tr>\n<td width=\"146\"><strong><b>Tuote<\/b><\/strong>\u00a0<strong><b>Nimi:<\/b><\/strong><\/td>\n<td width=\"601\"><strong>Metalloitu polypropeenikalvokondensaattori<\/strong><\/td>\n<\/tr>\n<tr>\n<td width=\"146\">\n<h4><strong>Dielektrinen materiaali:<\/strong><\/h4>\n<\/td>\n<td width=\"601\">Metalloitu polypropeenikalvo<\/td>\n<\/tr>\n<tr>\n<td width=\"146\"><strong>Kapasitanssialue:<\/strong><\/td>\n<td width=\"601\">50 Hz ja\/tai 60 Hz<\/td>\n<\/tr>\n<tr>\n<td width=\"146\"><strong>Nimellisj\u00e4nnite\uff1a<\/strong><\/td>\n<td width=\"601\">\u00a0660 VAC<\/td>\n<\/tr>\n<tr>\n<td width=\"146\"><strong>Cap.tol\uff1a<\/strong><\/td>\n<td width=\"601\">5%~+5%<\/td>\n<\/tr>\n<tr>\n<td width=\"146\"><strong>Suurin ymp\u00e4rist\u00f6n l\u00e4mp\u00f6tila:<\/strong><\/td>\n<td width=\"601\">\u00a0-40 \u2103 - +70 \u2103<\/td>\n<\/tr>\n<\/tbody>\n<\/table>","protected":false},"featured_media":1770,"comment_status":"open","ping_status":"closed","template":"","meta":[],"product_brand":[],"product_cat":[39],"product_tag":[],"class_list":{"0":"post-1767","1":"product","2":"type-product","3":"status-publish","4":"has-post-thumbnail","6":"product_cat-ac-filter-capacitor-1","8":"first","9":"instock","10":"shipping-taxable","11":"product-type-simple"},"_links":{"self":[{"href":"https:\/\/rf-capacitor.com\/fi\/wp-json\/wp\/v2\/product\/1767","targetHints":{"allow":["GET"]}}],"collection":[{"href":"https:\/\/rf-capacitor.com\/fi\/wp-json\/wp\/v2\/product"}],"about":[{"href":"https:\/\/rf-capacitor.com\/fi\/wp-json\/wp\/v2\/types\/product"}],"replies":[{"embeddable":true,"href":"https:\/\/rf-capacitor.com\/fi\/wp-json\/wp\/v2\/comments?post=1767"}],"wp:featuredmedia":[{"embeddable":true,"href":"https:\/\/rf-capacitor.com\/fi\/wp-json\/wp\/v2\/media\/1770"}],"wp:attachment":[{"href":"https:\/\/rf-capacitor.com\/fi\/wp-json\/wp\/v2\/media?parent=1767"}],"wp:term":[{"taxonomy":"product_brand","embeddable":true,"href":"https:\/\/rf-capacitor.com\/fi\/wp-json\/wp\/v2\/product_brand?post=1767"},{"taxonomy":"product_cat","embeddable":true,"href":"https:\/\/rf-capacitor.com\/fi\/wp-json\/wp\/v2\/product_cat?post=1767"},{"taxonomy":"product_tag","embeddable":true,"href":"https:\/\/rf-capacitor.com\/fi\/wp-json\/wp\/v2\/product_tag?post=1767"}],"curies":[{"name":"wp","href":"https:\/\/api.w.org\/{rel}","templated":true}]}}