{"id":1715,"date":"2024-12-30T03:49:14","date_gmt":"2024-12-30T03:49:14","guid":{"rendered":"https:\/\/rf-capacitor.com\/?post_type=product&#038;p=1715"},"modified":"2024-12-30T03:49:14","modified_gmt":"2024-12-30T03:49:14","slug":"three-phase-ac-filter-capacitor","status":"publish","type":"product","link":"https:\/\/rf-capacitor.com\/fi\/three-phase-ac-filter-capacitor\/","title":{"rendered":"Kolmivaiheinen AC-suodatin Kondensaattori"},"content":{"rendered":"<h3 data-sourcepos=\"1:1-1:36\"><strong>Kolmivaiheinen AC-suodatin Kondensaattori<\/strong><\/h3>\n<ul data-sourcepos=\"3:1-21:0\">\n<li data-sourcepos=\"3:1-3:147\">\n<p data-sourcepos=\"3:3-3:147\"><strong>Tarkoitus:<\/strong> <span class=\"citation-0 recitation citation-end-0\">Suunniteltu erityisesti kolmivaiheisiin vaihtovirtaj\u00e4rjestelmiin suodattamaan ep\u00e4lineaaristen kuormien aiheuttamaa harmonista s\u00e4r\u00f6\u00e4.<\/span><span class=\"button-container hide-from-message-actions ng-star-inserted\">\u00a0<\/span><\/p>\n<div class=\"container ng-tns-c362440147-79 hide\">\n<div class=\"carousel-container ng-tns-c362440147-79\"><\/div>\n<\/div>\n<\/li>\n<li data-sourcepos=\"4:1-10:0\">\n<h3 data-sourcepos=\"4:3-4:26\"><strong>T\u00e4rkeimm\u00e4t ominaisuudet Kolmivaiheinen AC-suodatinkondensaattori:<\/strong><\/h3>\n<ul data-sourcepos=\"5:5-10:0\">\n<li data-sourcepos=\"5:5-5:151\"><strong>Kolmivaiheinen kokoonpano:<\/strong> Kytket\u00e4\u00e4n tyypillisesti joko kolmi- tai jakokytkent\u00e4\u00e4n, jotta harmoniset yliaallot voidaan suodattaa tehokkaasti kolmivaiheisissa j\u00e4rjestelmiss\u00e4.<\/li>\n<li data-sourcepos=\"6:5-6:126\"><strong>Korkea tehon k\u00e4sittely:<\/strong> <span class=\"citation-1 recitation citation-end-1\">Pystyy k\u00e4sittelem\u00e4\u00e4n kolmivaihej\u00e4rjestelmiss\u00e4 esiintyvi\u00e4 suuria virtoja ja j\u00e4nnitteit\u00e4.<\/span><span class=\"button-container hide-from-message-actions ng-star-inserted\">\u00a0 \u00a0<\/span>\n<div class=\"container ng-tns-c362440147-80 hide\">\n<div class=\"carousel-container ng-tns-c362440147-80\"><\/div>\n<\/div>\n<\/li>\n<li data-sourcepos=\"7:5-7:78\"><strong>Matala impedanssi:<\/strong> <span class=\"citation-2 recitation citation-end-2\">Minimoi energiah\u00e4vi\u00f6t k\u00e4yt\u00f6n aikana.<\/span><span class=\"button-container hide-from-message-actions ng-star-inserted\">\u00a0 \u00a0<\/span>\n<div class=\"container ng-tns-c362440147-81 hide\">\n<div class=\"carousel-container ng-tns-c362440147-81\"><\/div>\n<\/div>\n<\/li>\n<li data-sourcepos=\"8:5-8:158\"><strong>Vankka rakenne:<\/strong> Rakennettu kest\u00e4m\u00e4\u00e4n kolmivaiheisten s\u00e4hk\u00f6j\u00e4rjestelmien vaatimuksia, mukaan lukien korkeammat j\u00e4nnitteet ja mahdolliset suuremmat vikavirrat.<\/li>\n<li data-sourcepos=\"9:5-10:0\"><strong>Itseparantuminen:<\/strong> <span class=\"citation-3 recitation citation-end-3\">Sis\u00e4lt\u00e4v\u00e4t usein itsekorjautuvia mekanismeja luotettavuuden parantamiseksi ja k\u00e4ytt\u00f6i\u00e4n pident\u00e4miseksi.<\/span><span class=\"button-container hide-from-message-actions ng-star-inserted\"> \u00a0<\/span>\n<div class=\"container ng-tns-c362440147-82 hide\">\n<div class=\"carousel-container ng-tns-c362440147-82\"><\/div>\n<\/div>\n<\/li>\n<\/ul>\n<\/li>\n<li data-sourcepos=\"11:1-15:0\">\n<h3 data-sourcepos=\"11:3-11:19\"><strong>Sovellukset Kolmivaiheinen AC-suodatinkondensaattori:<\/strong><\/h3>\n<ul data-sourcepos=\"12:5-15:0\">\n<li data-sourcepos=\"12:5-12:158\"><strong>Teollinen:<\/strong> <span class=\"citation-4 recitation citation-end-4\">Taajuusmuuttajien, tehoelektroniikkamuuntimien ja muiden teollisuuslaitteiden tuottamien harmonisten yliaaltojen suodattaminen.<\/span><span class=\"button-container hide-from-message-actions ng-star-inserted\">\u00a0 \u00a0<\/span>\n<div class=\"container ng-tns-c362440147-83 hide\">\n<div class=\"carousel-container ng-tns-c362440147-83\"><\/div>\n<\/div>\n<\/li>\n<li data-sourcepos=\"13:5-13:140\"><strong><span class=\"citation-5 recitation\">Uusiutuva energia:<\/span><\/strong><span class=\"citation-5 recitation citation-end-5\"> Suodattaa tuuliturbiinien, aurinkovaihtosuuntaajien ja muiden uusiutuvien energial\u00e4hteiden tuottamia harmonisia h\u00e4iri\u00f6it\u00e4.<\/span>\n<div class=\"container ng-tns-c362440147-84 hide\">\n<div class=\"carousel-container ng-tns-c362440147-84\"><\/div>\n<\/div>\n<\/li>\n<li data-sourcepos=\"14:5-15:0\"><strong>S\u00e4hk\u00f6nsiirto ja -jakelu:<\/strong> Tehon laadun parantaminen kolmivaiheisissa siirto- ja jakeluj\u00e4rjestelmiss\u00e4.<\/li>\n<\/ul>\n<\/li>\n<li data-sourcepos=\"16:1-21:0\">\n<h3 data-sourcepos=\"16:3-16:15\"><strong>Edut:<\/strong><\/h3>\n<ul data-sourcepos=\"17:5-21:0\">\n<li data-sourcepos=\"17:5-17:127\"><strong>Parempi s\u00e4hk\u00f6n laatu:<\/strong> V\u00e4hent\u00e4\u00e4 merkitt\u00e4v\u00e4sti harmonista s\u00e4r\u00f6\u00e4, mik\u00e4 johtaa vakaampiin ja tehokkaampiin s\u00e4hk\u00f6j\u00e4rjestelmiin.<\/li>\n<li data-sourcepos=\"18:5-18:131\"><strong><span class=\"citation-6 recitation\">Pienemm\u00e4t energiah\u00e4vi\u00f6t:<\/span><\/strong><span class=\"citation-6 recitation citation-end-6\"> Minimoi j\u00e4rjestelm\u00e4n tehoh\u00e4vi\u00f6t, mik\u00e4 v\u00e4hent\u00e4\u00e4 energiankulutusta ja k\u00e4ytt\u00f6kustannuksia.<\/span><span class=\"button-container hide-from-message-actions ng-star-inserted\">\u00a0 \u00a0<\/span>\n<div class=\"container ng-tns-c362440147-85 hide\">\n<div class=\"carousel-container ng-tns-c362440147-85\"><\/div>\n<\/div>\n<\/li>\n<li data-sourcepos=\"19:5-19:105\"><strong>Parannettu laitteiden k\u00e4ytt\u00f6ik\u00e4:<\/strong> Suojaa herkki\u00e4 laitteita harmonisten yliaaltojen haitallisilta vaikutuksilta.<\/li>\n<li data-sourcepos=\"20:5-21:0\"><strong>Lis\u00e4\u00e4ntynyt j\u00e4rjestelm\u00e4n luotettavuus:<\/strong> Parantaa kolmivaiheisen s\u00e4hk\u00f6j\u00e4rjestelm\u00e4n yleist\u00e4 luotettavuutta ja vakautta.<\/li>\n<\/ul>\n<\/li>\n<\/ul>","protected":false},"excerpt":{"rendered":"<table style=\"height: 446px;\" width=\"714\">\n<tbody>\n<tr>\n<td width=\"146\"><strong><b>Tuote<\/b><\/strong>\u00a0<strong><b>Nimi:<\/b><\/strong><\/td>\n<td width=\"601\"><strong>Kolmivaiheinen AC-suodatin Kondensaattori<\/strong><\/td>\n<\/tr>\n<tr>\n<td width=\"146\">\n<h4><strong>Lyhyt kuvaus:<\/strong><\/h4>\n<\/td>\n<td width=\"601\">Metalli-alumiinikuori, liekinkest\u00e4v\u00e4 (UL 94V-0) epoksipakkaus, jossa on suuri virta, suuri kapasiteetti, alhainen ESL ja alhainen h\u00e4vi\u00f6.<\/td>\n<\/tr>\n<tr>\n<td width=\"146\"><strong>Kapasitanssialue:<\/strong><\/td>\n<td width=\"601\">3\u2716\ufe0f20~3\u2716\ufe0f500UF<\/td>\n<\/tr>\n<tr>\n<td width=\"146\"><strong>Nimellisj\u00e4nnite\uff1a<\/strong><\/td>\n<td width=\"601\">220-1000vac<\/td>\n<\/tr>\n<tr>\n<td width=\"146\"><strong>Rakenne:\u00a0<\/strong><\/td>\n<td width=\"601\">\u00a0Metalloitu kalvo kuiva rakenne<\/td>\n<\/tr>\n<tr>\n<td width=\"146\"><strong>Kondensaattorin malli:\u00a0<\/strong><\/td>\n<td width=\"601\">AKMJ-MC<\/td>\n<\/tr>\n<\/tbody>\n<\/table>","protected":false},"featured_media":1716,"comment_status":"open","ping_status":"closed","template":"","meta":[],"product_brand":[],"product_cat":[39],"product_tag":[],"class_list":{"0":"post-1715","1":"product","2":"type-product","3":"status-publish","4":"has-post-thumbnail","6":"product_cat-ac-filter-capacitor-1","8":"first","9":"instock","10":"shipping-taxable","11":"product-type-simple"},"_links":{"self":[{"href":"https:\/\/rf-capacitor.com\/fi\/wp-json\/wp\/v2\/product\/1715","targetHints":{"allow":["GET"]}}],"collection":[{"href":"https:\/\/rf-capacitor.com\/fi\/wp-json\/wp\/v2\/product"}],"about":[{"href":"https:\/\/rf-capacitor.com\/fi\/wp-json\/wp\/v2\/types\/product"}],"replies":[{"embeddable":true,"href":"https:\/\/rf-capacitor.com\/fi\/wp-json\/wp\/v2\/comments?post=1715"}],"wp:featuredmedia":[{"embeddable":true,"href":"https:\/\/rf-capacitor.com\/fi\/wp-json\/wp\/v2\/media\/1716"}],"wp:attachment":[{"href":"https:\/\/rf-capacitor.com\/fi\/wp-json\/wp\/v2\/media?parent=1715"}],"wp:term":[{"taxonomy":"product_brand","embeddable":true,"href":"https:\/\/rf-capacitor.com\/fi\/wp-json\/wp\/v2\/product_brand?post=1715"},{"taxonomy":"product_cat","embeddable":true,"href":"https:\/\/rf-capacitor.com\/fi\/wp-json\/wp\/v2\/product_cat?post=1715"},{"taxonomy":"product_tag","embeddable":true,"href":"https:\/\/rf-capacitor.com\/fi\/wp-json\/wp\/v2\/product_tag?post=1715"}],"curies":[{"name":"wp","href":"https:\/\/api.w.org\/{rel}","templated":true}]}}