{"id":1713,"date":"2024-12-30T03:26:32","date_gmt":"2024-12-30T03:26:32","guid":{"rendered":"https:\/\/rf-capacitor.com\/?post_type=product&#038;p=1713"},"modified":"2024-12-30T03:26:32","modified_gmt":"2024-12-30T03:26:32","slug":"high-power-filter-capacitor","status":"publish","type":"product","link":"https:\/\/rf-capacitor.com\/fi\/high-power-filter-capacitor\/","title":{"rendered":"Suuritehoinen suodatinkondensaattori"},"content":{"rendered":"<h3 data-sourcepos=\"1:1-1:32\"><strong>Suuritehoiset suodatinkondensaattorit<\/strong><\/h3>\n<ul data-sourcepos=\"3:1-27:0\">\n<li data-sourcepos=\"3:1-3:141\">\n<p data-sourcepos=\"3:3-3:141\"><strong>Tarkoitus:<\/strong> Suunniteltu sovelluksiin, jotka vaativat suuria tehonk\u00e4sittelyominaisuuksia, tyypillisesti korkeaj\u00e4nnite- ja suurvirtaymp\u00e4rist\u00f6iss\u00e4.<\/p>\n<\/li>\n<li data-sourcepos=\"4:1-10:0\">\n<h3 data-sourcepos=\"4:3-4:26\"><strong>T\u00e4rkeimm\u00e4t ominaisuudet Suuritehoinen suodatinkondensaattori:<\/strong><\/h3>\n<ul data-sourcepos=\"5:5-10:0\">\n<li data-sourcepos=\"5:5-5:77\"><strong>Korkea j\u00e4nnite:<\/strong> Kest\u00e4\u00e4 korkeita j\u00e4nnitteit\u00e4 rikkoutumatta.<\/li>\n<li data-sourcepos=\"6:5-6:103\"><strong>Suuren virran k\u00e4sittely:<\/strong> Pystyy k\u00e4sittelem\u00e4\u00e4n suuria virtapiikkej\u00e4 ja jatkuvia suuria virtoja.<\/li>\n<li data-sourcepos=\"7:5-7:65\"><strong>Matala impedanssi:<\/strong> Minimoi energiah\u00e4vi\u00f6t k\u00e4yt\u00f6n aikana.<\/li>\n<li data-sourcepos=\"8:5-8:121\"><strong>Vankka rakenne:<\/strong> Rakennettu kest\u00e4m\u00e4\u00e4n kovia k\u00e4ytt\u00f6olosuhteita, kuten korkeita l\u00e4mp\u00f6tiloja ja t\u00e4rin\u00e4\u00e4.<\/li>\n<li data-sourcepos=\"9:5-10:0\"><strong>Itseparantuminen:<\/strong> Sis\u00e4lt\u00e4v\u00e4t usein itsekorjautuvia mekanismeja k\u00e4ytt\u00f6i\u00e4n pident\u00e4miseksi.<\/li>\n<\/ul>\n<\/li>\n<li data-sourcepos=\"11:1-15:0\">\n<h3 data-sourcepos=\"11:3-11:19\"><strong>Rakentaminen Suuritehoinen suodatinkondensaattori:<\/strong><\/h3>\n<ul data-sourcepos=\"12:5-15:0\">\n<li data-sourcepos=\"12:5-12:112\"><strong>Dielektrinen:<\/strong> Niiss\u00e4 k\u00e4ytet\u00e4\u00e4n yleens\u00e4 kest\u00e4vi\u00e4 dielektrisi\u00e4 materiaaleja, kuten polypropeenikalvoa tai metalloitua paperia.<\/li>\n<li data-sourcepos=\"13:5-13:132\"><strong>J\u00e4\u00e4hdytys:<\/strong> Niiss\u00e4 on usein j\u00e4\u00e4hdytysmekanismeja, kuten \u00f6ljyt\u00e4ytteisi\u00e4 koteloita tai pakkoilman j\u00e4\u00e4hdytyst\u00e4, l\u00e4mm\u00f6npoiston hallitsemiseksi.<\/li>\n<li data-sourcepos=\"14:5-15:0\"><strong>Kest\u00e4v\u00e4t kotelot:<\/strong> Ne on sijoitettu tukeviin koteloihin, jotka suojaavat sis\u00e4isi\u00e4 komponentteja ymp\u00e4rist\u00f6tekij\u00f6ilt\u00e4.<\/li>\n<\/ul>\n<\/li>\n<li data-sourcepos=\"16:1-21:0\">\n<h3 data-sourcepos=\"16:3-16:19\"><strong>Sovellukset:<\/strong><\/h3>\n<ul data-sourcepos=\"17:5-21:0\">\n<li data-sourcepos=\"17:5-17:118\"><strong>S\u00e4hk\u00f6nsiirto ja -jakelu:<\/strong> Harmonisten yliaaltojen suodattaminen suurj\u00e4nnitejohdoissa ja s\u00e4hk\u00f6asemilla.<\/li>\n<li data-sourcepos=\"18:5-18:130\"><strong>Teolliset sovellukset:<\/strong> K\u00e4ytet\u00e4\u00e4n suuritehoisissa teollisuuslaitteissa, kuten moottorik\u00e4yt\u00f6iss\u00e4, muuntimissa ja hitsauskoneissa.<\/li>\n<li data-sourcepos=\"19:5-19:128\"><strong>Uusiutuva energia:<\/strong> Suodattaa tuuliturbiinien, aurinkoinvertterien ja muiden uusiutuvien energial\u00e4hteiden tuottamia harmonisia h\u00e4iri\u00f6it\u00e4.<\/li>\n<li data-sourcepos=\"19:5-19:128\"><strong>Suurj\u00e4nnitteinen tasavirtasiirto (HVDC):<\/strong> K\u00e4ytet\u00e4\u00e4n HVDC-muuntamoissa harmonisten yliaaltojen suodattamiseen ja s\u00e4hk\u00f6n laadun parantamiseen.<\/li>\n<\/ul>\n<\/li>\n<li data-sourcepos=\"22:1-27:0\">\n<h3 data-sourcepos=\"22:3-22:15\"><strong>Edut:<\/strong><\/h3>\n<ul data-sourcepos=\"23:5-27:0\">\n<li data-sourcepos=\"23:5-23:125\"><strong>Parempi s\u00e4hk\u00f6n laatu:<\/strong> V\u00e4hent\u00e4\u00e4 tehokkaasti harmonista s\u00e4r\u00f6\u00e4, mik\u00e4 johtaa vakaampiin ja tehokkaampiin s\u00e4hk\u00f6j\u00e4rjestelmiin.<\/li>\n<li data-sourcepos=\"24:5-24:110\"><strong>Lis\u00e4\u00e4ntynyt j\u00e4rjestelm\u00e4n tehokkuus:<\/strong> Minimoi tehoh\u00e4vi\u00f6t, mik\u00e4 v\u00e4hent\u00e4\u00e4 energiankulutusta ja k\u00e4ytt\u00f6kustannuksia.<\/li>\n<li data-sourcepos=\"25:5-25:105\"><strong>Parannettu laitteiden k\u00e4ytt\u00f6ik\u00e4:<\/strong> Suojaa herkki\u00e4 laitteita harmonisten yliaaltojen haitallisilta vaikutuksilta.<\/li>\n<li data-sourcepos=\"26:5-27:0\"><strong>Parempi j\u00e4rjestelm\u00e4n luotettavuus:<\/strong> Vankka rakenne ja itsekorjautumisominaisuudet parantavat j\u00e4rjestelm\u00e4n pitk\u00e4n aikav\u00e4lin luotettavuutta.<\/li>\n<\/ul>\n<\/li>\n<\/ul>","protected":false},"excerpt":{"rendered":"<table style=\"height: 447px;\" width=\"813\">\n<tbody>\n<tr>\n<td width=\"146\"><strong><b>Tuote<\/b><\/strong>\u00a0<strong><b>Nimi:<\/b><\/strong><\/td>\n<td width=\"601\"><strong>Suuritehoinen suodatinkondensaattori<\/strong><\/td>\n<\/tr>\n<tr>\n<td width=\"146\">\n<h4>Sovellus:<\/h4>\n<\/td>\n<td width=\"601\">Yleisk\u00e4ytt\u00f6, Teho, Suurj\u00e4nnite, UPS, UPS<\/td>\n<\/tr>\n<tr>\n<td width=\"146\"><strong>Kapasitanssialue:<\/strong><\/td>\n<td width=\"601\">\u00a00.33UF~60UF<\/td>\n<\/tr>\n<tr>\n<td width=\"146\"><strong>Nimellisj\u00e4nnite\uff1a<\/strong><\/td>\n<td width=\"601\">450V.DC - 1800V.DC<\/td>\n<\/tr>\n<tr>\n<td width=\"146\"><strong>Vertailustandardi:<\/strong><\/td>\n<td width=\"601\">\u00a0IEC61071;GB\/T 17702<\/td>\n<\/tr>\n<tr>\n<td width=\"146\"><strong>K\u00e4ytt\u00f6:\u00a0<\/strong><\/td>\n<td width=\"601\">\u00a0AC-suodatin<\/td>\n<\/tr>\n<\/tbody>\n<\/table>","protected":false},"featured_media":1714,"comment_status":"open","ping_status":"closed","template":"","meta":[],"product_brand":[],"product_cat":[39],"product_tag":[],"class_list":{"0":"post-1713","1":"product","2":"type-product","3":"status-publish","4":"has-post-thumbnail","6":"product_cat-ac-filter-capacitor-1","8":"first","9":"instock","10":"shipping-taxable","11":"product-type-simple"},"_links":{"self":[{"href":"https:\/\/rf-capacitor.com\/fi\/wp-json\/wp\/v2\/product\/1713","targetHints":{"allow":["GET"]}}],"collection":[{"href":"https:\/\/rf-capacitor.com\/fi\/wp-json\/wp\/v2\/product"}],"about":[{"href":"https:\/\/rf-capacitor.com\/fi\/wp-json\/wp\/v2\/types\/product"}],"replies":[{"embeddable":true,"href":"https:\/\/rf-capacitor.com\/fi\/wp-json\/wp\/v2\/comments?post=1713"}],"wp:featuredmedia":[{"embeddable":true,"href":"https:\/\/rf-capacitor.com\/fi\/wp-json\/wp\/v2\/media\/1714"}],"wp:attachment":[{"href":"https:\/\/rf-capacitor.com\/fi\/wp-json\/wp\/v2\/media?parent=1713"}],"wp:term":[{"taxonomy":"product_brand","embeddable":true,"href":"https:\/\/rf-capacitor.com\/fi\/wp-json\/wp\/v2\/product_brand?post=1713"},{"taxonomy":"product_cat","embeddable":true,"href":"https:\/\/rf-capacitor.com\/fi\/wp-json\/wp\/v2\/product_cat?post=1713"},{"taxonomy":"product_tag","embeddable":true,"href":"https:\/\/rf-capacitor.com\/fi\/wp-json\/wp\/v2\/product_tag?post=1713"}],"curies":[{"name":"wp","href":"https:\/\/api.w.org\/{rel}","templated":true}]}}