{"id":1702,"date":"2024-12-30T01:56:26","date_gmt":"2024-12-30T01:56:26","guid":{"rendered":"https:\/\/rf-capacitor.com\/?post_type=product&#038;p=1702"},"modified":"2024-12-30T01:56:26","modified_gmt":"2024-12-30T01:56:26","slug":"ac-power-capacitor","status":"publish","type":"product","link":"https:\/\/rf-capacitor.com\/fi\/ac-power-capacitor\/","title":{"rendered":"AC-virtakondensaattori"},"content":{"rendered":"<h3 data-sourcepos=\"1:1-1:33\"><strong>AC-virtakondensaattorit: A Primer<\/strong><\/h3>\n<p data-sourcepos=\"3:1-3:275\">Vaihtovirtakondensaattori on erikoistunut kondensaattorityyppi, joka on suunniteltu k\u00e4ytett\u00e4v\u00e4ksi vaihtos\u00e4hk\u00f6j\u00e4rjestelmiss\u00e4. Niit\u00e4 k\u00e4ytet\u00e4\u00e4n ensisijaisesti <strong>tehokertoimen korjaus<\/strong>, tekniikka, jolla pyrit\u00e4\u00e4n parantamaan s\u00e4hk\u00f6verkon tehokkuutta ja vakautta.<\/p>\n<h3 data-sourcepos=\"3:1-3:275\"><strong>Miten ne toimivat<\/strong><\/h3>\n<ul data-sourcepos=\"7:1-10:0\">\n<li data-sourcepos=\"7:1-7:211\"><strong>Kapasitiivinen reaktanssi:<\/strong> Kondensaattoreilla on kapasitiiviseksi reaktanssiksi kutsuttu ominaisuus, joka vastustaa vaihtovirran virtausta. T\u00e4m\u00e4 reaktanssi on k\u00e4\u00e4nt\u00e4en verrannollinen vaihtosignaalin taajuuteen.<\/li>\n<li data-sourcepos=\"7:1-7:211\"><strong>Johtava virta:<\/strong> Kun kondensaattori on kytketty vaihtovirtapiiriin, se ottaa johtavan virran, mik\u00e4 tarkoittaa, ett\u00e4 virran aaltomuoto johtaa j\u00e4nnitteen aaltomuotoa 90 astetta.<\/li>\n<li data-sourcepos=\"9:1-10:0\"><strong>Tehokertoimen korjaus:<\/strong> Monissa teollisissa ja kaupallisissa sovelluksissa s\u00e4hk\u00f6kuormat ovat p\u00e4\u00e4asiassa induktiivisia (esim. moottorit, muuntajat). Induktiiviset kuormat aiheuttavat sen, ett\u00e4 virta j\u00e4\u00e4 j\u00e4lkeen j\u00e4nnitteest\u00e4, mik\u00e4 johtaa huonoon tehokertoimeen. Vaihtovirtakondensaattorit voivat kompensoida virran j\u00e4lkeenj\u00e4\u00e4neisyytt\u00e4 lis\u00e4\u00e4m\u00e4ll\u00e4 j\u00e4rjestelm\u00e4\u00e4n kapasitiivisen reaktanssin, jolloin tehokerroin saadaan l\u00e4hemm\u00e4ksi ykk\u00f6st\u00e4 (1).<\/li>\n<\/ul>\n<h3 data-sourcepos=\"11:1-11:41\"><strong>AC-virtakondensaattoreiden k\u00e4yt\u00f6n edut<\/strong><\/h3>\n<ul data-sourcepos=\"13:1-17:0\">\n<li data-sourcepos=\"13:1-13:195\"><strong>Pienemm\u00e4t tehoh\u00e4vi\u00f6t:<\/strong> Pienempi tehokerroin johtaa s\u00e4hk\u00f6j\u00e4rjestelm\u00e4n tehoh\u00e4vi\u00f6iden kasvuun. Tehokertoimen korjaus minimoi n\u00e4m\u00e4 h\u00e4vi\u00f6t, mik\u00e4 johtaa merkitt\u00e4viin energians\u00e4\u00e4st\u00f6ihin.<\/li>\n<li data-sourcepos=\"14:1-14:140\"><strong>Parannettu j\u00e4nnitteens\u00e4\u00e4t\u00f6:<\/strong> Kondensaattorit v\u00e4hent\u00e4v\u00e4t virran vaihteluita ja auttavat yll\u00e4pit\u00e4m\u00e4\u00e4n vakaampaa j\u00e4nnitetasoa koko j\u00e4rjestelm\u00e4ss\u00e4.<\/li>\n<li data-sourcepos=\"15:1-15:140\"><strong>Lis\u00e4\u00e4ntynyt j\u00e4rjestelm\u00e4n kapasiteetti:<\/strong> Suurempi tehokerroin mahdollistaa suuremman tehon siirt\u00e4misen olemassa olevan s\u00e4hk\u00f6infrastruktuurin kautta.<\/li>\n<li data-sourcepos=\"15:1-15:140\"><strong>V\u00e4hent\u00e4\u00e4 laitteiden rasitusta:<\/strong> Parempi s\u00e4hk\u00f6nlaatu v\u00e4hent\u00e4\u00e4 s\u00e4hk\u00f6laitteisiin kohdistuvaa rasitusta ja pident\u00e4\u00e4 niiden k\u00e4ytt\u00f6ik\u00e4\u00e4.<\/li>\n<\/ul>\n<h3 data-sourcepos=\"18:1-18:16\"><strong>Sovellukset<\/strong><\/h3>\n<p data-sourcepos=\"20:1-20:71\">Vaihtovirtakondensaattoreita k\u00e4ytet\u00e4\u00e4n laajalti erilaisissa ymp\u00e4rist\u00f6iss\u00e4, kuten:<\/p>\n<ul data-sourcepos=\"22:1-25:0\">\n<li data-sourcepos=\"22:1-22:121\"><strong>Teollisuuslaitokset:<\/strong> Tehtaissa, tuotantolaitoksissa ja muissa teollisuuslaitoksissa on usein suuria induktiivisia kuormia.<\/li>\n<li data-sourcepos=\"23:1-23:132\"><strong>Kaupalliset rakennukset:<\/strong> Suuret liikerakennukset, joissa on merkitt\u00e4v\u00e4 s\u00e4hk\u00f6tarve, voivat hy\u00f6ty\u00e4 tehokertoimen korjauksesta.<\/li>\n<li data-sourcepos=\"24:1-25:0\"><strong>S\u00e4hk\u00f6asemat:<\/strong> S\u00e4hk\u00f6yhti\u00f6t k\u00e4ytt\u00e4v\u00e4t kondensaattoreita s\u00e4hk\u00f6asemilla parantaakseen verkon yleist\u00e4 s\u00e4hk\u00f6nlaatua.<\/li>\n<\/ul>\n<h3 data-sourcepos=\"26:1-26:22\"><strong>T\u00e4rkeimm\u00e4t n\u00e4k\u00f6kohdat<\/strong><\/h3>\n<ul data-sourcepos=\"28:1-31:0\">\n<li data-sourcepos=\"28:1-28:191\"><strong>Kondensaattorin luokitus:<\/strong> Sopivan kondensaattorin nimellisarvon valinta on ratkaisevan t\u00e4rke\u00e4\u00e4 tehokertoimen tehokkaan korjauksen kannalta. Tekij\u00e4t, kuten j\u00e4rjestelm\u00e4n j\u00e4nnite, virta ja taajuus, on otettava huomioon.<\/li>\n<li data-sourcepos=\"29:1-29:135\"><strong>Turvallisuus:<\/strong> Vaihtovirtakondensaattoreiden asianmukainen asennus ja huolto ovat olennaisen t\u00e4rkeit\u00e4 turvallisuuden varmistamiseksi ja s\u00e4hk\u00f6isten vaarojen ehk\u00e4isemiseksi.<\/li>\n<li data-sourcepos=\"30:1-31:0\"><strong>Harmoniat:<\/strong> Joissakin tapauksissa kondensaattorit voivat aiheuttaa s\u00e4hk\u00f6j\u00e4rjestelm\u00e4\u00e4n harmonista v\u00e4\u00e4ristym\u00e4\u00e4. Huolellisella suunnittelulla ja suodatuksella voidaan lievent\u00e4\u00e4 t\u00e4t\u00e4 ongelmaa.<\/li>\n<\/ul>","protected":false},"excerpt":{"rendered":"<table style=\"height: 493px;\" width=\"923\">\n<tbody>\n<tr>\n<td width=\"146\"><strong><b>Tuote<\/b><\/strong>\u00a0<strong><b>Nimi:<\/b><\/strong><\/td>\n<td width=\"601\">AC-virtakondensaattori<\/td>\n<\/tr>\n<tr>\n<td width=\"146\">\n<h4><strong>Sovellus:\u00a0<\/strong><\/h4>\n<\/td>\n<td width=\"601\">Yleisk\u00e4ytt\u00f6, Teho, Suurj\u00e4nnite, UPS, UPS<\/td>\n<\/tr>\n<tr>\n<td width=\"146\"><strong>Kapasitanssialue:<\/strong><\/td>\n<td width=\"601\">\u00a00.33UF~60UF<\/td>\n<\/tr>\n<tr>\n<td width=\"146\"><strong>Vertailustandardi:<\/strong><\/td>\n<td width=\"601\">IEC61071;GB\/T 17702<\/td>\n<\/tr>\n<tr>\n<td width=\"146\"><strong>K\u00e4ytt\u00f6:\u00a0<\/strong><\/td>\n<td width=\"601\">AC-suodatin<\/td>\n<\/tr>\n<tr>\n<td width=\"146\">Valmistusmateriaali:<\/td>\n<td width=\"601\">Polypropeeni<\/td>\n<\/tr>\n<\/tbody>\n<\/table>","protected":false},"featured_media":1703,"comment_status":"open","ping_status":"closed","template":"","meta":[],"product_brand":[],"product_cat":[39],"product_tag":[],"class_list":{"0":"post-1702","1":"product","2":"type-product","3":"status-publish","4":"has-post-thumbnail","6":"product_cat-ac-filter-capacitor-1","8":"first","9":"instock","10":"shipping-taxable","11":"product-type-simple"},"_links":{"self":[{"href":"https:\/\/rf-capacitor.com\/fi\/wp-json\/wp\/v2\/product\/1702","targetHints":{"allow":["GET"]}}],"collection":[{"href":"https:\/\/rf-capacitor.com\/fi\/wp-json\/wp\/v2\/product"}],"about":[{"href":"https:\/\/rf-capacitor.com\/fi\/wp-json\/wp\/v2\/types\/product"}],"replies":[{"embeddable":true,"href":"https:\/\/rf-capacitor.com\/fi\/wp-json\/wp\/v2\/comments?post=1702"}],"wp:featuredmedia":[{"embeddable":true,"href":"https:\/\/rf-capacitor.com\/fi\/wp-json\/wp\/v2\/media\/1703"}],"wp:attachment":[{"href":"https:\/\/rf-capacitor.com\/fi\/wp-json\/wp\/v2\/media?parent=1702"}],"wp:term":[{"taxonomy":"product_brand","embeddable":true,"href":"https:\/\/rf-capacitor.com\/fi\/wp-json\/wp\/v2\/product_brand?post=1702"},{"taxonomy":"product_cat","embeddable":true,"href":"https:\/\/rf-capacitor.com\/fi\/wp-json\/wp\/v2\/product_cat?post=1702"},{"taxonomy":"product_tag","embeddable":true,"href":"https:\/\/rf-capacitor.com\/fi\/wp-json\/wp\/v2\/product_tag?post=1702"}],"curies":[{"name":"wp","href":"https:\/\/api.w.org\/{rel}","templated":true}]}}