{"id":1674,"date":"2024-12-27T03:45:28","date_gmt":"2024-12-27T03:45:28","guid":{"rendered":"https:\/\/rf-capacitor.com\/?post_type=product&#038;p=1674"},"modified":"2024-12-27T03:45:28","modified_gmt":"2024-12-27T03:45:28","slug":"power-film-capacitor","status":"publish","type":"product","link":"https:\/\/rf-capacitor.com\/fi\/power-film-capacitor\/","title":{"rendered":"Teho kalvokondensaattori"},"content":{"rendered":"<h3 data-sourcepos=\"1:1-1:25\"><strong>Teho kalvokondensaattorit<\/strong><\/h3>\n<p data-sourcepos=\"3:1-3:291\"><span class=\"citation-0 recitation citation-end-0\">Tehokalvokondensaattorit ovat erityyppisi\u00e4 kalvokondensaattoreita, jotka on suunniteltu suuritehoisiin sovelluksiin.<\/span> <span class=\"citation-1 recitation citation-end-1\">Ne on rakennettu k\u00e4ytt\u00e4m\u00e4ll\u00e4 ohuita dielektrisi\u00e4 kalvoja, kuten polypropeenia, polyesteri\u00e4 tai metalloitua kalvoa, jotka on sijoitettu johtavien elektrodien v\u00e4liin.<\/span><span class=\"button-container hide-from-message-actions ng-star-inserted\">\u00a0<\/span><\/p>\n<h3 data-sourcepos=\"5:1-5:24\"><strong>T\u00e4rkeimm\u00e4t ominaisuudet:<\/strong><\/h3>\n<ul data-sourcepos=\"7:1-12:0\">\n<li data-sourcepos=\"7:1-7:123\"><strong>Korkea tehon k\u00e4sittely:<\/strong> <span class=\"citation-2 recitation citation-end-2\">Pystyy k\u00e4sittelem\u00e4\u00e4n suuria virtoja ja suuria tehoja ilman merkitt\u00e4vi\u00e4 h\u00e4vi\u00f6it\u00e4.<\/span><span class=\"button-container hide-from-message-actions ng-star-inserted\">\u00a0 \u00a0<\/span>\n<div class=\"container ng-tns-c362440147-107 hide\">\n<div class=\"carousel-container ng-tns-c362440147-107\"><\/div>\n<\/div>\n<\/li>\n<li data-sourcepos=\"8:1-8:135\"><strong><span class=\"citation-3 recitation\">Alhainen ESR (ekvivalentti sarjavastus):<\/span><\/strong> Alhainen sis\u00e4inen vastus minimoi tehoh\u00e4vi\u00f6n ja parantaa tehokkuutta.<span class=\"button-container hide-from-message-actions ng-star-inserted\">\u00a0 \u00a0<\/span>\n<div class=\"container ng-tns-c362440147-108 hide\">\n<div class=\"carousel-container ng-tns-c362440147-108\"><\/div>\n<\/div>\n<\/li>\n<li data-sourcepos=\"9:1-9:133\"><strong><span class=\"citation-4 recitation\">Korkea virranvaihtokyky:<\/span><\/strong><span class=\"citation-4 recitation citation-end-4\"> Kest\u00e4\u00e4 suuria aaltoiluvirtoja, jotka ovat yleisi\u00e4 tehoelektroniikkapiireiss\u00e4.<\/span>\n<div class=\"container ng-tns-c362440147-109 hide\">\n<div class=\"carousel-container ng-tns-c362440147-109\"><\/div>\n<\/div>\n<\/li>\n<li data-sourcepos=\"10:1-10:123\"><strong>Kompakti koko:<\/strong> <span class=\"citation-5 recitation citation-end-5\">Saatavilla usein pienikokoisina, joten ne soveltuvat tilanpuutteellisiin sovelluksiin.<\/span><span class=\"button-container hide-from-message-actions ng-star-inserted\">\u00a0\u00a0<\/span>\n<div class=\"container ng-tns-c362440147-110 hide\">\n<div class=\"carousel-container ng-tns-c362440147-110\"><\/div>\n<\/div>\n<\/li>\n<li data-sourcepos=\"11:1-12:0\"><strong><span class=\"citation-6 recitation\">Pitk\u00e4 k\u00e4ytt\u00f6ik\u00e4:<\/span><\/strong><span class=\"citation-6 recitation citation-end-6\"> Suunniteltu pitk\u00e4aikaiseen k\u00e4ytt\u00f6\u00f6n vaativissa tehosovelluksissa.<\/span><span class=\"button-container hide-from-message-actions ng-star-inserted\"> \u00a0<\/span>\n<div class=\"container ng-tns-c362440147-111 hide\">\n<div class=\"carousel-container ng-tns-c362440147-111\"><\/div>\n<\/div>\n<\/li>\n<\/ul>\n<h3 data-sourcepos=\"13:1-13:24\"><strong>Yleiset sovellukset:<\/strong><\/h3>\n<ul data-sourcepos=\"15:1-20:0\">\n<li data-sourcepos=\"15:1-15:170\"><strong>Virtal\u00e4hteet:<\/strong> <span class=\"citation-7 recitation citation-end-7\">K\u00e4ytet\u00e4\u00e4n erilaisten elektronisten laitteiden virtal\u00e4hteiss\u00e4, kuten teollisuuslaitteissa, uusiutuvan energian j\u00e4rjestelmiss\u00e4 ja s\u00e4hk\u00f6ajoneuvoissa.<\/span><span class=\"button-container hide-from-message-actions ng-star-inserted\"> \u00a0<\/span>\n<div class=\"container ng-tns-c362440147-112 hide\">\n<div class=\"carousel-container ng-tns-c362440147-112\"><\/div>\n<\/div>\n<\/li>\n<li data-sourcepos=\"16:1-16:110\"><strong><span class=\"citation-8 recitation\">Moottorik\u00e4yt\u00f6t:<\/span><\/strong><span class=\"citation-8 recitation citation-end-8\"> K\u00e4ytet\u00e4\u00e4n moottorin k\u00e4ytt\u00f6j\u00e4rjestelmiss\u00e4 suodatukseen, tasaukseen ja energian varastointiin.<\/span><span class=\"button-container hide-from-message-actions ng-star-inserted\">\u00a0 \u00a0<\/span>\n<div class=\"container ng-tns-c362440147-113 hide\">\n<div class=\"carousel-container ng-tns-c362440147-113\"><\/div>\n<\/div>\n<\/li>\n<li data-sourcepos=\"17:1-17:110\"><strong><span class=\"citation-9 recitation\">Tehokertoimen korjaus:<\/span><\/strong><span class=\"citation-9 recitation citation-end-9\"> K\u00e4ytet\u00e4\u00e4n tehokertoimen korjauspiireiss\u00e4 tehon laadun parantamiseksi.<\/span><span class=\"button-container hide-from-message-actions ng-star-inserted\">\u00a0 \u00a0<\/span>\n<div class=\"container ng-tns-c362440147-114 hide\">\n<div class=\"carousel-container ng-tns-c362440147-114\"><\/div>\n<\/div>\n<\/li>\n<li data-sourcepos=\"18:1-18:75\"><strong>Invertterit:<\/strong> Hy\u00f6dynnet\u00e4\u00e4n inverttereiss\u00e4 tasas\u00e4hk\u00f6energian muuntamiseen vaihtos\u00e4hk\u00f6ksi.<\/li>\n<li data-sourcepos=\"19:1-20:0\"><strong><span class=\"citation-10 recitation\">Resonanssipiirit:<\/span><\/strong><span class=\"citation-10 recitation citation-end-10\"> K\u00e4ytet\u00e4\u00e4n resonanssipiireiss\u00e4 esimerkiksi induktiol\u00e4mmityksess\u00e4 ja plasman tuottamisessa.<\/span><span class=\"button-container hide-from-message-actions ng-star-inserted\"> \u00a0 <\/span><\/li>\n<\/ul>","protected":false},"excerpt":{"rendered":"<table style=\"height: 437px;\" width=\"726\">\n<tbody>\n<tr>\n<td width=\"146\"><strong><b>Tuote<\/b><\/strong>\u00a0<strong><b>Nimi:<\/b><\/strong><\/td>\n<td width=\"601\"><strong>Teho kalvokondensaattori<\/strong><\/td>\n<\/tr>\n<tr>\n<td width=\"146\">\n<h4><strong>Lyhyt kuvaus:<\/strong><\/h4>\n<\/td>\n<td width=\"601\">Defibrillaattorin kalvokondensaattorit on suunniteltu erityisesti t\u00e4ytt\u00e4m\u00e4\u00e4n luokan III l\u00e4\u00e4kinn\u00e4llisen laitteen luotettavuusvaatimukset.<\/td>\n<\/tr>\n<tr>\n<td width=\"146\"><strong>Kapasitanssialue:<\/strong><\/td>\n<td width=\"601\">32\u00b5F - 500 \u00b5F<\/td>\n<\/tr>\n<tr>\n<td width=\"146\"><strong>Nimellisj\u00e4nnite\uff1a<\/strong><\/td>\n<td width=\"601\">800 VDC - 6000 VDC<\/td>\n<\/tr>\n<tr>\n<td width=\"146\"><strong>Cap.tol\uff1a<\/strong><\/td>\n<td width=\"601\">+70 - -45 \u2103<\/td>\n<\/tr>\n<\/tbody>\n<\/table>","protected":false},"featured_media":1676,"comment_status":"open","ping_status":"closed","template":"","meta":[],"product_brand":[],"product_cat":[38],"product_tag":[],"class_list":{"0":"post-1674","1":"product","2":"type-product","3":"status-publish","4":"has-post-thumbnail","6":"product_cat-dc-capacitor-2","8":"first","9":"instock","10":"shipping-taxable","11":"product-type-simple"},"_links":{"self":[{"href":"https:\/\/rf-capacitor.com\/fi\/wp-json\/wp\/v2\/product\/1674","targetHints":{"allow":["GET"]}}],"collection":[{"href":"https:\/\/rf-capacitor.com\/fi\/wp-json\/wp\/v2\/product"}],"about":[{"href":"https:\/\/rf-capacitor.com\/fi\/wp-json\/wp\/v2\/types\/product"}],"replies":[{"embeddable":true,"href":"https:\/\/rf-capacitor.com\/fi\/wp-json\/wp\/v2\/comments?post=1674"}],"wp:featuredmedia":[{"embeddable":true,"href":"https:\/\/rf-capacitor.com\/fi\/wp-json\/wp\/v2\/media\/1676"}],"wp:attachment":[{"href":"https:\/\/rf-capacitor.com\/fi\/wp-json\/wp\/v2\/media?parent=1674"}],"wp:term":[{"taxonomy":"product_brand","embeddable":true,"href":"https:\/\/rf-capacitor.com\/fi\/wp-json\/wp\/v2\/product_brand?post=1674"},{"taxonomy":"product_cat","embeddable":true,"href":"https:\/\/rf-capacitor.com\/fi\/wp-json\/wp\/v2\/product_cat?post=1674"},{"taxonomy":"product_tag","embeddable":true,"href":"https:\/\/rf-capacitor.com\/fi\/wp-json\/wp\/v2\/product_tag?post=1674"}],"curies":[{"name":"wp","href":"https:\/\/api.w.org\/{rel}","templated":true}]}}