{"id":1630,"date":"2024-12-26T08:55:26","date_gmt":"2024-12-26T08:55:26","guid":{"rendered":"https:\/\/rf-capacitor.com\/?post_type=product&#038;p=1630"},"modified":"2024-12-26T09:16:35","modified_gmt":"2024-12-26T09:16:35","slug":"dc-circuit-capacitor","status":"publish","type":"product","link":"https:\/\/rf-capacitor.com\/fi\/dc-circuit-capacitor\/","title":{"rendered":"DC-piirin kondensaattori"},"content":{"rendered":"<h3 data-sourcepos=\"1:1-1:47\"><strong>Kondensaattorit tasavirtapiireiss\u00e4: Odottamattomat roolit<\/strong><\/h3>\n<p data-sourcepos=\"3:1-3:203\">Vaikka tasavirtapiirin kondensaattori liitet\u00e4\u00e4n usein vaihtovirtapiireihin, niill\u00e4 voi olla yll\u00e4tt\u00e4v\u00e4 ja ratkaiseva rooli my\u00f6s tasavirtapiireiss\u00e4. T\u00e4ss\u00e4 on erittely siit\u00e4, miten kondensaattorit k\u00e4ytt\u00e4ytyv\u00e4t ja miten niit\u00e4 hy\u00f6dynnet\u00e4\u00e4n tasavirtaymp\u00e4rist\u00f6iss\u00e4:<\/p>\n<h4 data-sourcepos=\"5:1-5:37\"><strong>1. Alustava lataus ja esto:<\/strong><\/h4>\n<ul data-sourcepos=\"7:1-9:0\">\n<li data-sourcepos=\"7:1-7:201\"><strong>Latausvaihe:<\/strong> Kun tasavirtakondensaattori kytket\u00e4\u00e4n ensimm\u00e4isen kerran lataamattomaan kondensaattoriin, virtaa lyhyt virta. T\u00e4m\u00e4 virta lataa kondensaattorin levyt ja muodostaa vastakkaisen s\u00e4hk\u00f6kent\u00e4n.<\/li>\n<li data-sourcepos=\"7:1-7:201\"><strong>Vakaa tila:<\/strong> Kun kondensaattori on ladattu t\u00e4yteen, se toimii avoimena virtapiirin\u00e4 ja est\u00e4\u00e4 tasavirran kulun. T\u00e4m\u00e4 johtuu siit\u00e4, ett\u00e4 levyille kertynyt varaus luo s\u00e4hk\u00f6kent\u00e4n, joka toimii t\u00e4ydellisesti vastapainona k\u00e4ytetylle DC-piirikondensaattorille.<\/li>\n<li data-sourcepos=\"8:1-9:0\"><strong style=\"color: #555555; font-size: 14.4px;\">2. Tasoitus ja suodatus:<\/strong><\/li>\n<\/ul>\n<ul data-sourcepos=\"12:1-14:0\">\n<li data-sourcepos=\"12:1-12:281\"><strong>Ripple Reduction:<\/strong> Tehol\u00e4hteiss\u00e4 kondensaattoreita k\u00e4ytet\u00e4\u00e4n tasoittamaan j\u00e4nnitteen vaihteluita (aaltoilua), joita esiintyy usein tasausprosessin seurauksena. Kondensaattori imee ylim\u00e4\u00e4r\u00e4isen varauksen j\u00e4nnitepiikkien aikana ja vapauttaa sen j\u00e4nnitehuippujen aikana, mik\u00e4 johtaa vakaampaan tasavirtal\u00e4ht\u00f6\u00f6n.<\/li>\n<li data-sourcepos=\"13:1-14:0\"><strong>Suodatus:<\/strong> Kondensaattoreita voidaan k\u00e4ytt\u00e4\u00e4 suodattamaan korkeataajuista kohinaa tasavirtasignaalista. Tasavirtapiirin kondensaattori T\u00e4m\u00e4 on erityisen t\u00e4rke\u00e4\u00e4 herkiss\u00e4 elektronisissa piireiss\u00e4, joissa kohina voi h\u00e4irit\u00e4 asianmukaista toimintaa.<\/li>\n<\/ul>\n<h4 data-sourcepos=\"15:1-15:23\"><strong>3. Ajastuspiirit:<\/strong><\/h4>\n<ul data-sourcepos=\"17:1-18:0\">\n<li data-sourcepos=\"17:1-18:0\"><strong>RC-piirit:<\/strong> Kondensaattorit yhdistettyn\u00e4 vastuksiin (RC-piirit) muodostavat ajoituspiirien perustan. Kondensaattorin latautumiseen tai purkautumiseen vastuksen kautta kuluvaa aikaa voidaan hallita tarkasti, mik\u00e4 mahdollistaa viiveiden, oskillaattoreiden ja muiden ajoitukseen liittyvien toimintojen luomisen.<\/li>\n<li data-sourcepos=\"17:1-18:0\">\n<h4><strong style=\"color: #555555; font-size: 14.4px;\">4. AC-signaalien kytkent\u00e4:<\/strong><\/h4>\n<\/li>\n<\/ul>\n<ul data-sourcepos=\"21:1-22:0\">\n<li data-sourcepos=\"21:1-22:0\"><strong>DC:n est\u00e4minen:<\/strong> Kondensaattoreita voidaan k\u00e4ytt\u00e4\u00e4 vaihtosignaalien kytkemiseen tasaj\u00e4nnitepiirin eri vaiheiden v\u00e4lill\u00e4 ja tasaj\u00e4nnitekomponentin tehokkaaseen est\u00e4miseen. T\u00e4m\u00e4 on ratkaisevan t\u00e4rke\u00e4\u00e4 monissa \u00e4\u00e4ni- ja vahvistinpiireiss\u00e4.<\/li>\n<li data-sourcepos=\"21:1-22:0\"><strong style=\"color: #555555; font-size: 14.4px;\">T\u00e4rkeimm\u00e4t kohdat:<\/strong><\/li>\n<\/ul>\n<ul data-sourcepos=\"25:1-27:0\">\n<li data-sourcepos=\"25:1-25:248\"><strong>Ei aina passiivinen:<\/strong> Vaikka kondensaattorit yleens\u00e4 est\u00e4v\u00e4t tasavirran, niiden k\u00e4ytt\u00e4ytyminen tasavirtapiireiss\u00e4 ei aina ole passiivista. Ne voivat osallistua aktiivisesti piirin k\u00e4ytt\u00e4ytymisen muokkaamiseen, erityisesti lataus-, tasaus- ja ajoitussovelluksissa.<\/li>\n<li data-sourcepos=\"25:1-25:248\"><strong>Sovelluskohtainen:<\/strong> Kondensaattorin erityinen rooli tasavirtapiiriss\u00e4 riippuu suuresti piirin rakenteesta ja k\u00e4ytt\u00f6tarkoituksesta.<\/li>\n<\/ul>\n<p data-sourcepos=\"28:1-28:223\"><strong>Pohjimmiltaan tasavirtapiirien kondensaattorit eiv\u00e4t ole vain passiivisia elementtej\u00e4; ne voivat olla dynaamisia komponentteja, joilla on t\u00e4rke\u00e4 rooli piirin k\u00e4ytt\u00e4ytymisen muokkaamisessa virtal\u00e4hteiden tasoittamisesta tarkkojen ajoitusmekanismien luomiseen.<\/strong><\/p>","protected":false},"excerpt":{"rendered":"<table style=\"height: 544px;\" width=\"704\">\n<tbody>\n<tr>\n<td width=\"146\"><strong><b>Tuote<\/b><\/strong>\u00a0<strong><b>Nimi:<\/b><\/strong><\/td>\n<td width=\"601\">DC-piirin kondensaattori<\/td>\n<\/tr>\n<tr>\n<td width=\"146\">\n<h4><strong>Lyhyt kuvaus:<\/strong><\/h4>\n<\/td>\n<td width=\"601\">Metalloidut kalvokondensaattorit ovat er\u00e4it\u00e4 yleisimpi\u00e4 kondensaattoreita, joita k\u00e4ytet\u00e4\u00e4n nykyp\u00e4iv\u00e4n elektronisissa piireiss\u00e4, kun taas pienitehoisia kalvokondensaattoreita k\u00e4ytet\u00e4\u00e4n yleisesti kytkent\u00e4- ja suodatussovelluksissa.<\/td>\n<\/tr>\n<tr>\n<td width=\"146\"><strong>Kapasitanssialue:<\/strong><\/td>\n<td width=\"601\">8-150uf<\/td>\n<\/tr>\n<tr>\n<td width=\"146\"><strong>Nimellisj\u00e4nnite\uff1a<\/strong><\/td>\n<td width=\"601\">450-1300V<\/td>\n<\/tr>\n<tr>\n<td width=\"146\">\u00a0<strong>L\u00e4mp\u00f6tila:<\/strong><\/td>\n<td width=\"601\">jopa 105 \u2103<\/td>\n<\/tr>\n<\/tbody>\n<\/table>","protected":false},"featured_media":1632,"comment_status":"open","ping_status":"closed","template":"","meta":[],"product_brand":[],"product_cat":[38],"product_tag":[],"class_list":{"0":"post-1630","1":"product","2":"type-product","3":"status-publish","4":"has-post-thumbnail","6":"product_cat-dc-capacitor-2","8":"first","9":"instock","10":"shipping-taxable","11":"product-type-simple"},"_links":{"self":[{"href":"https:\/\/rf-capacitor.com\/fi\/wp-json\/wp\/v2\/product\/1630","targetHints":{"allow":["GET"]}}],"collection":[{"href":"https:\/\/rf-capacitor.com\/fi\/wp-json\/wp\/v2\/product"}],"about":[{"href":"https:\/\/rf-capacitor.com\/fi\/wp-json\/wp\/v2\/types\/product"}],"replies":[{"embeddable":true,"href":"https:\/\/rf-capacitor.com\/fi\/wp-json\/wp\/v2\/comments?post=1630"}],"wp:featuredmedia":[{"embeddable":true,"href":"https:\/\/rf-capacitor.com\/fi\/wp-json\/wp\/v2\/media\/1632"}],"wp:attachment":[{"href":"https:\/\/rf-capacitor.com\/fi\/wp-json\/wp\/v2\/media?parent=1630"}],"wp:term":[{"taxonomy":"product_brand","embeddable":true,"href":"https:\/\/rf-capacitor.com\/fi\/wp-json\/wp\/v2\/product_brand?post=1630"},{"taxonomy":"product_cat","embeddable":true,"href":"https:\/\/rf-capacitor.com\/fi\/wp-json\/wp\/v2\/product_cat?post=1630"},{"taxonomy":"product_tag","embeddable":true,"href":"https:\/\/rf-capacitor.com\/fi\/wp-json\/wp\/v2\/product_tag?post=1630"}],"curies":[{"name":"wp","href":"https:\/\/api.w.org\/{rel}","templated":true}]}}