{"id":1624,"date":"2024-12-26T07:13:54","date_gmt":"2024-12-26T07:13:54","guid":{"rendered":"https:\/\/rf-capacitor.com\/?post_type=product&#038;p=1624"},"modified":"2024-12-26T07:13:54","modified_gmt":"2024-12-26T07:13:54","slug":"dc-link-capacitor","status":"publish","type":"product","link":"https:\/\/rf-capacitor.com\/fi\/dc-link-capacitor\/","title":{"rendered":"DC Link-kondensaattori"},"content":{"rendered":"<h2 data-sourcepos=\"1:1-1:48\">DC Link-kondensaattori: Tehoelektroniikan puskuri<\/h2>\n<p data-sourcepos=\"3:1-3:271\"><strong><span class=\"citation-0 recitation\">Tasaj\u00e4nnitekondensaattori<\/span><\/strong><span class=\"citation-0 recitation citation-end-0\"> on t\u00e4rke\u00e4 komponentti tehoelektroniikkapiireiss\u00e4, sill\u00e4 se toimii puskurina muuntimen tulo- ja l\u00e4ht\u00f6vaiheiden v\u00e4lill\u00e4.<\/span> <span class=\"citation-1 recitation citation-end-1\">Sill\u00e4 on t\u00e4rke\u00e4 rooli tasaj\u00e4nnitteen vakauttamisessa ja j\u00e4rjestelm\u00e4n h\u00e4iri\u00f6tt\u00f6m\u00e4n toiminnan varmistamisessa.<\/span><span class=\"button-container hide-from-message-actions ng-star-inserted\">\u00a0<\/span><\/p>\n<h3 data-sourcepos=\"5:1-5:16\">Miten se toimii<\/h3>\n<ul data-sourcepos=\"6:1-9:0\">\n<li data-sourcepos=\"6:1-6:146\"><strong>Energian varastointi:<\/strong> <span class=\"citation-2 recitation citation-end-2\">Tasavirtakondensaattori varastoi energiaa alhaisen kysynn\u00e4n aikana ja vapauttaa sit\u00e4 korkean kysynn\u00e4n aikana.<\/span>\n<div class=\"container ng-tns-c362440147-34 hide\">\n<div class=\"carousel-container ng-tns-c362440147-34\"><\/div>\n<\/div>\n<\/li>\n<li data-sourcepos=\"7:1-7:209\"><strong><span class=\"citation-3 recitation\">J\u00e4nnitteen vakauttaminen:<\/span><\/strong><span class=\"citation-3 recitation citation-end-3\"> Kondensaattori absorboi ja luovuttaa energiaa, mik\u00e4 auttaa yll\u00e4pit\u00e4m\u00e4\u00e4n vakaan tasaj\u00e4nnitetason ja v\u00e4hent\u00e4\u00e4 sy\u00f6tt\u00f6tehon tai kuorman kysynn\u00e4n vaihteluista johtuvia vaihteluita.<\/span><span class=\"button-container hide-from-message-actions ng-star-inserted\">\u00a0<\/span>\n<div class=\"container ng-tns-c362440147-35 hide\">\n<div class=\"carousel-container ng-tns-c362440147-35\"><\/div>\n<\/div>\n<\/li>\n<li data-sourcepos=\"8:1-9:0\"><strong><span class=\"citation-4 recitation\">Vaihteluvirran v\u00e4hent\u00e4minen:<\/span><\/strong><span class=\"citation-4 recitation citation-end-4\"> Se auttaa my\u00f6s v\u00e4hent\u00e4m\u00e4\u00e4n muuntimen kytkent\u00e4toiminnan aiheuttamaa aaltoiluvirtaa, mik\u00e4 johtaa puhtaampaan DC-l\u00e4ht\u00f6\u00f6n.<\/span><span class=\"button-container hide-from-message-actions ng-star-inserted\"> \u00a0<\/span>\n<div class=\"container ng-tns-c362440147-36 hide\">\n<div class=\"carousel-container ng-tns-c362440147-36\"><\/div>\n<\/div>\n<\/li>\n<\/ul>\n<h3 data-sourcepos=\"10:1-10:16\">Sovellukset<\/h3>\n<p data-sourcepos=\"11:1-11:88\">Tasaj\u00e4nnitekondensaattoreita k\u00e4ytet\u00e4\u00e4n laajalti erilaisissa tehoelektroniikan sovelluksissa, kuten:<\/p>\n<ul data-sourcepos=\"18:1-21:0\">\n<li data-sourcepos=\"12:1-12:122\"><strong><span class=\"citation-5 recitation\">Invertterit:<\/span><\/strong><span class=\"citation-5 recitation citation-end-5\"> Vakaan tasaj\u00e4nnitel\u00e4hteen tarjoaminen invertterille, joka muuntaa tasas\u00e4hk\u00f6\u00e4 vaihtos\u00e4hk\u00f6ksi.<\/span><span class=\"button-container hide-from-message-actions ng-star-inserted\">\u00a0 \u00a0<\/span>\n<div class=\"container ng-tns-c362440147-37 hide\">\n<div class=\"carousel-container ng-tns-c362440147-37\"><\/div>\n<\/div>\n<\/li>\n<li data-sourcepos=\"13:1-13:98\"><strong><span class=\"citation-6 recitation\">Muuntimet:<\/span><\/strong><span class=\"citation-6 recitation citation-end-6\"> Tasoittaa tasaj\u00e4nnitett\u00e4 monivaiheisen muuntimen vaiheiden v\u00e4lill\u00e4.<\/span><span class=\"button-container hide-from-message-actions ng-star-inserted\">\u00a0 \u00a0<\/span>\n<div class=\"container ng-tns-c362440147-38 hide\">\n<div class=\"carousel-container ng-tns-c362440147-38\"><\/div>\n<\/div>\n<\/li>\n<li data-sourcepos=\"14:1-14:124\"><strong><span class=\"citation-7 recitation\">Moottorik\u00e4yt\u00f6t:<\/span><\/strong><span class=\"citation-7 recitation citation-end-7\"> Moottorik\u00e4ytt\u00f6jen vakaan toiminnan varmistaminen tarjoamalla moottorille vakio tasaj\u00e4nnite.<\/span><span class=\"button-container hide-from-message-actions ng-star-inserted\">\u00a0 \u00a0<\/span>\n<div class=\"container ng-tns-c362440147-39 hide\">\n<div class=\"carousel-container ng-tns-c362440147-39\"><\/div>\n<\/div>\n<\/li>\n<li data-sourcepos=\"15:1-16:0\"><strong><span class=\"citation-8 recitation\">Uusiutuvat energiaj\u00e4rjestelm\u00e4t:<\/span><\/strong><span class=\"citation-8 recitation citation-end-8\"> Varastoi energiaa esimerkiksi aurinkopaneeleista ja tuuliturbiinista, mik\u00e4 takaa vakaan tasavirtasy\u00f6t\u00f6n.<\/span><span class=\"button-container hide-from-message-actions ng-star-inserted\">\u00a0<\/span>\n<div class=\"container ng-tns-c362440147-40 hide\">\n<div class=\"carousel-container ng-tns-c362440147-40\">\n<div class=\"carousel-content ng-tns-c362440147-40\">\n<div data-test-id=\"sources-carousel-source\"><\/div>\n<div data-test-id=\"sources-carousel-source\"><\/div>\n<div class=\"sources-carousel-source ng-tns-c362440147-40 hide ng-star-inserted\" data-test-id=\"sources-carousel-source\"><span style=\"font-size: 20.16px;\">T\u00e4rkeimm\u00e4t n\u00e4k\u00f6kohdat<\/span><\/div>\n<\/div>\n<\/div>\n<\/div>\n<\/li>\n<li data-sourcepos=\"18:1-18:147\"><strong>Kapasitanssiarvo:<\/strong> <span class=\"citation-9 recitation citation-end-9\">Kapasitanssin arvo valitaan halutun j\u00e4nnitevaihtelun ja j\u00e4rjestelm\u00e4n tehovaatimusten perusteella.<\/span><\/li>\n<li data-sourcepos=\"18:1-18:147\"><strong style=\"font-size: 14.4px;\">J\u00e4nniteluokitus:<\/strong><span style=\"font-size: 14.4px;\"> Kondensaattori on mitoitettava suurimmalle j\u00e4nnitteelle, jolle se altistuu piiriss\u00e4.<\/span><\/li>\n<li data-sourcepos=\"20:1-21:0\"><strong>Ripple Current Rating:<\/strong> <span class=\"citation-10 recitation citation-end-10\">Kondensaattorin on pystytt\u00e4v\u00e4 k\u00e4sittelem\u00e4\u00e4n muuntimen kytkent\u00e4toiminnan aiheuttamia suuria aaltoiluvirtoja.<\/span><span class=\"button-container hide-from-message-actions ng-star-inserted\"> \u00a0<\/span>\n<div class=\"container ng-tns-c362440147-42 hide\">\n<div class=\"carousel-container ng-tns-c362440147-42\"><\/div>\n<\/div>\n<\/li>\n<\/ul>\n<p data-sourcepos=\"22:1-22:323\"><strong><span class=\"citation-11 recitation citation-end-11\">Tasaj\u00e4nnitekondensaattori on periaatteessa kriittinen komponentti, joka varmistaa tehoelektroniikkaj\u00e4rjestelmien vakaan ja tehokkaan toiminnan.<\/span> <span class=\"citation-12 recitation\">Tarjoamalla puskuria energian varastointiin ja j\u00e4nnitteen vakauttamiseen se on avainasemassa erilaisissa sovelluksissa uusiutuvan energian j\u00e4rjestelmist\u00e4 moottorik\u00e4ytt\u00f6\u00f6n.<\/span><\/strong><span class=\"button-container hide-from-message-actions ng-star-inserted\"> \u00a0 <\/span><\/p>","protected":false},"excerpt":{"rendered":"<table style=\"height: 485px;\" width=\"682\">\n<tbody>\n<tr>\n<td width=\"146\"><strong><b>Tuote<\/b><\/strong>\u00a0<strong><b>Nimi:<\/b><\/strong><\/td>\n<td width=\"601\">DC Link-kondensaattori<\/td>\n<\/tr>\n<tr>\n<td width=\"146\">\n<h4><strong>Lyhyt kuvaus:<\/strong><\/h4>\n<\/td>\n<td width=\"601\">K\u00e4ytet\u00e4\u00e4n laajalti erilaisissa elektroniikkalaitteissa DC-linkkiosa DC-tukeen, energian varastointiin ja suodattimeen. esim. tuulivoimaj\u00e4rjestelm\u00e4t ja invertterit;<\/td>\n<\/tr>\n<tr>\n<td width=\"146\"><strong>Kapasitanssialue:<\/strong><\/td>\n<td width=\"601\">20\u00b5F ~ 5600\u00b5F<\/td>\n<\/tr>\n<tr>\n<td width=\"146\"><strong>Nimellisj\u00e4nnite\uff1a<\/strong><\/td>\n<td width=\"601\">500 ~ 4000VDC<\/td>\n<\/tr>\n<tr>\n<td width=\"146\"><strong>Cap.tol\uff1a<\/strong><\/td>\n<td width=\"601\">\u00a0\u00a0\u00b15%\uff08J\uff09\uff1b\u00b110%\uff08K\uff09<\/td>\n<\/tr>\n<tr>\n<td width=\"146\"><\/td>\n<td width=\"601\"><\/td>\n<\/tr>\n<\/tbody>\n<\/table>","protected":false},"featured_media":1625,"comment_status":"open","ping_status":"closed","template":"","meta":[],"product_brand":[],"product_cat":[38],"product_tag":[],"class_list":{"0":"post-1624","1":"product","2":"type-product","3":"status-publish","4":"has-post-thumbnail","6":"product_cat-dc-capacitor-2","8":"first","9":"instock","10":"shipping-taxable","11":"product-type-simple"},"_links":{"self":[{"href":"https:\/\/rf-capacitor.com\/fi\/wp-json\/wp\/v2\/product\/1624","targetHints":{"allow":["GET"]}}],"collection":[{"href":"https:\/\/rf-capacitor.com\/fi\/wp-json\/wp\/v2\/product"}],"about":[{"href":"https:\/\/rf-capacitor.com\/fi\/wp-json\/wp\/v2\/types\/product"}],"replies":[{"embeddable":true,"href":"https:\/\/rf-capacitor.com\/fi\/wp-json\/wp\/v2\/comments?post=1624"}],"wp:featuredmedia":[{"embeddable":true,"href":"https:\/\/rf-capacitor.com\/fi\/wp-json\/wp\/v2\/media\/1625"}],"wp:attachment":[{"href":"https:\/\/rf-capacitor.com\/fi\/wp-json\/wp\/v2\/media?parent=1624"}],"wp:term":[{"taxonomy":"product_brand","embeddable":true,"href":"https:\/\/rf-capacitor.com\/fi\/wp-json\/wp\/v2\/product_brand?post=1624"},{"taxonomy":"product_cat","embeddable":true,"href":"https:\/\/rf-capacitor.com\/fi\/wp-json\/wp\/v2\/product_cat?post=1624"},{"taxonomy":"product_tag","embeddable":true,"href":"https:\/\/rf-capacitor.com\/fi\/wp-json\/wp\/v2\/product_tag?post=1624"}],"curies":[{"name":"wp","href":"https:\/\/api.w.org\/{rel}","templated":true}]}}