{"id":1890,"date":"2025-01-02T06:49:41","date_gmt":"2025-01-02T06:49:41","guid":{"rendered":"https:\/\/rf-capacitor.com\/?post_type=product&#038;p=1890"},"modified":"2025-01-02T06:49:41","modified_gmt":"2025-01-02T06:49:41","slug":"compact-resonant-capacitors","status":"publish","type":"product","link":"https:\/\/rf-capacitor.com\/et\/compact-resonant-capacitors\/","title":{"rendered":"Kompaktsed resonantskondensaatorid"},"content":{"rendered":"<div class=\"user-query-container ng-star-inserted\">\n<div id=\"user-query-content-6\" class=\"query-content\">\n<div class=\"query-text gds-body-l ng-star-inserted\" dir=\"ltr\" role=\"heading\" aria-level=\"2\">\n<h3 class=\"query-text-line ng-star-inserted\">Kompaktsed resonantskondensaatorid<\/h3>\n<\/div>\n<\/div>\n<div class=\"button-gutter\"><span class=\"citation-0 recitation citation-end-0\" style=\"font-size: 14.4px; color: #555555;\">Kompaktsed resonantskondensaatorid on kavandatud suuruse ja kaalu minimeerimiseks, s\u00e4ilitades samas suure j\u00f5udluse resonantsahelates.<\/span><span class=\"button-container hide-from-message-actions ng-star-inserted\" style=\"font-size: 14.4px; color: #555555;\">\u00a0 \u00a0<\/span><\/div>\n<\/div>\n<div>\n<div class=\"response-container ng-tns-c3227055261-101 response-optimization tts-removed ng-star-inserted response-container-has-multiple-responses\">\n<div class=\"presented-response-container ng-tns-c3227055261-101\">\n<div class=\"response-container-content ng-tns-c3227055261-101 tunable-selection-with-avatar\">\n<div class=\"response-content ng-tns-c3227055261-101\">\n<div id=\"model-response-message-contentr_7732902abd9846b2\" class=\"markdown markdown-main-panel tutor-markdown-rendering response-optimization\" dir=\"ltr\">\n<h3 data-sourcepos=\"1:1-1:139\"><strong style=\"font-size: 14.4px;\">Peamised omadused:<\/strong><\/h3>\n<ul data-sourcepos=\"5:1-9:0\">\n<li data-sourcepos=\"5:1-5:95\"><strong>K\u00f5rge mahtuvuse tihedus:<\/strong> Saavutab suure mahutavuse v\u00e4\u00e4rtused v\u00e4ikese f\u00fc\u00fcsilise ruumala juures.<\/li>\n<li data-sourcepos=\"6:1-6:107\"><strong><span class=\"citation-1 recitation\">Madal ESR (ekvivalentne seeriatakistus):<\/span><\/strong><span class=\"citation-1 recitation citation-end-1\"> Minimeerib energiakadu ja parandab t\u00f5husust.<\/span>\n<div class=\"container ng-tns-c362440147-106 hide\">\n<div class=\"carousel-container ng-tns-c362440147-106\"><\/div>\n<\/div>\n<\/li>\n<li data-sourcepos=\"7:1-7:90\"><strong>K\u00f5rge Q-faktor:<\/strong> Tagab k\u00f5rge kvaliteediteguri t\u00f5husaks resonantsahela t\u00f6\u00f6ks.<\/li>\n<li data-sourcepos=\"8:1-9:0\"><strong>Temperatuuristabiilsus:<\/strong> S\u00e4ilitab stabiilsed mahtuvuse v\u00e4\u00e4rtused laias temperatuurivahemikus.<\/li>\n<\/ul>\n<h3 data-sourcepos=\"10:1-10:38\"><strong>Kompaktsust v\u00f5imaldavad tehnoloogiad:<\/strong><\/h3>\n<ul data-sourcepos=\"12:1-15:0\">\n<li data-sourcepos=\"12:1-12:133\"><strong>T\u00e4iustatud dielektrilised materjalid:<\/strong> <span class=\"citation-2 recitation citation-end-2\">Suure l\u00e4bilaskev\u00f5imega dielektriliste materjalide kasutamine v\u00f5imaldab v\u00e4iksemaid f\u00fc\u00fcsilisi m\u00f5\u00f5tmeid.<\/span>\n<div class=\"container ng-tns-c362440147-107 hide\">\n<div class=\"carousel-container ng-tns-c362440147-107\"><\/div>\n<\/div>\n<\/li>\n<li data-sourcepos=\"13:1-13:116\"><strong>Mitmekihiline ehitus:<\/strong> Mitmekihiliste struktuuride kasutamine suurendab piiratud ruumi mahtuvuse tihedust.<\/li>\n<li data-sourcepos=\"14:1-15:0\"><strong>Miniatuursustehnikad:<\/strong> T\u00e4iustatud tootmisprotsessid v\u00f5imaldavad luua \u00e4\u00e4rmiselt v\u00e4ikeseid ja t\u00e4pseid komponente.<\/li>\n<\/ul>\n<h3 data-sourcepos=\"16:1-16:17\"><strong>Rakendused:<\/strong><\/h3>\n<ul data-sourcepos=\"18:1-22:0\">\n<li data-sourcepos=\"18:1-18:115\"><strong>Traadita side:<\/strong> Kasutatakse mobiiltelefonide, Wi-Fi ja muude traadita seadmete k\u00f5rgsagedusahelates.<\/li>\n<li data-sourcepos=\"19:1-19:98\"><strong>RF-s\u00fcsteemid:<\/strong> Kasutatakse raadiosageduss\u00fcsteemides, nagu radar ja satelliitside.<\/li>\n<li data-sourcepos=\"20:1-20:89\"><strong>V\u00f5imsuselektroonika:<\/strong> <span class=\"citation-3 recitation citation-end-3\">Kasutatakse kompaktsetes ja t\u00f5husates muundurites.<\/span>\n<div class=\"container ng-tns-c362440147-108 hide\">\n<div class=\"carousel-container ng-tns-c362440147-108\"><\/div>\n<\/div>\n<\/li>\n<li data-sourcepos=\"21:1-22:0\"><strong>Autoelektroonika:<\/strong> Kasutatakse erinevates mootors\u00f5idukite rakendustes, sealhulgas mootori juhtimisseadmetes ja t\u00e4iustatud juhiabis\u00fcsteemides (ADAS).<\/li>\n<\/ul>\n<h3 data-sourcepos=\"23:1-23:13\"><strong>Eelised:<\/strong><\/h3>\n<ul data-sourcepos=\"25:1-28:0\">\n<li data-sourcepos=\"25:1-25:78\"><strong>V\u00e4hendatud suurus ja kaal:<\/strong> V\u00f5imaldab v\u00e4iksemaid ja kergemaid elektroonikaseadmeid.<\/li>\n<li data-sourcepos=\"26:1-26:106\"><strong>Parem j\u00f5udlus:<\/strong> Suurem mahtuvustihedus ja madalam ESR parandavad vooluahela j\u00f5udlust.<\/li>\n<li data-sourcepos=\"27:1-28:0\"><strong>Kulude v\u00e4hendamine:<\/strong> V\u00f5imalus v\u00e4hendada tootmiskulusid v\u00e4iksemate komponentide suuruse t\u00f5ttu.<\/li>\n<\/ul>\n<\/div>\n<\/div>\n<\/div>\n<\/div>\n<\/div>\n<\/div>","protected":false},"excerpt":{"rendered":"<table style=\"height: 581px;\" width=\"732\">\n<tbody>\n<tr>\n<td width=\"146\"><strong><b>Toode<\/b><\/strong>\u00a0<strong><b>Nimi:<\/b><\/strong><\/td>\n<td width=\"601\"><strong>Kompaktsed resonantskondensaatorid<\/strong><\/td>\n<\/tr>\n<tr>\n<td width=\"146\">\n<h4><strong>L\u00fchikirjeldus:<\/strong><\/h4>\n<\/td>\n<td width=\"601\">1. Vaskmutri elektroodid, v\u00e4ike f\u00fc\u00fcsiline suurus, lihtne paigaldus<\/p>\n<p>2. Plastikpakend, suletud kuiva vaiguga<\/p>\n<p>3. V\u00f5imaldab t\u00f6\u00f6tada k\u00f5rgsagedusliku voolu v\u00f5i suure impulssvoolu korral.<\/p>\n<p>4. Madal ESL ja ESR<\/td>\n<\/tr>\n<tr>\n<td width=\"146\"><strong>V\u00f5imsuse vahemik:<\/strong><\/td>\n<td width=\"601\">1\uff5e8\u03bcF<\/td>\n<\/tr>\n<tr>\n<td width=\"146\"><strong>Nimipinge\uff1a<\/strong><\/td>\n<td width=\"601\">1200V.DC\uff5e2000V.DC<\/td>\n<\/tr>\n<tr>\n<td width=\"146\"><strong>Cap.tol\uff1a<\/strong><\/td>\n<td width=\"601\">\u00b15%(J)<\/td>\n<\/tr>\n<tr>\n<td width=\"146\"><strong>Vastupidavuspinge:<\/strong><\/td>\n<td width=\"601\">1.5Un DC\/60S<\/td>\n<\/tr>\n<\/tbody>\n<\/table>","protected":false},"featured_media":1891,"comment_status":"open","ping_status":"closed","template":"","meta":[],"product_brand":[],"product_cat":[42],"product_tag":[],"class_list":{"0":"post-1890","1":"product","2":"type-product","3":"status-publish","4":"has-post-thumbnail","6":"product_cat-resonance-capacitor","8":"first","9":"instock","10":"shipping-taxable","11":"product-type-simple"},"_links":{"self":[{"href":"https:\/\/rf-capacitor.com\/et\/wp-json\/wp\/v2\/product\/1890","targetHints":{"allow":["GET"]}}],"collection":[{"href":"https:\/\/rf-capacitor.com\/et\/wp-json\/wp\/v2\/product"}],"about":[{"href":"https:\/\/rf-capacitor.com\/et\/wp-json\/wp\/v2\/types\/product"}],"replies":[{"embeddable":true,"href":"https:\/\/rf-capacitor.com\/et\/wp-json\/wp\/v2\/comments?post=1890"}],"wp:featuredmedia":[{"embeddable":true,"href":"https:\/\/rf-capacitor.com\/et\/wp-json\/wp\/v2\/media\/1891"}],"wp:attachment":[{"href":"https:\/\/rf-capacitor.com\/et\/wp-json\/wp\/v2\/media?parent=1890"}],"wp:term":[{"taxonomy":"product_brand","embeddable":true,"href":"https:\/\/rf-capacitor.com\/et\/wp-json\/wp\/v2\/product_brand?post=1890"},{"taxonomy":"product_cat","embeddable":true,"href":"https:\/\/rf-capacitor.com\/et\/wp-json\/wp\/v2\/product_cat?post=1890"},{"taxonomy":"product_tag","embeddable":true,"href":"https:\/\/rf-capacitor.com\/et\/wp-json\/wp\/v2\/product_tag?post=1890"}],"curies":[{"name":"wp","href":"https:\/\/api.w.org\/{rel}","templated":true}]}}