{"id":1863,"date":"2025-01-02T02:25:29","date_gmt":"2025-01-02T02:25:29","guid":{"rendered":"https:\/\/rf-capacitor.com\/?post_type=product&#038;p=1863"},"modified":"2025-01-02T02:25:29","modified_gmt":"2025-01-02T02:25:29","slug":"rmf-induction-heating-capacitor","status":"publish","type":"product","link":"https:\/\/rf-capacitor.com\/et\/rmf-induction-heating-capacitor\/","title":{"rendered":"RMF Induktsioonk\u00fcttekondensaator"},"content":{"rendered":"<div class=\"user-query-container ng-star-inserted\">\n<div id=\"user-query-content-3\" class=\"query-content\">\n<div class=\"query-text gds-body-l ng-star-inserted\" dir=\"ltr\" role=\"heading\" aria-level=\"2\">\n<h3 class=\"query-text-line ng-star-inserted\">RMF Induktsioonk\u00fcttekondensaator<\/h3>\n<\/div>\n<\/div>\n<\/div>\n<div>\n<div class=\"response-container ng-tns-c3227055261-50 response-optimization tts-removed ng-star-inserted response-container-has-multiple-responses\">\n<div class=\"presented-response-container ng-tns-c3227055261-50\">\n<div class=\"response-container-content ng-tns-c3227055261-50 tunable-selection-with-avatar\">\n<div class=\"response-content ng-tns-c3227055261-50\">\n<div id=\"model-response-message-contentr_6c2a80d1ec190fc8\" class=\"markdown markdown-main-panel tutor-markdown-rendering response-optimization\" dir=\"ltr\">\n<p data-sourcepos=\"1:1-1:113\"><span class=\"citation-0 recitation\">RFM-kondensaatorid on spetsiaalselt kavandatud kasutamiseks <\/span><strong><span class=\"citation-0 recitation\">keskmise sagedusega induktsioonk\u00fctte s\u00fcsteemid<\/span><\/strong><span class=\"citation-0 recitation citation-end-0\">.<\/span><span class=\"button-container hide-from-message-actions ng-star-inserted\">\u00a0<\/span><\/p>\n<h3 data-sourcepos=\"3:1-3:24\"><strong>Peamised omadused:<\/strong><\/h3>\n<ul data-sourcepos=\"5:1-10:0\">\n<li data-sourcepos=\"5:1-5:95\"><strong>K\u00f5rgepinge hinnang:<\/strong> Nad peavad vastu pidama nendes s\u00fcsteemides tekkivatele k\u00f5rgetele pingetele.<\/li>\n<li data-sourcepos=\"6:1-6:119\"><strong>K\u00f5rge voolutugevus:<\/strong> <span class=\"citation-1 recitation citation-end-1\">V\u00f5imaldavad induktsioonk\u00fcttega seotud suuri voolusid.<\/span><span class=\"button-container hide-from-message-actions ng-star-inserted\"> \u00a0<\/span>\n<div class=\"container ng-tns-c362440147-55 hide\">\n<div class=\"carousel-container ng-tns-c362440147-55\"><\/div>\n<\/div>\n<\/li>\n<li data-sourcepos=\"7:1-7:104\"><strong><span class=\"citation-2 recitation\">Madal ESR (ekvivalentne seeriatakistus):<\/span><\/strong><span class=\"citation-2 recitation citation-end-2\"> Minimeerib energiakadu kondensaatoris.<\/span><span class=\"button-container hide-from-message-actions ng-star-inserted\">\u00a0 \u00a0<\/span>\n<div class=\"container ng-tns-c362440147-56 hide\">\n<div class=\"carousel-container ng-tns-c362440147-56\"><\/div>\n<\/div>\n<\/li>\n<li data-sourcepos=\"8:1-8:123\"><strong>Hea termiline stabiilsus:<\/strong> V\u00f5imaldab t\u00f6\u00f6tada k\u00f5rgetel temperatuuridel t\u00e4nu induktsioonkuumutamise k\u00e4igus tekkivale soojusele.<\/li>\n<li data-sourcepos=\"9:1-10:0\"><strong>Vastupidav konstruktsioon:<\/strong> M\u00f5eldud taluma t\u00f6\u00f6stuskeskkonna karmi t\u00f6\u00f6keskkonda.<\/li>\n<\/ul>\n<h3 data-sourcepos=\"11:1-11:39\"><strong>Kuidas nad t\u00f6\u00f6tavad RMF-is Induktsioonk\u00fcttekondensaator:<\/strong><\/h3>\n<ol data-sourcepos=\"13:1-15:0\">\n<li data-sourcepos=\"13:1-13:220\"><strong><span class=\"citation-3 recitation\">Resonants:<\/span><\/strong><span class=\"citation-3 recitation citation-end-3\"> RFM-kondensaatoreid kasutatakse induktsioonim\u00e4hisega resonantsahela loomiseks.<\/span> See resonants maksimeerib vooluvoolu l\u00e4bi m\u00e4hise, mis on t\u00f5husa induktsioonk\u00fctte jaoks h\u00e4davajalik.<span class=\"button-container hide-from-message-actions ng-star-inserted\">\u00a0 \u00a0<\/span>\n<div class=\"container ng-tns-c362440147-57 hide\">\n<div class=\"carousel-container ng-tns-c362440147-57\"><\/div>\n<\/div>\n<\/li>\n<li data-sourcepos=\"14:1-15:0\"><strong><span class=\"citation-4 recitation\">V\u00f5imsusfaktori korrigeerimine:<\/span><\/strong><span class=\"citation-4 recitation citation-end-4\"> Need aitavad parandada induktsioonk\u00fctte s\u00fcsteemi v\u00f5imsustegurit, v\u00e4hendades reaktiivv\u00f5imsust ja parandades s\u00fcsteemi \u00fcldist t\u00f5husust.<\/span><span class=\"button-container hide-from-message-actions ng-star-inserted\"> \u00a0<\/span>\n<div class=\"container ng-tns-c362440147-58 hide\">\n<div class=\"carousel-container ng-tns-c362440147-58\"><\/div>\n<\/div>\n<\/li>\n<\/ol>\n<h3 data-sourcepos=\"16:1-16:25\"><strong>T\u00fc\u00fcpilised rakendused:<\/strong><\/h3>\n<ul data-sourcepos=\"18:1-20:0\">\n<li data-sourcepos=\"18:1-18:93\"><strong>Metallk\u00fctte:<\/strong> Kasutatakse erinevates rakendustes, nagu metalli sepistamine, karastamine ja sulatamine.<\/li>\n<li data-sourcepos=\"19:1-20:0\"><strong>Kuumt\u00f6\u00f6tlemine:<\/strong> <span class=\"citation-5 recitation citation-end-5\">Kasutatakse metallide kuumt\u00f6\u00f6tlemisel nende mehaaniliste omaduste parandamiseks.<\/span><span class=\"button-container hide-from-message-actions ng-star-inserted\"> \u00a0 <\/span><\/li>\n<\/ul>\n<\/div>\n<\/div>\n<\/div>\n<\/div>\n<\/div>\n<\/div>","protected":false},"excerpt":{"rendered":"<table style=\"height: 472px;\" width=\"718\">\n<tbody>\n<tr>\n<td width=\"146\"><strong><b>Toode<\/b><\/strong>\u00a0<strong><b>Nimi:<\/b><\/strong><\/td>\n<td width=\"601\"><strong>RMF Induktsioonk\u00fcttekondensaator<\/strong><\/td>\n<\/tr>\n<tr>\n<td width=\"146\">\n<h4><strong>L\u00fchikirjeldus:<\/strong><\/h4>\n<\/td>\n<td width=\"601\">Pv-inverter, tuuleenergia muundur; AII liiki sagedusmuundur ja inverter<br \/>\ntoiteallikad; puhtelektrilised ja h\u00fcbriidautod; laadimispost, UPS jne.<\/td>\n<\/tr>\n<tr>\n<td width=\"146\"><b>V\u00f5imsusvahemik<\/b>:<\/td>\n<td width=\"601\">kuni 6000 uF<\/td>\n<\/tr>\n<tr>\n<td width=\"146\"><strong>Nimipinge\uff1a<\/strong><\/td>\n<td width=\"601\">0,75kv kuni 3kv<\/td>\n<\/tr>\n<tr>\n<td width=\"146\"><strong><b>Referentsstandard<\/b>:\uff1a<\/strong><\/td>\n<td width=\"601\">GB\/T3984.1-2004<\/td>\n<\/tr>\n<tr>\n<td width=\"146\"><strong>IEC60110-1:<\/strong><\/td>\n<td width=\"601\">1998<\/td>\n<\/tr>\n<\/tbody>\n<\/table>","protected":false},"featured_media":1864,"comment_status":"open","ping_status":"closed","template":"","meta":[],"product_brand":[],"product_cat":[41],"product_tag":[],"class_list":{"0":"post-1863","1":"product","2":"type-product","3":"status-publish","4":"has-post-thumbnail","6":"product_cat-induction-heating-capacitor","8":"first","9":"instock","10":"shipping-taxable","11":"product-type-simple"},"_links":{"self":[{"href":"https:\/\/rf-capacitor.com\/et\/wp-json\/wp\/v2\/product\/1863","targetHints":{"allow":["GET"]}}],"collection":[{"href":"https:\/\/rf-capacitor.com\/et\/wp-json\/wp\/v2\/product"}],"about":[{"href":"https:\/\/rf-capacitor.com\/et\/wp-json\/wp\/v2\/types\/product"}],"replies":[{"embeddable":true,"href":"https:\/\/rf-capacitor.com\/et\/wp-json\/wp\/v2\/comments?post=1863"}],"wp:featuredmedia":[{"embeddable":true,"href":"https:\/\/rf-capacitor.com\/et\/wp-json\/wp\/v2\/media\/1864"}],"wp:attachment":[{"href":"https:\/\/rf-capacitor.com\/et\/wp-json\/wp\/v2\/media?parent=1863"}],"wp:term":[{"taxonomy":"product_brand","embeddable":true,"href":"https:\/\/rf-capacitor.com\/et\/wp-json\/wp\/v2\/product_brand?post=1863"},{"taxonomy":"product_cat","embeddable":true,"href":"https:\/\/rf-capacitor.com\/et\/wp-json\/wp\/v2\/product_cat?post=1863"},{"taxonomy":"product_tag","embeddable":true,"href":"https:\/\/rf-capacitor.com\/et\/wp-json\/wp\/v2\/product_tag?post=1863"}],"curies":[{"name":"wp","href":"https:\/\/api.w.org\/{rel}","templated":true}]}}