{"id":1860,"date":"2025-01-02T02:14:12","date_gmt":"2025-01-02T02:14:12","guid":{"rendered":"https:\/\/rf-capacitor.com\/?post_type=product&#038;p=1860"},"modified":"2025-01-02T02:14:12","modified_gmt":"2025-01-02T02:14:12","slug":"switching-power-snubber-capacitor","status":"publish","type":"product","link":"https:\/\/rf-capacitor.com\/et\/switching-power-snubber-capacitor\/","title":{"rendered":"L\u00fclitusv\u00f5imsuse kaitsekondensaator"},"content":{"rendered":"<div class=\"user-query-container ng-star-inserted\">\n<div id=\"user-query-content-2\" class=\"query-content\">\n<div class=\"query-text gds-body-l ng-star-inserted\" dir=\"ltr\" role=\"heading\" aria-level=\"2\">\n<h3 class=\"query-text-line ng-star-inserted\">L\u00fclitusv\u00f5imsuse kaitsekondensaator<\/h3>\n<\/div>\n<\/div>\n<div class=\"button-gutter\"><span class=\"citation-0 recitation citation-end-0\" style=\"font-size: 14.4px; color: #555555;\">L\u00fclitusseadmetes on l\u00fclitusseadmete (nagu MOSFETid v\u00f5i IGBTd) kaitsmiseks liigse pinge- ja voolupinge eest l\u00fclitus\u00fclekannete ajal h\u00e4davajalik kasutada snubberkondensaatoreid.<\/span><span class=\"button-container hide-from-message-actions ng-star-inserted\" style=\"font-size: 14.4px; color: #555555;\">\u00a0 \u00a0<\/span><\/div>\n<\/div>\n<div>\n<div class=\"response-container ng-tns-c3227055261-38 response-optimization tts-removed ng-star-inserted response-container-has-multiple-responses\">\n<div class=\"presented-response-container ng-tns-c3227055261-38\">\n<div class=\"response-container-content ng-tns-c3227055261-38 tunable-selection-with-avatar\">\n<div class=\"response-content ng-tns-c3227055261-38\">\n<div id=\"model-response-message-contentr_690cc733da6ea17b\" class=\"markdown markdown-main-panel tutor-markdown-rendering response-optimization\" dir=\"ltr\">\n<h2 data-sourcepos=\"1:1-1:208\"><strong style=\"font-size: 14.4px;\">\u00a0Kuidas l\u00fclitusv\u00f5imsuse snubberkondensaator t\u00f6\u00f6tab:<\/strong><\/h2>\n<ul data-sourcepos=\"5:1-7:0\">\n<li data-sourcepos=\"5:1-5:287\"><strong><span class=\"citation-1 recitation\">Pinge piigid:<\/span><\/strong><span class=\"citation-1 recitation citation-end-1\"> Kui l\u00fcliti l\u00fclitub v\u00e4lja, v\u00f5ib vooluahela parasiitne induktiivsus p\u00f5hjustada kiire pinge t\u00f5usu l\u00fcliti kohal.<\/span> <span class=\"citation-2 recitation citation-end-2\">P\u00e4\u00e4stekondensaator neelab selle \u00e4kilise pinge\u00fclekande, piirates tipppinget ja v\u00e4ltides l\u00fcliti kahjustamist.<\/span>\n<div class=\"container ng-tns-c362440147-43 hide\">\n<div class=\"carousel-container ng-tns-c362440147-43\"><\/div>\n<\/div>\n<\/li>\n<li data-sourcepos=\"6:1-7:0\"><strong>Praegune \u00fcmberl\u00fclitamine:<\/strong> V\u00e4ljal\u00fclitumise ajal pakub snubberkondensaator voolu ajutist vooluteed, v\u00e4hendades di\/dt (voolu muutumise kiirust) ja minimeerides elektromagnetilisi h\u00e4ireid (EMI).<\/li>\n<\/ul>\n<h3 data-sourcepos=\"8:1-8:24\"><strong>Peamised omadused:<\/strong><\/h3>\n<ul data-sourcepos=\"10:1-14:0\">\n<li data-sourcepos=\"10:1-10:88\"><strong>K\u00f5rgepinge hinnang:<\/strong> Peab vastu pidama l\u00fclitamisel tekkivatele tipppingetele.<\/li>\n<li data-sourcepos=\"11:1-11:104\"><strong><span class=\"citation-3 recitation\">Madal ESR (ekvivalentne seeriatakistus):<\/span><\/strong><span class=\"citation-3 recitation citation-end-3\"> Minimeerib energiakadu kondensaatoris.<\/span><span class=\"button-container hide-from-message-actions ng-star-inserted\"> \u00a0<\/span>\n<div class=\"container ng-tns-c362440147-44 hide\">\n<div class=\"carousel-container ng-tns-c362440147-44\"><\/div>\n<\/div>\n<\/li>\n<li data-sourcepos=\"12:1-12:123\"><strong>Kiirlaadimise\/puhastamise v\u00f5ime:<\/strong> <span class=\"citation-4 recitation citation-end-4\">Oskab kiiresti absorbeerida ja vabastada energiat l\u00fclituss\u00fcndmuste ajal.<\/span>\n<div class=\"container ng-tns-c362440147-45 hide\">\n<div class=\"carousel-container ng-tns-c362440147-45\"><\/div>\n<\/div>\n<\/li>\n<li data-sourcepos=\"13:1-14:0\"><strong>Kompaktne suurus:<\/strong> Ruumin\u00f5uete minimeerimine v\u00f5imsuselektroonikas\u00fcsteemides.<\/li>\n<\/ul>\n<h3 data-sourcepos=\"15:1-15:32\"><strong>L\u00fclitusv\u00f5imsuse kaitsekondensaatori t\u00fc\u00fcbid:<\/strong><\/h3>\n<ul data-sourcepos=\"17:1-19:0\">\n<li data-sourcepos=\"17:1-17:112\"><strong>Kilekondensaatorid:<\/strong> Kasutatakse tavaliselt nende k\u00f5rge nimipinge, madala ESR-i ja hea temperatuuristabiilsuse t\u00f5ttu.<\/li>\n<li data-sourcepos=\"18:1-19:0\"><strong>Keraamilised kondensaatorid:<\/strong> Pakuvad suurt mahtuvust v\u00e4ikeses pakendis, kuid v\u00f5ivad olla piiratud pinge ja temperatuuristabiilsusega.<\/li>\n<\/ul>\n<h3 data-sourcepos=\"20:1-20:26\"><strong>Projekteerimisega seotud kaalutlused:<\/strong><\/h3>\n<ul data-sourcepos=\"22:1-25:0\">\n<li data-sourcepos=\"22:1-22:87\"><strong>L\u00fclitusseadme omadused:<\/strong> Sisse- ja v\u00e4ljal\u00fclitamise aeg, tippvoolud ja pinged.<\/li>\n<li data-sourcepos=\"23:1-23:69\"><strong>Ringkonnaparameetrid:<\/strong> Parasiitne induktiivsus, koormusomadused.<\/li>\n<li data-sourcepos=\"24:1-25:0\"><strong><span class=\"citation-5 recitation\">Snubberi ahelate topoloogia:<\/span><\/strong><span class=\"citation-5 recitation citation-end-5\"> Erinevad snubberkonfiguratsioonid (R-C, RCD jne) m\u00f5jutavad vooluahela toimimist erinevalt.<\/span><span class=\"button-container hide-from-message-actions ng-star-inserted\">\u00a0 \u00a0<\/span>\n<div class=\"container ng-tns-c362440147-46 hide\">\n<div class=\"carousel-container ng-tns-c362440147-46\"><\/div>\n<\/div>\n<\/li>\n<\/ul>\n<h3 data-sourcepos=\"26:1-26:41\"><strong>Snubberkondensaatorite kasutamise eelised:<\/strong><\/h3>\n<ul data-sourcepos=\"28:1-31:0\">\n<li data-sourcepos=\"28:1-28:102\"><strong>Parem l\u00fcliti t\u00f6\u00f6kindlus:<\/strong> V\u00e4hendatud koormus l\u00fclitusseadmele, mis pikendab selle kasutusiga.<\/li>\n<li data-sourcepos=\"29:1-29:68\"><strong>V\u00e4hendatud EMI-emissioonid:<\/strong> Minimeerib elektromagnetilisi h\u00e4ireid.<\/li>\n<li data-sourcepos=\"30:1-31:0\"><strong>Parem s\u00fcsteemi t\u00f5husus:<\/strong> V\u00e4iksemate l\u00fclituskadude t\u00f5ttu v\u00e4henenud v\u00f5imsuskadu.<\/li>\n<\/ul>\n<\/div>\n<\/div>\n<\/div>\n<\/div>\n<\/div>\n<\/div>","protected":false},"excerpt":{"rendered":"<table style=\"height: 523px;\" width=\"704\">\n<tbody>\n<tr>\n<td width=\"146\"><strong><b>Toode<\/b><\/strong>\u00a0<strong><b>Nimi:<\/b><\/strong><\/td>\n<td width=\"601\"><strong>L\u00fclitusv\u00f5imsuse kaitsekondensaator<\/strong><\/td>\n<\/tr>\n<tr>\n<td width=\"146\">\n<h4><strong>L\u00fchikirjeldus:<\/strong><\/h4>\n<\/td>\n<td width=\"601\">CRE snubber-kilekondensaatorid on m\u00f5eldud k\u00f5rge tippvoolu toimimiseks, mis on vajalik kaitseks m\u00f6\u00f6duvate pingete eest.<\/td>\n<\/tr>\n<tr>\n<td width=\"146\"><strong>V\u00f5imsuse vahemik:<\/strong><\/td>\n<td width=\"601\">\u00a02\u03bcF\u00b110%<\/td>\n<\/tr>\n<tr>\n<td width=\"146\"><strong>Nimipinge\uff1a<\/strong><\/td>\n<td width=\"601\">700V.DC\uff5e3000V.DC<\/td>\n<\/tr>\n<tr>\n<td width=\"146\"><strong>Cap.tol\uff1a<\/strong><\/td>\n<td width=\"601\">\u00b15%(J);\u00b110%(K)<\/td>\n<\/tr>\n<tr>\n<td width=\"146\"><\/td>\n<td width=\"601\"><\/td>\n<\/tr>\n<\/tbody>\n<\/table>","protected":false},"featured_media":1861,"comment_status":"open","ping_status":"closed","template":"","meta":[],"product_brand":[],"product_cat":[40],"product_tag":[],"class_list":{"0":"post-1860","1":"product","2":"type-product","3":"status-publish","4":"has-post-thumbnail","6":"product_cat-snubber-capacitor","8":"first","9":"instock","10":"shipping-taxable","11":"product-type-simple"},"_links":{"self":[{"href":"https:\/\/rf-capacitor.com\/et\/wp-json\/wp\/v2\/product\/1860","targetHints":{"allow":["GET"]}}],"collection":[{"href":"https:\/\/rf-capacitor.com\/et\/wp-json\/wp\/v2\/product"}],"about":[{"href":"https:\/\/rf-capacitor.com\/et\/wp-json\/wp\/v2\/types\/product"}],"replies":[{"embeddable":true,"href":"https:\/\/rf-capacitor.com\/et\/wp-json\/wp\/v2\/comments?post=1860"}],"wp:featuredmedia":[{"embeddable":true,"href":"https:\/\/rf-capacitor.com\/et\/wp-json\/wp\/v2\/media\/1861"}],"wp:attachment":[{"href":"https:\/\/rf-capacitor.com\/et\/wp-json\/wp\/v2\/media?parent=1860"}],"wp:term":[{"taxonomy":"product_brand","embeddable":true,"href":"https:\/\/rf-capacitor.com\/et\/wp-json\/wp\/v2\/product_brand?post=1860"},{"taxonomy":"product_cat","embeddable":true,"href":"https:\/\/rf-capacitor.com\/et\/wp-json\/wp\/v2\/product_cat?post=1860"},{"taxonomy":"product_tag","embeddable":true,"href":"https:\/\/rf-capacitor.com\/et\/wp-json\/wp\/v2\/product_tag?post=1860"}],"curies":[{"name":"wp","href":"https:\/\/api.w.org\/{rel}","templated":true}]}}