{"id":1856,"date":"2025-01-02T02:04:58","date_gmt":"2025-01-02T02:04:58","guid":{"rendered":"https:\/\/rf-capacitor.com\/?post_type=product&#038;p=1856"},"modified":"2025-01-02T02:04:58","modified_gmt":"2025-01-02T02:04:58","slug":"resonant-circuit-snubber-capacitor","status":"publish","type":"product","link":"https:\/\/rf-capacitor.com\/et\/resonant-circuit-snubber-capacitor\/","title":{"rendered":"Resonantsahela kondensaator Snubber Capacitor"},"content":{"rendered":"<div class=\"user-query-container ng-star-inserted\">\n<div id=\"user-query-content-1\" class=\"query-content\">\n<div class=\"query-text gds-body-l ng-star-inserted\" dir=\"ltr\" role=\"heading\" aria-level=\"2\">\n<h3 class=\"query-text-line ng-star-inserted\">Resonantsahela kondensaator Snubber Capacitor<\/h3>\n<\/div>\n<\/div>\n<\/div>\n<div>\n<div class=\"response-container ng-tns-c3227055261-32 response-optimization tts-removed ng-star-inserted response-container-has-multiple-responses\">\n<div class=\"presented-response-container ng-tns-c3227055261-32\">\n<div class=\"response-container-content ng-tns-c3227055261-32 tunable-selection-with-avatar\">\n<div class=\"response-content ng-tns-c3227055261-32\">\n<div id=\"model-response-message-contentr_be92511bd195e395\" class=\"markdown markdown-main-panel tutor-markdown-rendering response-optimization\" dir=\"ltr\">\n<p data-sourcepos=\"1:1-1:154\">Resonantssignaaliga snubber-ahelates m\u00e4ngib kondensaator olulist rolli resonantspaagi vooluahela loomisel koos s\u00fcsteemis oleva parasiitse induktiivsusega.<\/p>\n<h3 data-sourcepos=\"3:1-3:17\"><strong>Kuidas resonantsahela snubberkondensaator t\u00f6\u00f6tab:<\/strong><\/h3>\n<ul data-sourcepos=\"5:1-7:0\">\n<li data-sourcepos=\"5:1-5:283\"><strong>Resonants:<\/strong> Kondensaator ja parasiitne induktiivsus moodustavad LC-tanki vooluahela. Kui IGBT l\u00fclitub v\u00e4lja, kantakse parasiitinduktiivsuses salvestatud energia kondensaatorisse. See energia\u00fclekanne toimub LC-paagi resonantssagedusel, mis p\u00f5hjustab v\u00f5nkumisi.<\/li>\n<li data-sourcepos=\"6:1-7:0\"><strong>Energia hajutamine:<\/strong> Tavaliselt lisatakse resonantssignaalide summutusahelasse takisti, et summutada neid v\u00f5nkumisi ja hajutada energiat.<\/li>\n<\/ul>\n<h3 data-sourcepos=\"8:1-8:56\"><strong>Resonantskondensaatorite peamised omadused:<\/strong><\/h3>\n<ul data-sourcepos=\"10:1-13:0\">\n<li data-sourcepos=\"10:1-10:82\"><strong>T\u00e4pne mahtuvus:<\/strong> Kriitiline soovitud resonantssageduse saavutamiseks.<\/li>\n<li data-sourcepos=\"11:1-11:78\"><strong><span class=\"citation-0 recitation\">Madal ESR:<\/span><\/strong><span class=\"citation-0 recitation citation-end-0\"> Minimeerib kadusid resonantsv\u00f5nkumiste ajal. <\/span>\n<div class=\"container ng-tns-c362440147-35\">\n<div class=\"carousel-container ng-tns-c362440147-35\">\n<div class=\"carousel-content ng-tns-c362440147-35\">\n<div class=\"sources-carousel-source ng-tns-c362440147-35 ng-star-inserted\" data-test-id=\"sources-carousel-source\">\n<div class=\"source-card-container\">\n<div class=\"source-card-content\"><\/div>\n<\/div>\n<\/div>\n<\/div>\n<\/div>\n<\/div>\n<\/li>\n<li data-sourcepos=\"12:1-13:0\"><strong>K\u00f5rgepinge hinnang:<\/strong> Peab vastu pidama resonantsi ajal tekkivatele tipppingetele.<\/li>\n<\/ul>\n<h3 data-sourcepos=\"14:1-14:42\"><strong>Resonantsahela snubberkondensaatori eelised:<\/strong><\/h3>\n<ul data-sourcepos=\"16:1-19:0\">\n<li data-sourcepos=\"16:1-16:158\"><strong>V\u00e4hendatud l\u00fclitamiskaod:<\/strong> Kasutades resonantsenergia \u00fclekannet, saab l\u00fclituskadusid v\u00f5rreldes traditsiooniliste R-C snubberitega oluliselt v\u00e4hendada.<\/li>\n<li data-sourcepos=\"17:1-17:96\"><strong>Parem t\u00f5husus:<\/strong> V\u00e4iksemad l\u00fclituskadud t\u00e4hendavad suuremat s\u00fcsteemi \u00fcldist t\u00f5husust.<\/li>\n<li data-sourcepos=\"18:1-19:0\"><strong>V\u00e4hendatud EMI:<\/strong> L\u00fclituse resonantne olemus v\u00f5ib aidata v\u00e4hendada EMI-emissiooni.<\/li>\n<\/ul>\n<h3 data-sourcepos=\"20:1-20:26\"><strong>Projekteerimisega seotud kaalutlused:<\/strong><\/h3>\n<ul data-sourcepos=\"22:1-25:0\">\n<li data-sourcepos=\"22:1-22:89\"><strong>Resonantssagedus:<\/strong> Hoolikalt arvutatud vastavalt soovitud t\u00f6\u00f6tingimustele.<\/li>\n<li data-sourcepos=\"23:1-23:117\"><strong>Dampingutegur:<\/strong> Takisti v\u00e4\u00e4rtus valitakse nii, et see tagab sobiva summutuse ja hoiab \u00e4ra liigsed v\u00f5nkumised.<\/li>\n<li data-sourcepos=\"24:1-25:0\"><strong>Ringkonnakomponentide valik:<\/strong> Komponentide (kondensaator, takisti, induktor) hoolikas valimine on optimaalse j\u00f5udluse saavutamiseks v\u00e4ga oluline.<\/li>\n<\/ul>\n<p data-sourcepos=\"30:1-30:230\">\n<\/div>\n<\/div>\n<\/div>\n<\/div>\n<\/div>\n<\/div>","protected":false},"excerpt":{"rendered":"<table style=\"height: 534px;\" width=\"695\">\n<tbody>\n<tr>\n<td width=\"146\"><strong><b>Toode<\/b><\/strong>\u00a0<strong><b>Nimi:<\/b><\/strong><\/td>\n<td width=\"601\"><strong>Resonantsahela kondensaator Snubber Capacitor<\/strong><\/td>\n<\/tr>\n<tr>\n<td width=\"146\">\n<h4><strong>L\u00fchikirjeldus:<\/strong><\/h4>\n<\/td>\n<td width=\"601\">Kasutatakse laialdaselt elektroonilistes seadmetes, kui tipppinge, tippvoolu neeldumise kaitse<\/td>\n<\/tr>\n<tr>\n<td width=\"146\"><strong>V\u00f5imsuse vahemik:<\/strong><\/td>\n<td width=\"601\">0.1\u03bcF ~ 5.6\u03bcF<\/td>\n<\/tr>\n<tr>\n<td width=\"146\"><strong>Nimipinge\uff1a<\/strong><\/td>\n<td width=\"601\">630V.DC ~ 2000V.DC<\/td>\n<\/tr>\n<tr>\n<td width=\"146\"><strong>Cap.tol\uff1a<\/strong><\/td>\n<td width=\"601\">\u00a0\u00a0\u00b15%(J)\uff1b\u00b110%(K)<\/td>\n<\/tr>\n<tr>\n<td width=\"146\"><strong>Kondensaatori mudel:\u00a0<\/strong><\/td>\n<td width=\"601\">IGBT-summuti<\/td>\n<\/tr>\n<\/tbody>\n<\/table>","protected":false},"featured_media":1857,"comment_status":"open","ping_status":"closed","template":"","meta":[],"product_brand":[],"product_cat":[40],"product_tag":[],"class_list":{"0":"post-1856","1":"product","2":"type-product","3":"status-publish","4":"has-post-thumbnail","6":"product_cat-snubber-capacitor","8":"first","9":"instock","10":"shipping-taxable","11":"product-type-simple"},"_links":{"self":[{"href":"https:\/\/rf-capacitor.com\/et\/wp-json\/wp\/v2\/product\/1856","targetHints":{"allow":["GET"]}}],"collection":[{"href":"https:\/\/rf-capacitor.com\/et\/wp-json\/wp\/v2\/product"}],"about":[{"href":"https:\/\/rf-capacitor.com\/et\/wp-json\/wp\/v2\/types\/product"}],"replies":[{"embeddable":true,"href":"https:\/\/rf-capacitor.com\/et\/wp-json\/wp\/v2\/comments?post=1856"}],"wp:featuredmedia":[{"embeddable":true,"href":"https:\/\/rf-capacitor.com\/et\/wp-json\/wp\/v2\/media\/1857"}],"wp:attachment":[{"href":"https:\/\/rf-capacitor.com\/et\/wp-json\/wp\/v2\/media?parent=1856"}],"wp:term":[{"taxonomy":"product_brand","embeddable":true,"href":"https:\/\/rf-capacitor.com\/et\/wp-json\/wp\/v2\/product_brand?post=1856"},{"taxonomy":"product_cat","embeddable":true,"href":"https:\/\/rf-capacitor.com\/et\/wp-json\/wp\/v2\/product_cat?post=1856"},{"taxonomy":"product_tag","embeddable":true,"href":"https:\/\/rf-capacitor.com\/et\/wp-json\/wp\/v2\/product_tag?post=1856"}],"curies":[{"name":"wp","href":"https:\/\/api.w.org\/{rel}","templated":true}]}}